{"id":472658,"date":"2025-02-27T09:37:19","date_gmt":"2025-02-27T09:37:20","guid":{"rendered":"https:\/\/www.erresse-shop.it\/?post_type=product&#038;p=472658"},"modified":"2025-02-27T09:47:42","modified_gmt":"2025-02-27T09:47:42","slug":"alessi-parmenide-reibeisen-weis-copia","status":"publish","type":"product","link":"https:\/\/www.erresse-shop.it\/de\/shop\/kuche\/reiben\/alessi-parmenide-reibeisen-weis-copia\/","title":{"rendered":"ALESSI Parmenide Reibeisen Rot"},"content":{"rendered":"<p>Die von Alejandro Ruiz entworfene K\u00e4sereibe Parmenide verbindet zwei Typologien der h\u00e4uslichen Landschaft: die K\u00e4sereibe und die K\u00e4seschale und wird so auch zu einem attraktiven Tischbeh\u00e4lter f\u00fcr bereits geriebenen K\u00e4se. Parmenides befindet sich in der Sammlung des Musem of Modern Art in New York.<\/p>\n<p>Reibe aus thermoplastischem Harz und Stahlreibe.<\/p>\n<p><strong>Merkmale:<\/strong><\/p>\n<ul>\n<li>H\u00f6he (cm): 6,70<\/li>\n<li>L\u00e4nge (cm): 15,30<\/li>\n<li>Breite (cm): 7,50<\/li>\n<\/ul>\n","protected":false},"excerpt":{"rendered":"<p>Die von Alejandro Ruiz entworfene K\u00e4sereibe Parmenide verbindet zwei Typologien der h\u00e4uslichen Landschaft: die K\u00e4sereibe und die K\u00e4seschale und wird<\/p>\n","protected":false},"featured_media":472714,"template":"","meta":{"_acf_changed":false,"inline_featured_image":false},"product_cat":[6742,26038],"product_tag":[11403,12996],"acf":[],"yoast_head":"<!-- This site is optimized with the Yoast SEO Premium plugin v18.6 (Yoast SEO v19.13) - https:\/\/yoast.com\/wordpress\/plugins\/seo\/ -->\n<title>ALESSI Parmenide Reibeisen Rot - Erresse Shop<\/title>\n<meta name=\"description\" content=\"Die von Alejandro Ruiz entworfene K\u00e4sereibe Parmenide verbindet zwei Typologien der h\u00e4uslichen Landschaft: die K\u00e4sereibe und die K\u00e4seschale und wird so\" \/>\n<meta name=\"robots\" content=\"index, follow, max-snippet:-1, max-image-preview:large, max-video-preview:-1\" \/>\n<link rel=\"canonical\" href=\"https:\/\/www.erresse-shop.it\/de\/shop\/kuche\/reiben\/alessi-parmenide-reibeisen-weis-copia\/\" \/>\n<meta property=\"og:locale\" content=\"de_DE\" \/>\n<meta property=\"og:type\" content=\"article\" \/>\n<meta property=\"og:title\" content=\"ALESSI Parmenide Reibeisen Rot\" \/>\n<meta property=\"og:description\" content=\"Die von Alejandro Ruiz entworfene K\u00e4sereibe Parmenide verbindet zwei Typologien der h\u00e4uslichen Landschaft: die K\u00e4sereibe und die K\u00e4seschale und wird so\" \/>\n<meta property=\"og:url\" content=\"https:\/\/www.erresse-shop.it\/de\/shop\/kuche\/reiben\/alessi-parmenide-reibeisen-weis-copia\/\" \/>\n<meta property=\"og:site_name\" content=\"Erresse Shop\" \/>\n<meta property=\"article:modified_time\" content=\"2025-02-27T09:47:42+00:00\" \/>\n<meta property=\"og:image\" content=\"https:\/\/www.erresse-shop.it\/wp-content\/uploads\/2025\/02\/ALESSI-Parmenide-GrattugiaRosso.jpg\" \/>\n\t<meta property=\"og:image:width\" content=\"1200\" \/>\n\t<meta property=\"og:image:height\" content=\"1200\" \/>\n\t<meta property=\"og:image:type\" content=\"image\/jpeg\" \/>\n<meta name=\"twitter:card\" content=\"summary_large_image\" \/>\n<script type=\"application\/ld+json\" class=\"yoast-schema-graph\">{\"@context\":\"https:\/\/schema.org\",\"@graph\":[{\"@type\":\"WebPage\",\"@id\":\"https:\/\/www.erresse-shop.it\/de\/shop\/kuche\/reiben\/alessi-parmenide-reibeisen-weis-copia\/\",\"url\":\"https:\/\/www.erresse-shop.it\/de\/shop\/kuche\/reiben\/alessi-parmenide-reibeisen-weis-copia\/\",\"name\":\"ALESSI Parmenide Reibeisen Rot - Erresse Shop\",\"isPartOf\":{\"@id\":\"https:\/\/www.erresse-shop.it\/de\/#website\"},\"datePublished\":\"2025-02-27T09:37:20+00:00\",\"dateModified\":\"2025-02-27T09:47:42+00:00\",\"description\":\"Die von Alejandro Ruiz entworfene K\u00e4sereibe Parmenide verbindet zwei Typologien der h\u00e4uslichen Landschaft: die K\u00e4sereibe und die K\u00e4seschale und wird so\",\"breadcrumb\":{\"@id\":\"https:\/\/www.erresse-shop.it\/de\/shop\/kuche\/reiben\/alessi-parmenide-reibeisen-weis-copia\/#breadcrumb\"},\"inLanguage\":\"de-DE\",\"potentialAction\":[{\"@type\":\"ReadAction\",\"target\":[\"https:\/\/www.erresse-shop.it\/de\/shop\/kuche\/reiben\/alessi-parmenide-reibeisen-weis-copia\/\"]}]},{\"@type\":\"BreadcrumbList\",\"@id\":\"https:\/\/www.erresse-shop.it\/de\/shop\/kuche\/reiben\/alessi-parmenide-reibeisen-weis-copia\/#breadcrumb\",\"itemListElement\":[{\"@type\":\"ListItem\",\"position\":1,\"name\":\"Home\",\"item\":\"https:\/\/www.erresse-shop.it\/de\/\"},{\"@type\":\"ListItem\",\"position\":2,\"name\":\"Shop\",\"item\":\"https:\/\/www.erresse-shop.it\/de\/shop\/\"},{\"@type\":\"ListItem\",\"position\":3,\"name\":\"ALESSI Parmenide Reibeisen Rot\"}]},{\"@type\":\"WebSite\",\"@id\":\"https:\/\/www.erresse-shop.it\/de\/#website\",\"url\":\"https:\/\/www.erresse-shop.it\/de\/\",\"name\":\"Erresse Shop\",\"description\":\"Articoli di qualit\u00e0 per la casa\",\"potentialAction\":[{\"@type\":\"SearchAction\",\"target\":{\"@type\":\"EntryPoint\",\"urlTemplate\":\"https:\/\/www.erresse-shop.it\/de\/?s={search_term_string}\"},\"query-input\":\"required name=search_term_string\"}],\"inLanguage\":\"de-DE\"}]}<\/script>\n<!-- \/ Yoast SEO Premium plugin. -->","yoast_head_json":{"title":"ALESSI Parmenide Reibeisen Rot - Erresse Shop","description":"Die von Alejandro Ruiz entworfene K\u00e4sereibe Parmenide verbindet zwei Typologien der h\u00e4uslichen Landschaft: die K\u00e4sereibe und die K\u00e4seschale und wird so","robots":{"index":"index","follow":"follow","max-snippet":"max-snippet:-1","max-image-preview":"max-image-preview:large","max-video-preview":"max-video-preview:-1"},"canonical":"https:\/\/www.erresse-shop.it\/de\/shop\/kuche\/reiben\/alessi-parmenide-reibeisen-weis-copia\/","og_locale":"de_DE","og_type":"article","og_title":"ALESSI Parmenide Reibeisen Rot","og_description":"Die von Alejandro Ruiz entworfene K\u00e4sereibe Parmenide verbindet zwei Typologien der h\u00e4uslichen Landschaft: die K\u00e4sereibe und die K\u00e4seschale und wird so","og_url":"https:\/\/www.erresse-shop.it\/de\/shop\/kuche\/reiben\/alessi-parmenide-reibeisen-weis-copia\/","og_site_name":"Erresse Shop","article_modified_time":"2025-02-27T09:47:42+00:00","og_image":[{"width":1200,"height":1200,"url":"https:\/\/www.erresse-shop.it\/wp-content\/uploads\/2025\/02\/ALESSI-Parmenide-GrattugiaRosso.jpg","type":"image\/jpeg"}],"twitter_card":"summary_large_image","schema":{"@context":"https:\/\/schema.org","@graph":[{"@type":"WebPage","@id":"https:\/\/www.erresse-shop.it\/de\/shop\/kuche\/reiben\/alessi-parmenide-reibeisen-weis-copia\/","url":"https:\/\/www.erresse-shop.it\/de\/shop\/kuche\/reiben\/alessi-parmenide-reibeisen-weis-copia\/","name":"ALESSI Parmenide Reibeisen Rot - Erresse Shop","isPartOf":{"@id":"https:\/\/www.erresse-shop.it\/de\/#website"},"datePublished":"2025-02-27T09:37:20+00:00","dateModified":"2025-02-27T09:47:42+00:00","description":"Die von Alejandro Ruiz entworfene K\u00e4sereibe Parmenide verbindet zwei Typologien der h\u00e4uslichen Landschaft: die K\u00e4sereibe und die K\u00e4seschale und wird so","breadcrumb":{"@id":"https:\/\/www.erresse-shop.it\/de\/shop\/kuche\/reiben\/alessi-parmenide-reibeisen-weis-copia\/#breadcrumb"},"inLanguage":"de-DE","potentialAction":[{"@type":"ReadAction","target":["https:\/\/www.erresse-shop.it\/de\/shop\/kuche\/reiben\/alessi-parmenide-reibeisen-weis-copia\/"]}]},{"@type":"BreadcrumbList","@id":"https:\/\/www.erresse-shop.it\/de\/shop\/kuche\/reiben\/alessi-parmenide-reibeisen-weis-copia\/#breadcrumb","itemListElement":[{"@type":"ListItem","position":1,"name":"Home","item":"https:\/\/www.erresse-shop.it\/de\/"},{"@type":"ListItem","position":2,"name":"Shop","item":"https:\/\/www.erresse-shop.it\/de\/shop\/"},{"@type":"ListItem","position":3,"name":"ALESSI Parmenide Reibeisen Rot"}]},{"@type":"WebSite","@id":"https:\/\/www.erresse-shop.it\/de\/#website","url":"https:\/\/www.erresse-shop.it\/de\/","name":"Erresse Shop","description":"Articoli di qualit\u00e0 per la casa","potentialAction":[{"@type":"SearchAction","target":{"@type":"EntryPoint","urlTemplate":"https:\/\/www.erresse-shop.it\/de\/?s={search_term_string}"},"query-input":"required name=search_term_string"}],"inLanguage":"de-DE"}]}},"df_price":10,"df_sale_price":10,"df_regular_price":20,"df_image_link":"https:\/\/www.erresse-shop.it\/wp-content\/uploads\/2025\/02\/ALESSI-Parmenide-GrattugiaRosso-300x300.jpg","_links":{"self":[{"href":"https:\/\/www.erresse-shop.it\/de\/wp-json\/wp\/v2\/product\/472658"}],"collection":[{"href":"https:\/\/www.erresse-shop.it\/de\/wp-json\/wp\/v2\/product"}],"about":[{"href":"https:\/\/www.erresse-shop.it\/de\/wp-json\/wp\/v2\/types\/product"}],"wp:featuredmedia":[{"embeddable":true,"href":"https:\/\/www.erresse-shop.it\/de\/wp-json\/wp\/v2\/media\/472714"}],"wp:attachment":[{"href":"https:\/\/www.erresse-shop.it\/de\/wp-json\/wp\/v2\/media?parent=472658"}],"wp:term":[{"taxonomy":"product_cat","embeddable":true,"href":"https:\/\/www.erresse-shop.it\/de\/wp-json\/wp\/v2\/product_cat?post=472658"},{"taxonomy":"product_tag","embeddable":true,"href":"https:\/\/www.erresse-shop.it\/de\/wp-json\/wp\/v2\/product_tag?post=472658"}],"curies":[{"name":"wp","href":"https:\/\/api.w.org\/{rel}","templated":true}]}}