{"id":472406,"date":"2025-02-27T06:47:08","date_gmt":"2025-02-27T06:47:10","guid":{"rendered":"https:\/\/www.erresse-shop.it\/?post_type=product&#038;p=472406"},"modified":"2026-02-23T09:48:08","modified_gmt":"2026-02-23T09:48:08","slug":"alessi-la-cintura-di-orione-konische-kasserolle-20-cm","status":"publish","type":"product","link":"https:\/\/www.erresse-shop.it\/de\/shop\/toepfe-pfannen\/toepfe-und-kochtoepfen\/alessi-la-cintura-di-orione-konische-kasserolle-20-cm\/","title":{"rendered":"ALESSI La Cintura di Orione Konische Kasserolle 20 cm"},"content":{"rendered":"<p>F\u00fcr alle, die gerne kochen und schmackhafte und raffinierte Gerichte zubereiten m\u00f6chten, bietet die Trilamin-Kochgeschirrserie La Cintura di Orione professionelle Eigenschaften und hohe Qualit\u00e4t. Die konische Kasserolle oder Sauteuse ist dank ihrer schr\u00e4gen Wandform das ideale Gef\u00e4\u00df f\u00fcr Zubereitungen, die ger\u00fchrt werden m\u00fcssen, wie Saucen, Cremes oder P\u00fcrees. Geeignet f\u00fcr alle W\u00e4rmequellen, einschlie\u00dflich Induktion.<\/p>\n<p>Konische Kasserolle oder Sauteuse aus Trilamin (AISI 430, Aluminium, Edelstahl 18\/10). Magnetischer Stahlboden, auch f\u00fcr Induktion geeignet.<\/p>\n<p><strong>Eigenschaften:<\/strong><\/p>\n<ul>\n<li>Fassungsverm\u00f6gen (cl): 200.00<\/li>\n<li>H\u00f6he (cm): 7.00<\/li>\n<li>L\u00e4nge (cm): 41.00<\/li>\n<li>Breite (cm): 20.00<\/li>\n<\/ul>\n","protected":false},"excerpt":{"rendered":"<p>F\u00fcr alle, die gerne kochen und schmackhafte und raffinierte Gerichte zubereiten m\u00f6chten, bietet die Trilamin-Kochgeschirrserie La Cintura di Orione professionelle<\/p>\n","protected":false},"featured_media":472426,"template":"","meta":{"_acf_changed":false,"inline_featured_image":false},"product_cat":[6709,14776],"product_tag":[11387,11385,21533],"acf":[],"yoast_head":"<!-- This site is optimized with the Yoast SEO Premium plugin v18.6 (Yoast SEO v19.13) - https:\/\/yoast.com\/wordpress\/plugins\/seo\/ -->\n<title>ALESSI La Cintura di Orione Konische Kasserolle 20 cm - Erresse Shop<\/title>\n<meta name=\"description\" content=\"F\u00fcr alle, die gerne kochen und schmackhafte und raffinierte Gerichte zubereiten m\u00f6chten, bietet die Trilamin-Kochgeschirrserie La Cintura di Orione\" \/>\n<meta name=\"robots\" content=\"index, follow, max-snippet:-1, max-image-preview:large, max-video-preview:-1\" \/>\n<link rel=\"canonical\" href=\"https:\/\/www.erresse-shop.it\/de\/shop\/toepfe-pfannen\/toepfe-und-kochtoepfen\/alessi-la-cintura-di-orione-konische-kasserolle-20-cm\/\" \/>\n<meta property=\"og:locale\" content=\"de_DE\" \/>\n<meta property=\"og:type\" content=\"article\" \/>\n<meta property=\"og:title\" content=\"ALESSI La Cintura di Orione Konische Kasserolle 20 cm\" \/>\n<meta property=\"og:description\" content=\"F\u00fcr alle, die gerne kochen und schmackhafte und raffinierte Gerichte zubereiten m\u00f6chten, bietet die Trilamin-Kochgeschirrserie La Cintura di Orione\" \/>\n<meta property=\"og:url\" content=\"https:\/\/www.erresse-shop.it\/de\/shop\/toepfe-pfannen\/toepfe-und-kochtoepfen\/alessi-la-cintura-di-orione-konische-kasserolle-20-cm\/\" \/>\n<meta property=\"og:site_name\" content=\"Erresse Shop\" \/>\n<meta property=\"article:modified_time\" content=\"2026-02-23T09:48:08+00:00\" \/>\n<meta property=\"og:image\" content=\"https:\/\/www.erresse-shop.it\/wp-content\/uploads\/2025\/02\/ALESSI-La-Cintura-di-Orione-Casseruola-Conica-20-cm.jpg\" \/>\n\t<meta property=\"og:image:width\" content=\"1200\" \/>\n\t<meta property=\"og:image:height\" content=\"1200\" \/>\n\t<meta property=\"og:image:type\" content=\"image\/jpeg\" \/>\n<meta name=\"twitter:card\" content=\"summary_large_image\" \/>\n<script type=\"application\/ld+json\" class=\"yoast-schema-graph\">{\"@context\":\"https:\/\/schema.org\",\"@graph\":[{\"@type\":\"WebPage\",\"@id\":\"https:\/\/www.erresse-shop.it\/de\/shop\/toepfe-pfannen\/toepfe-und-kochtoepfen\/alessi-la-cintura-di-orione-konische-kasserolle-20-cm\/\",\"url\":\"https:\/\/www.erresse-shop.it\/de\/shop\/toepfe-pfannen\/toepfe-und-kochtoepfen\/alessi-la-cintura-di-orione-konische-kasserolle-20-cm\/\",\"name\":\"ALESSI La Cintura di Orione Konische Kasserolle 20 cm - Erresse Shop\",\"isPartOf\":{\"@id\":\"https:\/\/www.erresse-shop.it\/de\/#website\"},\"datePublished\":\"2025-02-27T06:47:10+00:00\",\"dateModified\":\"2026-02-23T09:48:08+00:00\",\"description\":\"F\u00fcr alle, die gerne kochen und schmackhafte und raffinierte Gerichte zubereiten m\u00f6chten, bietet die Trilamin-Kochgeschirrserie La Cintura di Orione\",\"breadcrumb\":{\"@id\":\"https:\/\/www.erresse-shop.it\/de\/shop\/toepfe-pfannen\/toepfe-und-kochtoepfen\/alessi-la-cintura-di-orione-konische-kasserolle-20-cm\/#breadcrumb\"},\"inLanguage\":\"de-DE\",\"potentialAction\":[{\"@type\":\"ReadAction\",\"target\":[\"https:\/\/www.erresse-shop.it\/de\/shop\/toepfe-pfannen\/toepfe-und-kochtoepfen\/alessi-la-cintura-di-orione-konische-kasserolle-20-cm\/\"]}]},{\"@type\":\"BreadcrumbList\",\"@id\":\"https:\/\/www.erresse-shop.it\/de\/shop\/toepfe-pfannen\/toepfe-und-kochtoepfen\/alessi-la-cintura-di-orione-konische-kasserolle-20-cm\/#breadcrumb\",\"itemListElement\":[{\"@type\":\"ListItem\",\"position\":1,\"name\":\"Home\",\"item\":\"https:\/\/www.erresse-shop.it\/de\/\"},{\"@type\":\"ListItem\",\"position\":2,\"name\":\"Shop\",\"item\":\"https:\/\/www.erresse-shop.it\/de\/shop\/\"},{\"@type\":\"ListItem\",\"position\":3,\"name\":\"ALESSI La Cintura di Orione Konische Kasserolle 20 cm\"}]},{\"@type\":\"WebSite\",\"@id\":\"https:\/\/www.erresse-shop.it\/de\/#website\",\"url\":\"https:\/\/www.erresse-shop.it\/de\/\",\"name\":\"Erresse Shop\",\"description\":\"Articoli di qualit\u00e0 per la casa\",\"potentialAction\":[{\"@type\":\"SearchAction\",\"target\":{\"@type\":\"EntryPoint\",\"urlTemplate\":\"https:\/\/www.erresse-shop.it\/de\/?s={search_term_string}\"},\"query-input\":\"required name=search_term_string\"}],\"inLanguage\":\"de-DE\"}]}<\/script>\n<!-- \/ Yoast SEO Premium plugin. -->","yoast_head_json":{"title":"ALESSI La Cintura di Orione Konische Kasserolle 20 cm - Erresse Shop","description":"F\u00fcr alle, die gerne kochen und schmackhafte und raffinierte Gerichte zubereiten m\u00f6chten, bietet die Trilamin-Kochgeschirrserie La Cintura di Orione","robots":{"index":"index","follow":"follow","max-snippet":"max-snippet:-1","max-image-preview":"max-image-preview:large","max-video-preview":"max-video-preview:-1"},"canonical":"https:\/\/www.erresse-shop.it\/de\/shop\/toepfe-pfannen\/toepfe-und-kochtoepfen\/alessi-la-cintura-di-orione-konische-kasserolle-20-cm\/","og_locale":"de_DE","og_type":"article","og_title":"ALESSI La Cintura di Orione Konische Kasserolle 20 cm","og_description":"F\u00fcr alle, die gerne kochen und schmackhafte und raffinierte Gerichte zubereiten m\u00f6chten, bietet die Trilamin-Kochgeschirrserie La Cintura di Orione","og_url":"https:\/\/www.erresse-shop.it\/de\/shop\/toepfe-pfannen\/toepfe-und-kochtoepfen\/alessi-la-cintura-di-orione-konische-kasserolle-20-cm\/","og_site_name":"Erresse Shop","article_modified_time":"2026-02-23T09:48:08+00:00","og_image":[{"width":1200,"height":1200,"url":"https:\/\/www.erresse-shop.it\/wp-content\/uploads\/2025\/02\/ALESSI-La-Cintura-di-Orione-Casseruola-Conica-20-cm.jpg","type":"image\/jpeg"}],"twitter_card":"summary_large_image","schema":{"@context":"https:\/\/schema.org","@graph":[{"@type":"WebPage","@id":"https:\/\/www.erresse-shop.it\/de\/shop\/toepfe-pfannen\/toepfe-und-kochtoepfen\/alessi-la-cintura-di-orione-konische-kasserolle-20-cm\/","url":"https:\/\/www.erresse-shop.it\/de\/shop\/toepfe-pfannen\/toepfe-und-kochtoepfen\/alessi-la-cintura-di-orione-konische-kasserolle-20-cm\/","name":"ALESSI La Cintura di Orione Konische Kasserolle 20 cm - Erresse Shop","isPartOf":{"@id":"https:\/\/www.erresse-shop.it\/de\/#website"},"datePublished":"2025-02-27T06:47:10+00:00","dateModified":"2026-02-23T09:48:08+00:00","description":"F\u00fcr alle, die gerne kochen und schmackhafte und raffinierte Gerichte zubereiten m\u00f6chten, bietet die Trilamin-Kochgeschirrserie La Cintura di Orione","breadcrumb":{"@id":"https:\/\/www.erresse-shop.it\/de\/shop\/toepfe-pfannen\/toepfe-und-kochtoepfen\/alessi-la-cintura-di-orione-konische-kasserolle-20-cm\/#breadcrumb"},"inLanguage":"de-DE","potentialAction":[{"@type":"ReadAction","target":["https:\/\/www.erresse-shop.it\/de\/shop\/toepfe-pfannen\/toepfe-und-kochtoepfen\/alessi-la-cintura-di-orione-konische-kasserolle-20-cm\/"]}]},{"@type":"BreadcrumbList","@id":"https:\/\/www.erresse-shop.it\/de\/shop\/toepfe-pfannen\/toepfe-und-kochtoepfen\/alessi-la-cintura-di-orione-konische-kasserolle-20-cm\/#breadcrumb","itemListElement":[{"@type":"ListItem","position":1,"name":"Home","item":"https:\/\/www.erresse-shop.it\/de\/"},{"@type":"ListItem","position":2,"name":"Shop","item":"https:\/\/www.erresse-shop.it\/de\/shop\/"},{"@type":"ListItem","position":3,"name":"ALESSI La Cintura di Orione Konische Kasserolle 20 cm"}]},{"@type":"WebSite","@id":"https:\/\/www.erresse-shop.it\/de\/#website","url":"https:\/\/www.erresse-shop.it\/de\/","name":"Erresse Shop","description":"Articoli di qualit\u00e0 per la casa","potentialAction":[{"@type":"SearchAction","target":{"@type":"EntryPoint","urlTemplate":"https:\/\/www.erresse-shop.it\/de\/?s={search_term_string}"},"query-input":"required name=search_term_string"}],"inLanguage":"de-DE"}]}},"df_price":75,"df_sale_price":75,"df_regular_price":150,"df_image_link":"https:\/\/www.erresse-shop.it\/wp-content\/uploads\/2025\/02\/ALESSI-La-Cintura-di-Orione-Casseruola-Conica-20-cm-300x300.jpg","_links":{"self":[{"href":"https:\/\/www.erresse-shop.it\/de\/wp-json\/wp\/v2\/product\/472406"}],"collection":[{"href":"https:\/\/www.erresse-shop.it\/de\/wp-json\/wp\/v2\/product"}],"about":[{"href":"https:\/\/www.erresse-shop.it\/de\/wp-json\/wp\/v2\/types\/product"}],"wp:featuredmedia":[{"embeddable":true,"href":"https:\/\/www.erresse-shop.it\/de\/wp-json\/wp\/v2\/media\/472426"}],"wp:attachment":[{"href":"https:\/\/www.erresse-shop.it\/de\/wp-json\/wp\/v2\/media?parent=472406"}],"wp:term":[{"taxonomy":"product_cat","embeddable":true,"href":"https:\/\/www.erresse-shop.it\/de\/wp-json\/wp\/v2\/product_cat?post=472406"},{"taxonomy":"product_tag","embeddable":true,"href":"https:\/\/www.erresse-shop.it\/de\/wp-json\/wp\/v2\/product_tag?post=472406"}],"curies":[{"name":"wp","href":"https:\/\/api.w.org\/{rel}","templated":true}]}}