{"id":472286,"date":"2025-02-26T14:05:08","date_gmt":"2025-02-26T14:05:09","guid":{"rendered":"https:\/\/www.erresse-shop.it\/?post_type=product&#038;p=472286"},"modified":"2025-02-26T14:19:45","modified_gmt":"2025-02-26T14:19:45","slug":"alessi-la-cintura-di-orione-niedrige-kasserolle-28-cm-zwei-griffe-copia","status":"publish","type":"product","link":"https:\/\/www.erresse-shop.it\/de\/shop\/toepfe-pfannen\/toepfe-und-kochtoepfen\/alessi-la-cintura-di-orione-niedrige-kasserolle-28-cm-zwei-griffe-copia\/","title":{"rendered":"ALESSI La Cintura di Orione Bratpfanne Lyonnaise 24 cm"},"content":{"rendered":"<p>Die aus Trilamin gefertigte Bratpfanne Lyon der Serie La Cintura di Orione ist dank ihrer hohen W\u00e4rmeleitf\u00e4higkeit vielseitig einsetzbar und kann auf allen Herdarten, einschlie\u00dflich Induktion, verwendet werden. Der lange Stiel macht sie perfekt zum Braten oder Sautieren.<\/p>\n<p>Lyonnaise-Pfanne aus Trilamin (AISI 430, Aluminium, Edelstahl 18\/10).<\/p>\n<p><strong>Eigenschaften:<\/strong><\/p>\n<ul>\n<li>H\u00f6he (cm): 4.00<\/li>\n<li>L\u00e4nge (cm): 32.00<\/li>\n<li>Breite (cm): 24.00<\/li>\n<\/ul>\n","protected":false},"excerpt":{"rendered":"<p>Die aus Trilamin gefertigte Bratpfanne Lyon der Serie La Cintura di Orione ist dank ihrer hohen W\u00e4rmeleitf\u00e4higkeit vielseitig einsetzbar und<\/p>\n","protected":false},"featured_media":472318,"template":"","meta":{"_acf_changed":false,"inline_featured_image":false},"product_cat":[6709,14776],"product_tag":[11593,11385,21533,11605],"acf":[],"yoast_head":"<!-- This site is optimized with the Yoast SEO Premium plugin v18.6 (Yoast SEO v19.13) - https:\/\/yoast.com\/wordpress\/plugins\/seo\/ -->\n<title>ALESSI La Cintura di Orione Bratpfanne Lyonnaise 24 cm - Erresse Shop<\/title>\n<meta name=\"description\" content=\"Die aus Trilamin gefertigte Bratpfanne Lyon der Serie La Cintura di Orione ist dank ihrer hohen W\u00e4rmeleitf\u00e4higkeit vielseitig einsetzbar und kann auf\" \/>\n<meta name=\"robots\" content=\"index, follow, max-snippet:-1, max-image-preview:large, max-video-preview:-1\" \/>\n<link rel=\"canonical\" href=\"https:\/\/www.erresse-shop.it\/de\/shop\/toepfe-pfannen\/toepfe-und-kochtoepfen\/alessi-la-cintura-di-orione-niedrige-kasserolle-28-cm-zwei-griffe-copia\/\" \/>\n<meta property=\"og:locale\" content=\"de_DE\" \/>\n<meta property=\"og:type\" content=\"article\" \/>\n<meta property=\"og:title\" content=\"ALESSI La Cintura di Orione Bratpfanne Lyonnaise 24 cm\" \/>\n<meta property=\"og:description\" content=\"Die aus Trilamin gefertigte Bratpfanne Lyon der Serie La Cintura di Orione ist dank ihrer hohen W\u00e4rmeleitf\u00e4higkeit vielseitig einsetzbar und kann auf\" \/>\n<meta property=\"og:url\" content=\"https:\/\/www.erresse-shop.it\/de\/shop\/toepfe-pfannen\/toepfe-und-kochtoepfen\/alessi-la-cintura-di-orione-niedrige-kasserolle-28-cm-zwei-griffe-copia\/\" \/>\n<meta property=\"og:site_name\" content=\"Erresse Shop\" \/>\n<meta property=\"article:modified_time\" content=\"2025-02-26T14:19:45+00:00\" \/>\n<meta property=\"og:image\" content=\"https:\/\/www.erresse-shop.it\/wp-content\/uploads\/2025\/02\/ALESSI-La-Cintura-di-Orione-Padella-Lionese-24-cm.jpg\" \/>\n\t<meta property=\"og:image:width\" content=\"1200\" \/>\n\t<meta property=\"og:image:height\" content=\"1200\" \/>\n\t<meta property=\"og:image:type\" content=\"image\/jpeg\" \/>\n<meta name=\"twitter:card\" content=\"summary_large_image\" \/>\n<script type=\"application\/ld+json\" class=\"yoast-schema-graph\">{\"@context\":\"https:\/\/schema.org\",\"@graph\":[{\"@type\":\"WebPage\",\"@id\":\"https:\/\/www.erresse-shop.it\/de\/shop\/toepfe-pfannen\/toepfe-und-kochtoepfen\/alessi-la-cintura-di-orione-niedrige-kasserolle-28-cm-zwei-griffe-copia\/\",\"url\":\"https:\/\/www.erresse-shop.it\/de\/shop\/toepfe-pfannen\/toepfe-und-kochtoepfen\/alessi-la-cintura-di-orione-niedrige-kasserolle-28-cm-zwei-griffe-copia\/\",\"name\":\"ALESSI La Cintura di Orione Bratpfanne Lyonnaise 24 cm - Erresse Shop\",\"isPartOf\":{\"@id\":\"https:\/\/www.erresse-shop.it\/de\/#website\"},\"datePublished\":\"2025-02-26T14:05:09+00:00\",\"dateModified\":\"2025-02-26T14:19:45+00:00\",\"description\":\"Die aus Trilamin gefertigte Bratpfanne Lyon der Serie La Cintura di Orione ist dank ihrer hohen W\u00e4rmeleitf\u00e4higkeit vielseitig einsetzbar und kann auf\",\"breadcrumb\":{\"@id\":\"https:\/\/www.erresse-shop.it\/de\/shop\/toepfe-pfannen\/toepfe-und-kochtoepfen\/alessi-la-cintura-di-orione-niedrige-kasserolle-28-cm-zwei-griffe-copia\/#breadcrumb\"},\"inLanguage\":\"de-DE\",\"potentialAction\":[{\"@type\":\"ReadAction\",\"target\":[\"https:\/\/www.erresse-shop.it\/de\/shop\/toepfe-pfannen\/toepfe-und-kochtoepfen\/alessi-la-cintura-di-orione-niedrige-kasserolle-28-cm-zwei-griffe-copia\/\"]}]},{\"@type\":\"BreadcrumbList\",\"@id\":\"https:\/\/www.erresse-shop.it\/de\/shop\/toepfe-pfannen\/toepfe-und-kochtoepfen\/alessi-la-cintura-di-orione-niedrige-kasserolle-28-cm-zwei-griffe-copia\/#breadcrumb\",\"itemListElement\":[{\"@type\":\"ListItem\",\"position\":1,\"name\":\"Home\",\"item\":\"https:\/\/www.erresse-shop.it\/de\/\"},{\"@type\":\"ListItem\",\"position\":2,\"name\":\"Shop\",\"item\":\"https:\/\/www.erresse-shop.it\/de\/shop\/\"},{\"@type\":\"ListItem\",\"position\":3,\"name\":\"ALESSI La Cintura di Orione Bratpfanne Lyonnaise 24 cm\"}]},{\"@type\":\"WebSite\",\"@id\":\"https:\/\/www.erresse-shop.it\/de\/#website\",\"url\":\"https:\/\/www.erresse-shop.it\/de\/\",\"name\":\"Erresse Shop\",\"description\":\"Articoli di qualit\u00e0 per la casa\",\"potentialAction\":[{\"@type\":\"SearchAction\",\"target\":{\"@type\":\"EntryPoint\",\"urlTemplate\":\"https:\/\/www.erresse-shop.it\/de\/?s={search_term_string}\"},\"query-input\":\"required name=search_term_string\"}],\"inLanguage\":\"de-DE\"}]}<\/script>\n<!-- \/ Yoast SEO Premium plugin. -->","yoast_head_json":{"title":"ALESSI La Cintura di Orione Bratpfanne Lyonnaise 24 cm - Erresse Shop","description":"Die aus Trilamin gefertigte Bratpfanne Lyon der Serie La Cintura di Orione ist dank ihrer hohen W\u00e4rmeleitf\u00e4higkeit vielseitig einsetzbar und kann auf","robots":{"index":"index","follow":"follow","max-snippet":"max-snippet:-1","max-image-preview":"max-image-preview:large","max-video-preview":"max-video-preview:-1"},"canonical":"https:\/\/www.erresse-shop.it\/de\/shop\/toepfe-pfannen\/toepfe-und-kochtoepfen\/alessi-la-cintura-di-orione-niedrige-kasserolle-28-cm-zwei-griffe-copia\/","og_locale":"de_DE","og_type":"article","og_title":"ALESSI La Cintura di Orione Bratpfanne Lyonnaise 24 cm","og_description":"Die aus Trilamin gefertigte Bratpfanne Lyon der Serie La Cintura di Orione ist dank ihrer hohen W\u00e4rmeleitf\u00e4higkeit vielseitig einsetzbar und kann auf","og_url":"https:\/\/www.erresse-shop.it\/de\/shop\/toepfe-pfannen\/toepfe-und-kochtoepfen\/alessi-la-cintura-di-orione-niedrige-kasserolle-28-cm-zwei-griffe-copia\/","og_site_name":"Erresse Shop","article_modified_time":"2025-02-26T14:19:45+00:00","og_image":[{"width":1200,"height":1200,"url":"https:\/\/www.erresse-shop.it\/wp-content\/uploads\/2025\/02\/ALESSI-La-Cintura-di-Orione-Padella-Lionese-24-cm.jpg","type":"image\/jpeg"}],"twitter_card":"summary_large_image","schema":{"@context":"https:\/\/schema.org","@graph":[{"@type":"WebPage","@id":"https:\/\/www.erresse-shop.it\/de\/shop\/toepfe-pfannen\/toepfe-und-kochtoepfen\/alessi-la-cintura-di-orione-niedrige-kasserolle-28-cm-zwei-griffe-copia\/","url":"https:\/\/www.erresse-shop.it\/de\/shop\/toepfe-pfannen\/toepfe-und-kochtoepfen\/alessi-la-cintura-di-orione-niedrige-kasserolle-28-cm-zwei-griffe-copia\/","name":"ALESSI La Cintura di Orione Bratpfanne Lyonnaise 24 cm - Erresse Shop","isPartOf":{"@id":"https:\/\/www.erresse-shop.it\/de\/#website"},"datePublished":"2025-02-26T14:05:09+00:00","dateModified":"2025-02-26T14:19:45+00:00","description":"Die aus Trilamin gefertigte Bratpfanne Lyon der Serie La Cintura di Orione ist dank ihrer hohen W\u00e4rmeleitf\u00e4higkeit vielseitig einsetzbar und kann auf","breadcrumb":{"@id":"https:\/\/www.erresse-shop.it\/de\/shop\/toepfe-pfannen\/toepfe-und-kochtoepfen\/alessi-la-cintura-di-orione-niedrige-kasserolle-28-cm-zwei-griffe-copia\/#breadcrumb"},"inLanguage":"de-DE","potentialAction":[{"@type":"ReadAction","target":["https:\/\/www.erresse-shop.it\/de\/shop\/toepfe-pfannen\/toepfe-und-kochtoepfen\/alessi-la-cintura-di-orione-niedrige-kasserolle-28-cm-zwei-griffe-copia\/"]}]},{"@type":"BreadcrumbList","@id":"https:\/\/www.erresse-shop.it\/de\/shop\/toepfe-pfannen\/toepfe-und-kochtoepfen\/alessi-la-cintura-di-orione-niedrige-kasserolle-28-cm-zwei-griffe-copia\/#breadcrumb","itemListElement":[{"@type":"ListItem","position":1,"name":"Home","item":"https:\/\/www.erresse-shop.it\/de\/"},{"@type":"ListItem","position":2,"name":"Shop","item":"https:\/\/www.erresse-shop.it\/de\/shop\/"},{"@type":"ListItem","position":3,"name":"ALESSI La Cintura di Orione Bratpfanne Lyonnaise 24 cm"}]},{"@type":"WebSite","@id":"https:\/\/www.erresse-shop.it\/de\/#website","url":"https:\/\/www.erresse-shop.it\/de\/","name":"Erresse Shop","description":"Articoli di qualit\u00e0 per la casa","potentialAction":[{"@type":"SearchAction","target":{"@type":"EntryPoint","urlTemplate":"https:\/\/www.erresse-shop.it\/de\/?s={search_term_string}"},"query-input":"required name=search_term_string"}],"inLanguage":"de-DE"}]}},"df_price":77.5,"df_sale_price":77.5,"df_regular_price":155,"df_image_link":"https:\/\/www.erresse-shop.it\/wp-content\/uploads\/2025\/02\/ALESSI-La-Cintura-di-Orione-Padella-Lionese-24-cm-300x300.jpg","_links":{"self":[{"href":"https:\/\/www.erresse-shop.it\/de\/wp-json\/wp\/v2\/product\/472286"}],"collection":[{"href":"https:\/\/www.erresse-shop.it\/de\/wp-json\/wp\/v2\/product"}],"about":[{"href":"https:\/\/www.erresse-shop.it\/de\/wp-json\/wp\/v2\/types\/product"}],"wp:featuredmedia":[{"embeddable":true,"href":"https:\/\/www.erresse-shop.it\/de\/wp-json\/wp\/v2\/media\/472318"}],"wp:attachment":[{"href":"https:\/\/www.erresse-shop.it\/de\/wp-json\/wp\/v2\/media?parent=472286"}],"wp:term":[{"taxonomy":"product_cat","embeddable":true,"href":"https:\/\/www.erresse-shop.it\/de\/wp-json\/wp\/v2\/product_cat?post=472286"},{"taxonomy":"product_tag","embeddable":true,"href":"https:\/\/www.erresse-shop.it\/de\/wp-json\/wp\/v2\/product_tag?post=472286"}],"curies":[{"name":"wp","href":"https:\/\/api.w.org\/{rel}","templated":true}]}}