{"id":472098,"date":"2025-02-26T08:33:30","date_gmt":"2025-02-26T08:33:31","guid":{"rendered":"https:\/\/www.erresse-shop.it\/?post_type=product&#038;p=472098"},"modified":"2025-02-27T08:40:04","modified_gmt":"2025-02-27T08:40:04","slug":"alessi-cactus-frucht-halter-weis-29-cm-copia","status":"publish","type":"product","link":"https:\/\/www.erresse-shop.it\/de\/shop\/tisch\/koerbe-und-schalen\/alessi-cactus-frucht-halter-weis-29-cm-copia\/","title":{"rendered":"ALESSI Cactus! Serviettenhalter"},"content":{"rendered":"<p>Der Serviettenhalter ist ein elegantes Tischaccessoire aus rostfreiem Stahl 18\/10, der f\u00fcr seine St\u00e4rke und seinen Glanz bekannt ist. Das raffinierte Design verf\u00fcgt \u00fcber einen perforierten Rand, der ihm einen Hauch von Stil und Raffinesse verleiht und ihn perfekt f\u00fcr jede Gelegenheit macht, vom t\u00e4glichen Mittagessen bis zum formellen Abendessen. Dank der Qualit\u00e4t des Stahls ist es leicht zu reinigen und wird den Test der Zeit \u00fcberstehen, ohne seine Sch\u00f6nheit zu verlieren.<\/p>\n<p>Eigenschaften<br \/>\n&#8211; Material: Stahl<br \/>\n&#8211; L\u00e4nge: 20,5<br \/>\n&#8211; Breite: 20,5 cm<br \/>\n&#8211; H\u00f6he: 5 cm<\/p>\n","protected":false},"excerpt":{"rendered":"<p>Der Serviettenhalter ist ein elegantes Tischaccessoire aus rostfreiem Stahl 18\/10, der f\u00fcr seine St\u00e4rke und seinen Glanz bekannt ist. Das<\/p>\n","protected":false},"featured_media":472118,"template":"","meta":{"_acf_changed":false,"inline_featured_image":false},"product_cat":[6787,14243],"product_tag":[11593,12996,11565,11563],"acf":[],"yoast_head":"<!-- This site is optimized with the Yoast SEO Premium plugin v18.6 (Yoast SEO v19.13) - https:\/\/yoast.com\/wordpress\/plugins\/seo\/ -->\n<title>ALESSI Cactus! Serviettenhalter - Erresse Shop<\/title>\n<meta name=\"description\" content=\"Der Serviettenhalter ist ein elegantes Tischaccessoire aus rostfreiem Stahl 18\/10, der f\u00fcr seine St\u00e4rke und seinen Glanz bekannt ist. Das raffinierte\" \/>\n<meta name=\"robots\" content=\"index, follow, max-snippet:-1, max-image-preview:large, max-video-preview:-1\" \/>\n<link rel=\"canonical\" href=\"https:\/\/www.erresse-shop.it\/de\/shop\/tisch\/koerbe-und-schalen\/alessi-cactus-frucht-halter-weis-29-cm-copia\/\" \/>\n<meta property=\"og:locale\" content=\"de_DE\" \/>\n<meta property=\"og:type\" content=\"article\" \/>\n<meta property=\"og:title\" content=\"ALESSI Cactus! Serviettenhalter\" \/>\n<meta property=\"og:description\" content=\"Der Serviettenhalter ist ein elegantes Tischaccessoire aus rostfreiem Stahl 18\/10, der f\u00fcr seine St\u00e4rke und seinen Glanz bekannt ist. Das raffinierte\" \/>\n<meta property=\"og:url\" content=\"https:\/\/www.erresse-shop.it\/de\/shop\/tisch\/koerbe-und-schalen\/alessi-cactus-frucht-halter-weis-29-cm-copia\/\" \/>\n<meta property=\"og:site_name\" content=\"Erresse Shop\" \/>\n<meta property=\"article:modified_time\" content=\"2025-02-27T08:40:04+00:00\" \/>\n<meta property=\"og:image\" content=\"https:\/\/www.erresse-shop.it\/wp-content\/uploads\/2025\/02\/ALESSI-Porta-Tovaglioli.jpg\" \/>\n\t<meta property=\"og:image:width\" content=\"1200\" \/>\n\t<meta property=\"og:image:height\" content=\"1200\" \/>\n\t<meta property=\"og:image:type\" content=\"image\/jpeg\" \/>\n<meta name=\"twitter:card\" content=\"summary_large_image\" \/>\n<script type=\"application\/ld+json\" class=\"yoast-schema-graph\">{\"@context\":\"https:\/\/schema.org\",\"@graph\":[{\"@type\":\"WebPage\",\"@id\":\"https:\/\/www.erresse-shop.it\/de\/shop\/tisch\/koerbe-und-schalen\/alessi-cactus-frucht-halter-weis-29-cm-copia\/\",\"url\":\"https:\/\/www.erresse-shop.it\/de\/shop\/tisch\/koerbe-und-schalen\/alessi-cactus-frucht-halter-weis-29-cm-copia\/\",\"name\":\"ALESSI Cactus! Serviettenhalter - Erresse Shop\",\"isPartOf\":{\"@id\":\"https:\/\/www.erresse-shop.it\/de\/#website\"},\"datePublished\":\"2025-02-26T08:33:31+00:00\",\"dateModified\":\"2025-02-27T08:40:04+00:00\",\"description\":\"Der Serviettenhalter ist ein elegantes Tischaccessoire aus rostfreiem Stahl 18\/10, der f\u00fcr seine St\u00e4rke und seinen Glanz bekannt ist. Das raffinierte\",\"breadcrumb\":{\"@id\":\"https:\/\/www.erresse-shop.it\/de\/shop\/tisch\/koerbe-und-schalen\/alessi-cactus-frucht-halter-weis-29-cm-copia\/#breadcrumb\"},\"inLanguage\":\"de-DE\",\"potentialAction\":[{\"@type\":\"ReadAction\",\"target\":[\"https:\/\/www.erresse-shop.it\/de\/shop\/tisch\/koerbe-und-schalen\/alessi-cactus-frucht-halter-weis-29-cm-copia\/\"]}]},{\"@type\":\"BreadcrumbList\",\"@id\":\"https:\/\/www.erresse-shop.it\/de\/shop\/tisch\/koerbe-und-schalen\/alessi-cactus-frucht-halter-weis-29-cm-copia\/#breadcrumb\",\"itemListElement\":[{\"@type\":\"ListItem\",\"position\":1,\"name\":\"Home\",\"item\":\"https:\/\/www.erresse-shop.it\/de\/\"},{\"@type\":\"ListItem\",\"position\":2,\"name\":\"Shop\",\"item\":\"https:\/\/www.erresse-shop.it\/de\/shop\/\"},{\"@type\":\"ListItem\",\"position\":3,\"name\":\"ALESSI Cactus! Serviettenhalter\"}]},{\"@type\":\"WebSite\",\"@id\":\"https:\/\/www.erresse-shop.it\/de\/#website\",\"url\":\"https:\/\/www.erresse-shop.it\/de\/\",\"name\":\"Erresse Shop\",\"description\":\"Articoli di qualit\u00e0 per la casa\",\"potentialAction\":[{\"@type\":\"SearchAction\",\"target\":{\"@type\":\"EntryPoint\",\"urlTemplate\":\"https:\/\/www.erresse-shop.it\/de\/?s={search_term_string}\"},\"query-input\":\"required name=search_term_string\"}],\"inLanguage\":\"de-DE\"}]}<\/script>\n<!-- \/ Yoast SEO Premium plugin. -->","yoast_head_json":{"title":"ALESSI Cactus! Serviettenhalter - Erresse Shop","description":"Der Serviettenhalter ist ein elegantes Tischaccessoire aus rostfreiem Stahl 18\/10, der f\u00fcr seine St\u00e4rke und seinen Glanz bekannt ist. Das raffinierte","robots":{"index":"index","follow":"follow","max-snippet":"max-snippet:-1","max-image-preview":"max-image-preview:large","max-video-preview":"max-video-preview:-1"},"canonical":"https:\/\/www.erresse-shop.it\/de\/shop\/tisch\/koerbe-und-schalen\/alessi-cactus-frucht-halter-weis-29-cm-copia\/","og_locale":"de_DE","og_type":"article","og_title":"ALESSI Cactus! Serviettenhalter","og_description":"Der Serviettenhalter ist ein elegantes Tischaccessoire aus rostfreiem Stahl 18\/10, der f\u00fcr seine St\u00e4rke und seinen Glanz bekannt ist. Das raffinierte","og_url":"https:\/\/www.erresse-shop.it\/de\/shop\/tisch\/koerbe-und-schalen\/alessi-cactus-frucht-halter-weis-29-cm-copia\/","og_site_name":"Erresse Shop","article_modified_time":"2025-02-27T08:40:04+00:00","og_image":[{"width":1200,"height":1200,"url":"https:\/\/www.erresse-shop.it\/wp-content\/uploads\/2025\/02\/ALESSI-Porta-Tovaglioli.jpg","type":"image\/jpeg"}],"twitter_card":"summary_large_image","schema":{"@context":"https:\/\/schema.org","@graph":[{"@type":"WebPage","@id":"https:\/\/www.erresse-shop.it\/de\/shop\/tisch\/koerbe-und-schalen\/alessi-cactus-frucht-halter-weis-29-cm-copia\/","url":"https:\/\/www.erresse-shop.it\/de\/shop\/tisch\/koerbe-und-schalen\/alessi-cactus-frucht-halter-weis-29-cm-copia\/","name":"ALESSI Cactus! Serviettenhalter - Erresse Shop","isPartOf":{"@id":"https:\/\/www.erresse-shop.it\/de\/#website"},"datePublished":"2025-02-26T08:33:31+00:00","dateModified":"2025-02-27T08:40:04+00:00","description":"Der Serviettenhalter ist ein elegantes Tischaccessoire aus rostfreiem Stahl 18\/10, der f\u00fcr seine St\u00e4rke und seinen Glanz bekannt ist. Das raffinierte","breadcrumb":{"@id":"https:\/\/www.erresse-shop.it\/de\/shop\/tisch\/koerbe-und-schalen\/alessi-cactus-frucht-halter-weis-29-cm-copia\/#breadcrumb"},"inLanguage":"de-DE","potentialAction":[{"@type":"ReadAction","target":["https:\/\/www.erresse-shop.it\/de\/shop\/tisch\/koerbe-und-schalen\/alessi-cactus-frucht-halter-weis-29-cm-copia\/"]}]},{"@type":"BreadcrumbList","@id":"https:\/\/www.erresse-shop.it\/de\/shop\/tisch\/koerbe-und-schalen\/alessi-cactus-frucht-halter-weis-29-cm-copia\/#breadcrumb","itemListElement":[{"@type":"ListItem","position":1,"name":"Home","item":"https:\/\/www.erresse-shop.it\/de\/"},{"@type":"ListItem","position":2,"name":"Shop","item":"https:\/\/www.erresse-shop.it\/de\/shop\/"},{"@type":"ListItem","position":3,"name":"ALESSI Cactus! Serviettenhalter"}]},{"@type":"WebSite","@id":"https:\/\/www.erresse-shop.it\/de\/#website","url":"https:\/\/www.erresse-shop.it\/de\/","name":"Erresse Shop","description":"Articoli di qualit\u00e0 per la casa","potentialAction":[{"@type":"SearchAction","target":{"@type":"EntryPoint","urlTemplate":"https:\/\/www.erresse-shop.it\/de\/?s={search_term_string}"},"query-input":"required name=search_term_string"}],"inLanguage":"de-DE"}]}},"df_price":49.5,"df_sale_price":49.5,"df_regular_price":99,"df_image_link":"https:\/\/www.erresse-shop.it\/wp-content\/uploads\/2025\/02\/ALESSI-Porta-Tovaglioli-300x300.jpg","_links":{"self":[{"href":"https:\/\/www.erresse-shop.it\/de\/wp-json\/wp\/v2\/product\/472098"}],"collection":[{"href":"https:\/\/www.erresse-shop.it\/de\/wp-json\/wp\/v2\/product"}],"about":[{"href":"https:\/\/www.erresse-shop.it\/de\/wp-json\/wp\/v2\/types\/product"}],"wp:featuredmedia":[{"embeddable":true,"href":"https:\/\/www.erresse-shop.it\/de\/wp-json\/wp\/v2\/media\/472118"}],"wp:attachment":[{"href":"https:\/\/www.erresse-shop.it\/de\/wp-json\/wp\/v2\/media?parent=472098"}],"wp:term":[{"taxonomy":"product_cat","embeddable":true,"href":"https:\/\/www.erresse-shop.it\/de\/wp-json\/wp\/v2\/product_cat?post=472098"},{"taxonomy":"product_tag","embeddable":true,"href":"https:\/\/www.erresse-shop.it\/de\/wp-json\/wp\/v2\/product_tag?post=472098"}],"curies":[{"name":"wp","href":"https:\/\/api.w.org\/{rel}","templated":true}]}}