{"id":472051,"date":"2025-02-26T08:05:54","date_gmt":"2025-02-26T08:05:55","guid":{"rendered":"https:\/\/www.erresse-shop.it\/?post_type=product&#038;p=472051"},"modified":"2026-02-06T15:59:00","modified_gmt":"2026-02-06T15:59:00","slug":"alessi-cactus-frucht-halter-inox-21cm-copia","status":"publish","type":"product","link":"https:\/\/www.erresse-shop.it\/de\/shop\/tisch\/koerbe-und-schalen\/alessi-cactus-frucht-halter-inox-21cm-copia\/","title":{"rendered":"ALESSI Cactus Frucht-Halter Wei\u00df 21 cm"},"content":{"rendered":"<p>CACTUS! ist eine Obstschale, die mit einer durchbrochenen Verzierung versehen ist, die an das dichte Geflecht von Kaktusbl\u00e4ttern erinnert. Das Laubs\u00e4gewerk wird zu einem dekorativen Element, das einen scheinbar einfachen Gegenstand aufwertet und seine Funktion vom Beh\u00e4lter zum raffinierten Einrichtungselement erweitert.<\/p>\n<p>Merkmale<br \/>\n&#8211; Material: Stahl<br \/>\n&#8211; Durchmesser: 21 cm<br \/>\n&#8211; H\u00f6he: 9,50 cm<\/p>\n","protected":false},"excerpt":{"rendered":"<p>CACTUS! ist eine Obstschale, die mit einer durchbrochenen Verzierung versehen ist, die an das dichte Geflecht von Kaktusbl\u00e4ttern erinnert. Das<\/p>\n","protected":false},"featured_media":472071,"template":"","meta":{"_acf_changed":false,"inline_featured_image":false},"product_cat":[6787,14243],"product_tag":[11593,13230,13487,23839,14249],"acf":[],"yoast_head":"<!-- This site is optimized with the Yoast SEO Premium plugin v18.6 (Yoast SEO v19.13) - https:\/\/yoast.com\/wordpress\/plugins\/seo\/ -->\n<title>ALESSI Cactus Frucht-Halter Wei\u00df 21 cm - Erresse Shop<\/title>\n<meta name=\"description\" content=\"CACTUS! ist eine Obstschale, die mit einer durchbrochenen Verzierung versehen ist, die an das dichte Geflecht von Kaktusbl\u00e4ttern erinnert. Das\" \/>\n<meta name=\"robots\" content=\"index, follow, max-snippet:-1, max-image-preview:large, max-video-preview:-1\" \/>\n<link rel=\"canonical\" href=\"https:\/\/www.erresse-shop.it\/de\/shop\/tisch\/koerbe-und-schalen\/alessi-cactus-frucht-halter-inox-21cm-copia\/\" \/>\n<meta property=\"og:locale\" content=\"de_DE\" \/>\n<meta property=\"og:type\" content=\"article\" \/>\n<meta property=\"og:title\" content=\"ALESSI Cactus Frucht-Halter Wei\u00df 21 cm\" \/>\n<meta property=\"og:description\" content=\"CACTUS! ist eine Obstschale, die mit einer durchbrochenen Verzierung versehen ist, die an das dichte Geflecht von Kaktusbl\u00e4ttern erinnert. Das\" \/>\n<meta property=\"og:url\" content=\"https:\/\/www.erresse-shop.it\/de\/shop\/tisch\/koerbe-und-schalen\/alessi-cactus-frucht-halter-inox-21cm-copia\/\" \/>\n<meta property=\"og:site_name\" content=\"Erresse Shop\" \/>\n<meta property=\"article:modified_time\" content=\"2026-02-06T15:59:00+00:00\" \/>\n<meta property=\"og:image\" content=\"https:\/\/www.erresse-shop.it\/wp-content\/uploads\/2025\/02\/ALESSI-Cactus-Fruttiera-Bianco-21-cm.jpg\" \/>\n\t<meta property=\"og:image:width\" content=\"1200\" \/>\n\t<meta property=\"og:image:height\" content=\"1200\" \/>\n\t<meta property=\"og:image:type\" content=\"image\/jpeg\" \/>\n<meta name=\"twitter:card\" content=\"summary_large_image\" \/>\n<script type=\"application\/ld+json\" class=\"yoast-schema-graph\">{\"@context\":\"https:\/\/schema.org\",\"@graph\":[{\"@type\":\"WebPage\",\"@id\":\"https:\/\/www.erresse-shop.it\/de\/shop\/tisch\/koerbe-und-schalen\/alessi-cactus-frucht-halter-inox-21cm-copia\/\",\"url\":\"https:\/\/www.erresse-shop.it\/de\/shop\/tisch\/koerbe-und-schalen\/alessi-cactus-frucht-halter-inox-21cm-copia\/\",\"name\":\"ALESSI Cactus Frucht-Halter Wei\u00df 21 cm - Erresse Shop\",\"isPartOf\":{\"@id\":\"https:\/\/www.erresse-shop.it\/de\/#website\"},\"datePublished\":\"2025-02-26T08:05:55+00:00\",\"dateModified\":\"2026-02-06T15:59:00+00:00\",\"description\":\"CACTUS! ist eine Obstschale, die mit einer durchbrochenen Verzierung versehen ist, die an das dichte Geflecht von Kaktusbl\u00e4ttern erinnert. Das\",\"breadcrumb\":{\"@id\":\"https:\/\/www.erresse-shop.it\/de\/shop\/tisch\/koerbe-und-schalen\/alessi-cactus-frucht-halter-inox-21cm-copia\/#breadcrumb\"},\"inLanguage\":\"de-DE\",\"potentialAction\":[{\"@type\":\"ReadAction\",\"target\":[\"https:\/\/www.erresse-shop.it\/de\/shop\/tisch\/koerbe-und-schalen\/alessi-cactus-frucht-halter-inox-21cm-copia\/\"]}]},{\"@type\":\"BreadcrumbList\",\"@id\":\"https:\/\/www.erresse-shop.it\/de\/shop\/tisch\/koerbe-und-schalen\/alessi-cactus-frucht-halter-inox-21cm-copia\/#breadcrumb\",\"itemListElement\":[{\"@type\":\"ListItem\",\"position\":1,\"name\":\"Home\",\"item\":\"https:\/\/www.erresse-shop.it\/de\/\"},{\"@type\":\"ListItem\",\"position\":2,\"name\":\"Shop\",\"item\":\"https:\/\/www.erresse-shop.it\/de\/shop\/\"},{\"@type\":\"ListItem\",\"position\":3,\"name\":\"ALESSI Cactus Frucht-Halter Wei\u00df 21 cm\"}]},{\"@type\":\"WebSite\",\"@id\":\"https:\/\/www.erresse-shop.it\/de\/#website\",\"url\":\"https:\/\/www.erresse-shop.it\/de\/\",\"name\":\"Erresse Shop\",\"description\":\"Articoli di qualit\u00e0 per la casa\",\"potentialAction\":[{\"@type\":\"SearchAction\",\"target\":{\"@type\":\"EntryPoint\",\"urlTemplate\":\"https:\/\/www.erresse-shop.it\/de\/?s={search_term_string}\"},\"query-input\":\"required name=search_term_string\"}],\"inLanguage\":\"de-DE\"}]}<\/script>\n<!-- \/ Yoast SEO Premium plugin. -->","yoast_head_json":{"title":"ALESSI Cactus Frucht-Halter Wei\u00df 21 cm - Erresse Shop","description":"CACTUS! ist eine Obstschale, die mit einer durchbrochenen Verzierung versehen ist, die an das dichte Geflecht von Kaktusbl\u00e4ttern erinnert. Das","robots":{"index":"index","follow":"follow","max-snippet":"max-snippet:-1","max-image-preview":"max-image-preview:large","max-video-preview":"max-video-preview:-1"},"canonical":"https:\/\/www.erresse-shop.it\/de\/shop\/tisch\/koerbe-und-schalen\/alessi-cactus-frucht-halter-inox-21cm-copia\/","og_locale":"de_DE","og_type":"article","og_title":"ALESSI Cactus Frucht-Halter Wei\u00df 21 cm","og_description":"CACTUS! ist eine Obstschale, die mit einer durchbrochenen Verzierung versehen ist, die an das dichte Geflecht von Kaktusbl\u00e4ttern erinnert. Das","og_url":"https:\/\/www.erresse-shop.it\/de\/shop\/tisch\/koerbe-und-schalen\/alessi-cactus-frucht-halter-inox-21cm-copia\/","og_site_name":"Erresse Shop","article_modified_time":"2026-02-06T15:59:00+00:00","og_image":[{"width":1200,"height":1200,"url":"https:\/\/www.erresse-shop.it\/wp-content\/uploads\/2025\/02\/ALESSI-Cactus-Fruttiera-Bianco-21-cm.jpg","type":"image\/jpeg"}],"twitter_card":"summary_large_image","schema":{"@context":"https:\/\/schema.org","@graph":[{"@type":"WebPage","@id":"https:\/\/www.erresse-shop.it\/de\/shop\/tisch\/koerbe-und-schalen\/alessi-cactus-frucht-halter-inox-21cm-copia\/","url":"https:\/\/www.erresse-shop.it\/de\/shop\/tisch\/koerbe-und-schalen\/alessi-cactus-frucht-halter-inox-21cm-copia\/","name":"ALESSI Cactus Frucht-Halter Wei\u00df 21 cm - Erresse Shop","isPartOf":{"@id":"https:\/\/www.erresse-shop.it\/de\/#website"},"datePublished":"2025-02-26T08:05:55+00:00","dateModified":"2026-02-06T15:59:00+00:00","description":"CACTUS! ist eine Obstschale, die mit einer durchbrochenen Verzierung versehen ist, die an das dichte Geflecht von Kaktusbl\u00e4ttern erinnert. Das","breadcrumb":{"@id":"https:\/\/www.erresse-shop.it\/de\/shop\/tisch\/koerbe-und-schalen\/alessi-cactus-frucht-halter-inox-21cm-copia\/#breadcrumb"},"inLanguage":"de-DE","potentialAction":[{"@type":"ReadAction","target":["https:\/\/www.erresse-shop.it\/de\/shop\/tisch\/koerbe-und-schalen\/alessi-cactus-frucht-halter-inox-21cm-copia\/"]}]},{"@type":"BreadcrumbList","@id":"https:\/\/www.erresse-shop.it\/de\/shop\/tisch\/koerbe-und-schalen\/alessi-cactus-frucht-halter-inox-21cm-copia\/#breadcrumb","itemListElement":[{"@type":"ListItem","position":1,"name":"Home","item":"https:\/\/www.erresse-shop.it\/de\/"},{"@type":"ListItem","position":2,"name":"Shop","item":"https:\/\/www.erresse-shop.it\/de\/shop\/"},{"@type":"ListItem","position":3,"name":"ALESSI Cactus Frucht-Halter Wei\u00df 21 cm"}]},{"@type":"WebSite","@id":"https:\/\/www.erresse-shop.it\/de\/#website","url":"https:\/\/www.erresse-shop.it\/de\/","name":"Erresse Shop","description":"Articoli di qualit\u00e0 per la casa","potentialAction":[{"@type":"SearchAction","target":{"@type":"EntryPoint","urlTemplate":"https:\/\/www.erresse-shop.it\/de\/?s={search_term_string}"},"query-input":"required name=search_term_string"}],"inLanguage":"de-DE"}]}},"df_price":29.95,"df_sale_price":29.95,"df_regular_price":52,"df_image_link":"https:\/\/www.erresse-shop.it\/wp-content\/uploads\/2025\/02\/ALESSI-Cactus-Fruttiera-Bianco-21-cm-300x300.jpg","_links":{"self":[{"href":"https:\/\/www.erresse-shop.it\/de\/wp-json\/wp\/v2\/product\/472051"}],"collection":[{"href":"https:\/\/www.erresse-shop.it\/de\/wp-json\/wp\/v2\/product"}],"about":[{"href":"https:\/\/www.erresse-shop.it\/de\/wp-json\/wp\/v2\/types\/product"}],"wp:featuredmedia":[{"embeddable":true,"href":"https:\/\/www.erresse-shop.it\/de\/wp-json\/wp\/v2\/media\/472071"}],"wp:attachment":[{"href":"https:\/\/www.erresse-shop.it\/de\/wp-json\/wp\/v2\/media?parent=472051"}],"wp:term":[{"taxonomy":"product_cat","embeddable":true,"href":"https:\/\/www.erresse-shop.it\/de\/wp-json\/wp\/v2\/product_cat?post=472051"},{"taxonomy":"product_tag","embeddable":true,"href":"https:\/\/www.erresse-shop.it\/de\/wp-json\/wp\/v2\/product_tag?post=472051"}],"curies":[{"name":"wp","href":"https:\/\/api.w.org\/{rel}","templated":true}]}}