{"id":471284,"date":"2025-02-24T11:33:44","date_gmt":"2025-02-24T11:33:46","guid":{"rendered":"https:\/\/www.erresse-shop.it\/?post_type=product&#038;p=471284"},"modified":"2026-02-23T10:01:09","modified_gmt":"2026-02-23T10:01:09","slug":"bordallo-pinheiro-krug-zitrone","status":"publish","type":"product","link":"https:\/\/www.erresse-shop.it\/de\/shop\/tisch\/karaffen-flaschen-kruege\/bordallo-pinheiro-krug-zitrone\/","title":{"rendered":"BORDALLO PINHEIRO Krug Zitrone"},"content":{"rendered":"<p>Die Kollektion Citron, inspiriert vom frischen und lebendigen Thema der Zitrone, bietet handgefertigte Terrakotta-Produkte, die die Essenz des Mittelmeers einfangen. Jedes St\u00fcck zeichnet sich durch einzigartige Details und leuchtende Farben aus, wobei die Zitrone die Hauptrolle spielt. Diese Kollektion eignet sich perfekt, um den R\u00e4umen einen Hauch von Frische und Originalit\u00e4t zu verleihen. Sie ist ideal f\u00fcr alle, die auf der Suche nach Dekorationsartikeln mit einem authentischen und raffinierten Geschmack sind und ein wenig Sonne und Natur in ihr Zuhause bringen m\u00f6chten.<\/p>\n<p><strong>Material<\/strong>: Terrakotta<\/p>\n","protected":false},"excerpt":{"rendered":"<p>Die Kollektion Citron, inspiriert vom frischen und lebendigen Thema der Zitrone, bietet handgefertigte Terrakotta-Produkte, die die Essenz des Mittelmeers einfangen.<\/p>\n","protected":false},"featured_media":471293,"template":"","meta":{"_acf_changed":false,"inline_featured_image":false},"product_cat":[6859,6787],"product_tag":[25038,23911,11849,24604,25022,21822],"acf":[],"yoast_head":"<!-- This site is optimized with the Yoast SEO Premium plugin v18.6 (Yoast SEO v19.13) - https:\/\/yoast.com\/wordpress\/plugins\/seo\/ -->\n<title>BORDALLO PINHEIRO Krug Zitrone - Erresse Shop<\/title>\n<meta name=\"description\" content=\"Die Kollektion Citron, inspiriert vom frischen und lebendigen Thema der Zitrone, bietet handgefertigte Terrakotta-Produkte, die die Essenz des Mittelmeers\" \/>\n<meta name=\"robots\" content=\"index, follow, max-snippet:-1, max-image-preview:large, max-video-preview:-1\" \/>\n<link rel=\"canonical\" href=\"https:\/\/www.erresse-shop.it\/de\/shop\/tisch\/karaffen-flaschen-kruege\/bordallo-pinheiro-krug-zitrone\/\" \/>\n<meta property=\"og:locale\" content=\"de_DE\" \/>\n<meta property=\"og:type\" content=\"article\" \/>\n<meta property=\"og:title\" content=\"BORDALLO PINHEIRO Krug Zitrone\" \/>\n<meta property=\"og:description\" content=\"Die Kollektion Citron, inspiriert vom frischen und lebendigen Thema der Zitrone, bietet handgefertigte Terrakotta-Produkte, die die Essenz des Mittelmeers\" \/>\n<meta property=\"og:url\" content=\"https:\/\/www.erresse-shop.it\/de\/shop\/tisch\/karaffen-flaschen-kruege\/bordallo-pinheiro-krug-zitrone\/\" \/>\n<meta property=\"og:site_name\" content=\"Erresse Shop\" \/>\n<meta property=\"article:modified_time\" content=\"2026-02-23T10:01:09+00:00\" \/>\n<meta property=\"og:image\" content=\"https:\/\/www.erresse-shop.it\/wp-content\/uploads\/2025\/02\/BORDALLO-PINHEIRO-Brocca-Limone.jpg\" \/>\n\t<meta property=\"og:image:width\" content=\"1200\" \/>\n\t<meta property=\"og:image:height\" content=\"1200\" \/>\n\t<meta property=\"og:image:type\" content=\"image\/jpeg\" \/>\n<meta name=\"twitter:card\" content=\"summary_large_image\" \/>\n<script type=\"application\/ld+json\" class=\"yoast-schema-graph\">{\"@context\":\"https:\/\/schema.org\",\"@graph\":[{\"@type\":\"WebPage\",\"@id\":\"https:\/\/www.erresse-shop.it\/de\/shop\/tisch\/karaffen-flaschen-kruege\/bordallo-pinheiro-krug-zitrone\/\",\"url\":\"https:\/\/www.erresse-shop.it\/de\/shop\/tisch\/karaffen-flaschen-kruege\/bordallo-pinheiro-krug-zitrone\/\",\"name\":\"BORDALLO PINHEIRO Krug Zitrone - Erresse Shop\",\"isPartOf\":{\"@id\":\"https:\/\/www.erresse-shop.it\/de\/#website\"},\"datePublished\":\"2025-02-24T11:33:46+00:00\",\"dateModified\":\"2026-02-23T10:01:09+00:00\",\"description\":\"Die Kollektion Citron, inspiriert vom frischen und lebendigen Thema der Zitrone, bietet handgefertigte Terrakotta-Produkte, die die Essenz des Mittelmeers\",\"breadcrumb\":{\"@id\":\"https:\/\/www.erresse-shop.it\/de\/shop\/tisch\/karaffen-flaschen-kruege\/bordallo-pinheiro-krug-zitrone\/#breadcrumb\"},\"inLanguage\":\"de-DE\",\"potentialAction\":[{\"@type\":\"ReadAction\",\"target\":[\"https:\/\/www.erresse-shop.it\/de\/shop\/tisch\/karaffen-flaschen-kruege\/bordallo-pinheiro-krug-zitrone\/\"]}]},{\"@type\":\"BreadcrumbList\",\"@id\":\"https:\/\/www.erresse-shop.it\/de\/shop\/tisch\/karaffen-flaschen-kruege\/bordallo-pinheiro-krug-zitrone\/#breadcrumb\",\"itemListElement\":[{\"@type\":\"ListItem\",\"position\":1,\"name\":\"Home\",\"item\":\"https:\/\/www.erresse-shop.it\/de\/\"},{\"@type\":\"ListItem\",\"position\":2,\"name\":\"Shop\",\"item\":\"https:\/\/www.erresse-shop.it\/de\/shop\/\"},{\"@type\":\"ListItem\",\"position\":3,\"name\":\"BORDALLO PINHEIRO Krug Zitrone\"}]},{\"@type\":\"WebSite\",\"@id\":\"https:\/\/www.erresse-shop.it\/de\/#website\",\"url\":\"https:\/\/www.erresse-shop.it\/de\/\",\"name\":\"Erresse Shop\",\"description\":\"Articoli di qualit\u00e0 per la casa\",\"potentialAction\":[{\"@type\":\"SearchAction\",\"target\":{\"@type\":\"EntryPoint\",\"urlTemplate\":\"https:\/\/www.erresse-shop.it\/de\/?s={search_term_string}\"},\"query-input\":\"required name=search_term_string\"}],\"inLanguage\":\"de-DE\"}]}<\/script>\n<!-- \/ Yoast SEO Premium plugin. -->","yoast_head_json":{"title":"BORDALLO PINHEIRO Krug Zitrone - Erresse Shop","description":"Die Kollektion Citron, inspiriert vom frischen und lebendigen Thema der Zitrone, bietet handgefertigte Terrakotta-Produkte, die die Essenz des Mittelmeers","robots":{"index":"index","follow":"follow","max-snippet":"max-snippet:-1","max-image-preview":"max-image-preview:large","max-video-preview":"max-video-preview:-1"},"canonical":"https:\/\/www.erresse-shop.it\/de\/shop\/tisch\/karaffen-flaschen-kruege\/bordallo-pinheiro-krug-zitrone\/","og_locale":"de_DE","og_type":"article","og_title":"BORDALLO PINHEIRO Krug Zitrone","og_description":"Die Kollektion Citron, inspiriert vom frischen und lebendigen Thema der Zitrone, bietet handgefertigte Terrakotta-Produkte, die die Essenz des Mittelmeers","og_url":"https:\/\/www.erresse-shop.it\/de\/shop\/tisch\/karaffen-flaschen-kruege\/bordallo-pinheiro-krug-zitrone\/","og_site_name":"Erresse Shop","article_modified_time":"2026-02-23T10:01:09+00:00","og_image":[{"width":1200,"height":1200,"url":"https:\/\/www.erresse-shop.it\/wp-content\/uploads\/2025\/02\/BORDALLO-PINHEIRO-Brocca-Limone.jpg","type":"image\/jpeg"}],"twitter_card":"summary_large_image","schema":{"@context":"https:\/\/schema.org","@graph":[{"@type":"WebPage","@id":"https:\/\/www.erresse-shop.it\/de\/shop\/tisch\/karaffen-flaschen-kruege\/bordallo-pinheiro-krug-zitrone\/","url":"https:\/\/www.erresse-shop.it\/de\/shop\/tisch\/karaffen-flaschen-kruege\/bordallo-pinheiro-krug-zitrone\/","name":"BORDALLO PINHEIRO Krug Zitrone - Erresse Shop","isPartOf":{"@id":"https:\/\/www.erresse-shop.it\/de\/#website"},"datePublished":"2025-02-24T11:33:46+00:00","dateModified":"2026-02-23T10:01:09+00:00","description":"Die Kollektion Citron, inspiriert vom frischen und lebendigen Thema der Zitrone, bietet handgefertigte Terrakotta-Produkte, die die Essenz des Mittelmeers","breadcrumb":{"@id":"https:\/\/www.erresse-shop.it\/de\/shop\/tisch\/karaffen-flaschen-kruege\/bordallo-pinheiro-krug-zitrone\/#breadcrumb"},"inLanguage":"de-DE","potentialAction":[{"@type":"ReadAction","target":["https:\/\/www.erresse-shop.it\/de\/shop\/tisch\/karaffen-flaschen-kruege\/bordallo-pinheiro-krug-zitrone\/"]}]},{"@type":"BreadcrumbList","@id":"https:\/\/www.erresse-shop.it\/de\/shop\/tisch\/karaffen-flaschen-kruege\/bordallo-pinheiro-krug-zitrone\/#breadcrumb","itemListElement":[{"@type":"ListItem","position":1,"name":"Home","item":"https:\/\/www.erresse-shop.it\/de\/"},{"@type":"ListItem","position":2,"name":"Shop","item":"https:\/\/www.erresse-shop.it\/de\/shop\/"},{"@type":"ListItem","position":3,"name":"BORDALLO PINHEIRO Krug Zitrone"}]},{"@type":"WebSite","@id":"https:\/\/www.erresse-shop.it\/de\/#website","url":"https:\/\/www.erresse-shop.it\/de\/","name":"Erresse Shop","description":"Articoli di qualit\u00e0 per la casa","potentialAction":[{"@type":"SearchAction","target":{"@type":"EntryPoint","urlTemplate":"https:\/\/www.erresse-shop.it\/de\/?s={search_term_string}"},"query-input":"required name=search_term_string"}],"inLanguage":"de-DE"}]}},"df_price":102.95,"df_sale_price":102.95,"df_regular_price":150,"df_image_link":"https:\/\/www.erresse-shop.it\/wp-content\/uploads\/2025\/02\/BORDALLO-PINHEIRO-Brocca-Limone-300x300.jpg","_links":{"self":[{"href":"https:\/\/www.erresse-shop.it\/de\/wp-json\/wp\/v2\/product\/471284"}],"collection":[{"href":"https:\/\/www.erresse-shop.it\/de\/wp-json\/wp\/v2\/product"}],"about":[{"href":"https:\/\/www.erresse-shop.it\/de\/wp-json\/wp\/v2\/types\/product"}],"wp:featuredmedia":[{"embeddable":true,"href":"https:\/\/www.erresse-shop.it\/de\/wp-json\/wp\/v2\/media\/471293"}],"wp:attachment":[{"href":"https:\/\/www.erresse-shop.it\/de\/wp-json\/wp\/v2\/media?parent=471284"}],"wp:term":[{"taxonomy":"product_cat","embeddable":true,"href":"https:\/\/www.erresse-shop.it\/de\/wp-json\/wp\/v2\/product_cat?post=471284"},{"taxonomy":"product_tag","embeddable":true,"href":"https:\/\/www.erresse-shop.it\/de\/wp-json\/wp\/v2\/product_tag?post=471284"}],"curies":[{"name":"wp","href":"https:\/\/api.w.org\/{rel}","templated":true}]}}