{"id":471148,"date":"2025-02-24T08:33:55","date_gmt":"2025-02-24T08:33:56","guid":{"rendered":"https:\/\/www.erresse-shop.it\/?post_type=product&#038;p=471148"},"modified":"2025-02-24T09:08:03","modified_gmt":"2025-02-24T09:08:03","slug":"boska-elektrisches-fondue-set-pro-12-teilig-copia","status":"publish","type":"product","link":"https:\/\/www.erresse-shop.it\/de\/shop\/kuche\/boska-elektrisches-fondue-set-pro-12-teilig-copia\/","title":{"rendered":"STOCKLI Titlis Big Fondue-Set 21 cm"},"content":{"rendered":"<p><strong>Gemeinsam teilen, gemeinsam wohlf\u00fchlen<\/strong><\/p>\n<p>Inspiriert von der atemberaubenden Alpenlandschaft und dem schneebedeckten Gipfel des Titlis in der Zentralschweiz tr\u00e4gt dieses innovative Set seinen Namen. Wie das Bergmassiv f\u00e4llt es ins Auge und l\u00e4dt zu einem leckeren Fondue-Genu\u00df ein! Nicht nur f\u00fcr uns ist es ein fantastisches Erlebnis, wenn drau\u00dfen die Schneeflocken tanzen. An einem lauen Sommerabend im Freien gefeiert, zaubert es allen G\u00e4sten ein L\u00e4cheln ins Gesicht. Probieren Sie es aus, Sie werden begeistert sein!<\/p>\n<p>Emaillierter Fonduetopf und Rechaud aus robustem Gusseisen. Griffe und Sockel aus massivem Buchenholz. Diese bilden einen harmonischen Kontrast zum eleganten Schwarz und verleihen dem Set einen unverwechselbaren Charakter. Der induktionsgeeignete Topf l\u00e4sst sich platzsparend im Rechaud platzieren, mit Sicherheitsbrenner aus Paste. Inklusive 6 K\u00e4sefondue-Gabeln mit Holzgriffen. Fassungsverm\u00f6gen 3,2 Liter f\u00fcr 6 Personen.<\/p>\n<p><strong>Technische Daten<\/strong><\/p>\n<p><strong>Brennertyp:<\/strong> Brennpaste<br \/>\n<strong>Durchmesser<\/strong>: 21 cm<br \/>\n<strong>Fonduesorte:<\/strong> K\u00e4se<br \/>\n<strong>Farbe:<\/strong> Schwarz<br \/>\n<strong>Maximale Personenzahl:<\/strong> 6<br \/>\n<strong>Gewicht:<\/strong> 5,1 kg<\/p>\n","protected":false},"excerpt":{"rendered":"<p>Gemeinsam teilen, gemeinsam wohlf\u00fchlen Inspiriert von der atemberaubenden Alpenlandschaft und dem schneebedeckten Gipfel des Titlis in der Zentralschweiz tr\u00e4gt dieses<\/p>\n","protected":false},"featured_media":471169,"template":"","meta":{"_acf_changed":false,"inline_featured_image":false},"product_cat":[6742],"product_tag":[14105],"acf":[],"yoast_head":"<!-- This site is optimized with the Yoast SEO Premium plugin v18.6 (Yoast SEO v19.13) - https:\/\/yoast.com\/wordpress\/plugins\/seo\/ -->\n<title>BOSKA Elektrisches Fondue-Set Pro 12-teilig<\/title>\n<meta name=\"description\" content=\"Entdecken Sie BOSKA Elektrisches Fondue-Set Pro 12-teilig bei ErresseShop. Qualit\u00e4t, Stil und Funktionalit\u00e4t \u2013 jetzt online bestellen!\" \/>\n<meta name=\"robots\" content=\"index, follow, max-snippet:-1, max-image-preview:large, max-video-preview:-1\" \/>\n<link rel=\"canonical\" href=\"https:\/\/www.erresse-shop.it\/de\/shop\/kuche\/boska-elektrisches-fondue-set-pro-12-teilig-copia\/\" \/>\n<meta property=\"og:locale\" content=\"de_DE\" \/>\n<meta property=\"og:type\" content=\"article\" \/>\n<meta property=\"og:title\" content=\"STOCKLI Titlis Big Fondue-Set 21 cm\" \/>\n<meta property=\"og:description\" content=\"Entdecken Sie BOSKA Elektrisches Fondue-Set Pro 12-teilig bei ErresseShop. Qualit\u00e4t, Stil und Funktionalit\u00e4t \u2013 jetzt online bestellen!\" \/>\n<meta property=\"og:url\" content=\"https:\/\/www.erresse-shop.it\/de\/shop\/kuche\/boska-elektrisches-fondue-set-pro-12-teilig-copia\/\" \/>\n<meta property=\"og:site_name\" content=\"Erresse Shop\" \/>\n<meta property=\"article:modified_time\" content=\"2025-02-24T09:08:03+00:00\" \/>\n<meta property=\"og:image\" content=\"https:\/\/www.erresse-shop.it\/wp-content\/uploads\/2025\/02\/STOCKLI-Set-Fonduta-di-Formaggio-Titlis-Big-21-cm.jpg\" \/>\n\t<meta property=\"og:image:width\" content=\"1200\" \/>\n\t<meta property=\"og:image:height\" content=\"1200\" \/>\n\t<meta property=\"og:image:type\" content=\"image\/jpeg\" \/>\n<meta name=\"twitter:card\" content=\"summary_large_image\" \/>\n<script type=\"application\/ld+json\" class=\"yoast-schema-graph\">{\"@context\":\"https:\/\/schema.org\",\"@graph\":[{\"@type\":\"WebPage\",\"@id\":\"https:\/\/www.erresse-shop.it\/de\/shop\/kuche\/boska-elektrisches-fondue-set-pro-12-teilig-copia\/\",\"url\":\"https:\/\/www.erresse-shop.it\/de\/shop\/kuche\/boska-elektrisches-fondue-set-pro-12-teilig-copia\/\",\"name\":\"BOSKA Elektrisches Fondue-Set Pro 12-teilig\",\"isPartOf\":{\"@id\":\"https:\/\/www.erresse-shop.it\/de\/#website\"},\"datePublished\":\"2025-02-24T08:33:56+00:00\",\"dateModified\":\"2025-02-24T09:08:03+00:00\",\"description\":\"Entdecken Sie BOSKA Elektrisches Fondue-Set Pro 12-teilig bei ErresseShop. Qualit\u00e4t, Stil und Funktionalit\u00e4t \u2013 jetzt online bestellen!\",\"breadcrumb\":{\"@id\":\"https:\/\/www.erresse-shop.it\/de\/shop\/kuche\/boska-elektrisches-fondue-set-pro-12-teilig-copia\/#breadcrumb\"},\"inLanguage\":\"de-DE\",\"potentialAction\":[{\"@type\":\"ReadAction\",\"target\":[\"https:\/\/www.erresse-shop.it\/de\/shop\/kuche\/boska-elektrisches-fondue-set-pro-12-teilig-copia\/\"]}]},{\"@type\":\"BreadcrumbList\",\"@id\":\"https:\/\/www.erresse-shop.it\/de\/shop\/kuche\/boska-elektrisches-fondue-set-pro-12-teilig-copia\/#breadcrumb\",\"itemListElement\":[{\"@type\":\"ListItem\",\"position\":1,\"name\":\"Home\",\"item\":\"https:\/\/www.erresse-shop.it\/de\/\"},{\"@type\":\"ListItem\",\"position\":2,\"name\":\"Shop\",\"item\":\"https:\/\/www.erresse-shop.it\/de\/shop\/\"},{\"@type\":\"ListItem\",\"position\":3,\"name\":\"STOCKLI Titlis Big Fondue-Set 21 cm\"}]},{\"@type\":\"WebSite\",\"@id\":\"https:\/\/www.erresse-shop.it\/de\/#website\",\"url\":\"https:\/\/www.erresse-shop.it\/de\/\",\"name\":\"Erresse Shop\",\"description\":\"Articoli di qualit\u00e0 per la casa\",\"potentialAction\":[{\"@type\":\"SearchAction\",\"target\":{\"@type\":\"EntryPoint\",\"urlTemplate\":\"https:\/\/www.erresse-shop.it\/de\/?s={search_term_string}\"},\"query-input\":\"required name=search_term_string\"}],\"inLanguage\":\"de-DE\"}]}<\/script>\n<!-- \/ Yoast SEO Premium plugin. -->","yoast_head_json":{"title":"BOSKA Elektrisches Fondue-Set Pro 12-teilig","description":"Entdecken Sie BOSKA Elektrisches Fondue-Set Pro 12-teilig bei ErresseShop. Qualit\u00e4t, Stil und Funktionalit\u00e4t \u2013 jetzt online bestellen!","robots":{"index":"index","follow":"follow","max-snippet":"max-snippet:-1","max-image-preview":"max-image-preview:large","max-video-preview":"max-video-preview:-1"},"canonical":"https:\/\/www.erresse-shop.it\/de\/shop\/kuche\/boska-elektrisches-fondue-set-pro-12-teilig-copia\/","og_locale":"de_DE","og_type":"article","og_title":"STOCKLI Titlis Big Fondue-Set 21 cm","og_description":"Entdecken Sie BOSKA Elektrisches Fondue-Set Pro 12-teilig bei ErresseShop. Qualit\u00e4t, Stil und Funktionalit\u00e4t \u2013 jetzt online bestellen!","og_url":"https:\/\/www.erresse-shop.it\/de\/shop\/kuche\/boska-elektrisches-fondue-set-pro-12-teilig-copia\/","og_site_name":"Erresse Shop","article_modified_time":"2025-02-24T09:08:03+00:00","og_image":[{"width":1200,"height":1200,"url":"https:\/\/www.erresse-shop.it\/wp-content\/uploads\/2025\/02\/STOCKLI-Set-Fonduta-di-Formaggio-Titlis-Big-21-cm.jpg","type":"image\/jpeg"}],"twitter_card":"summary_large_image","schema":{"@context":"https:\/\/schema.org","@graph":[{"@type":"WebPage","@id":"https:\/\/www.erresse-shop.it\/de\/shop\/kuche\/boska-elektrisches-fondue-set-pro-12-teilig-copia\/","url":"https:\/\/www.erresse-shop.it\/de\/shop\/kuche\/boska-elektrisches-fondue-set-pro-12-teilig-copia\/","name":"BOSKA Elektrisches Fondue-Set Pro 12-teilig","isPartOf":{"@id":"https:\/\/www.erresse-shop.it\/de\/#website"},"datePublished":"2025-02-24T08:33:56+00:00","dateModified":"2025-02-24T09:08:03+00:00","description":"Entdecken Sie BOSKA Elektrisches Fondue-Set Pro 12-teilig bei ErresseShop. Qualit\u00e4t, Stil und Funktionalit\u00e4t \u2013 jetzt online bestellen!","breadcrumb":{"@id":"https:\/\/www.erresse-shop.it\/de\/shop\/kuche\/boska-elektrisches-fondue-set-pro-12-teilig-copia\/#breadcrumb"},"inLanguage":"de-DE","potentialAction":[{"@type":"ReadAction","target":["https:\/\/www.erresse-shop.it\/de\/shop\/kuche\/boska-elektrisches-fondue-set-pro-12-teilig-copia\/"]}]},{"@type":"BreadcrumbList","@id":"https:\/\/www.erresse-shop.it\/de\/shop\/kuche\/boska-elektrisches-fondue-set-pro-12-teilig-copia\/#breadcrumb","itemListElement":[{"@type":"ListItem","position":1,"name":"Home","item":"https:\/\/www.erresse-shop.it\/de\/"},{"@type":"ListItem","position":2,"name":"Shop","item":"https:\/\/www.erresse-shop.it\/de\/shop\/"},{"@type":"ListItem","position":3,"name":"STOCKLI Titlis Big Fondue-Set 21 cm"}]},{"@type":"WebSite","@id":"https:\/\/www.erresse-shop.it\/de\/#website","url":"https:\/\/www.erresse-shop.it\/de\/","name":"Erresse Shop","description":"Articoli di qualit\u00e0 per la casa","potentialAction":[{"@type":"SearchAction","target":{"@type":"EntryPoint","urlTemplate":"https:\/\/www.erresse-shop.it\/de\/?s={search_term_string}"},"query-input":"required name=search_term_string"}],"inLanguage":"de-DE"}]}},"df_price":159.3,"df_sale_price":159.3,"df_regular_price":177,"df_image_link":"https:\/\/www.erresse-shop.it\/wp-content\/uploads\/2025\/02\/STOCKLI-Set-Fonduta-di-Formaggio-Titlis-Big-21-cm-300x300.jpg","_links":{"self":[{"href":"https:\/\/www.erresse-shop.it\/de\/wp-json\/wp\/v2\/product\/471148"}],"collection":[{"href":"https:\/\/www.erresse-shop.it\/de\/wp-json\/wp\/v2\/product"}],"about":[{"href":"https:\/\/www.erresse-shop.it\/de\/wp-json\/wp\/v2\/types\/product"}],"wp:featuredmedia":[{"embeddable":true,"href":"https:\/\/www.erresse-shop.it\/de\/wp-json\/wp\/v2\/media\/471169"}],"wp:attachment":[{"href":"https:\/\/www.erresse-shop.it\/de\/wp-json\/wp\/v2\/media?parent=471148"}],"wp:term":[{"taxonomy":"product_cat","embeddable":true,"href":"https:\/\/www.erresse-shop.it\/de\/wp-json\/wp\/v2\/product_cat?post=471148"},{"taxonomy":"product_tag","embeddable":true,"href":"https:\/\/www.erresse-shop.it\/de\/wp-json\/wp\/v2\/product_tag?post=471148"}],"curies":[{"name":"wp","href":"https:\/\/api.w.org\/{rel}","templated":true}]}}