{"id":470921,"date":"2025-02-21T13:38:06","date_gmt":"2025-02-21T13:38:07","guid":{"rendered":"https:\/\/www.erresse-shop.it\/?post_type=product&#038;p=470921"},"modified":"2026-02-23T10:07:11","modified_gmt":"2026-02-23T10:07:11","slug":"villeroy-boch-satz-mit-6-esstellern-toys-delight-special-23-cm","status":"publish","type":"product","link":"https:\/\/www.erresse-shop.it\/de\/shop\/tisch\/teller-geschirr\/villeroy-boch-satz-mit-6-esstellern-toys-delight-special-23-cm\/","title":{"rendered":"VILLEROY &#038; BOCH Satz mit 6 Esstellern Toy&#8217;s Delight Special 23 cm"},"content":{"rendered":"<p><strong>SP\u00dcLMASCHINENGEEIGNET<\/strong><br \/>\nMaterial: Hochwertiges Porzellan<\/p>\n<p><strong>Liebevoll gestalteter Essteller mit Retro-Weihnachtsdekoration.<\/strong><br \/>\nMit der Kollektion Toy&#8217;s Delight bringen Sie nostalgische Weihnachtsstimmung in Ihr Zuhause. Das Porzellan ist mit h\u00fcbschen roten, gr\u00fcnen und wei\u00dfen Motiven verziert und weckt Kindheitserinnerungen. Mit seinem detailreichen Dekor verleiht der Essteller jeder Weihnachtstafel eine unvergessliche Note. Made in Germany: Dekorieren Sie Ihr Zuhause und Ihren Tisch stilvoll f\u00fcr die Feiertage f\u00fcr Jung und Alt.<\/p>\n","protected":false},"excerpt":{"rendered":"<p>SP\u00dcLMASCHINENGEEIGNET Material: Hochwertiges Porzellan Liebevoll gestalteter Essteller mit Retro-Weihnachtsdekoration. Mit der Kollektion Toy&#8217;s Delight bringen Sie nostalgische Weihnachtsstimmung in Ihr<\/p>\n","protected":false},"featured_media":470936,"template":"","meta":{"_acf_changed":false,"inline_featured_image":false},"product_cat":[6793,6787],"product_tag":[25027,24398,11971,22042,21970,25022,14289,11827],"acf":[],"yoast_head":"<!-- This site is optimized with the Yoast SEO Premium plugin v18.6 (Yoast SEO v19.13) - https:\/\/yoast.com\/wordpress\/plugins\/seo\/ -->\n<title>VILLEROY &amp; BOCH Satz mit 6 Esstellern Toy&#039;s Delight Specials 23 cm Rot<\/title>\n<meta name=\"description\" content=\"Entdecken Sie VILLEROY &amp; BOCH Satz mit 6 Esstellern Toy&#039;s Delight Specials 23 cm Rot bei ErresseShop. Qualit\u00e4t, Stil und Funktionalit\u00e4t \u2013 jetzt online bestellen!\" \/>\n<meta name=\"robots\" content=\"index, follow, max-snippet:-1, max-image-preview:large, max-video-preview:-1\" \/>\n<link rel=\"canonical\" href=\"https:\/\/www.erresse-shop.it\/de\/shop\/tisch\/teller-geschirr\/villeroy-boch-satz-mit-6-esstellern-toys-delight-special-23-cm\/\" \/>\n<meta property=\"og:locale\" content=\"de_DE\" \/>\n<meta property=\"og:type\" content=\"article\" \/>\n<meta property=\"og:title\" content=\"VILLEROY &amp; BOCH Satz mit 6 Esstellern Toy&#039;s Delight Special 23 cm\" \/>\n<meta property=\"og:description\" content=\"Entdecken Sie VILLEROY &amp; BOCH Satz mit 6 Esstellern Toy&#039;s Delight Specials 23 cm Rot bei ErresseShop. Qualit\u00e4t, Stil und Funktionalit\u00e4t \u2013 jetzt online bestellen!\" \/>\n<meta property=\"og:url\" content=\"https:\/\/www.erresse-shop.it\/de\/shop\/tisch\/teller-geschirr\/villeroy-boch-satz-mit-6-esstellern-toys-delight-special-23-cm\/\" \/>\n<meta property=\"og:site_name\" content=\"Erresse Shop\" \/>\n<meta property=\"article:modified_time\" content=\"2026-02-23T10:07:11+00:00\" \/>\n<meta property=\"og:image\" content=\"https:\/\/www.erresse-shop.it\/wp-content\/uploads\/2025\/02\/VILLEROY-BOCH-Set-6-Piatti-Fondi-Toys-Delight-23-cm.jpg\" \/>\n\t<meta property=\"og:image:width\" content=\"1200\" \/>\n\t<meta property=\"og:image:height\" content=\"1200\" \/>\n\t<meta property=\"og:image:type\" content=\"image\/jpeg\" \/>\n<meta name=\"twitter:card\" content=\"summary_large_image\" \/>\n<script type=\"application\/ld+json\" class=\"yoast-schema-graph\">{\"@context\":\"https:\/\/schema.org\",\"@graph\":[{\"@type\":\"WebPage\",\"@id\":\"https:\/\/www.erresse-shop.it\/de\/shop\/tisch\/teller-geschirr\/villeroy-boch-satz-mit-6-esstellern-toys-delight-special-23-cm\/\",\"url\":\"https:\/\/www.erresse-shop.it\/de\/shop\/tisch\/teller-geschirr\/villeroy-boch-satz-mit-6-esstellern-toys-delight-special-23-cm\/\",\"name\":\"VILLEROY & BOCH Satz mit 6 Esstellern Toy's Delight Specials 23 cm Rot\",\"isPartOf\":{\"@id\":\"https:\/\/www.erresse-shop.it\/de\/#website\"},\"datePublished\":\"2025-02-21T13:38:07+00:00\",\"dateModified\":\"2026-02-23T10:07:11+00:00\",\"description\":\"Entdecken Sie VILLEROY & BOCH Satz mit 6 Esstellern Toy's Delight Specials 23 cm Rot bei ErresseShop. Qualit\u00e4t, Stil und Funktionalit\u00e4t \u2013 jetzt online bestellen!\",\"breadcrumb\":{\"@id\":\"https:\/\/www.erresse-shop.it\/de\/shop\/tisch\/teller-geschirr\/villeroy-boch-satz-mit-6-esstellern-toys-delight-special-23-cm\/#breadcrumb\"},\"inLanguage\":\"de-DE\",\"potentialAction\":[{\"@type\":\"ReadAction\",\"target\":[\"https:\/\/www.erresse-shop.it\/de\/shop\/tisch\/teller-geschirr\/villeroy-boch-satz-mit-6-esstellern-toys-delight-special-23-cm\/\"]}]},{\"@type\":\"BreadcrumbList\",\"@id\":\"https:\/\/www.erresse-shop.it\/de\/shop\/tisch\/teller-geschirr\/villeroy-boch-satz-mit-6-esstellern-toys-delight-special-23-cm\/#breadcrumb\",\"itemListElement\":[{\"@type\":\"ListItem\",\"position\":1,\"name\":\"Home\",\"item\":\"https:\/\/www.erresse-shop.it\/de\/\"},{\"@type\":\"ListItem\",\"position\":2,\"name\":\"Shop\",\"item\":\"https:\/\/www.erresse-shop.it\/de\/shop\/\"},{\"@type\":\"ListItem\",\"position\":3,\"name\":\"VILLEROY &#038; BOCH Satz mit 6 Esstellern Toy&#8217;s Delight Special 23 cm\"}]},{\"@type\":\"WebSite\",\"@id\":\"https:\/\/www.erresse-shop.it\/de\/#website\",\"url\":\"https:\/\/www.erresse-shop.it\/de\/\",\"name\":\"Erresse Shop\",\"description\":\"Articoli di qualit\u00e0 per la casa\",\"potentialAction\":[{\"@type\":\"SearchAction\",\"target\":{\"@type\":\"EntryPoint\",\"urlTemplate\":\"https:\/\/www.erresse-shop.it\/de\/?s={search_term_string}\"},\"query-input\":\"required name=search_term_string\"}],\"inLanguage\":\"de-DE\"}]}<\/script>\n<!-- \/ Yoast SEO Premium plugin. -->","yoast_head_json":{"title":"VILLEROY & BOCH Satz mit 6 Esstellern Toy's Delight Specials 23 cm Rot","description":"Entdecken Sie VILLEROY & BOCH Satz mit 6 Esstellern Toy's Delight Specials 23 cm Rot bei ErresseShop. Qualit\u00e4t, Stil und Funktionalit\u00e4t \u2013 jetzt online bestellen!","robots":{"index":"index","follow":"follow","max-snippet":"max-snippet:-1","max-image-preview":"max-image-preview:large","max-video-preview":"max-video-preview:-1"},"canonical":"https:\/\/www.erresse-shop.it\/de\/shop\/tisch\/teller-geschirr\/villeroy-boch-satz-mit-6-esstellern-toys-delight-special-23-cm\/","og_locale":"de_DE","og_type":"article","og_title":"VILLEROY & BOCH Satz mit 6 Esstellern Toy's Delight Special 23 cm","og_description":"Entdecken Sie VILLEROY & BOCH Satz mit 6 Esstellern Toy's Delight Specials 23 cm Rot bei ErresseShop. Qualit\u00e4t, Stil und Funktionalit\u00e4t \u2013 jetzt online bestellen!","og_url":"https:\/\/www.erresse-shop.it\/de\/shop\/tisch\/teller-geschirr\/villeroy-boch-satz-mit-6-esstellern-toys-delight-special-23-cm\/","og_site_name":"Erresse Shop","article_modified_time":"2026-02-23T10:07:11+00:00","og_image":[{"width":1200,"height":1200,"url":"https:\/\/www.erresse-shop.it\/wp-content\/uploads\/2025\/02\/VILLEROY-BOCH-Set-6-Piatti-Fondi-Toys-Delight-23-cm.jpg","type":"image\/jpeg"}],"twitter_card":"summary_large_image","schema":{"@context":"https:\/\/schema.org","@graph":[{"@type":"WebPage","@id":"https:\/\/www.erresse-shop.it\/de\/shop\/tisch\/teller-geschirr\/villeroy-boch-satz-mit-6-esstellern-toys-delight-special-23-cm\/","url":"https:\/\/www.erresse-shop.it\/de\/shop\/tisch\/teller-geschirr\/villeroy-boch-satz-mit-6-esstellern-toys-delight-special-23-cm\/","name":"VILLEROY & BOCH Satz mit 6 Esstellern Toy's Delight Specials 23 cm Rot","isPartOf":{"@id":"https:\/\/www.erresse-shop.it\/de\/#website"},"datePublished":"2025-02-21T13:38:07+00:00","dateModified":"2026-02-23T10:07:11+00:00","description":"Entdecken Sie VILLEROY & BOCH Satz mit 6 Esstellern Toy's Delight Specials 23 cm Rot bei ErresseShop. Qualit\u00e4t, Stil und Funktionalit\u00e4t \u2013 jetzt online bestellen!","breadcrumb":{"@id":"https:\/\/www.erresse-shop.it\/de\/shop\/tisch\/teller-geschirr\/villeroy-boch-satz-mit-6-esstellern-toys-delight-special-23-cm\/#breadcrumb"},"inLanguage":"de-DE","potentialAction":[{"@type":"ReadAction","target":["https:\/\/www.erresse-shop.it\/de\/shop\/tisch\/teller-geschirr\/villeroy-boch-satz-mit-6-esstellern-toys-delight-special-23-cm\/"]}]},{"@type":"BreadcrumbList","@id":"https:\/\/www.erresse-shop.it\/de\/shop\/tisch\/teller-geschirr\/villeroy-boch-satz-mit-6-esstellern-toys-delight-special-23-cm\/#breadcrumb","itemListElement":[{"@type":"ListItem","position":1,"name":"Home","item":"https:\/\/www.erresse-shop.it\/de\/"},{"@type":"ListItem","position":2,"name":"Shop","item":"https:\/\/www.erresse-shop.it\/de\/shop\/"},{"@type":"ListItem","position":3,"name":"VILLEROY &#038; BOCH Satz mit 6 Esstellern Toy&#8217;s Delight Special 23 cm"}]},{"@type":"WebSite","@id":"https:\/\/www.erresse-shop.it\/de\/#website","url":"https:\/\/www.erresse-shop.it\/de\/","name":"Erresse Shop","description":"Articoli di qualit\u00e0 per la casa","potentialAction":[{"@type":"SearchAction","target":{"@type":"EntryPoint","urlTemplate":"https:\/\/www.erresse-shop.it\/de\/?s={search_term_string}"},"query-input":"required name=search_term_string"}],"inLanguage":"de-DE"}]}},"df_price":89,"df_sale_price":89,"df_regular_price":149.4,"df_image_link":"https:\/\/www.erresse-shop.it\/wp-content\/uploads\/2025\/02\/VILLEROY-BOCH-Set-6-Piatti-Fondi-Toys-Delight-23-cm-300x300.jpg","_links":{"self":[{"href":"https:\/\/www.erresse-shop.it\/de\/wp-json\/wp\/v2\/product\/470921"}],"collection":[{"href":"https:\/\/www.erresse-shop.it\/de\/wp-json\/wp\/v2\/product"}],"about":[{"href":"https:\/\/www.erresse-shop.it\/de\/wp-json\/wp\/v2\/types\/product"}],"wp:featuredmedia":[{"embeddable":true,"href":"https:\/\/www.erresse-shop.it\/de\/wp-json\/wp\/v2\/media\/470936"}],"wp:attachment":[{"href":"https:\/\/www.erresse-shop.it\/de\/wp-json\/wp\/v2\/media?parent=470921"}],"wp:term":[{"taxonomy":"product_cat","embeddable":true,"href":"https:\/\/www.erresse-shop.it\/de\/wp-json\/wp\/v2\/product_cat?post=470921"},{"taxonomy":"product_tag","embeddable":true,"href":"https:\/\/www.erresse-shop.it\/de\/wp-json\/wp\/v2\/product_tag?post=470921"}],"curies":[{"name":"wp","href":"https:\/\/api.w.org\/{rel}","templated":true}]}}