{"id":470908,"date":"2025-02-21T13:09:46","date_gmt":"2025-02-21T13:09:48","guid":{"rendered":"https:\/\/www.erresse-shop.it\/?post_type=product&#038;p=470908"},"modified":"2026-02-23T10:13:00","modified_gmt":"2026-02-23T10:13:00","slug":"victorinox-schwarzer-universalschaeler","status":"publish","type":"product","link":"https:\/\/www.erresse-shop.it\/de\/shop\/kuche\/messer\/victorinox-schwarzer-universalschaeler\/","title":{"rendered":"VICTORINOX Schwarzer Universalsch\u00e4ler"},"content":{"rendered":"<p><span style=\"font-size: 14pt;\"><strong>Universalsch\u00e4ler mit ultra-scharfer Schneide<\/strong><\/span><br \/>\nKochen ist eine Kunst, bei der man mit Geschmack zeichnet und mit Farben dekoriert. Als Meister Ihrer K\u00fcche verdienen Sie die richtigen Werkzeuge, um Ihrer Kreativit\u00e4t Ausdruck zu verleihen. Dann kommt der Universal-Kartoffelsch\u00e4ler von Victorinox gerade recht. Seine gezackte Kante bew\u00e4ltigt auch die h\u00e4rtesten Schalen und sein ergonomischer Griff macht das Kochen einfach und spa\u00dfig.<\/p>\n<p><strong>Abmessungen<\/strong><\/p>\n<ul>\n<li>H\u00f6he: 20 mm<\/li>\n<li>L\u00e4nge: 175 mm<\/li>\n<li>Breite: 21 mm<\/li>\n<li>Gewicht: 21 g<\/li>\n<\/ul>\n<p><strong>Material<\/strong>: Elastomer und Polypropylen<\/p>\n","protected":false},"excerpt":{"rendered":"<p>Universalsch\u00e4ler mit ultra-scharfer Schneide Kochen ist eine Kunst, bei der man mit Geschmack zeichnet und mit Farben dekoriert. Als Meister<\/p>\n","protected":false},"featured_media":470917,"template":"","meta":{"_acf_changed":false,"inline_featured_image":false},"product_cat":[6742,6706,14454],"product_tag":[25038,24604,25022,11473],"acf":[],"yoast_head":"<!-- This site is optimized with the Yoast SEO Premium plugin v18.6 (Yoast SEO v19.13) - https:\/\/yoast.com\/wordpress\/plugins\/seo\/ -->\n<title>VICTORINOX Schwarzer Universalsch\u00e4ler - Erresse Shop<\/title>\n<meta name=\"description\" content=\"Universalsch\u00e4ler mit ultra-scharfer Schneide Kochen ist eine Kunst, bei der man mit Geschmack zeichnet und mit Farben dekoriert. Als Meister Ihrer K\u00fcche\" \/>\n<meta name=\"robots\" content=\"index, follow, max-snippet:-1, max-image-preview:large, max-video-preview:-1\" \/>\n<link rel=\"canonical\" href=\"https:\/\/www.erresse-shop.it\/de\/shop\/kuche\/messer\/victorinox-schwarzer-universalschaeler\/\" \/>\n<meta property=\"og:locale\" content=\"de_DE\" \/>\n<meta property=\"og:type\" content=\"article\" \/>\n<meta property=\"og:title\" content=\"VICTORINOX Schwarzer Universalsch\u00e4ler\" \/>\n<meta property=\"og:description\" content=\"Universalsch\u00e4ler mit ultra-scharfer Schneide Kochen ist eine Kunst, bei der man mit Geschmack zeichnet und mit Farben dekoriert. Als Meister Ihrer K\u00fcche\" \/>\n<meta property=\"og:url\" content=\"https:\/\/www.erresse-shop.it\/de\/shop\/kuche\/messer\/victorinox-schwarzer-universalschaeler\/\" \/>\n<meta property=\"og:site_name\" content=\"Erresse Shop\" \/>\n<meta property=\"article:modified_time\" content=\"2026-02-23T10:13:00+00:00\" \/>\n<meta property=\"og:image\" content=\"https:\/\/www.erresse-shop.it\/wp-content\/uploads\/2025\/02\/VICTORINOX-Sbucciatore-Universale-Nero.jpg\" \/>\n\t<meta property=\"og:image:width\" content=\"1200\" \/>\n\t<meta property=\"og:image:height\" content=\"1200\" \/>\n\t<meta property=\"og:image:type\" content=\"image\/jpeg\" \/>\n<meta name=\"twitter:card\" content=\"summary_large_image\" \/>\n<script type=\"application\/ld+json\" class=\"yoast-schema-graph\">{\"@context\":\"https:\/\/schema.org\",\"@graph\":[{\"@type\":\"WebPage\",\"@id\":\"https:\/\/www.erresse-shop.it\/de\/shop\/kuche\/messer\/victorinox-schwarzer-universalschaeler\/\",\"url\":\"https:\/\/www.erresse-shop.it\/de\/shop\/kuche\/messer\/victorinox-schwarzer-universalschaeler\/\",\"name\":\"VICTORINOX Schwarzer Universalsch\u00e4ler - Erresse Shop\",\"isPartOf\":{\"@id\":\"https:\/\/www.erresse-shop.it\/de\/#website\"},\"datePublished\":\"2025-02-21T13:09:48+00:00\",\"dateModified\":\"2026-02-23T10:13:00+00:00\",\"description\":\"Universalsch\u00e4ler mit ultra-scharfer Schneide Kochen ist eine Kunst, bei der man mit Geschmack zeichnet und mit Farben dekoriert. Als Meister Ihrer K\u00fcche\",\"breadcrumb\":{\"@id\":\"https:\/\/www.erresse-shop.it\/de\/shop\/kuche\/messer\/victorinox-schwarzer-universalschaeler\/#breadcrumb\"},\"inLanguage\":\"de-DE\",\"potentialAction\":[{\"@type\":\"ReadAction\",\"target\":[\"https:\/\/www.erresse-shop.it\/de\/shop\/kuche\/messer\/victorinox-schwarzer-universalschaeler\/\"]}]},{\"@type\":\"BreadcrumbList\",\"@id\":\"https:\/\/www.erresse-shop.it\/de\/shop\/kuche\/messer\/victorinox-schwarzer-universalschaeler\/#breadcrumb\",\"itemListElement\":[{\"@type\":\"ListItem\",\"position\":1,\"name\":\"Home\",\"item\":\"https:\/\/www.erresse-shop.it\/de\/\"},{\"@type\":\"ListItem\",\"position\":2,\"name\":\"Shop\",\"item\":\"https:\/\/www.erresse-shop.it\/de\/shop\/\"},{\"@type\":\"ListItem\",\"position\":3,\"name\":\"VICTORINOX Schwarzer Universalsch\u00e4ler\"}]},{\"@type\":\"WebSite\",\"@id\":\"https:\/\/www.erresse-shop.it\/de\/#website\",\"url\":\"https:\/\/www.erresse-shop.it\/de\/\",\"name\":\"Erresse Shop\",\"description\":\"Articoli di qualit\u00e0 per la casa\",\"potentialAction\":[{\"@type\":\"SearchAction\",\"target\":{\"@type\":\"EntryPoint\",\"urlTemplate\":\"https:\/\/www.erresse-shop.it\/de\/?s={search_term_string}\"},\"query-input\":\"required name=search_term_string\"}],\"inLanguage\":\"de-DE\"}]}<\/script>\n<!-- \/ Yoast SEO Premium plugin. -->","yoast_head_json":{"title":"VICTORINOX Schwarzer Universalsch\u00e4ler - Erresse Shop","description":"Universalsch\u00e4ler mit ultra-scharfer Schneide Kochen ist eine Kunst, bei der man mit Geschmack zeichnet und mit Farben dekoriert. Als Meister Ihrer K\u00fcche","robots":{"index":"index","follow":"follow","max-snippet":"max-snippet:-1","max-image-preview":"max-image-preview:large","max-video-preview":"max-video-preview:-1"},"canonical":"https:\/\/www.erresse-shop.it\/de\/shop\/kuche\/messer\/victorinox-schwarzer-universalschaeler\/","og_locale":"de_DE","og_type":"article","og_title":"VICTORINOX Schwarzer Universalsch\u00e4ler","og_description":"Universalsch\u00e4ler mit ultra-scharfer Schneide Kochen ist eine Kunst, bei der man mit Geschmack zeichnet und mit Farben dekoriert. Als Meister Ihrer K\u00fcche","og_url":"https:\/\/www.erresse-shop.it\/de\/shop\/kuche\/messer\/victorinox-schwarzer-universalschaeler\/","og_site_name":"Erresse Shop","article_modified_time":"2026-02-23T10:13:00+00:00","og_image":[{"width":1200,"height":1200,"url":"https:\/\/www.erresse-shop.it\/wp-content\/uploads\/2025\/02\/VICTORINOX-Sbucciatore-Universale-Nero.jpg","type":"image\/jpeg"}],"twitter_card":"summary_large_image","schema":{"@context":"https:\/\/schema.org","@graph":[{"@type":"WebPage","@id":"https:\/\/www.erresse-shop.it\/de\/shop\/kuche\/messer\/victorinox-schwarzer-universalschaeler\/","url":"https:\/\/www.erresse-shop.it\/de\/shop\/kuche\/messer\/victorinox-schwarzer-universalschaeler\/","name":"VICTORINOX Schwarzer Universalsch\u00e4ler - Erresse Shop","isPartOf":{"@id":"https:\/\/www.erresse-shop.it\/de\/#website"},"datePublished":"2025-02-21T13:09:48+00:00","dateModified":"2026-02-23T10:13:00+00:00","description":"Universalsch\u00e4ler mit ultra-scharfer Schneide Kochen ist eine Kunst, bei der man mit Geschmack zeichnet und mit Farben dekoriert. Als Meister Ihrer K\u00fcche","breadcrumb":{"@id":"https:\/\/www.erresse-shop.it\/de\/shop\/kuche\/messer\/victorinox-schwarzer-universalschaeler\/#breadcrumb"},"inLanguage":"de-DE","potentialAction":[{"@type":"ReadAction","target":["https:\/\/www.erresse-shop.it\/de\/shop\/kuche\/messer\/victorinox-schwarzer-universalschaeler\/"]}]},{"@type":"BreadcrumbList","@id":"https:\/\/www.erresse-shop.it\/de\/shop\/kuche\/messer\/victorinox-schwarzer-universalschaeler\/#breadcrumb","itemListElement":[{"@type":"ListItem","position":1,"name":"Home","item":"https:\/\/www.erresse-shop.it\/de\/"},{"@type":"ListItem","position":2,"name":"Shop","item":"https:\/\/www.erresse-shop.it\/de\/shop\/"},{"@type":"ListItem","position":3,"name":"VICTORINOX Schwarzer Universalsch\u00e4ler"}]},{"@type":"WebSite","@id":"https:\/\/www.erresse-shop.it\/de\/#website","url":"https:\/\/www.erresse-shop.it\/de\/","name":"Erresse Shop","description":"Articoli di qualit\u00e0 per la casa","potentialAction":[{"@type":"SearchAction","target":{"@type":"EntryPoint","urlTemplate":"https:\/\/www.erresse-shop.it\/de\/?s={search_term_string}"},"query-input":"required name=search_term_string"}],"inLanguage":"de-DE"}]}},"df_price":4.99,"df_sale_price":4.99,"df_regular_price":10,"df_image_link":"https:\/\/www.erresse-shop.it\/wp-content\/uploads\/2025\/02\/VICTORINOX-Sbucciatore-Universale-Nero-300x300.jpg","_links":{"self":[{"href":"https:\/\/www.erresse-shop.it\/de\/wp-json\/wp\/v2\/product\/470908"}],"collection":[{"href":"https:\/\/www.erresse-shop.it\/de\/wp-json\/wp\/v2\/product"}],"about":[{"href":"https:\/\/www.erresse-shop.it\/de\/wp-json\/wp\/v2\/types\/product"}],"wp:featuredmedia":[{"embeddable":true,"href":"https:\/\/www.erresse-shop.it\/de\/wp-json\/wp\/v2\/media\/470917"}],"wp:attachment":[{"href":"https:\/\/www.erresse-shop.it\/de\/wp-json\/wp\/v2\/media?parent=470908"}],"wp:term":[{"taxonomy":"product_cat","embeddable":true,"href":"https:\/\/www.erresse-shop.it\/de\/wp-json\/wp\/v2\/product_cat?post=470908"},{"taxonomy":"product_tag","embeddable":true,"href":"https:\/\/www.erresse-shop.it\/de\/wp-json\/wp\/v2\/product_tag?post=470908"}],"curies":[{"name":"wp","href":"https:\/\/api.w.org\/{rel}","templated":true}]}}