{"id":470881,"date":"2025-02-21T11:46:55","date_gmt":"2025-02-21T11:46:56","guid":{"rendered":"https:\/\/www.erresse-shop.it\/?post_type=product&#038;p=470881"},"modified":"2025-02-21T11:58:32","modified_gmt":"2025-02-21T11:58:32","slug":"miyabi-5000-mcd-shotoh-13-cm-copia","status":"publish","type":"product","link":"https:\/\/www.erresse-shop.it\/de\/shop\/kuche\/messer\/miyabi-5000-mcd-shotoh-13-cm-copia\/","title":{"rendered":"MIYABI 5000 MCD Gyutoh 24 cm"},"content":{"rendered":"<p>Das Miyabi Black 5000MCD-Messer ist ein wahres Kunstwerk. Die Klinge besteht aus MC66-Mikrokarbid-Pulverstahl und ist auf beeindruckende 66 HRC eisgeh\u00e4rtet. Auf diese Weise erhalten Sie eine au\u00dfergew\u00f6hnlich scharfe und langlebige Schneide. Die Klinge ist mit 132 zus\u00e4tzlichen Lagen Stahl umwickelt, wodurch ein wundersch\u00f6nes florales Damastmuster entsteht. Der Griff der Miyabi Black-Serie besteht aus einzigartigem schwarzen Eschenholz. Die Maserung und Farbe des schwarzen Eschenholzes kontrastieren mit dem Damastmuster der Klinge. Der Griff ist in der traditionellen \u201eD\u201c-Form gefertigt, die optimale Ergonomie f\u00fcr m\u00fcheloses Schneiden bietet. Handgefertigt in Seki, Japan.<\/p>\n<ul>\n<li>Die Klinge besteht aus 133 Lagen Stahl, die ein florales Damastmuster erzeugen<\/li>\n<li>MC66 Mikrokarbidstahl ist auf 66 HRC geh\u00e4rtet<\/li>\n<li>D-Griff aus wundersch\u00f6nem schwarzen Eschenholz<\/li>\n<li>Gesch\u00e4rft mit der traditionellen dreistufigen Honbazuke-Methode<\/li>\n<li>Handgefertigt in Seki, Japan<\/li>\n<\/ul>\n<p><strong>FUNKTIONEN<\/strong><\/p>\n<ul>\n<li>Farbe: Braun<\/li>\n<li>Material: MC63<\/li>\n<li>Grifftyp: versteckter Erl<\/li>\n<li>Kantentyp: glatt<\/li>\n<li>Kantenbearbeitung: Honbazuke-Sch\u00e4rfen<\/li>\n<li>Herstellungsmethode: geschwei\u00dft<\/li>\n<li>Klingenh\u00e4rte (HRC): 63 HRC<\/li>\n<li>Grifffarbe: braun-schwarz<\/li>\n<li>Griffmaterial: Schwarzer Ahorn<\/li>\n<\/ul>\n<p><strong>ABMESSUNGEN<\/strong><\/p>\n<ul>\n<li class=\"attribute\"><span class=\"label\">Nettogewicht:<\/span><span class=\"value\">0,22 kg<\/span><\/li>\n<li class=\"attribute\"><span class=\"label\">Produktl\u00e4nge:<\/span><span class=\"value\">37,70 cm<\/span><\/li>\n<li class=\"attribute\"><span class=\"label\">Produktbreite:<\/span><span class=\"value\">2,20 cm<\/span><\/li>\n<li class=\"attribute\"><span class=\"label\">Produkth\u00f6he:<\/span><span class=\"value\">5,30 cm<\/span><\/li>\n<li class=\"attribute\"><span class=\"label\">Klingenl\u00e4nge:<\/span><span class=\"value\">24,00 cm<\/span><\/li>\n<li class=\"attribute\"><span class=\"label\">Griffl\u00e4nge:<\/span><span class=\"value\">13,70 cm<\/span><\/li>\n<li class=\"attribute\"><span class=\"label\">Griffbreite:<\/span><span class=\"value\">2,30 cm<\/span><\/li>\n<li class=\"attribute\"><span class=\"label\">Klingenbreite:<\/span><span class=\"value\">0,20 cm<\/span><\/li>\n<li class=\"attribute\"><span class=\"label\">Klingenst\u00e4rke:<\/span><span class=\"value\">0,20 cm<\/span><\/li>\n<\/ul>\n","protected":false},"excerpt":{"rendered":"<p>Das Miyabi Black 5000MCD-Messer ist ein wahres Kunstwerk. Die Klinge besteht aus MC66-Mikrokarbid-Pulverstahl und ist auf beeindruckende 66 HRC eisgeh\u00e4rtet.<\/p>\n","protected":false},"featured_media":470902,"template":"","meta":{"_acf_changed":false,"inline_featured_image":false},"product_cat":[6742,6706,14454],"product_tag":[25027,11395,11529,22495,24681,25022,11421],"acf":[],"yoast_head":"<!-- This site is optimized with the Yoast SEO Premium plugin v18.6 (Yoast SEO v19.13) - https:\/\/yoast.com\/wordpress\/plugins\/seo\/ -->\n<title>MIYABI 5000 MCD Gyutoh 24 cm - Erresse Shop<\/title>\n<meta name=\"description\" content=\"Das Miyabi Black 5000MCD-Messer ist ein wahres Kunstwerk. Die Klinge besteht aus MC66-Mikrokarbid-Pulverstahl und ist auf beeindruckende 66 HRC\" \/>\n<meta name=\"robots\" content=\"index, follow, max-snippet:-1, max-image-preview:large, max-video-preview:-1\" \/>\n<link rel=\"canonical\" href=\"https:\/\/www.erresse-shop.it\/de\/shop\/kuche\/messer\/miyabi-5000-mcd-shotoh-13-cm-copia\/\" \/>\n<meta property=\"og:locale\" content=\"de_DE\" \/>\n<meta property=\"og:type\" content=\"article\" \/>\n<meta property=\"og:title\" content=\"MIYABI 5000 MCD Gyutoh 24 cm\" \/>\n<meta property=\"og:description\" content=\"Das Miyabi Black 5000MCD-Messer ist ein wahres Kunstwerk. Die Klinge besteht aus MC66-Mikrokarbid-Pulverstahl und ist auf beeindruckende 66 HRC\" \/>\n<meta property=\"og:url\" content=\"https:\/\/www.erresse-shop.it\/de\/shop\/kuche\/messer\/miyabi-5000-mcd-shotoh-13-cm-copia\/\" \/>\n<meta property=\"og:site_name\" content=\"Erresse Shop\" \/>\n<meta property=\"article:modified_time\" content=\"2025-02-21T11:58:32+00:00\" \/>\n<meta property=\"og:image\" content=\"https:\/\/www.erresse-shop.it\/wp-content\/uploads\/2025\/02\/MIYABI-5000-MCD-Gyutoh-24-cm.jpg\" \/>\n\t<meta property=\"og:image:width\" content=\"1200\" \/>\n\t<meta property=\"og:image:height\" content=\"1200\" \/>\n\t<meta property=\"og:image:type\" content=\"image\/jpeg\" \/>\n<meta name=\"twitter:card\" content=\"summary_large_image\" \/>\n<script type=\"application\/ld+json\" class=\"yoast-schema-graph\">{\"@context\":\"https:\/\/schema.org\",\"@graph\":[{\"@type\":\"WebPage\",\"@id\":\"https:\/\/www.erresse-shop.it\/de\/shop\/kuche\/messer\/miyabi-5000-mcd-shotoh-13-cm-copia\/\",\"url\":\"https:\/\/www.erresse-shop.it\/de\/shop\/kuche\/messer\/miyabi-5000-mcd-shotoh-13-cm-copia\/\",\"name\":\"MIYABI 5000 MCD Gyutoh 24 cm - Erresse Shop\",\"isPartOf\":{\"@id\":\"https:\/\/www.erresse-shop.it\/de\/#website\"},\"datePublished\":\"2025-02-21T11:46:56+00:00\",\"dateModified\":\"2025-02-21T11:58:32+00:00\",\"description\":\"Das Miyabi Black 5000MCD-Messer ist ein wahres Kunstwerk. Die Klinge besteht aus MC66-Mikrokarbid-Pulverstahl und ist auf beeindruckende 66 HRC\",\"breadcrumb\":{\"@id\":\"https:\/\/www.erresse-shop.it\/de\/shop\/kuche\/messer\/miyabi-5000-mcd-shotoh-13-cm-copia\/#breadcrumb\"},\"inLanguage\":\"de-DE\",\"potentialAction\":[{\"@type\":\"ReadAction\",\"target\":[\"https:\/\/www.erresse-shop.it\/de\/shop\/kuche\/messer\/miyabi-5000-mcd-shotoh-13-cm-copia\/\"]}]},{\"@type\":\"BreadcrumbList\",\"@id\":\"https:\/\/www.erresse-shop.it\/de\/shop\/kuche\/messer\/miyabi-5000-mcd-shotoh-13-cm-copia\/#breadcrumb\",\"itemListElement\":[{\"@type\":\"ListItem\",\"position\":1,\"name\":\"Home\",\"item\":\"https:\/\/www.erresse-shop.it\/de\/\"},{\"@type\":\"ListItem\",\"position\":2,\"name\":\"Shop\",\"item\":\"https:\/\/www.erresse-shop.it\/de\/shop\/\"},{\"@type\":\"ListItem\",\"position\":3,\"name\":\"MIYABI 5000 MCD Gyutoh 24 cm\"}]},{\"@type\":\"WebSite\",\"@id\":\"https:\/\/www.erresse-shop.it\/de\/#website\",\"url\":\"https:\/\/www.erresse-shop.it\/de\/\",\"name\":\"Erresse Shop\",\"description\":\"Articoli di qualit\u00e0 per la casa\",\"potentialAction\":[{\"@type\":\"SearchAction\",\"target\":{\"@type\":\"EntryPoint\",\"urlTemplate\":\"https:\/\/www.erresse-shop.it\/de\/?s={search_term_string}\"},\"query-input\":\"required name=search_term_string\"}],\"inLanguage\":\"de-DE\"}]}<\/script>\n<!-- \/ Yoast SEO Premium plugin. -->","yoast_head_json":{"title":"MIYABI 5000 MCD Gyutoh 24 cm - Erresse Shop","description":"Das Miyabi Black 5000MCD-Messer ist ein wahres Kunstwerk. Die Klinge besteht aus MC66-Mikrokarbid-Pulverstahl und ist auf beeindruckende 66 HRC","robots":{"index":"index","follow":"follow","max-snippet":"max-snippet:-1","max-image-preview":"max-image-preview:large","max-video-preview":"max-video-preview:-1"},"canonical":"https:\/\/www.erresse-shop.it\/de\/shop\/kuche\/messer\/miyabi-5000-mcd-shotoh-13-cm-copia\/","og_locale":"de_DE","og_type":"article","og_title":"MIYABI 5000 MCD Gyutoh 24 cm","og_description":"Das Miyabi Black 5000MCD-Messer ist ein wahres Kunstwerk. Die Klinge besteht aus MC66-Mikrokarbid-Pulverstahl und ist auf beeindruckende 66 HRC","og_url":"https:\/\/www.erresse-shop.it\/de\/shop\/kuche\/messer\/miyabi-5000-mcd-shotoh-13-cm-copia\/","og_site_name":"Erresse Shop","article_modified_time":"2025-02-21T11:58:32+00:00","og_image":[{"width":1200,"height":1200,"url":"https:\/\/www.erresse-shop.it\/wp-content\/uploads\/2025\/02\/MIYABI-5000-MCD-Gyutoh-24-cm.jpg","type":"image\/jpeg"}],"twitter_card":"summary_large_image","schema":{"@context":"https:\/\/schema.org","@graph":[{"@type":"WebPage","@id":"https:\/\/www.erresse-shop.it\/de\/shop\/kuche\/messer\/miyabi-5000-mcd-shotoh-13-cm-copia\/","url":"https:\/\/www.erresse-shop.it\/de\/shop\/kuche\/messer\/miyabi-5000-mcd-shotoh-13-cm-copia\/","name":"MIYABI 5000 MCD Gyutoh 24 cm - Erresse Shop","isPartOf":{"@id":"https:\/\/www.erresse-shop.it\/de\/#website"},"datePublished":"2025-02-21T11:46:56+00:00","dateModified":"2025-02-21T11:58:32+00:00","description":"Das Miyabi Black 5000MCD-Messer ist ein wahres Kunstwerk. Die Klinge besteht aus MC66-Mikrokarbid-Pulverstahl und ist auf beeindruckende 66 HRC","breadcrumb":{"@id":"https:\/\/www.erresse-shop.it\/de\/shop\/kuche\/messer\/miyabi-5000-mcd-shotoh-13-cm-copia\/#breadcrumb"},"inLanguage":"de-DE","potentialAction":[{"@type":"ReadAction","target":["https:\/\/www.erresse-shop.it\/de\/shop\/kuche\/messer\/miyabi-5000-mcd-shotoh-13-cm-copia\/"]}]},{"@type":"BreadcrumbList","@id":"https:\/\/www.erresse-shop.it\/de\/shop\/kuche\/messer\/miyabi-5000-mcd-shotoh-13-cm-copia\/#breadcrumb","itemListElement":[{"@type":"ListItem","position":1,"name":"Home","item":"https:\/\/www.erresse-shop.it\/de\/"},{"@type":"ListItem","position":2,"name":"Shop","item":"https:\/\/www.erresse-shop.it\/de\/shop\/"},{"@type":"ListItem","position":3,"name":"MIYABI 5000 MCD Gyutoh 24 cm"}]},{"@type":"WebSite","@id":"https:\/\/www.erresse-shop.it\/de\/#website","url":"https:\/\/www.erresse-shop.it\/de\/","name":"Erresse Shop","description":"Articoli di qualit\u00e0 per la casa","potentialAction":[{"@type":"SearchAction","target":{"@type":"EntryPoint","urlTemplate":"https:\/\/www.erresse-shop.it\/de\/?s={search_term_string}"},"query-input":"required name=search_term_string"}],"inLanguage":"de-DE"}]}},"df_price":263.45000000000005,"df_sale_price":263.45000000000005,"df_regular_price":479,"df_image_link":"https:\/\/www.erresse-shop.it\/wp-content\/uploads\/2025\/02\/MIYABI-5000-MCD-Gyutoh-24-cm-300x300.jpg","_links":{"self":[{"href":"https:\/\/www.erresse-shop.it\/de\/wp-json\/wp\/v2\/product\/470881"}],"collection":[{"href":"https:\/\/www.erresse-shop.it\/de\/wp-json\/wp\/v2\/product"}],"about":[{"href":"https:\/\/www.erresse-shop.it\/de\/wp-json\/wp\/v2\/types\/product"}],"wp:featuredmedia":[{"embeddable":true,"href":"https:\/\/www.erresse-shop.it\/de\/wp-json\/wp\/v2\/media\/470902"}],"wp:attachment":[{"href":"https:\/\/www.erresse-shop.it\/de\/wp-json\/wp\/v2\/media?parent=470881"}],"wp:term":[{"taxonomy":"product_cat","embeddable":true,"href":"https:\/\/www.erresse-shop.it\/de\/wp-json\/wp\/v2\/product_cat?post=470881"},{"taxonomy":"product_tag","embeddable":true,"href":"https:\/\/www.erresse-shop.it\/de\/wp-json\/wp\/v2\/product_tag?post=470881"}],"curies":[{"name":"wp","href":"https:\/\/api.w.org\/{rel}","templated":true}]}}