{"id":470847,"date":"2025-02-21T11:29:49","date_gmt":"2025-02-21T11:29:50","guid":{"rendered":"https:\/\/www.erresse-shop.it\/?post_type=product&#038;p=470847"},"modified":"2026-02-23T10:18:41","modified_gmt":"2026-02-23T10:18:41","slug":"zwilling-multifunktionsschere-20-cm","status":"publish","type":"product","link":"https:\/\/www.erresse-shop.it\/de\/shop\/kuche\/werkzeuge\/zwilling-multifunktionsschere-20-cm\/","title":{"rendered":"ZWILLING Multifunktionsschere 20 cm"},"content":{"rendered":"<p>Die ZWILLING J.A. K\u00fcchenschere Mit dem Henckels TWIN erledigen Sie jede Art des Schneidens in der K\u00fcche problemlos. Egal ob Sie Kr\u00e4uter hacken, verschiedene Lebensmittel schneiden oder Verpackungen \u00f6ffnen, diese Schere ist immer f\u00fcr Ihre Aufgabe geeignet. Sie sind alle mit einer Schraube befestigt, die die Pr\u00e4zision der Klingenbewegung und ein einfaches Sch\u00e4rfen gew\u00e4hrleistet. Alle ZWILLING J.A. K\u00fcchenscheren Henckels sind sp\u00fclmaschinenfest.<\/p>\n<ul>\n<li>Die spezielle Edelstahl-Formel garantiert die Langlebigkeit des Produktes.<\/li>\n<li>Kryogenisch geh\u00e4rtete FRIODUR\u00ae-Klingen f\u00fcr au\u00dfergew\u00f6hnliche Haltbarkeit der Schneidfl\u00e4chen und Korrosionsbest\u00e4ndigkeit.<\/li>\n<li>Die robusten Klingen der Schere sind handgesch\u00e4rft.<\/li>\n<li>Die Mikroverzahnung greift das Material und schneidet selbst dickste Materialien mit Leichtigkeit<\/li>\n<li>Zum L\u00f6sen besonders schwer zu \u00f6ffnender Deckel ist das integrierte Werkzeug hilfreich.<\/li>\n<\/ul>\n","protected":false},"excerpt":{"rendered":"<p>Die ZWILLING J.A. K\u00fcchenschere Mit dem Henckels TWIN erledigen Sie jede Art des Schneidens in der K\u00fcche problemlos. Egal ob<\/p>\n","protected":false},"featured_media":470874,"template":"","meta":{"_acf_changed":false,"inline_featured_image":false},"product_cat":[6742,25334],"product_tag":[25038,20079,17114,25022],"acf":[],"yoast_head":"<!-- This site is optimized with the Yoast SEO Premium plugin v18.6 (Yoast SEO v19.13) - https:\/\/yoast.com\/wordpress\/plugins\/seo\/ -->\n<title>ZWILLING Multifunktionsschere 20 cm - Erresse Shop<\/title>\n<meta name=\"description\" content=\"Die ZWILLING J.A. K\u00fcchenschere Mit dem Henckels TWIN erledigen Sie jede Art des Schneidens in der K\u00fcche problemlos. Egal ob Sie Kr\u00e4uter hacken,\" \/>\n<meta name=\"robots\" content=\"index, follow, max-snippet:-1, max-image-preview:large, max-video-preview:-1\" \/>\n<link rel=\"canonical\" href=\"https:\/\/www.erresse-shop.it\/de\/shop\/kuche\/werkzeuge\/zwilling-multifunktionsschere-20-cm\/\" \/>\n<meta property=\"og:locale\" content=\"de_DE\" \/>\n<meta property=\"og:type\" content=\"article\" \/>\n<meta property=\"og:title\" content=\"ZWILLING Multifunktionsschere 20 cm\" \/>\n<meta property=\"og:description\" content=\"Die ZWILLING J.A. K\u00fcchenschere Mit dem Henckels TWIN erledigen Sie jede Art des Schneidens in der K\u00fcche problemlos. Egal ob Sie Kr\u00e4uter hacken,\" \/>\n<meta property=\"og:url\" content=\"https:\/\/www.erresse-shop.it\/de\/shop\/kuche\/werkzeuge\/zwilling-multifunktionsschere-20-cm\/\" \/>\n<meta property=\"og:site_name\" content=\"Erresse Shop\" \/>\n<meta property=\"article:modified_time\" content=\"2026-02-23T10:18:41+00:00\" \/>\n<meta property=\"og:image\" content=\"https:\/\/www.erresse-shop.it\/wp-content\/uploads\/2025\/02\/ZWILLING-Forbici-Multifunzione-20-cm.jpg\" \/>\n\t<meta property=\"og:image:width\" content=\"1200\" \/>\n\t<meta property=\"og:image:height\" content=\"1200\" \/>\n\t<meta property=\"og:image:type\" content=\"image\/jpeg\" \/>\n<meta name=\"twitter:card\" content=\"summary_large_image\" \/>\n<script type=\"application\/ld+json\" class=\"yoast-schema-graph\">{\"@context\":\"https:\/\/schema.org\",\"@graph\":[{\"@type\":\"WebPage\",\"@id\":\"https:\/\/www.erresse-shop.it\/de\/shop\/kuche\/werkzeuge\/zwilling-multifunktionsschere-20-cm\/\",\"url\":\"https:\/\/www.erresse-shop.it\/de\/shop\/kuche\/werkzeuge\/zwilling-multifunktionsschere-20-cm\/\",\"name\":\"ZWILLING Multifunktionsschere 20 cm - Erresse Shop\",\"isPartOf\":{\"@id\":\"https:\/\/www.erresse-shop.it\/de\/#website\"},\"datePublished\":\"2025-02-21T11:29:50+00:00\",\"dateModified\":\"2026-02-23T10:18:41+00:00\",\"description\":\"Die ZWILLING J.A. K\u00fcchenschere Mit dem Henckels TWIN erledigen Sie jede Art des Schneidens in der K\u00fcche problemlos. Egal ob Sie Kr\u00e4uter hacken,\",\"breadcrumb\":{\"@id\":\"https:\/\/www.erresse-shop.it\/de\/shop\/kuche\/werkzeuge\/zwilling-multifunktionsschere-20-cm\/#breadcrumb\"},\"inLanguage\":\"de-DE\",\"potentialAction\":[{\"@type\":\"ReadAction\",\"target\":[\"https:\/\/www.erresse-shop.it\/de\/shop\/kuche\/werkzeuge\/zwilling-multifunktionsschere-20-cm\/\"]}]},{\"@type\":\"BreadcrumbList\",\"@id\":\"https:\/\/www.erresse-shop.it\/de\/shop\/kuche\/werkzeuge\/zwilling-multifunktionsschere-20-cm\/#breadcrumb\",\"itemListElement\":[{\"@type\":\"ListItem\",\"position\":1,\"name\":\"Home\",\"item\":\"https:\/\/www.erresse-shop.it\/de\/\"},{\"@type\":\"ListItem\",\"position\":2,\"name\":\"Shop\",\"item\":\"https:\/\/www.erresse-shop.it\/de\/shop\/\"},{\"@type\":\"ListItem\",\"position\":3,\"name\":\"ZWILLING Multifunktionsschere 20 cm\"}]},{\"@type\":\"WebSite\",\"@id\":\"https:\/\/www.erresse-shop.it\/de\/#website\",\"url\":\"https:\/\/www.erresse-shop.it\/de\/\",\"name\":\"Erresse Shop\",\"description\":\"Articoli di qualit\u00e0 per la casa\",\"potentialAction\":[{\"@type\":\"SearchAction\",\"target\":{\"@type\":\"EntryPoint\",\"urlTemplate\":\"https:\/\/www.erresse-shop.it\/de\/?s={search_term_string}\"},\"query-input\":\"required name=search_term_string\"}],\"inLanguage\":\"de-DE\"}]}<\/script>\n<!-- \/ Yoast SEO Premium plugin. -->","yoast_head_json":{"title":"ZWILLING Multifunktionsschere 20 cm - Erresse Shop","description":"Die ZWILLING J.A. K\u00fcchenschere Mit dem Henckels TWIN erledigen Sie jede Art des Schneidens in der K\u00fcche problemlos. Egal ob Sie Kr\u00e4uter hacken,","robots":{"index":"index","follow":"follow","max-snippet":"max-snippet:-1","max-image-preview":"max-image-preview:large","max-video-preview":"max-video-preview:-1"},"canonical":"https:\/\/www.erresse-shop.it\/de\/shop\/kuche\/werkzeuge\/zwilling-multifunktionsschere-20-cm\/","og_locale":"de_DE","og_type":"article","og_title":"ZWILLING Multifunktionsschere 20 cm","og_description":"Die ZWILLING J.A. K\u00fcchenschere Mit dem Henckels TWIN erledigen Sie jede Art des Schneidens in der K\u00fcche problemlos. Egal ob Sie Kr\u00e4uter hacken,","og_url":"https:\/\/www.erresse-shop.it\/de\/shop\/kuche\/werkzeuge\/zwilling-multifunktionsschere-20-cm\/","og_site_name":"Erresse Shop","article_modified_time":"2026-02-23T10:18:41+00:00","og_image":[{"width":1200,"height":1200,"url":"https:\/\/www.erresse-shop.it\/wp-content\/uploads\/2025\/02\/ZWILLING-Forbici-Multifunzione-20-cm.jpg","type":"image\/jpeg"}],"twitter_card":"summary_large_image","schema":{"@context":"https:\/\/schema.org","@graph":[{"@type":"WebPage","@id":"https:\/\/www.erresse-shop.it\/de\/shop\/kuche\/werkzeuge\/zwilling-multifunktionsschere-20-cm\/","url":"https:\/\/www.erresse-shop.it\/de\/shop\/kuche\/werkzeuge\/zwilling-multifunktionsschere-20-cm\/","name":"ZWILLING Multifunktionsschere 20 cm - Erresse Shop","isPartOf":{"@id":"https:\/\/www.erresse-shop.it\/de\/#website"},"datePublished":"2025-02-21T11:29:50+00:00","dateModified":"2026-02-23T10:18:41+00:00","description":"Die ZWILLING J.A. K\u00fcchenschere Mit dem Henckels TWIN erledigen Sie jede Art des Schneidens in der K\u00fcche problemlos. Egal ob Sie Kr\u00e4uter hacken,","breadcrumb":{"@id":"https:\/\/www.erresse-shop.it\/de\/shop\/kuche\/werkzeuge\/zwilling-multifunktionsschere-20-cm\/#breadcrumb"},"inLanguage":"de-DE","potentialAction":[{"@type":"ReadAction","target":["https:\/\/www.erresse-shop.it\/de\/shop\/kuche\/werkzeuge\/zwilling-multifunktionsschere-20-cm\/"]}]},{"@type":"BreadcrumbList","@id":"https:\/\/www.erresse-shop.it\/de\/shop\/kuche\/werkzeuge\/zwilling-multifunktionsschere-20-cm\/#breadcrumb","itemListElement":[{"@type":"ListItem","position":1,"name":"Home","item":"https:\/\/www.erresse-shop.it\/de\/"},{"@type":"ListItem","position":2,"name":"Shop","item":"https:\/\/www.erresse-shop.it\/de\/shop\/"},{"@type":"ListItem","position":3,"name":"ZWILLING Multifunktionsschere 20 cm"}]},{"@type":"WebSite","@id":"https:\/\/www.erresse-shop.it\/de\/#website","url":"https:\/\/www.erresse-shop.it\/de\/","name":"Erresse Shop","description":"Articoli di qualit\u00e0 per la casa","potentialAction":[{"@type":"SearchAction","target":{"@type":"EntryPoint","urlTemplate":"https:\/\/www.erresse-shop.it\/de\/?s={search_term_string}"},"query-input":"required name=search_term_string"}],"inLanguage":"de-DE"}]}},"df_price":22,"df_sale_price":22,"df_regular_price":44.95,"df_image_link":"https:\/\/www.erresse-shop.it\/wp-content\/uploads\/2025\/02\/ZWILLING-Forbici-Multifunzione-20-cm-300x300.jpg","_links":{"self":[{"href":"https:\/\/www.erresse-shop.it\/de\/wp-json\/wp\/v2\/product\/470847"}],"collection":[{"href":"https:\/\/www.erresse-shop.it\/de\/wp-json\/wp\/v2\/product"}],"about":[{"href":"https:\/\/www.erresse-shop.it\/de\/wp-json\/wp\/v2\/types\/product"}],"wp:featuredmedia":[{"embeddable":true,"href":"https:\/\/www.erresse-shop.it\/de\/wp-json\/wp\/v2\/media\/470874"}],"wp:attachment":[{"href":"https:\/\/www.erresse-shop.it\/de\/wp-json\/wp\/v2\/media?parent=470847"}],"wp:term":[{"taxonomy":"product_cat","embeddable":true,"href":"https:\/\/www.erresse-shop.it\/de\/wp-json\/wp\/v2\/product_cat?post=470847"},{"taxonomy":"product_tag","embeddable":true,"href":"https:\/\/www.erresse-shop.it\/de\/wp-json\/wp\/v2\/product_tag?post=470847"}],"curies":[{"name":"wp","href":"https:\/\/api.w.org\/{rel}","templated":true}]}}