{"id":470785,"date":"2025-02-21T10:54:22","date_gmt":"2025-02-21T10:54:23","guid":{"rendered":"https:\/\/www.erresse-shop.it\/?post_type=product&#038;p=470785"},"modified":"2025-02-21T11:06:42","modified_gmt":"2025-02-21T11:06:42","slug":"berkel-teknica-filetiermesser-19-cm-schwarz-copia","status":"publish","type":"product","link":"https:\/\/www.erresse-shop.it\/de\/shop\/kuche\/messer\/berkel-teknica-filetiermesser-19-cm-schwarz-copia\/","title":{"rendered":"BERKEL Teknica Filetiermesser 19 cm Rot"},"content":{"rendered":"<p class=\"p1\">Das Messer f\u00fcr das beste Filet<br \/>\nFlexibles und einfach zu handhabendes Messer. Es erm\u00f6glicht Ihnen, das beste Filet zu erhalten, indem Sie der Form des Lebensmittels vorsichtig folgen. Dank der scharfen Klinge und der gebogenen Form ist es ideal zum Entbeinen und Entfernen der Haut des Fisches, ohne das Fleisch zu zerrei\u00dfen oder zu ruinieren. Die extreme Schneidpr\u00e4zision sorgt daf\u00fcr, dass selbst bei kleinen St\u00fccken weniger Abfall entsteht.<\/p>\n<p><strong>EIGENSCHAFTEN<br \/>\nGewicht<\/strong>: 207 g<br \/>\n<strong>Klingengr\u00f6\u00dfe<\/strong>: 19 cm<br \/>\n<strong>Gesamtl\u00e4nge<\/strong>: 33 cm<br \/>\n<strong>Klingenmaterial<\/strong>: 1.4116-X50 Cr Mo V15 Edelstahl geschmiedet; H\u00e4rte nach T.T: 59 HRC; Catra-Zertifikat: Sehr gut<br \/>\n<strong>Griff<\/strong>: Harz mit Satin-Finish<br \/>\n<strong>Gebrauch und Pflege<\/strong>: Wir empfehlen dringend, das Messer mit der Hand in hei\u00dfem Wasser zu waschen, um die Integrit\u00e4t des Produkts und seine Haltbarkeit \u00fcber die Zeit zu gew\u00e4hrleisten. In jedem Fall wird empfohlen, das Messer nach jedem Waschen abzutrocknen. Verwenden Sie keine scheuernden Stoffe oder Schw\u00e4mme.<\/p>\n","protected":false},"excerpt":{"rendered":"<p>Das Messer f\u00fcr das beste Filet Flexibles und einfach zu handhabendes Messer. Es erm\u00f6glicht Ihnen, das beste Filet zu erhalten,<\/p>\n","protected":false},"featured_media":470812,"template":"","meta":{"_acf_changed":false,"inline_featured_image":false},"product_cat":[6742,6706,14454],"product_tag":[23911,23691,11529,23661,24404,17302,11718,18619],"acf":[],"yoast_head":"<!-- This site is optimized with the Yoast SEO Premium plugin v18.6 (Yoast SEO v19.13) - https:\/\/yoast.com\/wordpress\/plugins\/seo\/ -->\n<title>BERKEL Teknica Filetiermesser 19 cm Schwarz<\/title>\n<meta name=\"description\" content=\"Entdecken Sie BERKEL Teknica Filetiermesser 19 cm Schwarz bei ErresseShop. Qualit\u00e4t, Stil und Funktionalit\u00e4t \u2013 jetzt online bestellen!\" \/>\n<meta name=\"robots\" content=\"index, follow, max-snippet:-1, max-image-preview:large, max-video-preview:-1\" \/>\n<link rel=\"canonical\" href=\"https:\/\/www.erresse-shop.it\/de\/shop\/kuche\/messer\/berkel-teknica-filetiermesser-19-cm-schwarz-copia\/\" \/>\n<meta property=\"og:locale\" content=\"de_DE\" \/>\n<meta property=\"og:type\" content=\"article\" \/>\n<meta property=\"og:title\" content=\"BERKEL Teknica Filetiermesser 19 cm Rot\" \/>\n<meta property=\"og:description\" content=\"Entdecken Sie BERKEL Teknica Filetiermesser 19 cm Schwarz bei ErresseShop. Qualit\u00e4t, Stil und Funktionalit\u00e4t \u2013 jetzt online bestellen!\" \/>\n<meta property=\"og:url\" content=\"https:\/\/www.erresse-shop.it\/de\/shop\/kuche\/messer\/berkel-teknica-filetiermesser-19-cm-schwarz-copia\/\" \/>\n<meta property=\"og:site_name\" content=\"Erresse Shop\" \/>\n<meta property=\"article:modified_time\" content=\"2025-02-21T11:06:42+00:00\" \/>\n<meta property=\"og:image\" content=\"https:\/\/www.erresse-shop.it\/wp-content\/uploads\/2025\/02\/BERKEL-Teknica-Coltello-per-Sfilettare-19-cm-Rosso.jpg\" \/>\n\t<meta property=\"og:image:width\" content=\"1200\" \/>\n\t<meta property=\"og:image:height\" content=\"1200\" \/>\n\t<meta property=\"og:image:type\" content=\"image\/jpeg\" \/>\n<meta name=\"twitter:card\" content=\"summary_large_image\" \/>\n<script type=\"application\/ld+json\" class=\"yoast-schema-graph\">{\"@context\":\"https:\/\/schema.org\",\"@graph\":[{\"@type\":\"WebPage\",\"@id\":\"https:\/\/www.erresse-shop.it\/de\/shop\/kuche\/messer\/berkel-teknica-filetiermesser-19-cm-schwarz-copia\/\",\"url\":\"https:\/\/www.erresse-shop.it\/de\/shop\/kuche\/messer\/berkel-teknica-filetiermesser-19-cm-schwarz-copia\/\",\"name\":\"BERKEL Teknica Filetiermesser 19 cm Schwarz\",\"isPartOf\":{\"@id\":\"https:\/\/www.erresse-shop.it\/de\/#website\"},\"datePublished\":\"2025-02-21T10:54:23+00:00\",\"dateModified\":\"2025-02-21T11:06:42+00:00\",\"description\":\"Entdecken Sie BERKEL Teknica Filetiermesser 19 cm Schwarz bei ErresseShop. Qualit\u00e4t, Stil und Funktionalit\u00e4t \u2013 jetzt online bestellen!\",\"breadcrumb\":{\"@id\":\"https:\/\/www.erresse-shop.it\/de\/shop\/kuche\/messer\/berkel-teknica-filetiermesser-19-cm-schwarz-copia\/#breadcrumb\"},\"inLanguage\":\"de-DE\",\"potentialAction\":[{\"@type\":\"ReadAction\",\"target\":[\"https:\/\/www.erresse-shop.it\/de\/shop\/kuche\/messer\/berkel-teknica-filetiermesser-19-cm-schwarz-copia\/\"]}]},{\"@type\":\"BreadcrumbList\",\"@id\":\"https:\/\/www.erresse-shop.it\/de\/shop\/kuche\/messer\/berkel-teknica-filetiermesser-19-cm-schwarz-copia\/#breadcrumb\",\"itemListElement\":[{\"@type\":\"ListItem\",\"position\":1,\"name\":\"Home\",\"item\":\"https:\/\/www.erresse-shop.it\/de\/\"},{\"@type\":\"ListItem\",\"position\":2,\"name\":\"Shop\",\"item\":\"https:\/\/www.erresse-shop.it\/de\/shop\/\"},{\"@type\":\"ListItem\",\"position\":3,\"name\":\"BERKEL Teknica Filetiermesser 19 cm Rot\"}]},{\"@type\":\"WebSite\",\"@id\":\"https:\/\/www.erresse-shop.it\/de\/#website\",\"url\":\"https:\/\/www.erresse-shop.it\/de\/\",\"name\":\"Erresse Shop\",\"description\":\"Articoli di qualit\u00e0 per la casa\",\"potentialAction\":[{\"@type\":\"SearchAction\",\"target\":{\"@type\":\"EntryPoint\",\"urlTemplate\":\"https:\/\/www.erresse-shop.it\/de\/?s={search_term_string}\"},\"query-input\":\"required name=search_term_string\"}],\"inLanguage\":\"de-DE\"}]}<\/script>\n<!-- \/ Yoast SEO Premium plugin. -->","yoast_head_json":{"title":"BERKEL Teknica Filetiermesser 19 cm Schwarz","description":"Entdecken Sie BERKEL Teknica Filetiermesser 19 cm Schwarz bei ErresseShop. Qualit\u00e4t, Stil und Funktionalit\u00e4t \u2013 jetzt online bestellen!","robots":{"index":"index","follow":"follow","max-snippet":"max-snippet:-1","max-image-preview":"max-image-preview:large","max-video-preview":"max-video-preview:-1"},"canonical":"https:\/\/www.erresse-shop.it\/de\/shop\/kuche\/messer\/berkel-teknica-filetiermesser-19-cm-schwarz-copia\/","og_locale":"de_DE","og_type":"article","og_title":"BERKEL Teknica Filetiermesser 19 cm Rot","og_description":"Entdecken Sie BERKEL Teknica Filetiermesser 19 cm Schwarz bei ErresseShop. Qualit\u00e4t, Stil und Funktionalit\u00e4t \u2013 jetzt online bestellen!","og_url":"https:\/\/www.erresse-shop.it\/de\/shop\/kuche\/messer\/berkel-teknica-filetiermesser-19-cm-schwarz-copia\/","og_site_name":"Erresse Shop","article_modified_time":"2025-02-21T11:06:42+00:00","og_image":[{"width":1200,"height":1200,"url":"https:\/\/www.erresse-shop.it\/wp-content\/uploads\/2025\/02\/BERKEL-Teknica-Coltello-per-Sfilettare-19-cm-Rosso.jpg","type":"image\/jpeg"}],"twitter_card":"summary_large_image","schema":{"@context":"https:\/\/schema.org","@graph":[{"@type":"WebPage","@id":"https:\/\/www.erresse-shop.it\/de\/shop\/kuche\/messer\/berkel-teknica-filetiermesser-19-cm-schwarz-copia\/","url":"https:\/\/www.erresse-shop.it\/de\/shop\/kuche\/messer\/berkel-teknica-filetiermesser-19-cm-schwarz-copia\/","name":"BERKEL Teknica Filetiermesser 19 cm Schwarz","isPartOf":{"@id":"https:\/\/www.erresse-shop.it\/de\/#website"},"datePublished":"2025-02-21T10:54:23+00:00","dateModified":"2025-02-21T11:06:42+00:00","description":"Entdecken Sie BERKEL Teknica Filetiermesser 19 cm Schwarz bei ErresseShop. Qualit\u00e4t, Stil und Funktionalit\u00e4t \u2013 jetzt online bestellen!","breadcrumb":{"@id":"https:\/\/www.erresse-shop.it\/de\/shop\/kuche\/messer\/berkel-teknica-filetiermesser-19-cm-schwarz-copia\/#breadcrumb"},"inLanguage":"de-DE","potentialAction":[{"@type":"ReadAction","target":["https:\/\/www.erresse-shop.it\/de\/shop\/kuche\/messer\/berkel-teknica-filetiermesser-19-cm-schwarz-copia\/"]}]},{"@type":"BreadcrumbList","@id":"https:\/\/www.erresse-shop.it\/de\/shop\/kuche\/messer\/berkel-teknica-filetiermesser-19-cm-schwarz-copia\/#breadcrumb","itemListElement":[{"@type":"ListItem","position":1,"name":"Home","item":"https:\/\/www.erresse-shop.it\/de\/"},{"@type":"ListItem","position":2,"name":"Shop","item":"https:\/\/www.erresse-shop.it\/de\/shop\/"},{"@type":"ListItem","position":3,"name":"BERKEL Teknica Filetiermesser 19 cm Rot"}]},{"@type":"WebSite","@id":"https:\/\/www.erresse-shop.it\/de\/#website","url":"https:\/\/www.erresse-shop.it\/de\/","name":"Erresse Shop","description":"Articoli di qualit\u00e0 per la casa","potentialAction":[{"@type":"SearchAction","target":{"@type":"EntryPoint","urlTemplate":"https:\/\/www.erresse-shop.it\/de\/?s={search_term_string}"},"query-input":"required name=search_term_string"}],"inLanguage":"de-DE"}]}},"df_price":54.5,"df_sale_price":54.5,"df_regular_price":109,"df_image_link":"https:\/\/www.erresse-shop.it\/wp-content\/uploads\/2025\/02\/BERKEL-Teknica-Coltello-per-Sfilettare-19-cm-Rosso-300x300.jpg","_links":{"self":[{"href":"https:\/\/www.erresse-shop.it\/de\/wp-json\/wp\/v2\/product\/470785"}],"collection":[{"href":"https:\/\/www.erresse-shop.it\/de\/wp-json\/wp\/v2\/product"}],"about":[{"href":"https:\/\/www.erresse-shop.it\/de\/wp-json\/wp\/v2\/types\/product"}],"wp:featuredmedia":[{"embeddable":true,"href":"https:\/\/www.erresse-shop.it\/de\/wp-json\/wp\/v2\/media\/470812"}],"wp:attachment":[{"href":"https:\/\/www.erresse-shop.it\/de\/wp-json\/wp\/v2\/media?parent=470785"}],"wp:term":[{"taxonomy":"product_cat","embeddable":true,"href":"https:\/\/www.erresse-shop.it\/de\/wp-json\/wp\/v2\/product_cat?post=470785"},{"taxonomy":"product_tag","embeddable":true,"href":"https:\/\/www.erresse-shop.it\/de\/wp-json\/wp\/v2\/product_tag?post=470785"}],"curies":[{"name":"wp","href":"https:\/\/api.w.org\/{rel}","templated":true}]}}