{"id":470781,"date":"2025-02-21T10:38:14","date_gmt":"2025-02-21T10:38:16","guid":{"rendered":"https:\/\/www.erresse-shop.it\/?post_type=product&#038;p=470781"},"modified":"2026-02-13T11:24:26","modified_gmt":"2026-02-13T11:24:26","slug":"cilio-salerno-korb-picknick","status":"publish","type":"product","link":"https:\/\/www.erresse-shop.it\/de\/shop\/tisch\/picknickkoerbe\/cilio-salerno-korb-picknick\/","title":{"rendered":"CILIO Salerno Korb Picknick"},"content":{"rendered":"<p>Entdecken Sie die Freuden eines Picknicks im Freien mit Stil mit unserem eleganten braunen Weidenkorb. Es ist ideal f\u00fcr Paare und wird mit 2 edlen Keramiktellern, 2 Glasgl\u00e4sern zum Ansto\u00dfen auf besondere Momente sowie komplettem Besteck f\u00fcr 2 Personen geliefert und sorgt f\u00fcr ein unvergleichliches Speiseerlebnis im Freien.<\/p>\n<p>Das gro\u00dfe isolierte Fach sorgt daf\u00fcr, dass Ihre Leckereien frisch und verlockend bleiben \u2013 perfekt, um authentische Aromen unter der Sonne zu genie\u00dfen. Die Kunstlederoberfl\u00e4chen, von den inneren bis zu den \u00e4u\u00dferen Riemen, sorgen nicht nur daf\u00fcr, dass alles organisiert und sicher bleibt, sondern verleihen auch einen Hauch zeitloser Eleganz. Dieser Picknickkorb ist die perfekte Synthese aus Funktionalit\u00e4t und Design und somit das unverzichtbare Accessoire f\u00fcr Ihre Tage im Freien zu zweit, um einen Tag voller Gl\u00fcck zu verbringen.<\/p>\n<p><strong>Abmessungen<\/strong>: 38 x 26 x 37 cm<br \/>\n<strong>Material<\/strong>: Korbgeflecht<\/p>\n","protected":false},"excerpt":{"rendered":"<p>Entdecken Sie die Freuden eines Picknicks im Freien mit Stil mit unserem eleganten braunen Weidenkorb. Es ist ideal f\u00fcr Paare<\/p>\n","protected":false},"featured_media":456814,"template":"","meta":{"_acf_changed":false,"inline_featured_image":false},"product_cat":[6787,15508],"product_tag":[25027,25022],"acf":[],"yoast_head":"<!-- This site is optimized with the Yoast SEO Premium plugin v18.6 (Yoast SEO v19.13) - https:\/\/yoast.com\/wordpress\/plugins\/seo\/ -->\n<title>CILIO Salerno Korb Picknick - Erresse Shop<\/title>\n<meta name=\"description\" content=\"Entdecken Sie die Freuden eines Picknicks im Freien mit Stil mit unserem eleganten braunen Weidenkorb. Es ist ideal f\u00fcr Paare und wird mit 2 edlen\" \/>\n<meta name=\"robots\" content=\"index, follow, max-snippet:-1, max-image-preview:large, max-video-preview:-1\" \/>\n<link rel=\"canonical\" href=\"https:\/\/www.erresse-shop.it\/de\/shop\/tisch\/picknickkoerbe\/cilio-salerno-korb-picknick\/\" \/>\n<meta property=\"og:locale\" content=\"de_DE\" \/>\n<meta property=\"og:type\" content=\"article\" \/>\n<meta property=\"og:title\" content=\"CILIO Salerno Korb Picknick\" \/>\n<meta property=\"og:description\" content=\"Entdecken Sie die Freuden eines Picknicks im Freien mit Stil mit unserem eleganten braunen Weidenkorb. Es ist ideal f\u00fcr Paare und wird mit 2 edlen\" \/>\n<meta property=\"og:url\" content=\"https:\/\/www.erresse-shop.it\/de\/shop\/tisch\/picknickkoerbe\/cilio-salerno-korb-picknick\/\" \/>\n<meta property=\"og:site_name\" content=\"Erresse Shop\" \/>\n<meta property=\"article:modified_time\" content=\"2026-02-13T11:24:26+00:00\" \/>\n<meta property=\"og:image\" content=\"https:\/\/www.erresse-shop.it\/wp-content\/uploads\/2024\/04\/CILIO-Cestino-Picnic-Salerno-1.jpg\" \/>\n\t<meta property=\"og:image:width\" content=\"1200\" \/>\n\t<meta property=\"og:image:height\" content=\"1200\" \/>\n\t<meta property=\"og:image:type\" content=\"image\/jpeg\" \/>\n<meta name=\"twitter:card\" content=\"summary_large_image\" \/>\n<script type=\"application\/ld+json\" class=\"yoast-schema-graph\">{\"@context\":\"https:\/\/schema.org\",\"@graph\":[{\"@type\":\"WebPage\",\"@id\":\"https:\/\/www.erresse-shop.it\/de\/shop\/tisch\/picknickkoerbe\/cilio-salerno-korb-picknick\/\",\"url\":\"https:\/\/www.erresse-shop.it\/de\/shop\/tisch\/picknickkoerbe\/cilio-salerno-korb-picknick\/\",\"name\":\"CILIO Salerno Korb Picknick - Erresse Shop\",\"isPartOf\":{\"@id\":\"https:\/\/www.erresse-shop.it\/de\/#website\"},\"datePublished\":\"2025-02-21T10:38:16+00:00\",\"dateModified\":\"2026-02-13T11:24:26+00:00\",\"description\":\"Entdecken Sie die Freuden eines Picknicks im Freien mit Stil mit unserem eleganten braunen Weidenkorb. Es ist ideal f\u00fcr Paare und wird mit 2 edlen\",\"breadcrumb\":{\"@id\":\"https:\/\/www.erresse-shop.it\/de\/shop\/tisch\/picknickkoerbe\/cilio-salerno-korb-picknick\/#breadcrumb\"},\"inLanguage\":\"de-DE\",\"potentialAction\":[{\"@type\":\"ReadAction\",\"target\":[\"https:\/\/www.erresse-shop.it\/de\/shop\/tisch\/picknickkoerbe\/cilio-salerno-korb-picknick\/\"]}]},{\"@type\":\"BreadcrumbList\",\"@id\":\"https:\/\/www.erresse-shop.it\/de\/shop\/tisch\/picknickkoerbe\/cilio-salerno-korb-picknick\/#breadcrumb\",\"itemListElement\":[{\"@type\":\"ListItem\",\"position\":1,\"name\":\"Home\",\"item\":\"https:\/\/www.erresse-shop.it\/de\/\"},{\"@type\":\"ListItem\",\"position\":2,\"name\":\"Shop\",\"item\":\"https:\/\/www.erresse-shop.it\/de\/shop\/\"},{\"@type\":\"ListItem\",\"position\":3,\"name\":\"CILIO Salerno Korb Picknick\"}]},{\"@type\":\"WebSite\",\"@id\":\"https:\/\/www.erresse-shop.it\/de\/#website\",\"url\":\"https:\/\/www.erresse-shop.it\/de\/\",\"name\":\"Erresse Shop\",\"description\":\"Articoli di qualit\u00e0 per la casa\",\"potentialAction\":[{\"@type\":\"SearchAction\",\"target\":{\"@type\":\"EntryPoint\",\"urlTemplate\":\"https:\/\/www.erresse-shop.it\/de\/?s={search_term_string}\"},\"query-input\":\"required name=search_term_string\"}],\"inLanguage\":\"de-DE\"}]}<\/script>\n<!-- \/ Yoast SEO Premium plugin. -->","yoast_head_json":{"title":"CILIO Salerno Korb Picknick - Erresse Shop","description":"Entdecken Sie die Freuden eines Picknicks im Freien mit Stil mit unserem eleganten braunen Weidenkorb. Es ist ideal f\u00fcr Paare und wird mit 2 edlen","robots":{"index":"index","follow":"follow","max-snippet":"max-snippet:-1","max-image-preview":"max-image-preview:large","max-video-preview":"max-video-preview:-1"},"canonical":"https:\/\/www.erresse-shop.it\/de\/shop\/tisch\/picknickkoerbe\/cilio-salerno-korb-picknick\/","og_locale":"de_DE","og_type":"article","og_title":"CILIO Salerno Korb Picknick","og_description":"Entdecken Sie die Freuden eines Picknicks im Freien mit Stil mit unserem eleganten braunen Weidenkorb. Es ist ideal f\u00fcr Paare und wird mit 2 edlen","og_url":"https:\/\/www.erresse-shop.it\/de\/shop\/tisch\/picknickkoerbe\/cilio-salerno-korb-picknick\/","og_site_name":"Erresse Shop","article_modified_time":"2026-02-13T11:24:26+00:00","og_image":[{"width":1200,"height":1200,"url":"https:\/\/www.erresse-shop.it\/wp-content\/uploads\/2024\/04\/CILIO-Cestino-Picnic-Salerno-1.jpg","type":"image\/jpeg"}],"twitter_card":"summary_large_image","schema":{"@context":"https:\/\/schema.org","@graph":[{"@type":"WebPage","@id":"https:\/\/www.erresse-shop.it\/de\/shop\/tisch\/picknickkoerbe\/cilio-salerno-korb-picknick\/","url":"https:\/\/www.erresse-shop.it\/de\/shop\/tisch\/picknickkoerbe\/cilio-salerno-korb-picknick\/","name":"CILIO Salerno Korb Picknick - Erresse Shop","isPartOf":{"@id":"https:\/\/www.erresse-shop.it\/de\/#website"},"datePublished":"2025-02-21T10:38:16+00:00","dateModified":"2026-02-13T11:24:26+00:00","description":"Entdecken Sie die Freuden eines Picknicks im Freien mit Stil mit unserem eleganten braunen Weidenkorb. Es ist ideal f\u00fcr Paare und wird mit 2 edlen","breadcrumb":{"@id":"https:\/\/www.erresse-shop.it\/de\/shop\/tisch\/picknickkoerbe\/cilio-salerno-korb-picknick\/#breadcrumb"},"inLanguage":"de-DE","potentialAction":[{"@type":"ReadAction","target":["https:\/\/www.erresse-shop.it\/de\/shop\/tisch\/picknickkoerbe\/cilio-salerno-korb-picknick\/"]}]},{"@type":"BreadcrumbList","@id":"https:\/\/www.erresse-shop.it\/de\/shop\/tisch\/picknickkoerbe\/cilio-salerno-korb-picknick\/#breadcrumb","itemListElement":[{"@type":"ListItem","position":1,"name":"Home","item":"https:\/\/www.erresse-shop.it\/de\/"},{"@type":"ListItem","position":2,"name":"Shop","item":"https:\/\/www.erresse-shop.it\/de\/shop\/"},{"@type":"ListItem","position":3,"name":"CILIO Salerno Korb Picknick"}]},{"@type":"WebSite","@id":"https:\/\/www.erresse-shop.it\/de\/#website","url":"https:\/\/www.erresse-shop.it\/de\/","name":"Erresse Shop","description":"Articoli di qualit\u00e0 per la casa","potentialAction":[{"@type":"SearchAction","target":{"@type":"EntryPoint","urlTemplate":"https:\/\/www.erresse-shop.it\/de\/?s={search_term_string}"},"query-input":"required name=search_term_string"}],"inLanguage":"de-DE"}]}},"df_price":79.95,"df_sale_price":79.95,"df_regular_price":120,"df_image_link":"https:\/\/www.erresse-shop.it\/wp-content\/uploads\/2024\/04\/CILIO-Cestino-Picnic-Salerno-1-300x300.jpg","_links":{"self":[{"href":"https:\/\/www.erresse-shop.it\/de\/wp-json\/wp\/v2\/product\/470781"}],"collection":[{"href":"https:\/\/www.erresse-shop.it\/de\/wp-json\/wp\/v2\/product"}],"about":[{"href":"https:\/\/www.erresse-shop.it\/de\/wp-json\/wp\/v2\/types\/product"}],"wp:featuredmedia":[{"embeddable":true,"href":"https:\/\/www.erresse-shop.it\/de\/wp-json\/wp\/v2\/media\/456814"}],"wp:attachment":[{"href":"https:\/\/www.erresse-shop.it\/de\/wp-json\/wp\/v2\/media?parent=470781"}],"wp:term":[{"taxonomy":"product_cat","embeddable":true,"href":"https:\/\/www.erresse-shop.it\/de\/wp-json\/wp\/v2\/product_cat?post=470781"},{"taxonomy":"product_tag","embeddable":true,"href":"https:\/\/www.erresse-shop.it\/de\/wp-json\/wp\/v2\/product_tag?post=470781"}],"curies":[{"name":"wp","href":"https:\/\/api.w.org\/{rel}","templated":true}]}}