{"id":470754,"date":"2025-02-21T10:08:58","date_gmt":"2025-02-21T10:08:59","guid":{"rendered":"https:\/\/www.erresse-shop.it\/?post_type=product&#038;p=470754"},"modified":"2026-02-23T10:33:53","modified_gmt":"2026-02-23T10:33:53","slug":"mario-luca-giusti-italia-weinkelch-6-stueck-rubin","status":"publish","type":"product","link":"https:\/\/www.erresse-shop.it\/de\/shop\/tisch\/weinbar-korkenzieher-dekanter-eiskubel\/weinglaeser\/mario-luca-giusti-italia-weinkelch-6-stueck-rubin\/","title":{"rendered":"MARIO LUCA GIUSTI Italia Weinkelch 6 St\u00fcck Rubin"},"content":{"rendered":"<div>\n<p>Sch\u00f6ne, klare, schlichte und elegante Objekte, Designer, farbenfroh: entworfen und kreiert vom Stylisten Mario Luca Giusti aus Florenz.<\/p>\n<p>Eine neue und moderne Art, Gl\u00e4ser, Kr\u00fcge, Tortenst\u00e4nder und Tischaccessoires aus Kunststoff zu denken: Acryl und Polycarbonat.<\/p>\n<p>Die von Giusti selbst entworfenen und gestalteten Kollektionen werden jedes Jahr um neue Modelle bereichert und um Objekte mit phantasievollen Formen und Farben erg\u00e4nzt, die von Wei\u00df bis Schwarz, von Transparenz bis zu den leuchtendsten Farben reichen. Inspiration kommt aus der Natur, aus der Landschaft, aus der italienischen Kunst; um ein Glas herzustellen, betrachtet man einen H\u00fcgel oder die Facetten eines Diamanten; f\u00fcr ein Tellerset stiehlt man ein Design aus dem 19. Jahrhundert, die Pflanzen des \u00c4quatorialdschungels, die Blumen eines englischen Gartens, das Fell von Savannentieren. Bei den Farben handelt es sich um solche des Regenbogens und noch mehr.<\/p>\n<\/div>\n","protected":false},"excerpt":{"rendered":"<p>Sch\u00f6ne, klare, schlichte und elegante Objekte, Designer, farbenfroh: entworfen und kreiert vom Stylisten Mario Luca Giusti aus Florenz. Eine neue<\/p>\n","protected":false},"featured_media":470762,"template":"","meta":{"_acf_changed":false,"inline_featured_image":false},"product_cat":[6787,6850,14459],"product_tag":[25027,23705,11479,24604,19400,25872,21986,25022,17756,23342,21991,23683],"acf":[],"yoast_head":"<!-- This site is optimized with the Yoast SEO Premium plugin v18.6 (Yoast SEO v19.13) - https:\/\/yoast.com\/wordpress\/plugins\/seo\/ -->\n<title>MARIO LUCA GIUSTI Italia Weinkelch 6 St\u00fcck Rubin - Erresse Shop<\/title>\n<meta name=\"description\" content=\"Sch\u00f6ne, klare, schlichte und elegante Objekte, Designer, farbenfroh: entworfen und kreiert vom Stylisten Mario Luca Giusti aus Florenz. Eine neue und\" \/>\n<meta name=\"robots\" content=\"index, follow, max-snippet:-1, max-image-preview:large, max-video-preview:-1\" \/>\n<link rel=\"canonical\" href=\"https:\/\/www.erresse-shop.it\/de\/shop\/tisch\/weinbar-korkenzieher-dekanter-eiskubel\/weinglaeser\/mario-luca-giusti-italia-weinkelch-6-stueck-rubin\/\" \/>\n<meta property=\"og:locale\" content=\"de_DE\" \/>\n<meta property=\"og:type\" content=\"article\" \/>\n<meta property=\"og:title\" content=\"MARIO LUCA GIUSTI Italia Weinkelch 6 St\u00fcck Rubin\" \/>\n<meta property=\"og:description\" content=\"Sch\u00f6ne, klare, schlichte und elegante Objekte, Designer, farbenfroh: entworfen und kreiert vom Stylisten Mario Luca Giusti aus Florenz. Eine neue und\" \/>\n<meta property=\"og:url\" content=\"https:\/\/www.erresse-shop.it\/de\/shop\/tisch\/weinbar-korkenzieher-dekanter-eiskubel\/weinglaeser\/mario-luca-giusti-italia-weinkelch-6-stueck-rubin\/\" \/>\n<meta property=\"og:site_name\" content=\"Erresse Shop\" \/>\n<meta property=\"article:modified_time\" content=\"2026-02-23T10:33:53+00:00\" \/>\n<meta property=\"og:image\" content=\"https:\/\/www.erresse-shop.it\/wp-content\/uploads\/2025\/02\/MARIO-LUCA-GIUSTI-Italia-Calice-Vino-6-pezzi-Rubino.jpg\" \/>\n\t<meta property=\"og:image:width\" content=\"1200\" \/>\n\t<meta property=\"og:image:height\" content=\"1200\" \/>\n\t<meta property=\"og:image:type\" content=\"image\/jpeg\" \/>\n<meta name=\"twitter:card\" content=\"summary_large_image\" \/>\n<script type=\"application\/ld+json\" class=\"yoast-schema-graph\">{\"@context\":\"https:\/\/schema.org\",\"@graph\":[{\"@type\":\"WebPage\",\"@id\":\"https:\/\/www.erresse-shop.it\/de\/shop\/tisch\/weinbar-korkenzieher-dekanter-eiskubel\/weinglaeser\/mario-luca-giusti-italia-weinkelch-6-stueck-rubin\/\",\"url\":\"https:\/\/www.erresse-shop.it\/de\/shop\/tisch\/weinbar-korkenzieher-dekanter-eiskubel\/weinglaeser\/mario-luca-giusti-italia-weinkelch-6-stueck-rubin\/\",\"name\":\"MARIO LUCA GIUSTI Italia Weinkelch 6 St\u00fcck Rubin - Erresse Shop\",\"isPartOf\":{\"@id\":\"https:\/\/www.erresse-shop.it\/de\/#website\"},\"datePublished\":\"2025-02-21T10:08:59+00:00\",\"dateModified\":\"2026-02-23T10:33:53+00:00\",\"description\":\"Sch\u00f6ne, klare, schlichte und elegante Objekte, Designer, farbenfroh: entworfen und kreiert vom Stylisten Mario Luca Giusti aus Florenz. Eine neue und\",\"breadcrumb\":{\"@id\":\"https:\/\/www.erresse-shop.it\/de\/shop\/tisch\/weinbar-korkenzieher-dekanter-eiskubel\/weinglaeser\/mario-luca-giusti-italia-weinkelch-6-stueck-rubin\/#breadcrumb\"},\"inLanguage\":\"de-DE\",\"potentialAction\":[{\"@type\":\"ReadAction\",\"target\":[\"https:\/\/www.erresse-shop.it\/de\/shop\/tisch\/weinbar-korkenzieher-dekanter-eiskubel\/weinglaeser\/mario-luca-giusti-italia-weinkelch-6-stueck-rubin\/\"]}]},{\"@type\":\"BreadcrumbList\",\"@id\":\"https:\/\/www.erresse-shop.it\/de\/shop\/tisch\/weinbar-korkenzieher-dekanter-eiskubel\/weinglaeser\/mario-luca-giusti-italia-weinkelch-6-stueck-rubin\/#breadcrumb\",\"itemListElement\":[{\"@type\":\"ListItem\",\"position\":1,\"name\":\"Home\",\"item\":\"https:\/\/www.erresse-shop.it\/de\/\"},{\"@type\":\"ListItem\",\"position\":2,\"name\":\"Shop\",\"item\":\"https:\/\/www.erresse-shop.it\/de\/shop\/\"},{\"@type\":\"ListItem\",\"position\":3,\"name\":\"MARIO LUCA GIUSTI Italia Weinkelch 6 St\u00fcck Rubin\"}]},{\"@type\":\"WebSite\",\"@id\":\"https:\/\/www.erresse-shop.it\/de\/#website\",\"url\":\"https:\/\/www.erresse-shop.it\/de\/\",\"name\":\"Erresse Shop\",\"description\":\"Articoli di qualit\u00e0 per la casa\",\"potentialAction\":[{\"@type\":\"SearchAction\",\"target\":{\"@type\":\"EntryPoint\",\"urlTemplate\":\"https:\/\/www.erresse-shop.it\/de\/?s={search_term_string}\"},\"query-input\":\"required name=search_term_string\"}],\"inLanguage\":\"de-DE\"}]}<\/script>\n<!-- \/ Yoast SEO Premium plugin. -->","yoast_head_json":{"title":"MARIO LUCA GIUSTI Italia Weinkelch 6 St\u00fcck Rubin - Erresse Shop","description":"Sch\u00f6ne, klare, schlichte und elegante Objekte, Designer, farbenfroh: entworfen und kreiert vom Stylisten Mario Luca Giusti aus Florenz. Eine neue und","robots":{"index":"index","follow":"follow","max-snippet":"max-snippet:-1","max-image-preview":"max-image-preview:large","max-video-preview":"max-video-preview:-1"},"canonical":"https:\/\/www.erresse-shop.it\/de\/shop\/tisch\/weinbar-korkenzieher-dekanter-eiskubel\/weinglaeser\/mario-luca-giusti-italia-weinkelch-6-stueck-rubin\/","og_locale":"de_DE","og_type":"article","og_title":"MARIO LUCA GIUSTI Italia Weinkelch 6 St\u00fcck Rubin","og_description":"Sch\u00f6ne, klare, schlichte und elegante Objekte, Designer, farbenfroh: entworfen und kreiert vom Stylisten Mario Luca Giusti aus Florenz. Eine neue und","og_url":"https:\/\/www.erresse-shop.it\/de\/shop\/tisch\/weinbar-korkenzieher-dekanter-eiskubel\/weinglaeser\/mario-luca-giusti-italia-weinkelch-6-stueck-rubin\/","og_site_name":"Erresse Shop","article_modified_time":"2026-02-23T10:33:53+00:00","og_image":[{"width":1200,"height":1200,"url":"https:\/\/www.erresse-shop.it\/wp-content\/uploads\/2025\/02\/MARIO-LUCA-GIUSTI-Italia-Calice-Vino-6-pezzi-Rubino.jpg","type":"image\/jpeg"}],"twitter_card":"summary_large_image","schema":{"@context":"https:\/\/schema.org","@graph":[{"@type":"WebPage","@id":"https:\/\/www.erresse-shop.it\/de\/shop\/tisch\/weinbar-korkenzieher-dekanter-eiskubel\/weinglaeser\/mario-luca-giusti-italia-weinkelch-6-stueck-rubin\/","url":"https:\/\/www.erresse-shop.it\/de\/shop\/tisch\/weinbar-korkenzieher-dekanter-eiskubel\/weinglaeser\/mario-luca-giusti-italia-weinkelch-6-stueck-rubin\/","name":"MARIO LUCA GIUSTI Italia Weinkelch 6 St\u00fcck Rubin - Erresse Shop","isPartOf":{"@id":"https:\/\/www.erresse-shop.it\/de\/#website"},"datePublished":"2025-02-21T10:08:59+00:00","dateModified":"2026-02-23T10:33:53+00:00","description":"Sch\u00f6ne, klare, schlichte und elegante Objekte, Designer, farbenfroh: entworfen und kreiert vom Stylisten Mario Luca Giusti aus Florenz. Eine neue und","breadcrumb":{"@id":"https:\/\/www.erresse-shop.it\/de\/shop\/tisch\/weinbar-korkenzieher-dekanter-eiskubel\/weinglaeser\/mario-luca-giusti-italia-weinkelch-6-stueck-rubin\/#breadcrumb"},"inLanguage":"de-DE","potentialAction":[{"@type":"ReadAction","target":["https:\/\/www.erresse-shop.it\/de\/shop\/tisch\/weinbar-korkenzieher-dekanter-eiskubel\/weinglaeser\/mario-luca-giusti-italia-weinkelch-6-stueck-rubin\/"]}]},{"@type":"BreadcrumbList","@id":"https:\/\/www.erresse-shop.it\/de\/shop\/tisch\/weinbar-korkenzieher-dekanter-eiskubel\/weinglaeser\/mario-luca-giusti-italia-weinkelch-6-stueck-rubin\/#breadcrumb","itemListElement":[{"@type":"ListItem","position":1,"name":"Home","item":"https:\/\/www.erresse-shop.it\/de\/"},{"@type":"ListItem","position":2,"name":"Shop","item":"https:\/\/www.erresse-shop.it\/de\/shop\/"},{"@type":"ListItem","position":3,"name":"MARIO LUCA GIUSTI Italia Weinkelch 6 St\u00fcck Rubin"}]},{"@type":"WebSite","@id":"https:\/\/www.erresse-shop.it\/de\/#website","url":"https:\/\/www.erresse-shop.it\/de\/","name":"Erresse Shop","description":"Articoli di qualit\u00e0 per la casa","potentialAction":[{"@type":"SearchAction","target":{"@type":"EntryPoint","urlTemplate":"https:\/\/www.erresse-shop.it\/de\/?s={search_term_string}"},"query-input":"required name=search_term_string"}],"inLanguage":"de-DE"}]}},"df_price":89,"df_sale_price":89,"df_regular_price":150,"df_image_link":"https:\/\/www.erresse-shop.it\/wp-content\/uploads\/2025\/02\/MARIO-LUCA-GIUSTI-Italia-Calice-Vino-6-pezzi-Rubino-300x300.jpg","_links":{"self":[{"href":"https:\/\/www.erresse-shop.it\/de\/wp-json\/wp\/v2\/product\/470754"}],"collection":[{"href":"https:\/\/www.erresse-shop.it\/de\/wp-json\/wp\/v2\/product"}],"about":[{"href":"https:\/\/www.erresse-shop.it\/de\/wp-json\/wp\/v2\/types\/product"}],"wp:featuredmedia":[{"embeddable":true,"href":"https:\/\/www.erresse-shop.it\/de\/wp-json\/wp\/v2\/media\/470762"}],"wp:attachment":[{"href":"https:\/\/www.erresse-shop.it\/de\/wp-json\/wp\/v2\/media?parent=470754"}],"wp:term":[{"taxonomy":"product_cat","embeddable":true,"href":"https:\/\/www.erresse-shop.it\/de\/wp-json\/wp\/v2\/product_cat?post=470754"},{"taxonomy":"product_tag","embeddable":true,"href":"https:\/\/www.erresse-shop.it\/de\/wp-json\/wp\/v2\/product_tag?post=470754"}],"curies":[{"name":"wp","href":"https:\/\/api.w.org\/{rel}","templated":true}]}}