{"id":470462,"date":"2025-02-21T06:53:58","date_gmt":"2025-02-21T06:54:00","guid":{"rendered":"https:\/\/www.erresse-shop.it\/?post_type=product&#038;p=470462"},"modified":"2025-02-21T07:11:03","modified_gmt":"2025-02-21T07:11:03","slug":"jura-kaffeemaschine-giga-w10-diamond-silver-copia","status":"publish","type":"product","link":"https:\/\/www.erresse-shop.it\/de\/shop\/kleine-elektrogeraete\/kaffeemaschinen-espresso\/automatisch\/jura-kaffeemaschine-giga-w10-diamond-silver-copia\/","title":{"rendered":"JURA Kaffeemaschine GIGA X10 Dark Inox"},"content":{"rendered":"<p><span style=\"font-size: 14pt;\"><strong>Die Profimaschine f\u00fcr hei\u00dfe und kalte Kaffeespezialit\u00e4ten. Vielseitig, robust, zuverl\u00e4ssig.<\/strong><\/span><\/p>\n<p>Der X10 setzt neue Ma\u00dfst\u00e4be in Sachen Vielfalt und Frische. Dies ist den 35 angebotenen Kaffeespezialit\u00e4ten zu verdanken, von denen neun kaltextrahiert sind. Die vollautomatische Kaltextraktion ist das Markenzeichen des X10 und erm\u00f6glicht es Ihnen, die Frische von Cold Brew in den professionellen Bereich zu bringen.<\/p>\n<p><span style=\"font-size: 14pt;\"><strong>Cold Brew auf Knopfdruck<\/strong><\/span><\/p>\n<p>Mit Cold Brew bringt die X10 den frischen Kaffeegeschmack ins B\u00fcro und in den SB-Bereich. Auf Knopfdruck erhalten Sie kaltextrahierten, gemahlenen Kaffee ohne Kapseln: M\u00f6glich macht das der von JURA entwickelte Cold Extraction Process. Beim Extraktionsprozess flie\u00dft kaltes Wasser unter hohem Druck und in langsamen Pulsationen durch den frisch gemahlenen Kaffee. Die fruchtigen Aromen werden so besser vom Wasser aufgenommen, f\u00fcr ein nat\u00fcrliches und energiespendendes Kaltgetr\u00e4nk.<\/p>\n<p><span style=\"font-size: 14pt;\"><strong>Spezialit\u00e4ten f\u00fcr jeden Geschmack<\/strong><\/span><\/p>\n<p>Vielfalt ist das Hauptmerkmal des X10. Konzipiert f\u00fcr au\u00dfergew\u00f6hnlichen Geschmack, \u00fcberzeugt der professionelle Kaffeevollautomat mit 35 Kaffeespezialit\u00e4ten. Von Kaffeehausklassikern wie Espresso und Cappuccino, \u00fcber milchige Kaffeespezialit\u00e4ten wie Latte Macchiato, bis hin zum beliebten Cold Brew ist f\u00fcr jeden Geschmack etwas dabei. Der neue zentrale Kombiauslauf versorgt Ihre Tasse wie gewohnt auf Knopfdruck mit Kaffee. Der X10 definiert die Kaffeepause in B\u00fcros und Selbstbedienungsbereichen neu \u2013 mit einer nie dagewesenen Reichweite.<\/p>\n<p><span style=\"font-size: 14pt;\"><strong>Elegant und robust<\/strong><\/span><\/p>\n<p>Die Form folgt der Funktion \u2013 das ist das Prinzip des X10, der sich durch klare Linien und direkte Benutzerf\u00fchrung auszeichnet. Dank des h\u00f6henverstellbaren Auslaufs, der Hei\u00dfwasser-, Milch- und Kaffeeauslauf vereint, ist die Handhabung komfortabel. Die neue Front in Dark Inox unterstreicht den professionellen Charakter und die zeitlose Eleganz des Kaffeevollautomaten. Praktisch und intuitiv ist das 3,5&#8243;-Display der X10. In die Front integriert und durch physische Tasten erg\u00e4nzt, sorgt das Display f\u00fcr h\u00f6chste \u00dcbersichtlichkeit bei diesem professionellen Kaffeevollautomaten.<\/p>\n<p><strong>Unterst\u00fctzung moderner Zahlungsmethoden<\/strong><\/p>\n<p>Der X10 ist mit der JURA MDB-Schnittstelle integrierbar. Auf diese Weise kann es die g\u00e4ngigsten Zahlungssysteme f\u00fcr maximale Flexibilit\u00e4t und Einfachheit unterst\u00fctzen. POS-, Batch- oder mobile Zahlungssysteme: Die M\u00f6glichkeiten sind vielf\u00e4ltig. Eine weitere Option ist der JURA Pocket Pilot. Die kostenlose Software von JURA, die kontaktloses Bezahlen mit einem Rechnungs- und Verwaltungssystem kombiniert.<\/p>\n<p><span style=\"font-size: 14pt;\"><strong>Technische Daten<\/strong><\/span><\/p>\n<p><strong>Kapazit\u00e4t des Wassertanks: <\/strong>5 l<br \/>\n<strong>Kapazit\u00e4t des Kaffeebohnenbeh\u00e4lters:<\/strong> 500 g<br \/>\n<strong>Kaffeesatzbeh\u00e4lter:<\/strong> (Portionen ca.) 40<br \/>\n<strong>Kabell\u00e4nge:<\/strong> 1,2 m<br \/>\n<strong>Spannung \/ Leistung:<\/strong> 230 V ~ \/ 1450 W<br \/>\n<strong>Standby-Leistung:<\/strong> \u2264 0,5 W<br \/>\n<strong>Gewicht:<\/strong> 14 kg<br \/>\n<strong>Abmessungen (B \u00d7 H \u00d7 T):<\/strong>\u00a0 37,3\u2009\u00d7\u200947\u2009\u00d7\u200946,1 cm<\/p>\n","protected":false},"excerpt":{"rendered":"<p>Die Profimaschine f\u00fcr hei\u00dfe und kalte Kaffeespezialit\u00e4ten. Vielseitig, robust, zuverl\u00e4ssig. Der X10 setzt neue Ma\u00dfst\u00e4be in Sachen Vielfalt und Frische.<\/p>\n","protected":false},"featured_media":470477,"template":"","meta":{"_acf_changed":false,"inline_featured_image":false},"product_cat":[6733,6703,25361],"product_tag":[23569,23564,20766,13966],"acf":[],"yoast_head":"<!-- This site is optimized with the Yoast SEO Premium plugin v18.6 (Yoast SEO v19.13) - https:\/\/yoast.com\/wordpress\/plugins\/seo\/ -->\n<title>JURA Kaffeemaschine C8 Piano Black<\/title>\n<meta name=\"description\" content=\"Entdecken Sie JURA Kaffeemaschine C8 Piano Black bei ErresseShop. Qualit\u00e4t, Stil und Funktionalit\u00e4t \u2013 jetzt online bestellen!\" \/>\n<meta name=\"robots\" content=\"index, follow, max-snippet:-1, max-image-preview:large, max-video-preview:-1\" \/>\n<link rel=\"canonical\" href=\"https:\/\/www.erresse-shop.it\/de\/shop\/kleine-elektrogeraete\/kaffeemaschinen-espresso\/automatisch\/jura-kaffeemaschine-giga-w10-diamond-silver-copia\/\" \/>\n<meta property=\"og:locale\" content=\"de_DE\" \/>\n<meta property=\"og:type\" content=\"article\" \/>\n<meta property=\"og:title\" content=\"JURA Kaffeemaschine GIGA X10 Dark Inox\" \/>\n<meta property=\"og:description\" content=\"Entdecken Sie JURA Kaffeemaschine C8 Piano Black bei ErresseShop. Qualit\u00e4t, Stil und Funktionalit\u00e4t \u2013 jetzt online bestellen!\" \/>\n<meta property=\"og:url\" content=\"https:\/\/www.erresse-shop.it\/de\/shop\/kleine-elektrogeraete\/kaffeemaschinen-espresso\/automatisch\/jura-kaffeemaschine-giga-w10-diamond-silver-copia\/\" \/>\n<meta property=\"og:site_name\" content=\"Erresse Shop\" \/>\n<meta property=\"article:modified_time\" content=\"2025-02-21T07:11:03+00:00\" \/>\n<meta property=\"og:image\" content=\"https:\/\/www.erresse-shop.it\/wp-content\/uploads\/2025\/02\/JURA-Macchina-Da-Caffe-GIGA-X10-Dark-Inox.jpg\" \/>\n\t<meta property=\"og:image:width\" content=\"1200\" \/>\n\t<meta property=\"og:image:height\" content=\"1200\" \/>\n\t<meta property=\"og:image:type\" content=\"image\/jpeg\" \/>\n<meta name=\"twitter:card\" content=\"summary_large_image\" \/>\n<script type=\"application\/ld+json\" class=\"yoast-schema-graph\">{\"@context\":\"https:\/\/schema.org\",\"@graph\":[{\"@type\":\"WebPage\",\"@id\":\"https:\/\/www.erresse-shop.it\/de\/shop\/kleine-elektrogeraete\/kaffeemaschinen-espresso\/automatisch\/jura-kaffeemaschine-giga-w10-diamond-silver-copia\/\",\"url\":\"https:\/\/www.erresse-shop.it\/de\/shop\/kleine-elektrogeraete\/kaffeemaschinen-espresso\/automatisch\/jura-kaffeemaschine-giga-w10-diamond-silver-copia\/\",\"name\":\"JURA Kaffeemaschine C8 Piano Black\",\"isPartOf\":{\"@id\":\"https:\/\/www.erresse-shop.it\/de\/#website\"},\"datePublished\":\"2025-02-21T06:54:00+00:00\",\"dateModified\":\"2025-02-21T07:11:03+00:00\",\"description\":\"Entdecken Sie JURA Kaffeemaschine C8 Piano Black bei ErresseShop. Qualit\u00e4t, Stil und Funktionalit\u00e4t \u2013 jetzt online bestellen!\",\"breadcrumb\":{\"@id\":\"https:\/\/www.erresse-shop.it\/de\/shop\/kleine-elektrogeraete\/kaffeemaschinen-espresso\/automatisch\/jura-kaffeemaschine-giga-w10-diamond-silver-copia\/#breadcrumb\"},\"inLanguage\":\"de-DE\",\"potentialAction\":[{\"@type\":\"ReadAction\",\"target\":[\"https:\/\/www.erresse-shop.it\/de\/shop\/kleine-elektrogeraete\/kaffeemaschinen-espresso\/automatisch\/jura-kaffeemaschine-giga-w10-diamond-silver-copia\/\"]}]},{\"@type\":\"BreadcrumbList\",\"@id\":\"https:\/\/www.erresse-shop.it\/de\/shop\/kleine-elektrogeraete\/kaffeemaschinen-espresso\/automatisch\/jura-kaffeemaschine-giga-w10-diamond-silver-copia\/#breadcrumb\",\"itemListElement\":[{\"@type\":\"ListItem\",\"position\":1,\"name\":\"Home\",\"item\":\"https:\/\/www.erresse-shop.it\/de\/\"},{\"@type\":\"ListItem\",\"position\":2,\"name\":\"Shop\",\"item\":\"https:\/\/www.erresse-shop.it\/de\/shop\/\"},{\"@type\":\"ListItem\",\"position\":3,\"name\":\"JURA Kaffeemaschine GIGA X10 Dark Inox\"}]},{\"@type\":\"WebSite\",\"@id\":\"https:\/\/www.erresse-shop.it\/de\/#website\",\"url\":\"https:\/\/www.erresse-shop.it\/de\/\",\"name\":\"Erresse Shop\",\"description\":\"Articoli di qualit\u00e0 per la casa\",\"potentialAction\":[{\"@type\":\"SearchAction\",\"target\":{\"@type\":\"EntryPoint\",\"urlTemplate\":\"https:\/\/www.erresse-shop.it\/de\/?s={search_term_string}\"},\"query-input\":\"required name=search_term_string\"}],\"inLanguage\":\"de-DE\"}]}<\/script>\n<!-- \/ Yoast SEO Premium plugin. -->","yoast_head_json":{"title":"JURA Kaffeemaschine C8 Piano Black","description":"Entdecken Sie JURA Kaffeemaschine C8 Piano Black bei ErresseShop. Qualit\u00e4t, Stil und Funktionalit\u00e4t \u2013 jetzt online bestellen!","robots":{"index":"index","follow":"follow","max-snippet":"max-snippet:-1","max-image-preview":"max-image-preview:large","max-video-preview":"max-video-preview:-1"},"canonical":"https:\/\/www.erresse-shop.it\/de\/shop\/kleine-elektrogeraete\/kaffeemaschinen-espresso\/automatisch\/jura-kaffeemaschine-giga-w10-diamond-silver-copia\/","og_locale":"de_DE","og_type":"article","og_title":"JURA Kaffeemaschine GIGA X10 Dark Inox","og_description":"Entdecken Sie JURA Kaffeemaschine C8 Piano Black bei ErresseShop. Qualit\u00e4t, Stil und Funktionalit\u00e4t \u2013 jetzt online bestellen!","og_url":"https:\/\/www.erresse-shop.it\/de\/shop\/kleine-elektrogeraete\/kaffeemaschinen-espresso\/automatisch\/jura-kaffeemaschine-giga-w10-diamond-silver-copia\/","og_site_name":"Erresse Shop","article_modified_time":"2025-02-21T07:11:03+00:00","og_image":[{"width":1200,"height":1200,"url":"https:\/\/www.erresse-shop.it\/wp-content\/uploads\/2025\/02\/JURA-Macchina-Da-Caffe-GIGA-X10-Dark-Inox.jpg","type":"image\/jpeg"}],"twitter_card":"summary_large_image","schema":{"@context":"https:\/\/schema.org","@graph":[{"@type":"WebPage","@id":"https:\/\/www.erresse-shop.it\/de\/shop\/kleine-elektrogeraete\/kaffeemaschinen-espresso\/automatisch\/jura-kaffeemaschine-giga-w10-diamond-silver-copia\/","url":"https:\/\/www.erresse-shop.it\/de\/shop\/kleine-elektrogeraete\/kaffeemaschinen-espresso\/automatisch\/jura-kaffeemaschine-giga-w10-diamond-silver-copia\/","name":"JURA Kaffeemaschine C8 Piano Black","isPartOf":{"@id":"https:\/\/www.erresse-shop.it\/de\/#website"},"datePublished":"2025-02-21T06:54:00+00:00","dateModified":"2025-02-21T07:11:03+00:00","description":"Entdecken Sie JURA Kaffeemaschine C8 Piano Black bei ErresseShop. Qualit\u00e4t, Stil und Funktionalit\u00e4t \u2013 jetzt online bestellen!","breadcrumb":{"@id":"https:\/\/www.erresse-shop.it\/de\/shop\/kleine-elektrogeraete\/kaffeemaschinen-espresso\/automatisch\/jura-kaffeemaschine-giga-w10-diamond-silver-copia\/#breadcrumb"},"inLanguage":"de-DE","potentialAction":[{"@type":"ReadAction","target":["https:\/\/www.erresse-shop.it\/de\/shop\/kleine-elektrogeraete\/kaffeemaschinen-espresso\/automatisch\/jura-kaffeemaschine-giga-w10-diamond-silver-copia\/"]}]},{"@type":"BreadcrumbList","@id":"https:\/\/www.erresse-shop.it\/de\/shop\/kleine-elektrogeraete\/kaffeemaschinen-espresso\/automatisch\/jura-kaffeemaschine-giga-w10-diamond-silver-copia\/#breadcrumb","itemListElement":[{"@type":"ListItem","position":1,"name":"Home","item":"https:\/\/www.erresse-shop.it\/de\/"},{"@type":"ListItem","position":2,"name":"Shop","item":"https:\/\/www.erresse-shop.it\/de\/shop\/"},{"@type":"ListItem","position":3,"name":"JURA Kaffeemaschine GIGA X10 Dark Inox"}]},{"@type":"WebSite","@id":"https:\/\/www.erresse-shop.it\/de\/#website","url":"https:\/\/www.erresse-shop.it\/de\/","name":"Erresse Shop","description":"Articoli di qualit\u00e0 per la casa","potentialAction":[{"@type":"SearchAction","target":{"@type":"EntryPoint","urlTemplate":"https:\/\/www.erresse-shop.it\/de\/?s={search_term_string}"},"query-input":"required name=search_term_string"}],"inLanguage":"de-DE"}]}},"df_price":3199,"df_sale_price":3199,"df_regular_price":3699,"df_image_link":"https:\/\/www.erresse-shop.it\/wp-content\/uploads\/2025\/02\/JURA-Macchina-Da-Caffe-GIGA-X10-Dark-Inox-300x300.jpg","_links":{"self":[{"href":"https:\/\/www.erresse-shop.it\/de\/wp-json\/wp\/v2\/product\/470462"}],"collection":[{"href":"https:\/\/www.erresse-shop.it\/de\/wp-json\/wp\/v2\/product"}],"about":[{"href":"https:\/\/www.erresse-shop.it\/de\/wp-json\/wp\/v2\/types\/product"}],"wp:featuredmedia":[{"embeddable":true,"href":"https:\/\/www.erresse-shop.it\/de\/wp-json\/wp\/v2\/media\/470477"}],"wp:attachment":[{"href":"https:\/\/www.erresse-shop.it\/de\/wp-json\/wp\/v2\/media?parent=470462"}],"wp:term":[{"taxonomy":"product_cat","embeddable":true,"href":"https:\/\/www.erresse-shop.it\/de\/wp-json\/wp\/v2\/product_cat?post=470462"},{"taxonomy":"product_tag","embeddable":true,"href":"https:\/\/www.erresse-shop.it\/de\/wp-json\/wp\/v2\/product_tag?post=470462"}],"curies":[{"name":"wp","href":"https:\/\/api.w.org\/{rel}","templated":true}]}}