{"id":470383,"date":"2025-02-20T09:09:41","date_gmt":"2025-02-20T09:09:42","guid":{"rendered":"https:\/\/www.erresse-shop.it\/?post_type=product&#038;p=470383"},"modified":"2025-03-12T08:11:48","modified_gmt":"2025-03-12T08:11:48","slug":"staub-cocotte-oval-27-cm-graphit-grau-copia","status":"publish","type":"product","link":"https:\/\/www.erresse-shop.it\/de\/shop\/toepfe-pfannen\/schalldaempfer-und-kokotten\/staub-cocotte-oval-27-cm-graphit-grau-copia\/","title":{"rendered":"STAUB Ovale Cocotte aus Gusseisen 23 cm Graphit-Grau"},"content":{"rendered":"<p>Dieser Schmortopf von Staub eignet sich perfekt f\u00fcr Eint\u00f6pfe, Braten oder Gerichte, die langsam gegart werden m\u00fcssen. Die graphitgraue ovale Cocotte bietet mit einem Durchmesser von 23 cm viel Volumen f\u00fcr Ihre Lieblingsrezepte. Mit einer H\u00f6he von 14 cm und einem Fassungsverm\u00f6gen von 2,35 Litern eignet sie sich optimal f\u00fcr gem\u00fcse- oder fl\u00fcssigkeitsreiche Gerichte. Aus Gusseisen gefertigt, ist es widerstandsf\u00e4hig und langlebig, perfekt f\u00fcr langsames und schonendes Garen, das Zeit und Aufwand in der K\u00fcche reduziert. Die mattschwarze Emaille verteilt die Hitze gleichm\u00e4\u00dfig und erm\u00f6glicht so ein gleichm\u00e4\u00dfiges Garen. Er l\u00e4sst sich leicht reinigen und ist auf allen Herdarten sowie im Backofen einsetzbar. Dank ihrer einfachen Pflege, hohen Qualit\u00e4t und hervorragenden Ergebnisse bei Eint\u00f6pfen und Schmorgerichten ist die Cocotte von Staub sowohl f\u00fcr Anf\u00e4nger als auch f\u00fcr Profik\u00f6che ideal.<\/p>\n<ul>\n<li>Ideal zum Anbraten und langsamen Garen von Braten und ganzen H\u00e4hnchen<\/li>\n<li>F\u00fcr ein saftiges und zartes Garergebnis dank Deckel<\/li>\n<li>Die mattschwarze Innenemaillierung eignet sich optimal f\u00fcr eine besonders knusprige Br\u00e4unung und ist sehr widerstandsf\u00e4hig<\/li>\n<li>F\u00fcr alle Herdarten geeignet, auch Induktion, auch f\u00fcr den Backofen\/Grill geeignet<\/li>\n<li>Intensive Farbe<\/li>\n<\/ul>\n<p><strong>Funktionen<\/strong><\/p>\n<ul>\n<li class=\"attribute\"><span class=\"label\">Hitzebest\u00e4ndigkeit:<\/span><span class=\"value\">240 \u00baC<\/span><\/li>\n<li class=\"attribute\"><span class=\"label\">K\u00e4ltebest\u00e4ndigkeit:<\/span><span class=\"value\">-20 \u00baC<\/span><\/li>\n<li class=\"attribute\"><span class=\"label\">Material:<\/span><span class=\"value\">Gusseisen<\/span><\/li>\n<li class=\"attribute\"><span class=\"label\">Innenbeschichtung:<\/span><span class=\"value\">Emaille<\/span><\/li>\n<li class=\"attribute\"><span class=\"label\">Induktion:<\/span><span class=\"value\">Ja<\/span><\/li>\n<li class=\"attribute\"><span class=\"label\">Ofenfest:<\/span><span class=\"value\">Ja<\/span><\/li>\n<li class=\"attribute\"><span class=\"label\">Gefrierschrankgeeignet:<\/span><span class=\"value\">Ja<\/span><\/li>\n<li class=\"attribute\"><span class=\"label\">Herdplattengeeignet:<\/span><span class=\"value\">Ja<\/span><\/li>\n<li class=\"attribute\"><span class=\"label\">Sp\u00fclmaschinenfest:<\/span><span class=\"value\">Ja<\/span><\/li>\n<\/ul>\n<p><strong>Abmessungen<\/strong><\/p>\n<ul>\n<li class=\"attribute\"><span class=\"label\">Nettogewicht:<\/span><span class=\"value\">3,40 kg<\/span><\/li>\n<li class=\"attribute\"><span class=\"label\">Fassungsverm\u00f6gen:<\/span><span class=\"value\">2,35 l<\/span><\/li>\n<li class=\"attribute\"><span class=\"label\">Produktl\u00e4nge:<\/span><span class=\"value\">29,20 cm<\/span><\/li>\n<li class=\"attribute\"><span class=\"label\">Produktbreite:<\/span><span class=\"value\">23,00 cm<\/span><\/li>\n<li class=\"attribute\"><span class=\"label\">Produkth\u00f6he:<\/span><span class=\"value\">14,10 cm<\/span><\/li>\n<li class=\"attribute\"><span class=\"label\">H\u00f6he ohne Deckel:<\/span><span class=\"value\">9,60 cm<\/span><\/li>\n<li class=\"attribute\"><span class=\"label\">Oberer Durchmesser:<\/span><span class=\"value\">23,00 cm<\/span><\/li>\n<li class=\"attribute\"><span class=\"label\">Bodendurchmesser:<\/span><span class=\"value\">19,70 cm<\/span><\/li>\n<li class=\"attribute\"><span class=\"label\">Griffl\u00e4nge:<\/span><span class=\"value\">3,00 cm<\/span><\/li>\n<\/ul>\n","protected":false},"excerpt":{"rendered":"<p>Dieser Schmortopf von Staub eignet sich perfekt f\u00fcr Eint\u00f6pfe, Braten oder Gerichte, die langsam gegart werden m\u00fcssen. Die graphitgraue ovale<\/p>\n","protected":false},"featured_media":470410,"template":"","meta":{"_acf_changed":false,"inline_featured_image":false},"product_cat":[6709,14793],"product_tag":[25088,11387,11381,11385,21533,12315,25022,12205],"acf":[],"yoast_head":"<!-- This site is optimized with the Yoast SEO Premium plugin v18.6 (Yoast SEO v19.13) - https:\/\/yoast.com\/wordpress\/plugins\/seo\/ -->\n<title>STAUB Cocotte Oval 37 cm Graphit-Grau<\/title>\n<meta name=\"description\" content=\"Entdecken Sie STAUB Cocotte Oval 37 cm Graphit-Grau bei ErresseShop. Qualit\u00e4t, Stil und Funktionalit\u00e4t \u2013 jetzt online bestellen!\" \/>\n<meta name=\"robots\" content=\"index, follow, max-snippet:-1, max-image-preview:large, max-video-preview:-1\" \/>\n<link rel=\"canonical\" href=\"https:\/\/www.erresse-shop.it\/de\/shop\/toepfe-pfannen\/schalldaempfer-und-kokotten\/staub-cocotte-oval-27-cm-graphit-grau-copia\/\" \/>\n<meta property=\"og:locale\" content=\"de_DE\" \/>\n<meta property=\"og:type\" content=\"article\" \/>\n<meta property=\"og:title\" content=\"STAUB Ovale Cocotte aus Gusseisen 23 cm Graphit-Grau\" \/>\n<meta property=\"og:description\" content=\"Entdecken Sie STAUB Cocotte Oval 37 cm Graphit-Grau bei ErresseShop. Qualit\u00e4t, Stil und Funktionalit\u00e4t \u2013 jetzt online bestellen!\" \/>\n<meta property=\"og:url\" content=\"https:\/\/www.erresse-shop.it\/de\/shop\/toepfe-pfannen\/schalldaempfer-und-kokotten\/staub-cocotte-oval-27-cm-graphit-grau-copia\/\" \/>\n<meta property=\"og:site_name\" content=\"Erresse Shop\" \/>\n<meta property=\"article:modified_time\" content=\"2025-03-12T08:11:48+00:00\" \/>\n<meta property=\"og:image\" content=\"https:\/\/www.erresse-shop.it\/wp-content\/uploads\/2025\/02\/STAUB-Cocotte-Ovale-Ghisa-23-cm-Grigio-Grafite.jpg\" \/>\n\t<meta property=\"og:image:width\" content=\"1200\" \/>\n\t<meta property=\"og:image:height\" content=\"1200\" \/>\n\t<meta property=\"og:image:type\" content=\"image\/jpeg\" \/>\n<meta name=\"twitter:card\" content=\"summary_large_image\" \/>\n<script type=\"application\/ld+json\" class=\"yoast-schema-graph\">{\"@context\":\"https:\/\/schema.org\",\"@graph\":[{\"@type\":\"WebPage\",\"@id\":\"https:\/\/www.erresse-shop.it\/de\/shop\/toepfe-pfannen\/schalldaempfer-und-kokotten\/staub-cocotte-oval-27-cm-graphit-grau-copia\/\",\"url\":\"https:\/\/www.erresse-shop.it\/de\/shop\/toepfe-pfannen\/schalldaempfer-und-kokotten\/staub-cocotte-oval-27-cm-graphit-grau-copia\/\",\"name\":\"STAUB Cocotte Oval 37 cm Graphit-Grau\",\"isPartOf\":{\"@id\":\"https:\/\/www.erresse-shop.it\/de\/#website\"},\"datePublished\":\"2025-02-20T09:09:42+00:00\",\"dateModified\":\"2025-03-12T08:11:48+00:00\",\"description\":\"Entdecken Sie STAUB Cocotte Oval 37 cm Graphit-Grau bei ErresseShop. Qualit\u00e4t, Stil und Funktionalit\u00e4t \u2013 jetzt online bestellen!\",\"breadcrumb\":{\"@id\":\"https:\/\/www.erresse-shop.it\/de\/shop\/toepfe-pfannen\/schalldaempfer-und-kokotten\/staub-cocotte-oval-27-cm-graphit-grau-copia\/#breadcrumb\"},\"inLanguage\":\"de-DE\",\"potentialAction\":[{\"@type\":\"ReadAction\",\"target\":[\"https:\/\/www.erresse-shop.it\/de\/shop\/toepfe-pfannen\/schalldaempfer-und-kokotten\/staub-cocotte-oval-27-cm-graphit-grau-copia\/\"]}]},{\"@type\":\"BreadcrumbList\",\"@id\":\"https:\/\/www.erresse-shop.it\/de\/shop\/toepfe-pfannen\/schalldaempfer-und-kokotten\/staub-cocotte-oval-27-cm-graphit-grau-copia\/#breadcrumb\",\"itemListElement\":[{\"@type\":\"ListItem\",\"position\":1,\"name\":\"Home\",\"item\":\"https:\/\/www.erresse-shop.it\/de\/\"},{\"@type\":\"ListItem\",\"position\":2,\"name\":\"Shop\",\"item\":\"https:\/\/www.erresse-shop.it\/de\/shop\/\"},{\"@type\":\"ListItem\",\"position\":3,\"name\":\"STAUB Ovale Cocotte aus Gusseisen 23 cm Graphit-Grau\"}]},{\"@type\":\"WebSite\",\"@id\":\"https:\/\/www.erresse-shop.it\/de\/#website\",\"url\":\"https:\/\/www.erresse-shop.it\/de\/\",\"name\":\"Erresse Shop\",\"description\":\"Articoli di qualit\u00e0 per la casa\",\"potentialAction\":[{\"@type\":\"SearchAction\",\"target\":{\"@type\":\"EntryPoint\",\"urlTemplate\":\"https:\/\/www.erresse-shop.it\/de\/?s={search_term_string}\"},\"query-input\":\"required name=search_term_string\"}],\"inLanguage\":\"de-DE\"}]}<\/script>\n<!-- \/ Yoast SEO Premium plugin. -->","yoast_head_json":{"title":"STAUB Cocotte Oval 37 cm Graphit-Grau","description":"Entdecken Sie STAUB Cocotte Oval 37 cm Graphit-Grau bei ErresseShop. Qualit\u00e4t, Stil und Funktionalit\u00e4t \u2013 jetzt online bestellen!","robots":{"index":"index","follow":"follow","max-snippet":"max-snippet:-1","max-image-preview":"max-image-preview:large","max-video-preview":"max-video-preview:-1"},"canonical":"https:\/\/www.erresse-shop.it\/de\/shop\/toepfe-pfannen\/schalldaempfer-und-kokotten\/staub-cocotte-oval-27-cm-graphit-grau-copia\/","og_locale":"de_DE","og_type":"article","og_title":"STAUB Ovale Cocotte aus Gusseisen 23 cm Graphit-Grau","og_description":"Entdecken Sie STAUB Cocotte Oval 37 cm Graphit-Grau bei ErresseShop. Qualit\u00e4t, Stil und Funktionalit\u00e4t \u2013 jetzt online bestellen!","og_url":"https:\/\/www.erresse-shop.it\/de\/shop\/toepfe-pfannen\/schalldaempfer-und-kokotten\/staub-cocotte-oval-27-cm-graphit-grau-copia\/","og_site_name":"Erresse Shop","article_modified_time":"2025-03-12T08:11:48+00:00","og_image":[{"width":1200,"height":1200,"url":"https:\/\/www.erresse-shop.it\/wp-content\/uploads\/2025\/02\/STAUB-Cocotte-Ovale-Ghisa-23-cm-Grigio-Grafite.jpg","type":"image\/jpeg"}],"twitter_card":"summary_large_image","schema":{"@context":"https:\/\/schema.org","@graph":[{"@type":"WebPage","@id":"https:\/\/www.erresse-shop.it\/de\/shop\/toepfe-pfannen\/schalldaempfer-und-kokotten\/staub-cocotte-oval-27-cm-graphit-grau-copia\/","url":"https:\/\/www.erresse-shop.it\/de\/shop\/toepfe-pfannen\/schalldaempfer-und-kokotten\/staub-cocotte-oval-27-cm-graphit-grau-copia\/","name":"STAUB Cocotte Oval 37 cm Graphit-Grau","isPartOf":{"@id":"https:\/\/www.erresse-shop.it\/de\/#website"},"datePublished":"2025-02-20T09:09:42+00:00","dateModified":"2025-03-12T08:11:48+00:00","description":"Entdecken Sie STAUB Cocotte Oval 37 cm Graphit-Grau bei ErresseShop. Qualit\u00e4t, Stil und Funktionalit\u00e4t \u2013 jetzt online bestellen!","breadcrumb":{"@id":"https:\/\/www.erresse-shop.it\/de\/shop\/toepfe-pfannen\/schalldaempfer-und-kokotten\/staub-cocotte-oval-27-cm-graphit-grau-copia\/#breadcrumb"},"inLanguage":"de-DE","potentialAction":[{"@type":"ReadAction","target":["https:\/\/www.erresse-shop.it\/de\/shop\/toepfe-pfannen\/schalldaempfer-und-kokotten\/staub-cocotte-oval-27-cm-graphit-grau-copia\/"]}]},{"@type":"BreadcrumbList","@id":"https:\/\/www.erresse-shop.it\/de\/shop\/toepfe-pfannen\/schalldaempfer-und-kokotten\/staub-cocotte-oval-27-cm-graphit-grau-copia\/#breadcrumb","itemListElement":[{"@type":"ListItem","position":1,"name":"Home","item":"https:\/\/www.erresse-shop.it\/de\/"},{"@type":"ListItem","position":2,"name":"Shop","item":"https:\/\/www.erresse-shop.it\/de\/shop\/"},{"@type":"ListItem","position":3,"name":"STAUB Ovale Cocotte aus Gusseisen 23 cm Graphit-Grau"}]},{"@type":"WebSite","@id":"https:\/\/www.erresse-shop.it\/de\/#website","url":"https:\/\/www.erresse-shop.it\/de\/","name":"Erresse Shop","description":"Articoli di qualit\u00e0 per la casa","potentialAction":[{"@type":"SearchAction","target":{"@type":"EntryPoint","urlTemplate":"https:\/\/www.erresse-shop.it\/de\/?s={search_term_string}"},"query-input":"required name=search_term_string"}],"inLanguage":"de-DE"}]}},"df_price":146.95,"df_sale_price":146.95,"df_regular_price":229,"df_image_link":"https:\/\/www.erresse-shop.it\/wp-content\/uploads\/2025\/02\/STAUB-Cocotte-Ovale-Ghisa-23-cm-Grigio-Grafite-300x300.jpg","_links":{"self":[{"href":"https:\/\/www.erresse-shop.it\/de\/wp-json\/wp\/v2\/product\/470383"}],"collection":[{"href":"https:\/\/www.erresse-shop.it\/de\/wp-json\/wp\/v2\/product"}],"about":[{"href":"https:\/\/www.erresse-shop.it\/de\/wp-json\/wp\/v2\/types\/product"}],"wp:featuredmedia":[{"embeddable":true,"href":"https:\/\/www.erresse-shop.it\/de\/wp-json\/wp\/v2\/media\/470410"}],"wp:attachment":[{"href":"https:\/\/www.erresse-shop.it\/de\/wp-json\/wp\/v2\/media?parent=470383"}],"wp:term":[{"taxonomy":"product_cat","embeddable":true,"href":"https:\/\/www.erresse-shop.it\/de\/wp-json\/wp\/v2\/product_cat?post=470383"},{"taxonomy":"product_tag","embeddable":true,"href":"https:\/\/www.erresse-shop.it\/de\/wp-json\/wp\/v2\/product_tag?post=470383"}],"curies":[{"name":"wp","href":"https:\/\/api.w.org\/{rel}","templated":true}]}}