{"id":470342,"date":"2025-02-20T08:52:15","date_gmt":"2025-02-20T08:52:16","guid":{"rendered":"https:\/\/www.erresse-shop.it\/?post_type=product&#038;p=470342"},"modified":"2025-02-20T09:07:55","modified_gmt":"2025-02-20T09:07:55","slug":"staub-cocotte-oval-37-cm-graphit-grau-copia","status":"publish","type":"product","link":"https:\/\/www.erresse-shop.it\/de\/shop\/toepfe-pfannen\/schalldaempfer-und-kokotten\/staub-cocotte-oval-37-cm-graphit-grau-copia\/","title":{"rendered":"STAUB Cocotte Oval 27 cm Graphit-Grau"},"content":{"rendered":"<p>Das schlichte Design der ovalen Cocotte in Graphitgrau wurde von der Firma Staub entworfen und unterstreicht somit die Hochwertigkeit des Produktes. Die Serie La Cocotte soll das Leben in der K\u00fcche einfacher machen, wobei der Schwerpunkt auf der Funktionalit\u00e4t liegt. Die 27 cm breite Cocotte ist bewusst schlicht gehalten, mit passgenauem Deckel und zwei Gusseisengriffen f\u00fcr die Handhabung mit Ofenhandschuhen. Perfekt f\u00fcr langsam gegarte Eint\u00f6pfe, denn die mattschwarze Emaille-Innenseite gew\u00e4hrleistet ausgezeichnetes Schmoren und direkte W\u00e4rme\u00fcbertragung. Mit jeder Anwendung verbessern sich die Kocheigenschaften sukzessive. Geeignet f\u00fcr alle Herdarten, einschlie\u00dflich Induktion, verteilt es die W\u00e4rme gleichm\u00e4\u00dfig. Mit einer H\u00f6he von 14 cm und einem Fassungsverm\u00f6gen von 3,2 Litern ist sie pflegeleicht und langlebig. Entdecken Sie die Vorz\u00fcge der Cocotte und bereiten Sie k\u00f6stliche Gerichte wie H\u00e4hnchen in Wein zu.<\/p>\n<ul>\n<li>Ideal zum Anbraten und langsamen Garen von Braten und ganzen H\u00e4hnchen<\/li>\n<li>F\u00fcr ein saftiges und zartes Garergebnis dank Deckel<\/li>\n<li>Die mattschwarze Innenemaillierung eignet sich optimal f\u00fcr eine besonders knusprige Br\u00e4unung und ist sehr widerstandsf\u00e4hig<\/li>\n<li>F\u00fcr alle Herdarten geeignet, auch Induktion, auch f\u00fcr den Backofen\/Grill geeignet<\/li>\n<li>Intensive Farbe<\/li>\n<\/ul>\n<p><strong>Funktionen<\/strong><\/p>\n<ul>\n<li class=\"attribute\"><span class=\"label\">Hitzebest\u00e4ndigkeit:<\/span><span class=\"value\">240 \u00baC<\/span><\/li>\n<li class=\"attribute\"><span class=\"label\">K\u00e4ltebest\u00e4ndigkeit:<\/span><span class=\"value\">-20 \u00baC<\/span><\/li>\n<li class=\"attribute\"><span class=\"label\">Material:<\/span><span class=\"value\">Gusseisen<\/span><\/li>\n<li class=\"attribute\"><span class=\"label\">Innenbeschichtung:<\/span><span class=\"value\">Emaille<\/span><\/li>\n<li class=\"attribute\"><span class=\"label\">Induktion:<\/span><span class=\"value\">Ja<\/span><\/li>\n<li class=\"attribute\"><span class=\"label\">Ofenfest:<\/span><span class=\"value\">Ja<\/span><\/li>\n<li class=\"attribute\"><span class=\"label\">Gefrierschrankgeeignet:<\/span><span class=\"value\">Ja<\/span><\/li>\n<li class=\"attribute\"><span class=\"label\">Herdplattengeeignet:<\/span><span class=\"value\">Ja<\/span><\/li>\n<li class=\"attribute\"><span class=\"label\">Sp\u00fclmaschinenfest:<\/span><span class=\"value\">Ja<\/span><\/li>\n<\/ul>\n<p><strong>Abmessungen<\/strong><\/p>\n<ul>\n<li><span class=\"label\">Nettogewicht:<\/span><span class=\"value\">4,61 kg<\/span><\/li>\n<li><span class=\"label\">Fassungsverm\u00f6gen:<\/span><span class=\"value\">3,20 l<\/span><\/li>\n<li><span class=\"label\">Produktl\u00e4nge:<\/span><span class=\"value\">33,50 cm<\/span><\/li>\n<li><span class=\"label\">Produktbreite:<\/span><span class=\"value\">27,00 cm<\/span><\/li>\n<li><span class=\"label\">Produkth\u00f6he:<\/span><span class=\"value\">14,40 cm<\/span><\/li>\n<li><span class=\"label\">H\u00f6he ohne Deckel:<\/span><span class=\"value\">9,70 cm<\/span><\/li>\n<li><span class=\"label\">Oberer Durchmesser:<\/span><span class=\"value\">27,00 cm<\/span><\/li>\n<li><span class=\"label\">Bodendurchmesser:<\/span><span class=\"value\">22,50 cm<\/span><\/li>\n<li><span class=\"label\">Griffl\u00e4nge:<\/span><span class=\"value\">3,20 cm<\/span><\/li>\n<\/ul>\n","protected":false},"excerpt":{"rendered":"<p>Das schlichte Design der ovalen Cocotte in Graphitgrau wurde von der Firma Staub entworfen und unterstreicht somit die Hochwertigkeit des<\/p>\n","protected":false},"featured_media":470375,"template":"","meta":{"_acf_changed":false,"inline_featured_image":false},"product_cat":[6709,14793],"product_tag":[25088,11387,11381,11385,21533,12315,25022,12205],"acf":[],"yoast_head":"<!-- This site is optimized with the Yoast SEO Premium plugin v18.6 (Yoast SEO v19.13) - https:\/\/yoast.com\/wordpress\/plugins\/seo\/ -->\n<title>STAUB Cocotte Oval 37 cm Graphit-Grau<\/title>\n<meta name=\"description\" content=\"Entdecken Sie STAUB Cocotte Oval 37 cm Graphit-Grau bei ErresseShop. Qualit\u00e4t, Stil und Funktionalit\u00e4t \u2013 jetzt online bestellen!\" \/>\n<meta name=\"robots\" content=\"index, follow, max-snippet:-1, max-image-preview:large, max-video-preview:-1\" \/>\n<link rel=\"canonical\" href=\"https:\/\/www.erresse-shop.it\/de\/shop\/toepfe-pfannen\/schalldaempfer-und-kokotten\/staub-cocotte-oval-37-cm-graphit-grau-copia\/\" \/>\n<meta property=\"og:locale\" content=\"de_DE\" \/>\n<meta property=\"og:type\" content=\"article\" \/>\n<meta property=\"og:title\" content=\"STAUB Cocotte Oval 27 cm Graphit-Grau\" \/>\n<meta property=\"og:description\" content=\"Entdecken Sie STAUB Cocotte Oval 37 cm Graphit-Grau bei ErresseShop. Qualit\u00e4t, Stil und Funktionalit\u00e4t \u2013 jetzt online bestellen!\" \/>\n<meta property=\"og:url\" content=\"https:\/\/www.erresse-shop.it\/de\/shop\/toepfe-pfannen\/schalldaempfer-und-kokotten\/staub-cocotte-oval-37-cm-graphit-grau-copia\/\" \/>\n<meta property=\"og:site_name\" content=\"Erresse Shop\" \/>\n<meta property=\"article:modified_time\" content=\"2025-02-20T09:07:55+00:00\" \/>\n<meta property=\"og:image\" content=\"https:\/\/www.erresse-shop.it\/wp-content\/uploads\/2025\/02\/STAUB-Cocotte-Ovale-Ghisa-27-cm-Grigio-Grafite.jpg\" \/>\n\t<meta property=\"og:image:width\" content=\"1200\" \/>\n\t<meta property=\"og:image:height\" content=\"1200\" \/>\n\t<meta property=\"og:image:type\" content=\"image\/jpeg\" \/>\n<meta name=\"twitter:card\" content=\"summary_large_image\" \/>\n<script type=\"application\/ld+json\" class=\"yoast-schema-graph\">{\"@context\":\"https:\/\/schema.org\",\"@graph\":[{\"@type\":\"WebPage\",\"@id\":\"https:\/\/www.erresse-shop.it\/de\/shop\/toepfe-pfannen\/schalldaempfer-und-kokotten\/staub-cocotte-oval-37-cm-graphit-grau-copia\/\",\"url\":\"https:\/\/www.erresse-shop.it\/de\/shop\/toepfe-pfannen\/schalldaempfer-und-kokotten\/staub-cocotte-oval-37-cm-graphit-grau-copia\/\",\"name\":\"STAUB Cocotte Oval 37 cm Graphit-Grau\",\"isPartOf\":{\"@id\":\"https:\/\/www.erresse-shop.it\/de\/#website\"},\"datePublished\":\"2025-02-20T08:52:16+00:00\",\"dateModified\":\"2025-02-20T09:07:55+00:00\",\"description\":\"Entdecken Sie STAUB Cocotte Oval 37 cm Graphit-Grau bei ErresseShop. Qualit\u00e4t, Stil und Funktionalit\u00e4t \u2013 jetzt online bestellen!\",\"breadcrumb\":{\"@id\":\"https:\/\/www.erresse-shop.it\/de\/shop\/toepfe-pfannen\/schalldaempfer-und-kokotten\/staub-cocotte-oval-37-cm-graphit-grau-copia\/#breadcrumb\"},\"inLanguage\":\"de-DE\",\"potentialAction\":[{\"@type\":\"ReadAction\",\"target\":[\"https:\/\/www.erresse-shop.it\/de\/shop\/toepfe-pfannen\/schalldaempfer-und-kokotten\/staub-cocotte-oval-37-cm-graphit-grau-copia\/\"]}]},{\"@type\":\"BreadcrumbList\",\"@id\":\"https:\/\/www.erresse-shop.it\/de\/shop\/toepfe-pfannen\/schalldaempfer-und-kokotten\/staub-cocotte-oval-37-cm-graphit-grau-copia\/#breadcrumb\",\"itemListElement\":[{\"@type\":\"ListItem\",\"position\":1,\"name\":\"Home\",\"item\":\"https:\/\/www.erresse-shop.it\/de\/\"},{\"@type\":\"ListItem\",\"position\":2,\"name\":\"Shop\",\"item\":\"https:\/\/www.erresse-shop.it\/de\/shop\/\"},{\"@type\":\"ListItem\",\"position\":3,\"name\":\"STAUB Cocotte Oval 27 cm Graphit-Grau\"}]},{\"@type\":\"WebSite\",\"@id\":\"https:\/\/www.erresse-shop.it\/de\/#website\",\"url\":\"https:\/\/www.erresse-shop.it\/de\/\",\"name\":\"Erresse Shop\",\"description\":\"Articoli di qualit\u00e0 per la casa\",\"potentialAction\":[{\"@type\":\"SearchAction\",\"target\":{\"@type\":\"EntryPoint\",\"urlTemplate\":\"https:\/\/www.erresse-shop.it\/de\/?s={search_term_string}\"},\"query-input\":\"required name=search_term_string\"}],\"inLanguage\":\"de-DE\"}]}<\/script>\n<!-- \/ Yoast SEO Premium plugin. -->","yoast_head_json":{"title":"STAUB Cocotte Oval 37 cm Graphit-Grau","description":"Entdecken Sie STAUB Cocotte Oval 37 cm Graphit-Grau bei ErresseShop. Qualit\u00e4t, Stil und Funktionalit\u00e4t \u2013 jetzt online bestellen!","robots":{"index":"index","follow":"follow","max-snippet":"max-snippet:-1","max-image-preview":"max-image-preview:large","max-video-preview":"max-video-preview:-1"},"canonical":"https:\/\/www.erresse-shop.it\/de\/shop\/toepfe-pfannen\/schalldaempfer-und-kokotten\/staub-cocotte-oval-37-cm-graphit-grau-copia\/","og_locale":"de_DE","og_type":"article","og_title":"STAUB Cocotte Oval 27 cm Graphit-Grau","og_description":"Entdecken Sie STAUB Cocotte Oval 37 cm Graphit-Grau bei ErresseShop. Qualit\u00e4t, Stil und Funktionalit\u00e4t \u2013 jetzt online bestellen!","og_url":"https:\/\/www.erresse-shop.it\/de\/shop\/toepfe-pfannen\/schalldaempfer-und-kokotten\/staub-cocotte-oval-37-cm-graphit-grau-copia\/","og_site_name":"Erresse Shop","article_modified_time":"2025-02-20T09:07:55+00:00","og_image":[{"width":1200,"height":1200,"url":"https:\/\/www.erresse-shop.it\/wp-content\/uploads\/2025\/02\/STAUB-Cocotte-Ovale-Ghisa-27-cm-Grigio-Grafite.jpg","type":"image\/jpeg"}],"twitter_card":"summary_large_image","schema":{"@context":"https:\/\/schema.org","@graph":[{"@type":"WebPage","@id":"https:\/\/www.erresse-shop.it\/de\/shop\/toepfe-pfannen\/schalldaempfer-und-kokotten\/staub-cocotte-oval-37-cm-graphit-grau-copia\/","url":"https:\/\/www.erresse-shop.it\/de\/shop\/toepfe-pfannen\/schalldaempfer-und-kokotten\/staub-cocotte-oval-37-cm-graphit-grau-copia\/","name":"STAUB Cocotte Oval 37 cm Graphit-Grau","isPartOf":{"@id":"https:\/\/www.erresse-shop.it\/de\/#website"},"datePublished":"2025-02-20T08:52:16+00:00","dateModified":"2025-02-20T09:07:55+00:00","description":"Entdecken Sie STAUB Cocotte Oval 37 cm Graphit-Grau bei ErresseShop. Qualit\u00e4t, Stil und Funktionalit\u00e4t \u2013 jetzt online bestellen!","breadcrumb":{"@id":"https:\/\/www.erresse-shop.it\/de\/shop\/toepfe-pfannen\/schalldaempfer-und-kokotten\/staub-cocotte-oval-37-cm-graphit-grau-copia\/#breadcrumb"},"inLanguage":"de-DE","potentialAction":[{"@type":"ReadAction","target":["https:\/\/www.erresse-shop.it\/de\/shop\/toepfe-pfannen\/schalldaempfer-und-kokotten\/staub-cocotte-oval-37-cm-graphit-grau-copia\/"]}]},{"@type":"BreadcrumbList","@id":"https:\/\/www.erresse-shop.it\/de\/shop\/toepfe-pfannen\/schalldaempfer-und-kokotten\/staub-cocotte-oval-37-cm-graphit-grau-copia\/#breadcrumb","itemListElement":[{"@type":"ListItem","position":1,"name":"Home","item":"https:\/\/www.erresse-shop.it\/de\/"},{"@type":"ListItem","position":2,"name":"Shop","item":"https:\/\/www.erresse-shop.it\/de\/shop\/"},{"@type":"ListItem","position":3,"name":"STAUB Cocotte Oval 27 cm Graphit-Grau"}]},{"@type":"WebSite","@id":"https:\/\/www.erresse-shop.it\/de\/#website","url":"https:\/\/www.erresse-shop.it\/de\/","name":"Erresse Shop","description":"Articoli di qualit\u00e0 per la casa","potentialAction":[{"@type":"SearchAction","target":{"@type":"EntryPoint","urlTemplate":"https:\/\/www.erresse-shop.it\/de\/?s={search_term_string}"},"query-input":"required name=search_term_string"}],"inLanguage":"de-DE"}]}},"df_price":169,"df_sale_price":169,"df_regular_price":269,"df_image_link":"https:\/\/www.erresse-shop.it\/wp-content\/uploads\/2025\/02\/STAUB-Cocotte-Ovale-Ghisa-27-cm-Grigio-Grafite-300x300.jpg","_links":{"self":[{"href":"https:\/\/www.erresse-shop.it\/de\/wp-json\/wp\/v2\/product\/470342"}],"collection":[{"href":"https:\/\/www.erresse-shop.it\/de\/wp-json\/wp\/v2\/product"}],"about":[{"href":"https:\/\/www.erresse-shop.it\/de\/wp-json\/wp\/v2\/types\/product"}],"wp:featuredmedia":[{"embeddable":true,"href":"https:\/\/www.erresse-shop.it\/de\/wp-json\/wp\/v2\/media\/470375"}],"wp:attachment":[{"href":"https:\/\/www.erresse-shop.it\/de\/wp-json\/wp\/v2\/media?parent=470342"}],"wp:term":[{"taxonomy":"product_cat","embeddable":true,"href":"https:\/\/www.erresse-shop.it\/de\/wp-json\/wp\/v2\/product_cat?post=470342"},{"taxonomy":"product_tag","embeddable":true,"href":"https:\/\/www.erresse-shop.it\/de\/wp-json\/wp\/v2\/product_tag?post=470342"}],"curies":[{"name":"wp","href":"https:\/\/api.w.org\/{rel}","templated":true}]}}