{"id":470245,"date":"2025-02-20T07:58:04","date_gmt":"2025-02-20T07:58:05","guid":{"rendered":"https:\/\/www.erresse-shop.it\/?post_type=product&#038;p=470245"},"modified":"2025-09-09T21:10:08","modified_gmt":"2025-09-09T21:10:08","slug":"staub-cocotte-rund-24-cm-eukalyptus-copia-2","status":"publish","type":"product","link":"https:\/\/www.erresse-shop.it\/de\/shop\/toepfe-pfannen\/schalldaempfer-und-kokotten\/staub-cocotte-rund-24-cm-eukalyptus-copia-2\/","title":{"rendered":"STAUB Cocotte Rund 24 cm Kirschbl\u00fcte"},"content":{"rendered":"<p>Die Cocotte von Staub ist ideal zum langsamen, zarten Garen von Fleisch und Gem\u00fcse sowie zur Zubereitung herzhafter Eint\u00f6pfe und Suppen. Gusseisen verf\u00fcgt \u00fcber hervorragende W\u00e4rmespeichereigenschaften und erw\u00e4rmt sich gleichm\u00e4\u00dfig. Der innovative Deckel verf\u00fcgt innen \u00fcber kleine Stacheln, die kontinuierlich kondensierte Fl\u00fcssigkeit auf das Essen gie\u00dfen und so saftige, geschmackvolle Ergebnisse gew\u00e4hrleisten. Die spezielle mattschwarze Emaille-Innenseite und der Deckel mit durchgehenden Spr\u00fchd\u00fcsen erm\u00f6glichen perfektes Br\u00e4unen und Schmoren f\u00fcr Gerichte mit au\u00dfergew\u00f6hnlichem Geschmack. Mit seiner Emaille-Oberfl\u00e4che passt jedes St\u00fcck wunderbar in die K\u00fcche und auf den Tisch und ist perfekt f\u00fcr alles, von Hausmannskost bis hin zu eleganten Abendessen. Emailliertes Gusseisenkochgeschirr von Staub ist die Wahl der Spitzenk\u00f6che. Dank seiner au\u00dfergew\u00f6hnlichen Haltbarkeit ist es ideal f\u00fcr den allt\u00e4glichen Gebrauch in der Gourmetk\u00fcche zu Hause oder in gehobenen Restaurants. Diese Erbst\u00fccke sind f\u00fcr die Ewigkeit gemacht und k\u00f6nnen von Generation zu Generation weitergegeben werden.<\/p>\n<ul>\n<li>Ideal zum Anbraten und langsamen Garen von Fleisch, Fisch oder Gem\u00fcse<\/li>\n<li>F\u00fcr ein saftiges und zartes Garergebnis dank Deckel<\/li>\n<li>Die mattschwarze Innenemaillierung eignet sich optimal f\u00fcr eine besonders knusprige Br\u00e4unung und ist sehr widerstandsf\u00e4hig<\/li>\n<li>F\u00fcr alle Herdarten geeignet, auch Induktion, auch f\u00fcr den Backofen\/Grill geeignet<\/li>\n<\/ul>\n<p>Eigenschaften<\/p>\n<ul>\n<li>Hitzebest\u00e4ndigkeit: 240\u00baC<\/li>\n<li>K\u00e4ltebest\u00e4ndigkeit: -20\u00baC<\/li>\n<li>Material: Gusseisen<\/li>\n<li>Innenbeschichtung: Emaille<\/li>\n<li>Induktion: Ja<\/li>\n<li>Backofenfest: Ja<\/li>\n<li>Gefrierschrankgeeignet: Ja<\/li>\n<li>Herdplattensicher: Ja<\/li>\n<li>Sp\u00fclmaschinenfest: Ja<\/li>\n<\/ul>\n<p>Gr\u00f6\u00dfe<\/p>\n<ul>\n<li>Nettogewicht: 4,74 kg<\/li>\n<li>Fassungsverm\u00f6gen: 3,70 l<\/li>\n<li>Produktl\u00e4nge: 30,30 cm<\/li>\n<li>Produktbreite: 24,00 cm<\/li>\n<li>Produkth\u00f6he: 15,30 cm<\/li>\n<li>H\u00f6he ohne Deckel: 10,50 cm<\/li>\n<li>Oberer Durchmesser: 24,00 cm<\/li>\n<li>Bodendurchmesser: 19,20 cm<\/li>\n<li>Griffl\u00e4nge: 3,00 cm<\/li>\n<\/ul>\n","protected":false},"excerpt":{"rendered":"<p>Die Cocotte von Staub ist ideal zum langsamen, zarten Garen von Fleisch und Gem\u00fcse sowie zur Zubereitung herzhafter Eint\u00f6pfe und<\/p>\n","protected":false},"featured_media":470285,"template":"","meta":{"_acf_changed":false,"inline_featured_image":false},"product_cat":[6709,14793],"product_tag":[25088,11387,11381,11385,21533,12315,25022,12205],"acf":[],"yoast_head":"<!-- This site is optimized with the Yoast SEO Premium plugin v18.6 (Yoast SEO v19.13) - https:\/\/yoast.com\/wordpress\/plugins\/seo\/ -->\n<title>STAUB Cocotte Rund 24 cm Zimt<\/title>\n<meta name=\"description\" content=\"Entdecken Sie STAUB Cocotte Rund 24 cm Zimt bei ErresseShop. Qualit\u00e4t, Stil und Funktionalit\u00e4t \u2013 jetzt online bestellen!\" \/>\n<meta name=\"robots\" content=\"index, follow, max-snippet:-1, max-image-preview:large, max-video-preview:-1\" \/>\n<link rel=\"canonical\" href=\"https:\/\/www.erresse-shop.it\/de\/shop\/toepfe-pfannen\/schalldaempfer-und-kokotten\/staub-cocotte-rund-24-cm-eukalyptus-copia-2\/\" \/>\n<meta property=\"og:locale\" content=\"de_DE\" \/>\n<meta property=\"og:type\" content=\"article\" \/>\n<meta property=\"og:title\" content=\"STAUB Cocotte Rund 24 cm Kirschbl\u00fcte\" \/>\n<meta property=\"og:description\" content=\"Entdecken Sie STAUB Cocotte Rund 24 cm Zimt bei ErresseShop. Qualit\u00e4t, Stil und Funktionalit\u00e4t \u2013 jetzt online bestellen!\" \/>\n<meta property=\"og:url\" content=\"https:\/\/www.erresse-shop.it\/de\/shop\/toepfe-pfannen\/schalldaempfer-und-kokotten\/staub-cocotte-rund-24-cm-eukalyptus-copia-2\/\" \/>\n<meta property=\"og:site_name\" content=\"Erresse Shop\" \/>\n<meta property=\"article:modified_time\" content=\"2025-09-09T21:10:08+00:00\" \/>\n<meta property=\"og:image\" content=\"https:\/\/www.erresse-shop.it\/wp-content\/uploads\/2025\/02\/STAUB-Cocotte-Tonda-24-cm-Fiore-di-ciliegio.jpg\" \/>\n\t<meta property=\"og:image:width\" content=\"1200\" \/>\n\t<meta property=\"og:image:height\" content=\"1200\" \/>\n\t<meta property=\"og:image:type\" content=\"image\/jpeg\" \/>\n<meta name=\"twitter:card\" content=\"summary_large_image\" \/>\n<script type=\"application\/ld+json\" class=\"yoast-schema-graph\">{\"@context\":\"https:\/\/schema.org\",\"@graph\":[{\"@type\":\"WebPage\",\"@id\":\"https:\/\/www.erresse-shop.it\/de\/shop\/toepfe-pfannen\/schalldaempfer-und-kokotten\/staub-cocotte-rund-24-cm-eukalyptus-copia-2\/\",\"url\":\"https:\/\/www.erresse-shop.it\/de\/shop\/toepfe-pfannen\/schalldaempfer-und-kokotten\/staub-cocotte-rund-24-cm-eukalyptus-copia-2\/\",\"name\":\"STAUB Cocotte Rund 24 cm Zimt\",\"isPartOf\":{\"@id\":\"https:\/\/www.erresse-shop.it\/de\/#website\"},\"datePublished\":\"2025-02-20T07:58:05+00:00\",\"dateModified\":\"2025-09-09T21:10:08+00:00\",\"description\":\"Entdecken Sie STAUB Cocotte Rund 24 cm Zimt bei ErresseShop. Qualit\u00e4t, Stil und Funktionalit\u00e4t \u2013 jetzt online bestellen!\",\"breadcrumb\":{\"@id\":\"https:\/\/www.erresse-shop.it\/de\/shop\/toepfe-pfannen\/schalldaempfer-und-kokotten\/staub-cocotte-rund-24-cm-eukalyptus-copia-2\/#breadcrumb\"},\"inLanguage\":\"de-DE\",\"potentialAction\":[{\"@type\":\"ReadAction\",\"target\":[\"https:\/\/www.erresse-shop.it\/de\/shop\/toepfe-pfannen\/schalldaempfer-und-kokotten\/staub-cocotte-rund-24-cm-eukalyptus-copia-2\/\"]}]},{\"@type\":\"BreadcrumbList\",\"@id\":\"https:\/\/www.erresse-shop.it\/de\/shop\/toepfe-pfannen\/schalldaempfer-und-kokotten\/staub-cocotte-rund-24-cm-eukalyptus-copia-2\/#breadcrumb\",\"itemListElement\":[{\"@type\":\"ListItem\",\"position\":1,\"name\":\"Home\",\"item\":\"https:\/\/www.erresse-shop.it\/de\/\"},{\"@type\":\"ListItem\",\"position\":2,\"name\":\"Shop\",\"item\":\"https:\/\/www.erresse-shop.it\/de\/shop\/\"},{\"@type\":\"ListItem\",\"position\":3,\"name\":\"STAUB Cocotte Rund 24 cm Kirschbl\u00fcte\"}]},{\"@type\":\"WebSite\",\"@id\":\"https:\/\/www.erresse-shop.it\/de\/#website\",\"url\":\"https:\/\/www.erresse-shop.it\/de\/\",\"name\":\"Erresse Shop\",\"description\":\"Articoli di qualit\u00e0 per la casa\",\"potentialAction\":[{\"@type\":\"SearchAction\",\"target\":{\"@type\":\"EntryPoint\",\"urlTemplate\":\"https:\/\/www.erresse-shop.it\/de\/?s={search_term_string}\"},\"query-input\":\"required name=search_term_string\"}],\"inLanguage\":\"de-DE\"}]}<\/script>\n<!-- \/ Yoast SEO Premium plugin. -->","yoast_head_json":{"title":"STAUB Cocotte Rund 24 cm Zimt","description":"Entdecken Sie STAUB Cocotte Rund 24 cm Zimt bei ErresseShop. Qualit\u00e4t, Stil und Funktionalit\u00e4t \u2013 jetzt online bestellen!","robots":{"index":"index","follow":"follow","max-snippet":"max-snippet:-1","max-image-preview":"max-image-preview:large","max-video-preview":"max-video-preview:-1"},"canonical":"https:\/\/www.erresse-shop.it\/de\/shop\/toepfe-pfannen\/schalldaempfer-und-kokotten\/staub-cocotte-rund-24-cm-eukalyptus-copia-2\/","og_locale":"de_DE","og_type":"article","og_title":"STAUB Cocotte Rund 24 cm Kirschbl\u00fcte","og_description":"Entdecken Sie STAUB Cocotte Rund 24 cm Zimt bei ErresseShop. Qualit\u00e4t, Stil und Funktionalit\u00e4t \u2013 jetzt online bestellen!","og_url":"https:\/\/www.erresse-shop.it\/de\/shop\/toepfe-pfannen\/schalldaempfer-und-kokotten\/staub-cocotte-rund-24-cm-eukalyptus-copia-2\/","og_site_name":"Erresse Shop","article_modified_time":"2025-09-09T21:10:08+00:00","og_image":[{"width":1200,"height":1200,"url":"https:\/\/www.erresse-shop.it\/wp-content\/uploads\/2025\/02\/STAUB-Cocotte-Tonda-24-cm-Fiore-di-ciliegio.jpg","type":"image\/jpeg"}],"twitter_card":"summary_large_image","schema":{"@context":"https:\/\/schema.org","@graph":[{"@type":"WebPage","@id":"https:\/\/www.erresse-shop.it\/de\/shop\/toepfe-pfannen\/schalldaempfer-und-kokotten\/staub-cocotte-rund-24-cm-eukalyptus-copia-2\/","url":"https:\/\/www.erresse-shop.it\/de\/shop\/toepfe-pfannen\/schalldaempfer-und-kokotten\/staub-cocotte-rund-24-cm-eukalyptus-copia-2\/","name":"STAUB Cocotte Rund 24 cm Zimt","isPartOf":{"@id":"https:\/\/www.erresse-shop.it\/de\/#website"},"datePublished":"2025-02-20T07:58:05+00:00","dateModified":"2025-09-09T21:10:08+00:00","description":"Entdecken Sie STAUB Cocotte Rund 24 cm Zimt bei ErresseShop. Qualit\u00e4t, Stil und Funktionalit\u00e4t \u2013 jetzt online bestellen!","breadcrumb":{"@id":"https:\/\/www.erresse-shop.it\/de\/shop\/toepfe-pfannen\/schalldaempfer-und-kokotten\/staub-cocotte-rund-24-cm-eukalyptus-copia-2\/#breadcrumb"},"inLanguage":"de-DE","potentialAction":[{"@type":"ReadAction","target":["https:\/\/www.erresse-shop.it\/de\/shop\/toepfe-pfannen\/schalldaempfer-und-kokotten\/staub-cocotte-rund-24-cm-eukalyptus-copia-2\/"]}]},{"@type":"BreadcrumbList","@id":"https:\/\/www.erresse-shop.it\/de\/shop\/toepfe-pfannen\/schalldaempfer-und-kokotten\/staub-cocotte-rund-24-cm-eukalyptus-copia-2\/#breadcrumb","itemListElement":[{"@type":"ListItem","position":1,"name":"Home","item":"https:\/\/www.erresse-shop.it\/de\/"},{"@type":"ListItem","position":2,"name":"Shop","item":"https:\/\/www.erresse-shop.it\/de\/shop\/"},{"@type":"ListItem","position":3,"name":"STAUB Cocotte Rund 24 cm Kirschbl\u00fcte"}]},{"@type":"WebSite","@id":"https:\/\/www.erresse-shop.it\/de\/#website","url":"https:\/\/www.erresse-shop.it\/de\/","name":"Erresse Shop","description":"Articoli di qualit\u00e0 per la casa","potentialAction":[{"@type":"SearchAction","target":{"@type":"EntryPoint","urlTemplate":"https:\/\/www.erresse-shop.it\/de\/?s={search_term_string}"},"query-input":"required name=search_term_string"}],"inLanguage":"de-DE"}]}},"df_price":179.95,"df_sale_price":179.95,"df_regular_price":279,"df_image_link":"https:\/\/www.erresse-shop.it\/wp-content\/uploads\/2025\/02\/STAUB-Cocotte-Tonda-24-cm-Fiore-di-ciliegio-300x300.jpg","_links":{"self":[{"href":"https:\/\/www.erresse-shop.it\/de\/wp-json\/wp\/v2\/product\/470245"}],"collection":[{"href":"https:\/\/www.erresse-shop.it\/de\/wp-json\/wp\/v2\/product"}],"about":[{"href":"https:\/\/www.erresse-shop.it\/de\/wp-json\/wp\/v2\/types\/product"}],"wp:featuredmedia":[{"embeddable":true,"href":"https:\/\/www.erresse-shop.it\/de\/wp-json\/wp\/v2\/media\/470285"}],"wp:attachment":[{"href":"https:\/\/www.erresse-shop.it\/de\/wp-json\/wp\/v2\/media?parent=470245"}],"wp:term":[{"taxonomy":"product_cat","embeddable":true,"href":"https:\/\/www.erresse-shop.it\/de\/wp-json\/wp\/v2\/product_cat?post=470245"},{"taxonomy":"product_tag","embeddable":true,"href":"https:\/\/www.erresse-shop.it\/de\/wp-json\/wp\/v2\/product_tag?post=470245"}],"curies":[{"name":"wp","href":"https:\/\/api.w.org\/{rel}","templated":true}]}}