{"id":470197,"date":"2025-02-20T07:40:33","date_gmt":"2025-02-20T07:40:34","guid":{"rendered":"https:\/\/www.erresse-shop.it\/?post_type=product&#038;p=470197"},"modified":"2025-02-20T07:53:06","modified_gmt":"2025-02-20T07:53:06","slug":"staub-cocotte-rund-24-cm-eukalyptus-copia","status":"publish","type":"product","link":"https:\/\/www.erresse-shop.it\/de\/shop\/toepfe-pfannen\/schalldaempfer-und-kokotten\/staub-cocotte-rund-24-cm-eukalyptus-copia\/","title":{"rendered":"STAUB Cocotte Rund 26 cm Eukalyptus"},"content":{"rendered":"<p>Der Eukalyptus-Br\u00e4ter aus der Serie La Cocotte von Staub, einer Marke, die f\u00fcr ihre hochwertigen Gusseisen-Br\u00e4ter bekannt ist, bringt Fr\u00f6hlichkeit in die K\u00fcche. Es ist mit allen herk\u00f6mmlichen Kochfeldern, einschlie\u00dflich Induktion, kompatibel und kann auch im Ofen verwendet werden. Mit einem Durchmesser von 26 cm und einem Fassungsverm\u00f6gen von 5,2 Litern ist er optimal zum Kochen f\u00fcr mehrere Personen oder f\u00fcr die ganze Familie geeignet. Das schlichte Design unterstreicht die Funktionalit\u00e4t. Der Deckel verf\u00fcgt \u00fcber eine spezielle Tropfstruktur, die das Kondenswasser w\u00e4hrend des Kochens gleichm\u00e4\u00dfig \u00fcber das Essen verteilt, sodass das Fleisch zart und das Gem\u00fcse saftig bleibt. Die seitlichen Griffe und der Knopf aus Gusseisen erleichtern das Bewegen, w\u00e4hrend die Emaille-Beschichtung f\u00fcr eine hervorragende W\u00e4rmeverteilung sorgt. So k\u00f6nnen Sie m\u00fchelos delikate und gesunde Gerichte zubereiten und die Reinigung ist einfach. Gusseisen gew\u00e4hrleistet effektives Schmoren und ist ideal f\u00fcr Gerichte wie Ratatouille und H\u00fchnchen in Wein, wobei die einzigartigen Eigenschaften des Materials ausgenutzt werden.<\/p>\n<ul>\n<li>Ideal zum Anbraten und langsamen Garen von Fleisch, Fisch oder Gem\u00fcse<\/li>\n<li>F\u00fcr ein saftiges und zartes Garergebnis dank Deckel<\/li>\n<li>Die mattschwarze Innenemaillierung eignet sich optimal f\u00fcr eine besonders knusprige Br\u00e4unung und ist sehr widerstandsf\u00e4hig<\/li>\n<li>F\u00fcr alle Herdarten geeignet, auch Induktion, auch f\u00fcr den Backofen\/Grill geeignet<\/li>\n<\/ul>\n<p>Eigenschaften<\/p>\n<ul>\n<li>Hitzebest\u00e4ndigkeit: 240\u00baC<\/li>\n<li>K\u00e4ltebest\u00e4ndigkeit: -20\u00baC<\/li>\n<li>Material: Gusseisen<\/li>\n<li>Innenbeschichtung: Emaille<\/li>\n<li>Induktion: Ja<\/li>\n<li>Backofenfest: Ja<\/li>\n<li>Gefrierschrankgeeignet: Ja<\/li>\n<li>Herdplattensicher: Ja<\/li>\n<li>Sp\u00fclmaschinenfest: Ja<\/li>\n<\/ul>\n<p>Gr\u00f6\u00dfe<\/p>\n<ul>\n<li class=\"attribute\"><span class=\"label\">Nettogewicht:<\/span><span class=\"value\">5,70 kg<\/span><\/li>\n<li class=\"attribute\"><span class=\"label\">Fassungsverm\u00f6gen:<\/span><span class=\"value\">5,25 l<\/span><\/li>\n<li class=\"attribute\"><span class=\"label\">Produktl\u00e4nge:<\/span><span class=\"value\">32,70 cm<\/span><\/li>\n<li class=\"attribute\"><span class=\"label\">Produktbreite:<\/span><span class=\"value\">26,00 cm<\/span><\/li>\n<li class=\"attribute\"><span class=\"label\">Produkth\u00f6he:<\/span><span class=\"value\">16,70 cm<\/span><\/li>\n<li class=\"attribute\"><span class=\"label\">H\u00f6he ohne Deckel:<\/span><span class=\"value\">11,80 cm<\/span><\/li>\n<li class=\"attribute\"><span class=\"label\">Oberer Durchmesser:<\/span><span class=\"value\">26,00 cm<\/span><\/li>\n<li class=\"attribute\"><span class=\"label\">Bodendurchmesser:<\/span><span class=\"value\">21,70 cm<\/span><\/li>\n<li class=\"attribute\"><span class=\"label\">Griffl\u00e4nge:<\/span><span class=\"value\">3,50 cm<\/span><\/li>\n<\/ul>\n","protected":false},"excerpt":{"rendered":"<p>Der Eukalyptus-Br\u00e4ter aus der Serie La Cocotte von Staub, einer Marke, die f\u00fcr ihre hochwertigen Gusseisen-Br\u00e4ter bekannt ist, bringt Fr\u00f6hlichkeit<\/p>\n","protected":false},"featured_media":470236,"template":"","meta":{"_acf_changed":false,"inline_featured_image":false},"product_cat":[6709,14793],"product_tag":[25088,11387,11381,11385,21533,12315,25022,12205],"acf":[],"yoast_head":"<!-- This site is optimized with the Yoast SEO Premium plugin v18.6 (Yoast SEO v19.13) - https:\/\/yoast.com\/wordpress\/plugins\/seo\/ -->\n<title>STAUB Cocotte Rund 24 cm Zimt<\/title>\n<meta name=\"description\" content=\"Entdecken Sie STAUB Cocotte Rund 24 cm Zimt bei ErresseShop. Qualit\u00e4t, Stil und Funktionalit\u00e4t \u2013 jetzt online bestellen!\" \/>\n<meta name=\"robots\" content=\"index, follow, max-snippet:-1, max-image-preview:large, max-video-preview:-1\" \/>\n<link rel=\"canonical\" href=\"https:\/\/www.erresse-shop.it\/de\/shop\/toepfe-pfannen\/schalldaempfer-und-kokotten\/staub-cocotte-rund-24-cm-eukalyptus-copia\/\" \/>\n<meta property=\"og:locale\" content=\"de_DE\" \/>\n<meta property=\"og:type\" content=\"article\" \/>\n<meta property=\"og:title\" content=\"STAUB Cocotte Rund 26 cm Eukalyptus\" \/>\n<meta property=\"og:description\" content=\"Entdecken Sie STAUB Cocotte Rund 24 cm Zimt bei ErresseShop. Qualit\u00e4t, Stil und Funktionalit\u00e4t \u2013 jetzt online bestellen!\" \/>\n<meta property=\"og:url\" content=\"https:\/\/www.erresse-shop.it\/de\/shop\/toepfe-pfannen\/schalldaempfer-und-kokotten\/staub-cocotte-rund-24-cm-eukalyptus-copia\/\" \/>\n<meta property=\"og:site_name\" content=\"Erresse Shop\" \/>\n<meta property=\"article:modified_time\" content=\"2025-02-20T07:53:06+00:00\" \/>\n<meta property=\"og:image\" content=\"https:\/\/www.erresse-shop.it\/wp-content\/uploads\/2025\/02\/STAUB-Cocotte-Tonda-26-cm-Eucalipto.jpg\" \/>\n\t<meta property=\"og:image:width\" content=\"1200\" \/>\n\t<meta property=\"og:image:height\" content=\"1200\" \/>\n\t<meta property=\"og:image:type\" content=\"image\/jpeg\" \/>\n<meta name=\"twitter:card\" content=\"summary_large_image\" \/>\n<script type=\"application\/ld+json\" class=\"yoast-schema-graph\">{\"@context\":\"https:\/\/schema.org\",\"@graph\":[{\"@type\":\"WebPage\",\"@id\":\"https:\/\/www.erresse-shop.it\/de\/shop\/toepfe-pfannen\/schalldaempfer-und-kokotten\/staub-cocotte-rund-24-cm-eukalyptus-copia\/\",\"url\":\"https:\/\/www.erresse-shop.it\/de\/shop\/toepfe-pfannen\/schalldaempfer-und-kokotten\/staub-cocotte-rund-24-cm-eukalyptus-copia\/\",\"name\":\"STAUB Cocotte Rund 24 cm Zimt\",\"isPartOf\":{\"@id\":\"https:\/\/www.erresse-shop.it\/de\/#website\"},\"datePublished\":\"2025-02-20T07:40:34+00:00\",\"dateModified\":\"2025-02-20T07:53:06+00:00\",\"description\":\"Entdecken Sie STAUB Cocotte Rund 24 cm Zimt bei ErresseShop. Qualit\u00e4t, Stil und Funktionalit\u00e4t \u2013 jetzt online bestellen!\",\"breadcrumb\":{\"@id\":\"https:\/\/www.erresse-shop.it\/de\/shop\/toepfe-pfannen\/schalldaempfer-und-kokotten\/staub-cocotte-rund-24-cm-eukalyptus-copia\/#breadcrumb\"},\"inLanguage\":\"de-DE\",\"potentialAction\":[{\"@type\":\"ReadAction\",\"target\":[\"https:\/\/www.erresse-shop.it\/de\/shop\/toepfe-pfannen\/schalldaempfer-und-kokotten\/staub-cocotte-rund-24-cm-eukalyptus-copia\/\"]}]},{\"@type\":\"BreadcrumbList\",\"@id\":\"https:\/\/www.erresse-shop.it\/de\/shop\/toepfe-pfannen\/schalldaempfer-und-kokotten\/staub-cocotte-rund-24-cm-eukalyptus-copia\/#breadcrumb\",\"itemListElement\":[{\"@type\":\"ListItem\",\"position\":1,\"name\":\"Home\",\"item\":\"https:\/\/www.erresse-shop.it\/de\/\"},{\"@type\":\"ListItem\",\"position\":2,\"name\":\"Shop\",\"item\":\"https:\/\/www.erresse-shop.it\/de\/shop\/\"},{\"@type\":\"ListItem\",\"position\":3,\"name\":\"STAUB Cocotte Rund 26 cm Eukalyptus\"}]},{\"@type\":\"WebSite\",\"@id\":\"https:\/\/www.erresse-shop.it\/de\/#website\",\"url\":\"https:\/\/www.erresse-shop.it\/de\/\",\"name\":\"Erresse Shop\",\"description\":\"Articoli di qualit\u00e0 per la casa\",\"potentialAction\":[{\"@type\":\"SearchAction\",\"target\":{\"@type\":\"EntryPoint\",\"urlTemplate\":\"https:\/\/www.erresse-shop.it\/de\/?s={search_term_string}\"},\"query-input\":\"required name=search_term_string\"}],\"inLanguage\":\"de-DE\"}]}<\/script>\n<!-- \/ Yoast SEO Premium plugin. -->","yoast_head_json":{"title":"STAUB Cocotte Rund 24 cm Zimt","description":"Entdecken Sie STAUB Cocotte Rund 24 cm Zimt bei ErresseShop. Qualit\u00e4t, Stil und Funktionalit\u00e4t \u2013 jetzt online bestellen!","robots":{"index":"index","follow":"follow","max-snippet":"max-snippet:-1","max-image-preview":"max-image-preview:large","max-video-preview":"max-video-preview:-1"},"canonical":"https:\/\/www.erresse-shop.it\/de\/shop\/toepfe-pfannen\/schalldaempfer-und-kokotten\/staub-cocotte-rund-24-cm-eukalyptus-copia\/","og_locale":"de_DE","og_type":"article","og_title":"STAUB Cocotte Rund 26 cm Eukalyptus","og_description":"Entdecken Sie STAUB Cocotte Rund 24 cm Zimt bei ErresseShop. Qualit\u00e4t, Stil und Funktionalit\u00e4t \u2013 jetzt online bestellen!","og_url":"https:\/\/www.erresse-shop.it\/de\/shop\/toepfe-pfannen\/schalldaempfer-und-kokotten\/staub-cocotte-rund-24-cm-eukalyptus-copia\/","og_site_name":"Erresse Shop","article_modified_time":"2025-02-20T07:53:06+00:00","og_image":[{"width":1200,"height":1200,"url":"https:\/\/www.erresse-shop.it\/wp-content\/uploads\/2025\/02\/STAUB-Cocotte-Tonda-26-cm-Eucalipto.jpg","type":"image\/jpeg"}],"twitter_card":"summary_large_image","schema":{"@context":"https:\/\/schema.org","@graph":[{"@type":"WebPage","@id":"https:\/\/www.erresse-shop.it\/de\/shop\/toepfe-pfannen\/schalldaempfer-und-kokotten\/staub-cocotte-rund-24-cm-eukalyptus-copia\/","url":"https:\/\/www.erresse-shop.it\/de\/shop\/toepfe-pfannen\/schalldaempfer-und-kokotten\/staub-cocotte-rund-24-cm-eukalyptus-copia\/","name":"STAUB Cocotte Rund 24 cm Zimt","isPartOf":{"@id":"https:\/\/www.erresse-shop.it\/de\/#website"},"datePublished":"2025-02-20T07:40:34+00:00","dateModified":"2025-02-20T07:53:06+00:00","description":"Entdecken Sie STAUB Cocotte Rund 24 cm Zimt bei ErresseShop. Qualit\u00e4t, Stil und Funktionalit\u00e4t \u2013 jetzt online bestellen!","breadcrumb":{"@id":"https:\/\/www.erresse-shop.it\/de\/shop\/toepfe-pfannen\/schalldaempfer-und-kokotten\/staub-cocotte-rund-24-cm-eukalyptus-copia\/#breadcrumb"},"inLanguage":"de-DE","potentialAction":[{"@type":"ReadAction","target":["https:\/\/www.erresse-shop.it\/de\/shop\/toepfe-pfannen\/schalldaempfer-und-kokotten\/staub-cocotte-rund-24-cm-eukalyptus-copia\/"]}]},{"@type":"BreadcrumbList","@id":"https:\/\/www.erresse-shop.it\/de\/shop\/toepfe-pfannen\/schalldaempfer-und-kokotten\/staub-cocotte-rund-24-cm-eukalyptus-copia\/#breadcrumb","itemListElement":[{"@type":"ListItem","position":1,"name":"Home","item":"https:\/\/www.erresse-shop.it\/de\/"},{"@type":"ListItem","position":2,"name":"Shop","item":"https:\/\/www.erresse-shop.it\/de\/shop\/"},{"@type":"ListItem","position":3,"name":"STAUB Cocotte Rund 26 cm Eukalyptus"}]},{"@type":"WebSite","@id":"https:\/\/www.erresse-shop.it\/de\/#website","url":"https:\/\/www.erresse-shop.it\/de\/","name":"Erresse Shop","description":"Articoli di qualit\u00e0 per la casa","potentialAction":[{"@type":"SearchAction","target":{"@type":"EntryPoint","urlTemplate":"https:\/\/www.erresse-shop.it\/de\/?s={search_term_string}"},"query-input":"required name=search_term_string"}],"inLanguage":"de-DE"}]}},"df_price":159.5,"df_sale_price":159.5,"df_regular_price":319,"df_image_link":"https:\/\/www.erresse-shop.it\/wp-content\/uploads\/2025\/02\/STAUB-Cocotte-Tonda-26-cm-Eucalipto-300x300.jpg","_links":{"self":[{"href":"https:\/\/www.erresse-shop.it\/de\/wp-json\/wp\/v2\/product\/470197"}],"collection":[{"href":"https:\/\/www.erresse-shop.it\/de\/wp-json\/wp\/v2\/product"}],"about":[{"href":"https:\/\/www.erresse-shop.it\/de\/wp-json\/wp\/v2\/types\/product"}],"wp:featuredmedia":[{"embeddable":true,"href":"https:\/\/www.erresse-shop.it\/de\/wp-json\/wp\/v2\/media\/470236"}],"wp:attachment":[{"href":"https:\/\/www.erresse-shop.it\/de\/wp-json\/wp\/v2\/media?parent=470197"}],"wp:term":[{"taxonomy":"product_cat","embeddable":true,"href":"https:\/\/www.erresse-shop.it\/de\/wp-json\/wp\/v2\/product_cat?post=470197"},{"taxonomy":"product_tag","embeddable":true,"href":"https:\/\/www.erresse-shop.it\/de\/wp-json\/wp\/v2\/product_tag?post=470197"}],"curies":[{"name":"wp","href":"https:\/\/api.w.org\/{rel}","templated":true}]}}