{"id":470149,"date":"2025-02-20T07:16:57","date_gmt":"2025-02-20T07:16:59","guid":{"rendered":"https:\/\/www.erresse-shop.it\/?post_type=product&#038;p=470149"},"modified":"2025-02-20T07:37:43","modified_gmt":"2025-02-20T07:37:43","slug":"staub-cocotte-rund-24-cm-zimt-copia","status":"publish","type":"product","link":"https:\/\/www.erresse-shop.it\/de\/shop\/toepfe-pfannen\/schalldaempfer-und-kokotten\/staub-cocotte-rund-24-cm-zimt-copia\/","title":{"rendered":"STAUB Cocotte Rund 24 cm Eukalyptus"},"content":{"rendered":"<p>Verleihen Sie Ihrer K\u00fcche mit der neuen Farbe Eukalyptus einen Hauch von Lebendigkeit. Frisch und au\u00dfergew\u00f6hnlich passt es zu zahlreichen Einrichtungsstilen. Mit einem Fassungsverm\u00f6gen von 3,8 Litern und einem Durchmesser von 24 cm ist die runde Cocotte perfekt zum Kochen f\u00fcr die Familie geeignet. Auch zum Brotbacken ist er ideal geeignet, denn er erm\u00f6glicht Ihnen, einen perfekt runden Laib zu erhalten. Es besteht aus hochwertigem Gusseisen und verteilt und speichert die W\u00e4rme gleichm\u00e4\u00dfig. Der dicht schlie\u00dfende Deckel mit Aromaregen-Struktur f\u00e4ngt Kondenswasser auf und gibt es an das Gargut ab und sorgt so f\u00fcr saftige und schmackhafte Gerichte. Um Ihre Gerichte noch weiter zu verfeinern, geben Sie frische Kr\u00e4uter wie Salbei, Lorbeer oder Thymian hinzu. Die Cocotte ist vielseitig und f\u00fcr alle Kochmethoden geeignet, auch f\u00fcr den Backofen. Sie k\u00f6nnen ein Schweinefilet auf dem Herd anbraten und es f\u00fcr eine perfekte Br\u00e4unung in den Ofen geben. Verwendbar von -20\u00b0C bis 250\u00b0C, langsames Erhitzen, Handhabung mit Ofenhandschuhen und K\u00fcchenutensilien aus Holz oder Silikon ratsam.<\/p>\n<ul>\n<li>Ideal zum Anbraten und langsamen Garen von Fleisch, Fisch oder Gem\u00fcse<\/li>\n<li>F\u00fcr ein saftiges und zartes Garergebnis dank Deckel<\/li>\n<li>Die mattschwarze Innenemaillierung eignet sich optimal f\u00fcr eine besonders knusprige Br\u00e4unung und ist sehr widerstandsf\u00e4hig<\/li>\n<li>F\u00fcr alle Herdarten geeignet, auch Induktion, auch f\u00fcr den Backofen\/Grill geeignet<\/li>\n<\/ul>\n<p>Eigenschaften<\/p>\n<ul>\n<li>Hitzebest\u00e4ndigkeit: 240\u00baC<\/li>\n<li>K\u00e4ltebest\u00e4ndigkeit: -20\u00baC<\/li>\n<li>Material: Gusseisen<\/li>\n<li>Innenbeschichtung: Emaille<\/li>\n<li>Induktion: Ja<\/li>\n<li>Backofenfest: Ja<\/li>\n<li>Gefrierschrankgeeignet: Ja<\/li>\n<li>Herdplattensicher: Ja<\/li>\n<li>Sp\u00fclmaschinenfest: Ja<\/li>\n<\/ul>\n<p>Gr\u00f6\u00dfe<\/p>\n<ul>\n<li>Nettogewicht: 4,74 kg<\/li>\n<li>Fassungsverm\u00f6gen: 3,70 l<\/li>\n<li>Produktl\u00e4nge: 30,30 cm<\/li>\n<li>Produktbreite: 24,00 cm<\/li>\n<li>Produkth\u00f6he: 15,30 cm<\/li>\n<li>H\u00f6he ohne Deckel: 10,50 cm<\/li>\n<li>Oberer Durchmesser: 24,00 cm<\/li>\n<li>Bodendurchmesser: 19,20 cm<\/li>\n<li>Griffl\u00e4nge: 3,00 cm<\/li>\n<\/ul>\n","protected":false},"excerpt":{"rendered":"<p>Verleihen Sie Ihrer K\u00fcche mit der neuen Farbe Eukalyptus einen Hauch von Lebendigkeit. Frisch und au\u00dfergew\u00f6hnlich passt es zu zahlreichen<\/p>\n","protected":false},"featured_media":470188,"template":"","meta":{"_acf_changed":false,"inline_featured_image":false},"product_cat":[6709,14793],"product_tag":[25088,11387,11381,11385,21533,12315,25022,12205],"acf":[],"yoast_head":"<!-- This site is optimized with the Yoast SEO Premium plugin v18.6 (Yoast SEO v19.13) - https:\/\/yoast.com\/wordpress\/plugins\/seo\/ -->\n<title>STAUB Cocotte Rund 24 cm Zimt<\/title>\n<meta name=\"description\" content=\"Entdecken Sie STAUB Cocotte Rund 24 cm Zimt bei ErresseShop. Qualit\u00e4t, Stil und Funktionalit\u00e4t \u2013 jetzt online bestellen!\" \/>\n<meta name=\"robots\" content=\"index, follow, max-snippet:-1, max-image-preview:large, max-video-preview:-1\" \/>\n<link rel=\"canonical\" href=\"https:\/\/www.erresse-shop.it\/de\/shop\/toepfe-pfannen\/schalldaempfer-und-kokotten\/staub-cocotte-rund-24-cm-zimt-copia\/\" \/>\n<meta property=\"og:locale\" content=\"de_DE\" \/>\n<meta property=\"og:type\" content=\"article\" \/>\n<meta property=\"og:title\" content=\"STAUB Cocotte Rund 24 cm Eukalyptus\" \/>\n<meta property=\"og:description\" content=\"Entdecken Sie STAUB Cocotte Rund 24 cm Zimt bei ErresseShop. Qualit\u00e4t, Stil und Funktionalit\u00e4t \u2013 jetzt online bestellen!\" \/>\n<meta property=\"og:url\" content=\"https:\/\/www.erresse-shop.it\/de\/shop\/toepfe-pfannen\/schalldaempfer-und-kokotten\/staub-cocotte-rund-24-cm-zimt-copia\/\" \/>\n<meta property=\"og:site_name\" content=\"Erresse Shop\" \/>\n<meta property=\"article:modified_time\" content=\"2025-02-20T07:37:43+00:00\" \/>\n<meta property=\"og:image\" content=\"https:\/\/www.erresse-shop.it\/wp-content\/uploads\/2025\/02\/STAUB-Cocotte-Tonda-24-cm-Eucalipto.jpg\" \/>\n\t<meta property=\"og:image:width\" content=\"1200\" \/>\n\t<meta property=\"og:image:height\" content=\"1200\" \/>\n\t<meta property=\"og:image:type\" content=\"image\/jpeg\" \/>\n<meta name=\"twitter:card\" content=\"summary_large_image\" \/>\n<script type=\"application\/ld+json\" class=\"yoast-schema-graph\">{\"@context\":\"https:\/\/schema.org\",\"@graph\":[{\"@type\":\"WebPage\",\"@id\":\"https:\/\/www.erresse-shop.it\/de\/shop\/toepfe-pfannen\/schalldaempfer-und-kokotten\/staub-cocotte-rund-24-cm-zimt-copia\/\",\"url\":\"https:\/\/www.erresse-shop.it\/de\/shop\/toepfe-pfannen\/schalldaempfer-und-kokotten\/staub-cocotte-rund-24-cm-zimt-copia\/\",\"name\":\"STAUB Cocotte Rund 24 cm Zimt\",\"isPartOf\":{\"@id\":\"https:\/\/www.erresse-shop.it\/de\/#website\"},\"datePublished\":\"2025-02-20T07:16:59+00:00\",\"dateModified\":\"2025-02-20T07:37:43+00:00\",\"description\":\"Entdecken Sie STAUB Cocotte Rund 24 cm Zimt bei ErresseShop. Qualit\u00e4t, Stil und Funktionalit\u00e4t \u2013 jetzt online bestellen!\",\"breadcrumb\":{\"@id\":\"https:\/\/www.erresse-shop.it\/de\/shop\/toepfe-pfannen\/schalldaempfer-und-kokotten\/staub-cocotte-rund-24-cm-zimt-copia\/#breadcrumb\"},\"inLanguage\":\"de-DE\",\"potentialAction\":[{\"@type\":\"ReadAction\",\"target\":[\"https:\/\/www.erresse-shop.it\/de\/shop\/toepfe-pfannen\/schalldaempfer-und-kokotten\/staub-cocotte-rund-24-cm-zimt-copia\/\"]}]},{\"@type\":\"BreadcrumbList\",\"@id\":\"https:\/\/www.erresse-shop.it\/de\/shop\/toepfe-pfannen\/schalldaempfer-und-kokotten\/staub-cocotte-rund-24-cm-zimt-copia\/#breadcrumb\",\"itemListElement\":[{\"@type\":\"ListItem\",\"position\":1,\"name\":\"Home\",\"item\":\"https:\/\/www.erresse-shop.it\/de\/\"},{\"@type\":\"ListItem\",\"position\":2,\"name\":\"Shop\",\"item\":\"https:\/\/www.erresse-shop.it\/de\/shop\/\"},{\"@type\":\"ListItem\",\"position\":3,\"name\":\"STAUB Cocotte Rund 24 cm Eukalyptus\"}]},{\"@type\":\"WebSite\",\"@id\":\"https:\/\/www.erresse-shop.it\/de\/#website\",\"url\":\"https:\/\/www.erresse-shop.it\/de\/\",\"name\":\"Erresse Shop\",\"description\":\"Articoli di qualit\u00e0 per la casa\",\"potentialAction\":[{\"@type\":\"SearchAction\",\"target\":{\"@type\":\"EntryPoint\",\"urlTemplate\":\"https:\/\/www.erresse-shop.it\/de\/?s={search_term_string}\"},\"query-input\":\"required name=search_term_string\"}],\"inLanguage\":\"de-DE\"}]}<\/script>\n<!-- \/ Yoast SEO Premium plugin. -->","yoast_head_json":{"title":"STAUB Cocotte Rund 24 cm Zimt","description":"Entdecken Sie STAUB Cocotte Rund 24 cm Zimt bei ErresseShop. Qualit\u00e4t, Stil und Funktionalit\u00e4t \u2013 jetzt online bestellen!","robots":{"index":"index","follow":"follow","max-snippet":"max-snippet:-1","max-image-preview":"max-image-preview:large","max-video-preview":"max-video-preview:-1"},"canonical":"https:\/\/www.erresse-shop.it\/de\/shop\/toepfe-pfannen\/schalldaempfer-und-kokotten\/staub-cocotte-rund-24-cm-zimt-copia\/","og_locale":"de_DE","og_type":"article","og_title":"STAUB Cocotte Rund 24 cm Eukalyptus","og_description":"Entdecken Sie STAUB Cocotte Rund 24 cm Zimt bei ErresseShop. Qualit\u00e4t, Stil und Funktionalit\u00e4t \u2013 jetzt online bestellen!","og_url":"https:\/\/www.erresse-shop.it\/de\/shop\/toepfe-pfannen\/schalldaempfer-und-kokotten\/staub-cocotte-rund-24-cm-zimt-copia\/","og_site_name":"Erresse Shop","article_modified_time":"2025-02-20T07:37:43+00:00","og_image":[{"width":1200,"height":1200,"url":"https:\/\/www.erresse-shop.it\/wp-content\/uploads\/2025\/02\/STAUB-Cocotte-Tonda-24-cm-Eucalipto.jpg","type":"image\/jpeg"}],"twitter_card":"summary_large_image","schema":{"@context":"https:\/\/schema.org","@graph":[{"@type":"WebPage","@id":"https:\/\/www.erresse-shop.it\/de\/shop\/toepfe-pfannen\/schalldaempfer-und-kokotten\/staub-cocotte-rund-24-cm-zimt-copia\/","url":"https:\/\/www.erresse-shop.it\/de\/shop\/toepfe-pfannen\/schalldaempfer-und-kokotten\/staub-cocotte-rund-24-cm-zimt-copia\/","name":"STAUB Cocotte Rund 24 cm Zimt","isPartOf":{"@id":"https:\/\/www.erresse-shop.it\/de\/#website"},"datePublished":"2025-02-20T07:16:59+00:00","dateModified":"2025-02-20T07:37:43+00:00","description":"Entdecken Sie STAUB Cocotte Rund 24 cm Zimt bei ErresseShop. Qualit\u00e4t, Stil und Funktionalit\u00e4t \u2013 jetzt online bestellen!","breadcrumb":{"@id":"https:\/\/www.erresse-shop.it\/de\/shop\/toepfe-pfannen\/schalldaempfer-und-kokotten\/staub-cocotte-rund-24-cm-zimt-copia\/#breadcrumb"},"inLanguage":"de-DE","potentialAction":[{"@type":"ReadAction","target":["https:\/\/www.erresse-shop.it\/de\/shop\/toepfe-pfannen\/schalldaempfer-und-kokotten\/staub-cocotte-rund-24-cm-zimt-copia\/"]}]},{"@type":"BreadcrumbList","@id":"https:\/\/www.erresse-shop.it\/de\/shop\/toepfe-pfannen\/schalldaempfer-und-kokotten\/staub-cocotte-rund-24-cm-zimt-copia\/#breadcrumb","itemListElement":[{"@type":"ListItem","position":1,"name":"Home","item":"https:\/\/www.erresse-shop.it\/de\/"},{"@type":"ListItem","position":2,"name":"Shop","item":"https:\/\/www.erresse-shop.it\/de\/shop\/"},{"@type":"ListItem","position":3,"name":"STAUB Cocotte Rund 24 cm Eukalyptus"}]},{"@type":"WebSite","@id":"https:\/\/www.erresse-shop.it\/de\/#website","url":"https:\/\/www.erresse-shop.it\/de\/","name":"Erresse Shop","description":"Articoli di qualit\u00e0 per la casa","potentialAction":[{"@type":"SearchAction","target":{"@type":"EntryPoint","urlTemplate":"https:\/\/www.erresse-shop.it\/de\/?s={search_term_string}"},"query-input":"required name=search_term_string"}],"inLanguage":"de-DE"}]}},"df_price":139.5,"df_sale_price":139.5,"df_regular_price":279,"df_image_link":"https:\/\/www.erresse-shop.it\/wp-content\/uploads\/2025\/02\/STAUB-Cocotte-Tonda-24-cm-Eucalipto-300x300.jpg","_links":{"self":[{"href":"https:\/\/www.erresse-shop.it\/de\/wp-json\/wp\/v2\/product\/470149"}],"collection":[{"href":"https:\/\/www.erresse-shop.it\/de\/wp-json\/wp\/v2\/product"}],"about":[{"href":"https:\/\/www.erresse-shop.it\/de\/wp-json\/wp\/v2\/types\/product"}],"wp:featuredmedia":[{"embeddable":true,"href":"https:\/\/www.erresse-shop.it\/de\/wp-json\/wp\/v2\/media\/470188"}],"wp:attachment":[{"href":"https:\/\/www.erresse-shop.it\/de\/wp-json\/wp\/v2\/media?parent=470149"}],"wp:term":[{"taxonomy":"product_cat","embeddable":true,"href":"https:\/\/www.erresse-shop.it\/de\/wp-json\/wp\/v2\/product_cat?post=470149"},{"taxonomy":"product_tag","embeddable":true,"href":"https:\/\/www.erresse-shop.it\/de\/wp-json\/wp\/v2\/product_tag?post=470149"}],"curies":[{"name":"wp","href":"https:\/\/api.w.org\/{rel}","templated":true}]}}