{"id":470129,"date":"2025-02-20T06:53:31","date_gmt":"2025-02-20T06:53:33","guid":{"rendered":"https:\/\/www.erresse-shop.it\/?post_type=product&#038;p=470129"},"modified":"2025-02-20T07:10:47","modified_gmt":"2025-02-20T07:10:47","slug":"zwilling-gourmet-messer-set-2-copia","status":"publish","type":"product","link":"https:\/\/www.erresse-shop.it\/de\/shop\/kuche\/messer\/zwilling-gourmet-messer-set-2-copia\/","title":{"rendered":"ZWILLING Gourmet-Messerset mit braunem Block"},"content":{"rendered":"<p>Scharfe Messer sind sichere Messer. Deshalb garantiert der ZWILLING SharpBlock Messerblock aus der Serie GOURMET mit KIS (Keep It Sharp)-Technologie optimale Sch\u00e4rfe bei jedem Gebrauch. So ben\u00f6tigen Sie weniger Kraft und verrutschen nicht. Der Selbstsch\u00e4rfeinsatz befreit Sie vom manuellen Sch\u00e4rfen und sch\u00fctzt die Messer vor Besch\u00e4digungen. Das Geheimnis des Blocks bleibt im Inneren gewahrt: In den F\u00e4chern f\u00fcr die Messer mit glatter Klinge (Spick-, Tranchier- und Kochmesser) sind zwei Keramikr\u00e4dchen integriert, die im optimalen Schleifwinkel positioniert sind. Bei jedem Einlegen oder Entnehmen eines GOURMET-Messers aus dem Block wird die Klinge automatisch wieder gesch\u00e4rft. F\u00fcr stets scharfe und einsatzbereite Messer. Dank der edlen Eschenoptik mit charakteristischer Maserung und dem Edelstahl-Finish f\u00fcr erh\u00f6hte Langlebigkeit ist der 7-teilige Messerblock ein Blickfang in jeder K\u00fcche.<\/p>\n<div Klasse=\"Dimensions-Inhalt\">\n<div Klasse=\"Produkt-Hauptattribute\">\n<div id=\"js-pdp-accordion\" class=\"pdp-accordion mt-4 ui-accordion ui-widget ui-helper-reset\" role=\"tablist\">\n<div id=\"ui-id-4\" class=\"ui-accordion-content ui-corner-bottom ui-helper-reset ui-widget-content ui-accordion-content-active\" role=\"tabpanel\" aria-labelledby=\"ui-id-3\" aria-hidden=\"false\">\n<div Klasse=\"Dimensions-Inhalt\">\n<p><span class=\"dimensions\">Funktionen<\/span><\/p>\n<div Klasse=\"Produkt-Hauptattribute\">\n<ul>\n<li class=\"attribute\"><span class=\"label\">Schaftmaterial: Holz<\/span><\/li>\n<li class=\"attribute\"><span class=\"label\">Herstellungsmethode:<\/span><span class=\"value\">Laserschnitt<\/span><\/li>\n<li class=\"attribute\"><span class=\"label\">Anzahl der Teile: 7<\/span><\/li>\n<li class=\"attribute\"><span class=\"label\">Grifffarbe:<\/span><span class=\"value\">schwarz<\/span><\/li>\n<li class=\"attribute\"><span class=\"label\">Griffmaterial:<\/span><span class=\"value\">Kunststoff<\/span><\/li>\n<\/ul>\n<\/div>\n<\/div>\n<div Klasse=\"Dimensions-Inhalt\">\n<p><span class=\"dimensions\">GR\u00d6SSE<\/span><\/p>\n<div Klasse=\"Produkt-Hauptattribute\">\n<ul>\n<li class=\"attribute\"><span class=\"label\">Nettogewicht: 2,51 kg<\/span><\/li>\n<li class=\"attribute\"><span class=\"label\">Produktl\u00e4nge: <\/span><span class=\"value\">41 cm<\/span><\/li>\n<li class=\"attribute\"><span class=\"label\">Produktbreite: 17<\/span><span class=\"value\">,50 cm<\/span><\/li>\n<li class=\"attribute\"><span class=\"label\">Produkth\u00f6he: 20<\/span><span class=\"value\">,00 cm<\/span><\/li>\n<\/ul>\n<\/div>\n<\/div>\n<\/div>\n<\/div>\n<\/div>\n<\/div>\n","protected":false},"excerpt":{"rendered":"<p>Als Pionier auf dem Gebiet der Premium-Bestecke stellt ZWILLING J.A. Henckels seit 1731 Messer von herausragender Qualit\u00e4t her.<\/p>\n","protected":false},"featured_media":470143,"template":"","meta":{"_acf_changed":false,"inline_featured_image":false},"product_cat":[6742,6706,6763],"product_tag":[11395,11407,11397,11529,11405,11427,17316,14044,15405],"acf":[],"yoast_head":"<!-- This site is optimized with the Yoast SEO Premium plugin v18.6 (Yoast SEO v19.13) - https:\/\/yoast.com\/wordpress\/plugins\/seo\/ -->\n<title>ZWILLING Gourmet-Messerset mit braunem Block - Erresse Shop<\/title>\n<meta name=\"description\" content=\"Als Pionier auf dem Gebiet der Premium-Bestecke stellt ZWILLING J.A. Henckels seit 1731 Messer von herausragender Qualit\u00e4t her.\" \/>\n<meta name=\"robots\" content=\"index, follow, max-snippet:-1, max-image-preview:large, max-video-preview:-1\" \/>\n<link rel=\"canonical\" href=\"https:\/\/www.erresse-shop.it\/de\/shop\/kuche\/messer\/zwilling-gourmet-messer-set-2-copia\/\" \/>\n<meta property=\"og:locale\" content=\"de_DE\" \/>\n<meta property=\"og:type\" content=\"article\" \/>\n<meta property=\"og:title\" content=\"ZWILLING Gourmet-Messerset mit braunem Block\" \/>\n<meta property=\"og:description\" content=\"Als Pionier auf dem Gebiet der Premium-Bestecke stellt ZWILLING J.A. Henckels seit 1731 Messer von herausragender Qualit\u00e4t her.\" \/>\n<meta property=\"og:url\" content=\"https:\/\/www.erresse-shop.it\/de\/shop\/kuche\/messer\/zwilling-gourmet-messer-set-2-copia\/\" \/>\n<meta property=\"og:site_name\" content=\"Erresse Shop\" \/>\n<meta property=\"article:modified_time\" content=\"2025-02-20T07:10:47+00:00\" \/>\n<meta property=\"og:image\" content=\"https:\/\/www.erresse-shop.it\/wp-content\/uploads\/2025\/02\/ZWILLING-Set-Coltelli-Gourmet-con-Ceppo-Marrone.jpg\" \/>\n\t<meta property=\"og:image:width\" content=\"1200\" \/>\n\t<meta property=\"og:image:height\" content=\"1200\" \/>\n\t<meta property=\"og:image:type\" content=\"image\/jpeg\" \/>\n<meta name=\"twitter:card\" content=\"summary_large_image\" \/>\n<script type=\"application\/ld+json\" class=\"yoast-schema-graph\">{\"@context\":\"https:\/\/schema.org\",\"@graph\":[{\"@type\":\"WebPage\",\"@id\":\"https:\/\/www.erresse-shop.it\/de\/shop\/kuche\/messer\/zwilling-gourmet-messer-set-2-copia\/\",\"url\":\"https:\/\/www.erresse-shop.it\/de\/shop\/kuche\/messer\/zwilling-gourmet-messer-set-2-copia\/\",\"name\":\"ZWILLING Gourmet-Messerset mit braunem Block - Erresse Shop\",\"isPartOf\":{\"@id\":\"https:\/\/www.erresse-shop.it\/de\/#website\"},\"datePublished\":\"2025-02-20T06:53:33+00:00\",\"dateModified\":\"2025-02-20T07:10:47+00:00\",\"description\":\"Als Pionier auf dem Gebiet der Premium-Bestecke stellt ZWILLING J.A. Henckels seit 1731 Messer von herausragender Qualit\u00e4t her.\",\"breadcrumb\":{\"@id\":\"https:\/\/www.erresse-shop.it\/de\/shop\/kuche\/messer\/zwilling-gourmet-messer-set-2-copia\/#breadcrumb\"},\"inLanguage\":\"de-DE\",\"potentialAction\":[{\"@type\":\"ReadAction\",\"target\":[\"https:\/\/www.erresse-shop.it\/de\/shop\/kuche\/messer\/zwilling-gourmet-messer-set-2-copia\/\"]}]},{\"@type\":\"BreadcrumbList\",\"@id\":\"https:\/\/www.erresse-shop.it\/de\/shop\/kuche\/messer\/zwilling-gourmet-messer-set-2-copia\/#breadcrumb\",\"itemListElement\":[{\"@type\":\"ListItem\",\"position\":1,\"name\":\"Home\",\"item\":\"https:\/\/www.erresse-shop.it\/de\/\"},{\"@type\":\"ListItem\",\"position\":2,\"name\":\"Shop\",\"item\":\"https:\/\/www.erresse-shop.it\/de\/shop\/\"},{\"@type\":\"ListItem\",\"position\":3,\"name\":\"ZWILLING Gourmet-Messerset mit braunem Block\"}]},{\"@type\":\"WebSite\",\"@id\":\"https:\/\/www.erresse-shop.it\/de\/#website\",\"url\":\"https:\/\/www.erresse-shop.it\/de\/\",\"name\":\"Erresse Shop\",\"description\":\"Articoli di qualit\u00e0 per la casa\",\"potentialAction\":[{\"@type\":\"SearchAction\",\"target\":{\"@type\":\"EntryPoint\",\"urlTemplate\":\"https:\/\/www.erresse-shop.it\/de\/?s={search_term_string}\"},\"query-input\":\"required name=search_term_string\"}],\"inLanguage\":\"de-DE\"}]}<\/script>\n<!-- \/ Yoast SEO Premium plugin. -->","yoast_head_json":{"title":"ZWILLING Gourmet-Messerset mit braunem Block - Erresse Shop","description":"Als Pionier auf dem Gebiet der Premium-Bestecke stellt ZWILLING J.A. Henckels seit 1731 Messer von herausragender Qualit\u00e4t her.","robots":{"index":"index","follow":"follow","max-snippet":"max-snippet:-1","max-image-preview":"max-image-preview:large","max-video-preview":"max-video-preview:-1"},"canonical":"https:\/\/www.erresse-shop.it\/de\/shop\/kuche\/messer\/zwilling-gourmet-messer-set-2-copia\/","og_locale":"de_DE","og_type":"article","og_title":"ZWILLING Gourmet-Messerset mit braunem Block","og_description":"Als Pionier auf dem Gebiet der Premium-Bestecke stellt ZWILLING J.A. Henckels seit 1731 Messer von herausragender Qualit\u00e4t her.","og_url":"https:\/\/www.erresse-shop.it\/de\/shop\/kuche\/messer\/zwilling-gourmet-messer-set-2-copia\/","og_site_name":"Erresse Shop","article_modified_time":"2025-02-20T07:10:47+00:00","og_image":[{"width":1200,"height":1200,"url":"https:\/\/www.erresse-shop.it\/wp-content\/uploads\/2025\/02\/ZWILLING-Set-Coltelli-Gourmet-con-Ceppo-Marrone.jpg","type":"image\/jpeg"}],"twitter_card":"summary_large_image","schema":{"@context":"https:\/\/schema.org","@graph":[{"@type":"WebPage","@id":"https:\/\/www.erresse-shop.it\/de\/shop\/kuche\/messer\/zwilling-gourmet-messer-set-2-copia\/","url":"https:\/\/www.erresse-shop.it\/de\/shop\/kuche\/messer\/zwilling-gourmet-messer-set-2-copia\/","name":"ZWILLING Gourmet-Messerset mit braunem Block - Erresse Shop","isPartOf":{"@id":"https:\/\/www.erresse-shop.it\/de\/#website"},"datePublished":"2025-02-20T06:53:33+00:00","dateModified":"2025-02-20T07:10:47+00:00","description":"Als Pionier auf dem Gebiet der Premium-Bestecke stellt ZWILLING J.A. Henckels seit 1731 Messer von herausragender Qualit\u00e4t her.","breadcrumb":{"@id":"https:\/\/www.erresse-shop.it\/de\/shop\/kuche\/messer\/zwilling-gourmet-messer-set-2-copia\/#breadcrumb"},"inLanguage":"de-DE","potentialAction":[{"@type":"ReadAction","target":["https:\/\/www.erresse-shop.it\/de\/shop\/kuche\/messer\/zwilling-gourmet-messer-set-2-copia\/"]}]},{"@type":"BreadcrumbList","@id":"https:\/\/www.erresse-shop.it\/de\/shop\/kuche\/messer\/zwilling-gourmet-messer-set-2-copia\/#breadcrumb","itemListElement":[{"@type":"ListItem","position":1,"name":"Home","item":"https:\/\/www.erresse-shop.it\/de\/"},{"@type":"ListItem","position":2,"name":"Shop","item":"https:\/\/www.erresse-shop.it\/de\/shop\/"},{"@type":"ListItem","position":3,"name":"ZWILLING Gourmet-Messerset mit braunem Block"}]},{"@type":"WebSite","@id":"https:\/\/www.erresse-shop.it\/de\/#website","url":"https:\/\/www.erresse-shop.it\/de\/","name":"Erresse Shop","description":"Articoli di qualit\u00e0 per la casa","potentialAction":[{"@type":"SearchAction","target":{"@type":"EntryPoint","urlTemplate":"https:\/\/www.erresse-shop.it\/de\/?s={search_term_string}"},"query-input":"required name=search_term_string"}],"inLanguage":"de-DE"}]}},"df_price":139.5,"df_sale_price":139.5,"df_regular_price":279,"df_image_link":"https:\/\/www.erresse-shop.it\/wp-content\/uploads\/2025\/02\/ZWILLING-Set-Coltelli-Gourmet-con-Ceppo-Marrone-300x300.jpg","_links":{"self":[{"href":"https:\/\/www.erresse-shop.it\/de\/wp-json\/wp\/v2\/product\/470129"}],"collection":[{"href":"https:\/\/www.erresse-shop.it\/de\/wp-json\/wp\/v2\/product"}],"about":[{"href":"https:\/\/www.erresse-shop.it\/de\/wp-json\/wp\/v2\/types\/product"}],"wp:featuredmedia":[{"embeddable":true,"href":"https:\/\/www.erresse-shop.it\/de\/wp-json\/wp\/v2\/media\/470143"}],"wp:attachment":[{"href":"https:\/\/www.erresse-shop.it\/de\/wp-json\/wp\/v2\/media?parent=470129"}],"wp:term":[{"taxonomy":"product_cat","embeddable":true,"href":"https:\/\/www.erresse-shop.it\/de\/wp-json\/wp\/v2\/product_cat?post=470129"},{"taxonomy":"product_tag","embeddable":true,"href":"https:\/\/www.erresse-shop.it\/de\/wp-json\/wp\/v2\/product_tag?post=470129"}],"curies":[{"name":"wp","href":"https:\/\/api.w.org\/{rel}","templated":true}]}}