{"id":470059,"date":"2025-02-19T10:51:23","date_gmt":"2025-02-19T10:51:24","guid":{"rendered":"https:\/\/www.erresse-shop.it\/?post_type=product&#038;p=470059"},"modified":"2026-02-23T10:48:13","modified_gmt":"2026-02-23T10:48:13","slug":"bordallo-pinheiro-2er-set-schuesseln-kohlblatt","status":"publish","type":"product","link":"https:\/\/www.erresse-shop.it\/de\/shop\/tisch\/koerbe-und-schalen\/bordallo-pinheiro-2er-set-schuesseln-kohlblatt\/","title":{"rendered":"BORDALLO PINHEIRO 2er-Set Sch\u00fcsseln Kohlblatt"},"content":{"rendered":"<p>Der Kohl in seiner rauen, flachen Form k\u00f6nnte als Metapher f\u00fcr die l\u00e4ndliche Lebensweise Portugals verwendet werden, die Bordallo so oft karikiert hatte. Dies war eine geschickte Art, ihn zu ehren, indem man ihm einen Platz an den Tischen der Bourgeoisie verschaffte, zu denen man ihn sonst nicht eingeladen h\u00e4tte.<\/p>\n<p><strong>Material:<\/strong> Terrakotta<\/p>\n","protected":false},"excerpt":{"rendered":"<p>Der Kohl in seiner rauen, flachen Form k\u00f6nnte als Metapher f\u00fcr die l\u00e4ndliche Lebensweise Portugals verwendet werden, die Bordallo so<\/p>\n","protected":false},"featured_media":470068,"template":"","meta":{"_acf_changed":false,"inline_featured_image":false},"product_cat":[6787,14243],"product_tag":[25038,23911,24604,18168,11563,25022],"acf":[],"yoast_head":"<!-- This site is optimized with the Yoast SEO Premium plugin v18.6 (Yoast SEO v19.13) - https:\/\/yoast.com\/wordpress\/plugins\/seo\/ -->\n<title>BORDALLO PINHEIRO 2er-Set Sch\u00fcsseln Kohlblatt - Erresse Shop<\/title>\n<meta name=\"description\" content=\"Der Kohl in seiner rauen, flachen Form k\u00f6nnte als Metapher f\u00fcr die l\u00e4ndliche Lebensweise Portugals verwendet werden, die Bordallo so oft karikiert hatte.\" \/>\n<meta name=\"robots\" content=\"index, follow, max-snippet:-1, max-image-preview:large, max-video-preview:-1\" \/>\n<link rel=\"canonical\" href=\"https:\/\/www.erresse-shop.it\/de\/shop\/tisch\/koerbe-und-schalen\/bordallo-pinheiro-2er-set-schuesseln-kohlblatt\/\" \/>\n<meta property=\"og:locale\" content=\"de_DE\" \/>\n<meta property=\"og:type\" content=\"article\" \/>\n<meta property=\"og:title\" content=\"BORDALLO PINHEIRO 2er-Set Sch\u00fcsseln Kohlblatt\" \/>\n<meta property=\"og:description\" content=\"Der Kohl in seiner rauen, flachen Form k\u00f6nnte als Metapher f\u00fcr die l\u00e4ndliche Lebensweise Portugals verwendet werden, die Bordallo so oft karikiert hatte.\" \/>\n<meta property=\"og:url\" content=\"https:\/\/www.erresse-shop.it\/de\/shop\/tisch\/koerbe-und-schalen\/bordallo-pinheiro-2er-set-schuesseln-kohlblatt\/\" \/>\n<meta property=\"og:site_name\" content=\"Erresse Shop\" \/>\n<meta property=\"article:modified_time\" content=\"2026-02-23T10:48:13+00:00\" \/>\n<meta property=\"og:image\" content=\"https:\/\/www.erresse-shop.it\/wp-content\/uploads\/2025\/02\/BORDALLO-PINHEIRO-Set-2-Ciotole-Foglia-Cavolo.jpg\" \/>\n\t<meta property=\"og:image:width\" content=\"1200\" \/>\n\t<meta property=\"og:image:height\" content=\"1200\" \/>\n\t<meta property=\"og:image:type\" content=\"image\/jpeg\" \/>\n<meta name=\"twitter:card\" content=\"summary_large_image\" \/>\n<script type=\"application\/ld+json\" class=\"yoast-schema-graph\">{\"@context\":\"https:\/\/schema.org\",\"@graph\":[{\"@type\":\"WebPage\",\"@id\":\"https:\/\/www.erresse-shop.it\/de\/shop\/tisch\/koerbe-und-schalen\/bordallo-pinheiro-2er-set-schuesseln-kohlblatt\/\",\"url\":\"https:\/\/www.erresse-shop.it\/de\/shop\/tisch\/koerbe-und-schalen\/bordallo-pinheiro-2er-set-schuesseln-kohlblatt\/\",\"name\":\"BORDALLO PINHEIRO 2er-Set Sch\u00fcsseln Kohlblatt - Erresse Shop\",\"isPartOf\":{\"@id\":\"https:\/\/www.erresse-shop.it\/de\/#website\"},\"datePublished\":\"2025-02-19T10:51:24+00:00\",\"dateModified\":\"2026-02-23T10:48:13+00:00\",\"description\":\"Der Kohl in seiner rauen, flachen Form k\u00f6nnte als Metapher f\u00fcr die l\u00e4ndliche Lebensweise Portugals verwendet werden, die Bordallo so oft karikiert hatte.\",\"breadcrumb\":{\"@id\":\"https:\/\/www.erresse-shop.it\/de\/shop\/tisch\/koerbe-und-schalen\/bordallo-pinheiro-2er-set-schuesseln-kohlblatt\/#breadcrumb\"},\"inLanguage\":\"de-DE\",\"potentialAction\":[{\"@type\":\"ReadAction\",\"target\":[\"https:\/\/www.erresse-shop.it\/de\/shop\/tisch\/koerbe-und-schalen\/bordallo-pinheiro-2er-set-schuesseln-kohlblatt\/\"]}]},{\"@type\":\"BreadcrumbList\",\"@id\":\"https:\/\/www.erresse-shop.it\/de\/shop\/tisch\/koerbe-und-schalen\/bordallo-pinheiro-2er-set-schuesseln-kohlblatt\/#breadcrumb\",\"itemListElement\":[{\"@type\":\"ListItem\",\"position\":1,\"name\":\"Home\",\"item\":\"https:\/\/www.erresse-shop.it\/de\/\"},{\"@type\":\"ListItem\",\"position\":2,\"name\":\"Shop\",\"item\":\"https:\/\/www.erresse-shop.it\/de\/shop\/\"},{\"@type\":\"ListItem\",\"position\":3,\"name\":\"BORDALLO PINHEIRO 2er-Set Sch\u00fcsseln Kohlblatt\"}]},{\"@type\":\"WebSite\",\"@id\":\"https:\/\/www.erresse-shop.it\/de\/#website\",\"url\":\"https:\/\/www.erresse-shop.it\/de\/\",\"name\":\"Erresse Shop\",\"description\":\"Articoli di qualit\u00e0 per la casa\",\"potentialAction\":[{\"@type\":\"SearchAction\",\"target\":{\"@type\":\"EntryPoint\",\"urlTemplate\":\"https:\/\/www.erresse-shop.it\/de\/?s={search_term_string}\"},\"query-input\":\"required name=search_term_string\"}],\"inLanguage\":\"de-DE\"}]}<\/script>\n<!-- \/ Yoast SEO Premium plugin. -->","yoast_head_json":{"title":"BORDALLO PINHEIRO 2er-Set Sch\u00fcsseln Kohlblatt - Erresse Shop","description":"Der Kohl in seiner rauen, flachen Form k\u00f6nnte als Metapher f\u00fcr die l\u00e4ndliche Lebensweise Portugals verwendet werden, die Bordallo so oft karikiert hatte.","robots":{"index":"index","follow":"follow","max-snippet":"max-snippet:-1","max-image-preview":"max-image-preview:large","max-video-preview":"max-video-preview:-1"},"canonical":"https:\/\/www.erresse-shop.it\/de\/shop\/tisch\/koerbe-und-schalen\/bordallo-pinheiro-2er-set-schuesseln-kohlblatt\/","og_locale":"de_DE","og_type":"article","og_title":"BORDALLO PINHEIRO 2er-Set Sch\u00fcsseln Kohlblatt","og_description":"Der Kohl in seiner rauen, flachen Form k\u00f6nnte als Metapher f\u00fcr die l\u00e4ndliche Lebensweise Portugals verwendet werden, die Bordallo so oft karikiert hatte.","og_url":"https:\/\/www.erresse-shop.it\/de\/shop\/tisch\/koerbe-und-schalen\/bordallo-pinheiro-2er-set-schuesseln-kohlblatt\/","og_site_name":"Erresse Shop","article_modified_time":"2026-02-23T10:48:13+00:00","og_image":[{"width":1200,"height":1200,"url":"https:\/\/www.erresse-shop.it\/wp-content\/uploads\/2025\/02\/BORDALLO-PINHEIRO-Set-2-Ciotole-Foglia-Cavolo.jpg","type":"image\/jpeg"}],"twitter_card":"summary_large_image","schema":{"@context":"https:\/\/schema.org","@graph":[{"@type":"WebPage","@id":"https:\/\/www.erresse-shop.it\/de\/shop\/tisch\/koerbe-und-schalen\/bordallo-pinheiro-2er-set-schuesseln-kohlblatt\/","url":"https:\/\/www.erresse-shop.it\/de\/shop\/tisch\/koerbe-und-schalen\/bordallo-pinheiro-2er-set-schuesseln-kohlblatt\/","name":"BORDALLO PINHEIRO 2er-Set Sch\u00fcsseln Kohlblatt - Erresse Shop","isPartOf":{"@id":"https:\/\/www.erresse-shop.it\/de\/#website"},"datePublished":"2025-02-19T10:51:24+00:00","dateModified":"2026-02-23T10:48:13+00:00","description":"Der Kohl in seiner rauen, flachen Form k\u00f6nnte als Metapher f\u00fcr die l\u00e4ndliche Lebensweise Portugals verwendet werden, die Bordallo so oft karikiert hatte.","breadcrumb":{"@id":"https:\/\/www.erresse-shop.it\/de\/shop\/tisch\/koerbe-und-schalen\/bordallo-pinheiro-2er-set-schuesseln-kohlblatt\/#breadcrumb"},"inLanguage":"de-DE","potentialAction":[{"@type":"ReadAction","target":["https:\/\/www.erresse-shop.it\/de\/shop\/tisch\/koerbe-und-schalen\/bordallo-pinheiro-2er-set-schuesseln-kohlblatt\/"]}]},{"@type":"BreadcrumbList","@id":"https:\/\/www.erresse-shop.it\/de\/shop\/tisch\/koerbe-und-schalen\/bordallo-pinheiro-2er-set-schuesseln-kohlblatt\/#breadcrumb","itemListElement":[{"@type":"ListItem","position":1,"name":"Home","item":"https:\/\/www.erresse-shop.it\/de\/"},{"@type":"ListItem","position":2,"name":"Shop","item":"https:\/\/www.erresse-shop.it\/de\/shop\/"},{"@type":"ListItem","position":3,"name":"BORDALLO PINHEIRO 2er-Set Sch\u00fcsseln Kohlblatt"}]},{"@type":"WebSite","@id":"https:\/\/www.erresse-shop.it\/de\/#website","url":"https:\/\/www.erresse-shop.it\/de\/","name":"Erresse Shop","description":"Articoli di qualit\u00e0 per la casa","potentialAction":[{"@type":"SearchAction","target":{"@type":"EntryPoint","urlTemplate":"https:\/\/www.erresse-shop.it\/de\/?s={search_term_string}"},"query-input":"required name=search_term_string"}],"inLanguage":"de-DE"}]}},"df_price":18.99,"df_sale_price":18.99,"df_regular_price":20,"df_image_link":"https:\/\/www.erresse-shop.it\/wp-content\/uploads\/2025\/02\/BORDALLO-PINHEIRO-Set-2-Ciotole-Foglia-Cavolo-300x300.jpg","_links":{"self":[{"href":"https:\/\/www.erresse-shop.it\/de\/wp-json\/wp\/v2\/product\/470059"}],"collection":[{"href":"https:\/\/www.erresse-shop.it\/de\/wp-json\/wp\/v2\/product"}],"about":[{"href":"https:\/\/www.erresse-shop.it\/de\/wp-json\/wp\/v2\/types\/product"}],"wp:featuredmedia":[{"embeddable":true,"href":"https:\/\/www.erresse-shop.it\/de\/wp-json\/wp\/v2\/media\/470068"}],"wp:attachment":[{"href":"https:\/\/www.erresse-shop.it\/de\/wp-json\/wp\/v2\/media?parent=470059"}],"wp:term":[{"taxonomy":"product_cat","embeddable":true,"href":"https:\/\/www.erresse-shop.it\/de\/wp-json\/wp\/v2\/product_cat?post=470059"},{"taxonomy":"product_tag","embeddable":true,"href":"https:\/\/www.erresse-shop.it\/de\/wp-json\/wp\/v2\/product_tag?post=470059"}],"curies":[{"name":"wp","href":"https:\/\/api.w.org\/{rel}","templated":true}]}}