{"id":469889,"date":"2025-02-19T08:42:25","date_gmt":"2025-02-19T08:42:26","guid":{"rendered":"https:\/\/www.erresse-shop.it\/?post_type=product&#038;p=469889"},"modified":"2026-02-23T10:54:26","modified_gmt":"2026-02-23T10:54:26","slug":"bordallo-pinheiro-salatschuessel-maria-flor-33-cm","status":"publish","type":"product","link":"https:\/\/www.erresse-shop.it\/de\/shop\/tisch\/salatschuesseln-und-terrinen\/bordallo-pinheiro-salatschuessel-maria-flor-33-cm\/","title":{"rendered":"BORDALLO PINHEIRO Salatsch\u00fcssel Maria Flor 33 cm"},"content":{"rendered":"<p>Mit der Maria Flor-Kollektion werden Blumen auf Ihren Tisch eingeladen. Dahlien, Rosen und G\u00e4nsebl\u00fcmchen \u2013 die St\u00fccke sind sorgf\u00e4ltig verarbeitet, um jedes Detail wiederzugeben, genau wie echte Blumenarrangements. Bordallo Pinheiro schafft es, Farbe, Natur und Raffinesse mit Terrakottast\u00fccken zu verbinden, die im Alltag n\u00fctzlich, aber auch wahre Kunstwerke sind. Diese moderne, vom Fr\u00fchling und der Landschaft inspirierte Kollektion umfasst Teller, Salatsch\u00fcsseln, aber auch gro\u00dfe Teller und Sch\u00fcsseln.<\/p>\n<p><strong>Abmessungen<\/strong>: 33 x 32, H. 9 cm<br \/>\n<strong>Material<\/strong>: Terrakotta<\/p>\n","protected":false},"excerpt":{"rendered":"<p>Mit der Maria Flor-Kollektion werden Blumen auf Ihren Tisch eingeladen. Dahlien, Rosen und G\u00e4nsebl\u00fcmchen \u2013 die St\u00fccke sind sorgf\u00e4ltig verarbeitet,<\/p>\n","protected":false},"featured_media":469898,"template":"","meta":{"_acf_changed":false,"inline_featured_image":false},"product_cat":[6892,6787],"product_tag":[25038,23911,14258,13044],"acf":[],"yoast_head":"<!-- This site is optimized with the Yoast SEO Premium plugin v18.6 (Yoast SEO v19.13) - https:\/\/yoast.com\/wordpress\/plugins\/seo\/ -->\n<title>BORDALLO PINHEIRO Salatsch\u00fcssel Maria Flor 33 cm - Erresse Shop<\/title>\n<meta name=\"description\" content=\"Mit der Maria Flor-Kollektion werden Blumen auf Ihren Tisch eingeladen. Dahlien, Rosen und G\u00e4nsebl\u00fcmchen \u2013 die St\u00fccke sind sorgf\u00e4ltig verarbeitet, um\" \/>\n<meta name=\"robots\" content=\"index, follow, max-snippet:-1, max-image-preview:large, max-video-preview:-1\" \/>\n<link rel=\"canonical\" href=\"https:\/\/www.erresse-shop.it\/de\/shop\/tisch\/salatschuesseln-und-terrinen\/bordallo-pinheiro-salatschuessel-maria-flor-33-cm\/\" \/>\n<meta property=\"og:locale\" content=\"de_DE\" \/>\n<meta property=\"og:type\" content=\"article\" \/>\n<meta property=\"og:title\" content=\"BORDALLO PINHEIRO Salatsch\u00fcssel Maria Flor 33 cm\" \/>\n<meta property=\"og:description\" content=\"Mit der Maria Flor-Kollektion werden Blumen auf Ihren Tisch eingeladen. Dahlien, Rosen und G\u00e4nsebl\u00fcmchen \u2013 die St\u00fccke sind sorgf\u00e4ltig verarbeitet, um\" \/>\n<meta property=\"og:url\" content=\"https:\/\/www.erresse-shop.it\/de\/shop\/tisch\/salatschuesseln-und-terrinen\/bordallo-pinheiro-salatschuessel-maria-flor-33-cm\/\" \/>\n<meta property=\"og:site_name\" content=\"Erresse Shop\" \/>\n<meta property=\"article:modified_time\" content=\"2026-02-23T10:54:26+00:00\" \/>\n<meta property=\"og:image\" content=\"https:\/\/www.erresse-shop.it\/wp-content\/uploads\/2025\/02\/BORDALLO-PINHEIRO-Insalatiera-Maria-Flor-33-cm.jpg\" \/>\n\t<meta property=\"og:image:width\" content=\"1200\" \/>\n\t<meta property=\"og:image:height\" content=\"1200\" \/>\n\t<meta property=\"og:image:type\" content=\"image\/jpeg\" \/>\n<meta name=\"twitter:card\" content=\"summary_large_image\" \/>\n<script type=\"application\/ld+json\" class=\"yoast-schema-graph\">{\"@context\":\"https:\/\/schema.org\",\"@graph\":[{\"@type\":\"WebPage\",\"@id\":\"https:\/\/www.erresse-shop.it\/de\/shop\/tisch\/salatschuesseln-und-terrinen\/bordallo-pinheiro-salatschuessel-maria-flor-33-cm\/\",\"url\":\"https:\/\/www.erresse-shop.it\/de\/shop\/tisch\/salatschuesseln-und-terrinen\/bordallo-pinheiro-salatschuessel-maria-flor-33-cm\/\",\"name\":\"BORDALLO PINHEIRO Salatsch\u00fcssel Maria Flor 33 cm - Erresse Shop\",\"isPartOf\":{\"@id\":\"https:\/\/www.erresse-shop.it\/de\/#website\"},\"datePublished\":\"2025-02-19T08:42:26+00:00\",\"dateModified\":\"2026-02-23T10:54:26+00:00\",\"description\":\"Mit der Maria Flor-Kollektion werden Blumen auf Ihren Tisch eingeladen. Dahlien, Rosen und G\u00e4nsebl\u00fcmchen \u2013 die St\u00fccke sind sorgf\u00e4ltig verarbeitet, um\",\"breadcrumb\":{\"@id\":\"https:\/\/www.erresse-shop.it\/de\/shop\/tisch\/salatschuesseln-und-terrinen\/bordallo-pinheiro-salatschuessel-maria-flor-33-cm\/#breadcrumb\"},\"inLanguage\":\"de-DE\",\"potentialAction\":[{\"@type\":\"ReadAction\",\"target\":[\"https:\/\/www.erresse-shop.it\/de\/shop\/tisch\/salatschuesseln-und-terrinen\/bordallo-pinheiro-salatschuessel-maria-flor-33-cm\/\"]}]},{\"@type\":\"BreadcrumbList\",\"@id\":\"https:\/\/www.erresse-shop.it\/de\/shop\/tisch\/salatschuesseln-und-terrinen\/bordallo-pinheiro-salatschuessel-maria-flor-33-cm\/#breadcrumb\",\"itemListElement\":[{\"@type\":\"ListItem\",\"position\":1,\"name\":\"Home\",\"item\":\"https:\/\/www.erresse-shop.it\/de\/\"},{\"@type\":\"ListItem\",\"position\":2,\"name\":\"Shop\",\"item\":\"https:\/\/www.erresse-shop.it\/de\/shop\/\"},{\"@type\":\"ListItem\",\"position\":3,\"name\":\"BORDALLO PINHEIRO Salatsch\u00fcssel Maria Flor 33 cm\"}]},{\"@type\":\"WebSite\",\"@id\":\"https:\/\/www.erresse-shop.it\/de\/#website\",\"url\":\"https:\/\/www.erresse-shop.it\/de\/\",\"name\":\"Erresse Shop\",\"description\":\"Articoli di qualit\u00e0 per la casa\",\"potentialAction\":[{\"@type\":\"SearchAction\",\"target\":{\"@type\":\"EntryPoint\",\"urlTemplate\":\"https:\/\/www.erresse-shop.it\/de\/?s={search_term_string}\"},\"query-input\":\"required name=search_term_string\"}],\"inLanguage\":\"de-DE\"}]}<\/script>\n<!-- \/ Yoast SEO Premium plugin. -->","yoast_head_json":{"title":"BORDALLO PINHEIRO Salatsch\u00fcssel Maria Flor 33 cm - Erresse Shop","description":"Mit der Maria Flor-Kollektion werden Blumen auf Ihren Tisch eingeladen. Dahlien, Rosen und G\u00e4nsebl\u00fcmchen \u2013 die St\u00fccke sind sorgf\u00e4ltig verarbeitet, um","robots":{"index":"index","follow":"follow","max-snippet":"max-snippet:-1","max-image-preview":"max-image-preview:large","max-video-preview":"max-video-preview:-1"},"canonical":"https:\/\/www.erresse-shop.it\/de\/shop\/tisch\/salatschuesseln-und-terrinen\/bordallo-pinheiro-salatschuessel-maria-flor-33-cm\/","og_locale":"de_DE","og_type":"article","og_title":"BORDALLO PINHEIRO Salatsch\u00fcssel Maria Flor 33 cm","og_description":"Mit der Maria Flor-Kollektion werden Blumen auf Ihren Tisch eingeladen. Dahlien, Rosen und G\u00e4nsebl\u00fcmchen \u2013 die St\u00fccke sind sorgf\u00e4ltig verarbeitet, um","og_url":"https:\/\/www.erresse-shop.it\/de\/shop\/tisch\/salatschuesseln-und-terrinen\/bordallo-pinheiro-salatschuessel-maria-flor-33-cm\/","og_site_name":"Erresse Shop","article_modified_time":"2026-02-23T10:54:26+00:00","og_image":[{"width":1200,"height":1200,"url":"https:\/\/www.erresse-shop.it\/wp-content\/uploads\/2025\/02\/BORDALLO-PINHEIRO-Insalatiera-Maria-Flor-33-cm.jpg","type":"image\/jpeg"}],"twitter_card":"summary_large_image","schema":{"@context":"https:\/\/schema.org","@graph":[{"@type":"WebPage","@id":"https:\/\/www.erresse-shop.it\/de\/shop\/tisch\/salatschuesseln-und-terrinen\/bordallo-pinheiro-salatschuessel-maria-flor-33-cm\/","url":"https:\/\/www.erresse-shop.it\/de\/shop\/tisch\/salatschuesseln-und-terrinen\/bordallo-pinheiro-salatschuessel-maria-flor-33-cm\/","name":"BORDALLO PINHEIRO Salatsch\u00fcssel Maria Flor 33 cm - Erresse Shop","isPartOf":{"@id":"https:\/\/www.erresse-shop.it\/de\/#website"},"datePublished":"2025-02-19T08:42:26+00:00","dateModified":"2026-02-23T10:54:26+00:00","description":"Mit der Maria Flor-Kollektion werden Blumen auf Ihren Tisch eingeladen. Dahlien, Rosen und G\u00e4nsebl\u00fcmchen \u2013 die St\u00fccke sind sorgf\u00e4ltig verarbeitet, um","breadcrumb":{"@id":"https:\/\/www.erresse-shop.it\/de\/shop\/tisch\/salatschuesseln-und-terrinen\/bordallo-pinheiro-salatschuessel-maria-flor-33-cm\/#breadcrumb"},"inLanguage":"de-DE","potentialAction":[{"@type":"ReadAction","target":["https:\/\/www.erresse-shop.it\/de\/shop\/tisch\/salatschuesseln-und-terrinen\/bordallo-pinheiro-salatschuessel-maria-flor-33-cm\/"]}]},{"@type":"BreadcrumbList","@id":"https:\/\/www.erresse-shop.it\/de\/shop\/tisch\/salatschuesseln-und-terrinen\/bordallo-pinheiro-salatschuessel-maria-flor-33-cm\/#breadcrumb","itemListElement":[{"@type":"ListItem","position":1,"name":"Home","item":"https:\/\/www.erresse-shop.it\/de\/"},{"@type":"ListItem","position":2,"name":"Shop","item":"https:\/\/www.erresse-shop.it\/de\/shop\/"},{"@type":"ListItem","position":3,"name":"BORDALLO PINHEIRO Salatsch\u00fcssel Maria Flor 33 cm"}]},{"@type":"WebSite","@id":"https:\/\/www.erresse-shop.it\/de\/#website","url":"https:\/\/www.erresse-shop.it\/de\/","name":"Erresse Shop","description":"Articoli di qualit\u00e0 per la casa","potentialAction":[{"@type":"SearchAction","target":{"@type":"EntryPoint","urlTemplate":"https:\/\/www.erresse-shop.it\/de\/?s={search_term_string}"},"query-input":"required name=search_term_string"}],"inLanguage":"de-DE"}]}},"df_price":46.95,"df_sale_price":46.95,"df_regular_price":66,"df_image_link":"https:\/\/www.erresse-shop.it\/wp-content\/uploads\/2025\/02\/BORDALLO-PINHEIRO-Insalatiera-Maria-Flor-33-cm-300x300.jpg","_links":{"self":[{"href":"https:\/\/www.erresse-shop.it\/de\/wp-json\/wp\/v2\/product\/469889"}],"collection":[{"href":"https:\/\/www.erresse-shop.it\/de\/wp-json\/wp\/v2\/product"}],"about":[{"href":"https:\/\/www.erresse-shop.it\/de\/wp-json\/wp\/v2\/types\/product"}],"wp:featuredmedia":[{"embeddable":true,"href":"https:\/\/www.erresse-shop.it\/de\/wp-json\/wp\/v2\/media\/469898"}],"wp:attachment":[{"href":"https:\/\/www.erresse-shop.it\/de\/wp-json\/wp\/v2\/media?parent=469889"}],"wp:term":[{"taxonomy":"product_cat","embeddable":true,"href":"https:\/\/www.erresse-shop.it\/de\/wp-json\/wp\/v2\/product_cat?post=469889"},{"taxonomy":"product_tag","embeddable":true,"href":"https:\/\/www.erresse-shop.it\/de\/wp-json\/wp\/v2\/product_tag?post=469889"}],"curies":[{"name":"wp","href":"https:\/\/api.w.org\/{rel}","templated":true}]}}