{"id":469664,"date":"2025-02-18T11:27:59","date_gmt":"2025-02-18T11:28:00","guid":{"rendered":"https:\/\/www.erresse-shop.it\/?post_type=product&#038;p=469664"},"modified":"2025-02-18T13:15:52","modified_gmt":"2025-02-18T13:15:52","slug":"jura-kaffeemaschine-giga-x8-aluminium-black-copia","status":"publish","type":"product","link":"https:\/\/www.erresse-shop.it\/de\/shop\/kleine-elektrogeraete\/kaffeemaschinen-espresso\/automatisch\/jura-kaffeemaschine-giga-x8-aluminium-black-copia\/","title":{"rendered":"JURA Kaffeemaschine GIGA X3 Aluminium"},"content":{"rendered":"<p><span style=\"font-size: 14pt;\"><strong>Flexibilit\u00e4t der Spitzenklasse<\/strong><\/span><\/p>\n<p>Die GIGA X3 ist der sp\u00fcrbare Ausdruck der Schweizer Innovationskraft und Professionalit\u00e4t von JURA bis ins kleinste Detail. \u00dcberall dort, wo Tageskapazit\u00e4ten bis zu 150 Tassen gefordert sind, \u00fcberzeugt sie durch Qualit\u00e4t, Funktionalit\u00e4t und Zuverl\u00e4ssigkeit. Hinzu kommen hervorragende Leistungen in jeder Hinsicht, die ihn zu einem High-Tech-Automaten machen, der sich ideal f\u00fcr L\u00f6sungen f\u00fcr Gro\u00dfb\u00fcros, Fr\u00fchst\u00fccksbereiche, Seminare, Konferenzen oder Selbstbedienungsbereiche eignet.<\/p>\n<p><span style=\"font-size: 14pt;\"><strong>Modernste Technologien f\u00fcr perfekten Genuss<\/strong><\/span><\/p>\n<p>GIGA X3 \u2013 Rekordleistung: Die Kaffeem\u00fchle mit Hochleistungs-Keramikmessern garantiert \u00fcber Jahre hinweg pr\u00e4zises, konstantes und gleichm\u00e4\u00dfiges Mahlen. Dank einer au\u00dfergew\u00f6hnlichen Innovation: der A.G.A. (Automatic Grinder Adjustment), die elektronisch gesteuerte Automatikeinstellung. Das gepulste Extraktionsverfahren (P.E.P.\u00ae) optimiert die Extraktionszeit f\u00fcr kurze Spezialit\u00e4ten und CLARIS Pro Smart sorgt in Kombination mit dem intelligenten Wassersystem (I.W.S.) f\u00fcr eine perfekte Wasserqualit\u00e4t f\u00fcr authentischen Geschmack.<\/p>\n<p>Die GIGA X3 verf\u00fcgt \u00fcber einen h\u00f6henverstellbaren und durchdachten Kombiauslauf, der dank Microfoam-Technologie die Zubereitung trendiger Spezialit\u00e4ten mit un\u00fcbertroffener Milch und Milchschaum erm\u00f6glicht. Die Speed-Funktion garantiert die Zubereitung von Kaffeespezialit\u00e4ten in Rekordzeit. Dank des Kaffeebohnenbeh\u00e4lters mit Aromaschutzdeckel und einem Fassungsverm\u00f6gen von 1 kg reduziert sich der Nachf\u00fcllaufwand auf ein Minimum. Dar\u00fcber hinaus sorgen das hohe Fassungsverm\u00f6gen des Wassertanks, der Wasserauffangschale und des Kaffeesatzbeh\u00e4lters f\u00fcr maximale Autonomie. Dies macht die GIGA X3 auch ideal f\u00fcr den mobilen Einsatz.<\/p>\n<p>Gesteigerte Leistung und gleichzeitige Qualit\u00e4tsoptimierung zeichnen die GIGA X3 aus. Der \u00fcbersichtliche, hochaufl\u00f6sende 4,3&#8243;-Farb-Touchscreen erm\u00f6glicht eine v\u00f6llig intuitive Bedienung. Moderne, leicht verst\u00e4ndliche Grafiken f\u00fchren selbst unerfahrene Benutzer. Die sp\u00fclmaschinenfeste Tropfschale l\u00e4sst sich mit nur einer Hand leicht entnehmen, entleeren und wieder einsetzen. Die optimale Schwerpunktlage verhindert ein \u00dcberlaufen des Wassers. Einfachheit, Hygiene, Geschwindigkeit, Komfort \u2013 das F\u00fcnf-Sterne-Konzept wird bis ins kleinste Detail umgesetzt.<\/p>\n<p><strong><span style=\"font-size: 14pt;\">T\u00dcV-zertifizierte Hygienegarantie<\/span><\/strong><\/p>\n<p>Die Wartung sowie die Verwendung der GIGA X3 sind einfach, logisch und intuitiv. Integrierte Sp\u00fcl- und Reinigungsprogramme sowie original JURA-Pflegeprodukte sorgen f\u00fcr T\u00dcV-zertifizierte Hygiene auf Knopfdruck. Auch die Reinigung des Milchsystems ist bis ins kleinste Detail durchdacht. Vollautomatisch und per Touch auf dem Display bedienbar, garantiert es eine einwandfreie Reinigung bei der Milchaufbereitung. Mit wenigen Handgriffen l\u00e4sst sich der massive Kombispender zerlegen. Die vorne im Inneren positionierten Milchausgie\u00dfer sind gut zug\u00e4nglich und k\u00f6nnen bei Bedarf problemlos ausgetauscht werden.<\/p>\n<p><strong><span style=\"font-size: 14pt;\">So individuell wie Ihre Bed\u00fcrfnisse<\/span><br \/>\n<\/strong><br \/>\nEinzeln oder mit Zubeh\u00f6r wie Tassenw\u00e4rmer, Abrechnungssystem etc. l\u00e4sst sich mit der GIGA X3 die komplette Kaffeel\u00f6sung konfigurieren, die f\u00fcr jeden Einsatzbereich optimal ist und sich bei Bedarf an ver\u00e4nderte Bed\u00fcrfnisse anpasst.<\/p>\n<p><strong><span style=\"font-size: 14pt;\">JURA Mobile Payment L\u00f6sung<\/span><br \/>\n<\/strong><br \/>\nDie GIGA X3 verf\u00fcgt \u00fcber das neue Zahlungs- und Verwaltungssystem Pocket Pilot 2.0. Mit Pocket Pilot 2.0 erfolgt sowohl das bargeldlose Bezahlen als auch die zentrale Automaten\u00fcberwachung ohne zus\u00e4tzliche Infrastruktur dank \u00abPayment Connect\u00bb, welches komfortabel in der GIGA X3 genutzt werden kann. Das webbasierte System ist kostenlos und erfordert keine Softwareinstallation. Erstellen Sie einfach ein Konto f\u00fcr JURA Pocket Pilot 2.0 und Sie erhalten ein vollautomatisches Maschinenmanagement, das keine W\u00fcnsche offen l\u00e4sst.<\/p>\n<p><span style=\"font-size: 14pt;\"><strong>Technische Daten<\/strong><\/span><\/p>\n<p><strong>Kapazit\u00e4t des Wassertanks: <\/strong>5 l<br \/>\n<strong>Kapazit\u00e4t des Kaffeebohnenbeh\u00e4lters:<\/strong> 1 kg<br \/>\n<strong>Kaffeesatzbeh\u00e4lter:<\/strong> (Portionen ca.) 40<br \/>\n<strong>Kabell\u00e4nge:<\/strong> 1,1 m<br \/>\n<strong>Spannung \/ Leistung:<\/strong> 230 V ~ \/ 2700 W<br \/>\n<strong>Standby-Leistung:<\/strong> \u2264 0,5 W<br \/>\n<strong>Gewicht:<\/strong> 19 kg<br \/>\n<strong>Abmessungen (B \u00d7 H \u00d7 T):<\/strong> 37 \u00d7 55,5 \u00d7 49,7 cm<\/p>\n","protected":false},"excerpt":{"rendered":"<p>Flexibilit\u00e4t der Spitzenklasse Die GIGA X3 ist der sp\u00fcrbare Ausdruck der Schweizer Innovationskraft und Professionalit\u00e4t von JURA bis ins kleinste<\/p>\n","protected":false},"featured_media":469692,"template":"","meta":{"_acf_changed":false,"inline_featured_image":false},"product_cat":[6733,6703,25361],"product_tag":[23569,23564,20766,13966],"acf":[],"yoast_head":"<!-- This site is optimized with the Yoast SEO Premium plugin v18.6 (Yoast SEO v19.13) - https:\/\/yoast.com\/wordpress\/plugins\/seo\/ -->\n<title>JURA Kaffeemaschine C8 Piano Black<\/title>\n<meta name=\"description\" content=\"Entdecken Sie JURA Kaffeemaschine C8 Piano Black bei ErresseShop. Qualit\u00e4t, Stil und Funktionalit\u00e4t \u2013 jetzt online bestellen!\" \/>\n<meta name=\"robots\" content=\"index, follow, max-snippet:-1, max-image-preview:large, max-video-preview:-1\" \/>\n<link rel=\"canonical\" href=\"https:\/\/www.erresse-shop.it\/de\/shop\/kleine-elektrogeraete\/kaffeemaschinen-espresso\/automatisch\/jura-kaffeemaschine-giga-x8-aluminium-black-copia\/\" \/>\n<meta property=\"og:locale\" content=\"de_DE\" \/>\n<meta property=\"og:type\" content=\"article\" \/>\n<meta property=\"og:title\" content=\"JURA Kaffeemaschine GIGA X3 Aluminium\" \/>\n<meta property=\"og:description\" content=\"Entdecken Sie JURA Kaffeemaschine C8 Piano Black bei ErresseShop. Qualit\u00e4t, Stil und Funktionalit\u00e4t \u2013 jetzt online bestellen!\" \/>\n<meta property=\"og:url\" content=\"https:\/\/www.erresse-shop.it\/de\/shop\/kleine-elektrogeraete\/kaffeemaschinen-espresso\/automatisch\/jura-kaffeemaschine-giga-x8-aluminium-black-copia\/\" \/>\n<meta property=\"og:site_name\" content=\"Erresse Shop\" \/>\n<meta property=\"article:modified_time\" content=\"2025-02-18T13:15:52+00:00\" \/>\n<meta property=\"og:image\" content=\"https:\/\/www.erresse-shop.it\/wp-content\/uploads\/2025\/02\/JURA-Macchina-Da-Caffe-GIGA-X3-Alluminio.jpg\" \/>\n\t<meta property=\"og:image:width\" content=\"1200\" \/>\n\t<meta property=\"og:image:height\" content=\"1200\" \/>\n\t<meta property=\"og:image:type\" content=\"image\/jpeg\" \/>\n<meta name=\"twitter:card\" content=\"summary_large_image\" \/>\n<script type=\"application\/ld+json\" class=\"yoast-schema-graph\">{\"@context\":\"https:\/\/schema.org\",\"@graph\":[{\"@type\":\"WebPage\",\"@id\":\"https:\/\/www.erresse-shop.it\/de\/shop\/kleine-elektrogeraete\/kaffeemaschinen-espresso\/automatisch\/jura-kaffeemaschine-giga-x8-aluminium-black-copia\/\",\"url\":\"https:\/\/www.erresse-shop.it\/de\/shop\/kleine-elektrogeraete\/kaffeemaschinen-espresso\/automatisch\/jura-kaffeemaschine-giga-x8-aluminium-black-copia\/\",\"name\":\"JURA Kaffeemaschine C8 Piano Black\",\"isPartOf\":{\"@id\":\"https:\/\/www.erresse-shop.it\/de\/#website\"},\"datePublished\":\"2025-02-18T11:28:00+00:00\",\"dateModified\":\"2025-02-18T13:15:52+00:00\",\"description\":\"Entdecken Sie JURA Kaffeemaschine C8 Piano Black bei ErresseShop. Qualit\u00e4t, Stil und Funktionalit\u00e4t \u2013 jetzt online bestellen!\",\"breadcrumb\":{\"@id\":\"https:\/\/www.erresse-shop.it\/de\/shop\/kleine-elektrogeraete\/kaffeemaschinen-espresso\/automatisch\/jura-kaffeemaschine-giga-x8-aluminium-black-copia\/#breadcrumb\"},\"inLanguage\":\"de-DE\",\"potentialAction\":[{\"@type\":\"ReadAction\",\"target\":[\"https:\/\/www.erresse-shop.it\/de\/shop\/kleine-elektrogeraete\/kaffeemaschinen-espresso\/automatisch\/jura-kaffeemaschine-giga-x8-aluminium-black-copia\/\"]}]},{\"@type\":\"BreadcrumbList\",\"@id\":\"https:\/\/www.erresse-shop.it\/de\/shop\/kleine-elektrogeraete\/kaffeemaschinen-espresso\/automatisch\/jura-kaffeemaschine-giga-x8-aluminium-black-copia\/#breadcrumb\",\"itemListElement\":[{\"@type\":\"ListItem\",\"position\":1,\"name\":\"Home\",\"item\":\"https:\/\/www.erresse-shop.it\/de\/\"},{\"@type\":\"ListItem\",\"position\":2,\"name\":\"Shop\",\"item\":\"https:\/\/www.erresse-shop.it\/de\/shop\/\"},{\"@type\":\"ListItem\",\"position\":3,\"name\":\"JURA Kaffeemaschine GIGA X3 Aluminium\"}]},{\"@type\":\"WebSite\",\"@id\":\"https:\/\/www.erresse-shop.it\/de\/#website\",\"url\":\"https:\/\/www.erresse-shop.it\/de\/\",\"name\":\"Erresse Shop\",\"description\":\"Articoli di qualit\u00e0 per la casa\",\"potentialAction\":[{\"@type\":\"SearchAction\",\"target\":{\"@type\":\"EntryPoint\",\"urlTemplate\":\"https:\/\/www.erresse-shop.it\/de\/?s={search_term_string}\"},\"query-input\":\"required name=search_term_string\"}],\"inLanguage\":\"de-DE\"}]}<\/script>\n<!-- \/ Yoast SEO Premium plugin. -->","yoast_head_json":{"title":"JURA Kaffeemaschine C8 Piano Black","description":"Entdecken Sie JURA Kaffeemaschine C8 Piano Black bei ErresseShop. Qualit\u00e4t, Stil und Funktionalit\u00e4t \u2013 jetzt online bestellen!","robots":{"index":"index","follow":"follow","max-snippet":"max-snippet:-1","max-image-preview":"max-image-preview:large","max-video-preview":"max-video-preview:-1"},"canonical":"https:\/\/www.erresse-shop.it\/de\/shop\/kleine-elektrogeraete\/kaffeemaschinen-espresso\/automatisch\/jura-kaffeemaschine-giga-x8-aluminium-black-copia\/","og_locale":"de_DE","og_type":"article","og_title":"JURA Kaffeemaschine GIGA X3 Aluminium","og_description":"Entdecken Sie JURA Kaffeemaschine C8 Piano Black bei ErresseShop. Qualit\u00e4t, Stil und Funktionalit\u00e4t \u2013 jetzt online bestellen!","og_url":"https:\/\/www.erresse-shop.it\/de\/shop\/kleine-elektrogeraete\/kaffeemaschinen-espresso\/automatisch\/jura-kaffeemaschine-giga-x8-aluminium-black-copia\/","og_site_name":"Erresse Shop","article_modified_time":"2025-02-18T13:15:52+00:00","og_image":[{"width":1200,"height":1200,"url":"https:\/\/www.erresse-shop.it\/wp-content\/uploads\/2025\/02\/JURA-Macchina-Da-Caffe-GIGA-X3-Alluminio.jpg","type":"image\/jpeg"}],"twitter_card":"summary_large_image","schema":{"@context":"https:\/\/schema.org","@graph":[{"@type":"WebPage","@id":"https:\/\/www.erresse-shop.it\/de\/shop\/kleine-elektrogeraete\/kaffeemaschinen-espresso\/automatisch\/jura-kaffeemaschine-giga-x8-aluminium-black-copia\/","url":"https:\/\/www.erresse-shop.it\/de\/shop\/kleine-elektrogeraete\/kaffeemaschinen-espresso\/automatisch\/jura-kaffeemaschine-giga-x8-aluminium-black-copia\/","name":"JURA Kaffeemaschine C8 Piano Black","isPartOf":{"@id":"https:\/\/www.erresse-shop.it\/de\/#website"},"datePublished":"2025-02-18T11:28:00+00:00","dateModified":"2025-02-18T13:15:52+00:00","description":"Entdecken Sie JURA Kaffeemaschine C8 Piano Black bei ErresseShop. Qualit\u00e4t, Stil und Funktionalit\u00e4t \u2013 jetzt online bestellen!","breadcrumb":{"@id":"https:\/\/www.erresse-shop.it\/de\/shop\/kleine-elektrogeraete\/kaffeemaschinen-espresso\/automatisch\/jura-kaffeemaschine-giga-x8-aluminium-black-copia\/#breadcrumb"},"inLanguage":"de-DE","potentialAction":[{"@type":"ReadAction","target":["https:\/\/www.erresse-shop.it\/de\/shop\/kleine-elektrogeraete\/kaffeemaschinen-espresso\/automatisch\/jura-kaffeemaschine-giga-x8-aluminium-black-copia\/"]}]},{"@type":"BreadcrumbList","@id":"https:\/\/www.erresse-shop.it\/de\/shop\/kleine-elektrogeraete\/kaffeemaschinen-espresso\/automatisch\/jura-kaffeemaschine-giga-x8-aluminium-black-copia\/#breadcrumb","itemListElement":[{"@type":"ListItem","position":1,"name":"Home","item":"https:\/\/www.erresse-shop.it\/de\/"},{"@type":"ListItem","position":2,"name":"Shop","item":"https:\/\/www.erresse-shop.it\/de\/shop\/"},{"@type":"ListItem","position":3,"name":"JURA Kaffeemaschine GIGA X3 Aluminium"}]},{"@type":"WebSite","@id":"https:\/\/www.erresse-shop.it\/de\/#website","url":"https:\/\/www.erresse-shop.it\/de\/","name":"Erresse Shop","description":"Articoli di qualit\u00e0 per la casa","potentialAction":[{"@type":"SearchAction","target":{"@type":"EntryPoint","urlTemplate":"https:\/\/www.erresse-shop.it\/de\/?s={search_term_string}"},"query-input":"required name=search_term_string"}],"inLanguage":"de-DE"}]}},"df_price":5199,"df_sale_price":5199,"df_regular_price":5799,"df_image_link":"https:\/\/www.erresse-shop.it\/wp-content\/uploads\/2025\/02\/JURA-Macchina-Da-Caffe-GIGA-X3-Alluminio-300x300.jpg","_links":{"self":[{"href":"https:\/\/www.erresse-shop.it\/de\/wp-json\/wp\/v2\/product\/469664"}],"collection":[{"href":"https:\/\/www.erresse-shop.it\/de\/wp-json\/wp\/v2\/product"}],"about":[{"href":"https:\/\/www.erresse-shop.it\/de\/wp-json\/wp\/v2\/types\/product"}],"wp:featuredmedia":[{"embeddable":true,"href":"https:\/\/www.erresse-shop.it\/de\/wp-json\/wp\/v2\/media\/469692"}],"wp:attachment":[{"href":"https:\/\/www.erresse-shop.it\/de\/wp-json\/wp\/v2\/media?parent=469664"}],"wp:term":[{"taxonomy":"product_cat","embeddable":true,"href":"https:\/\/www.erresse-shop.it\/de\/wp-json\/wp\/v2\/product_cat?post=469664"},{"taxonomy":"product_tag","embeddable":true,"href":"https:\/\/www.erresse-shop.it\/de\/wp-json\/wp\/v2\/product_tag?post=469664"}],"curies":[{"name":"wp","href":"https:\/\/api.w.org\/{rel}","templated":true}]}}