{"id":468818,"date":"2025-02-14T08:06:13","date_gmt":"2025-02-14T08:06:15","guid":{"rendered":"https:\/\/www.erresse-shop.it\/?post_type=product&#038;p=468818"},"modified":"2025-02-14T08:31:12","modified_gmt":"2025-02-14T08:31:12","slug":"baci-milano-gli-inseparabili-buste-mr-black-32-cm-copia","status":"publish","type":"product","link":"https:\/\/www.erresse-shop.it\/de\/shop\/einrichtung-haus\/dekoartikel\/baci-milano-gli-inseparabili-buste-mr-black-32-cm-copia\/","title":{"rendered":"BACI MILANO Gli Inseparabili Buchst\u00fctze Mr. Black &#038; Mrs. White 26 cm"},"content":{"rendered":"<p><Abschnittsklasse = \"elementor-Abschnittelementor-top-Abschnittelementor-elementelementor-element-b5abae8elementor-Abschnitt-boxedelementor-Abschnitt-H\u00f6he-Standardelementor-Abschnitt-H\u00f6he-Standard\" Daten-ID = \"b5abae8\" Datenelement_Typ = \"Abschnitt\"><\/p>\n<div Klasse = \"elementor-containerelementor-column-gap-default\">\n<div Klasse=\"elementor-columnelementor-col-100elementor-top-columnelementor-elementelementor-element-cf64e8a\" Daten-ID=\"cf64e8a\" Daten-Element_Typ=\"Spalte\">\n<div Klasse = \"elementor-widget-wrapelementor-element-populated\">\n<div Klasse=\"elementor-elementelementor-element-5be263felementor-widgetelementor-widget-heading\" Daten-ID=\"5be263f\" Daten-Element_Typ=\"widget\" Daten-Widget_Typ=\"heading.default\">\n<div Klasse=\"elementor-widget-container\">\n<p>Zeigen Sie Ihre einzigartige Pers\u00f6nlichkeit mit den Inseparables Mrs. White &amp; Mr. Black von Baci Milano.<\/p>\n<p>Kombinieren Sie Funktionalit\u00e4t und Stil mit diesen beiden unzertrennlichen Freunden, um ein einzigartiges Design zu schaffen. Ein Hauch von Freude und Stil f\u00fcr Ihren pers\u00f6nlichen Raum. (Zeigen Sie, wer der wahre Chef der Bibliothek ist!<\/p>\n<p>Die Kunst des Schwarz-Wei\u00df-Kontrasts wird mit dem Buchst\u00fctzenpaar \u201eGli Inseparabili\u201c Mrs. White und Mr. Black von Baci Milano zum Leben erweckt.<\/p>\n<p>Eine perfekte Kombination aus Eleganz und Modernit\u00e4t mit klaren und raffinierten Linien. Lassen Sie sich von diesen beiden Protagonisten inspirieren, die zeitgen\u00f6ssischen Stil verk\u00f6rpern und Ihrer Sammlung einen Hauch von Raffinesse verleihen.<\/p>\n<\/div>\n<\/div>\n<\/div>\n<\/div>\n<p><strong>Material<\/strong>: Harz<br \/>\n<strong>Ma\u00dfe<\/strong>: H 26 cm<\/p>\n<\/div>\n<p><\/Abschnitt><\/p>\n","protected":false},"excerpt":{"rendered":"<p>Zeigen Sie Ihre einzigartige Pers\u00f6nlichkeit mit den Inseparables Mrs. White &amp; Mr. Black von Baci Milano. Kombinieren Sie Funktionalit\u00e4t und<\/p>\n","protected":false},"featured_media":468833,"template":"","meta":{"_acf_changed":false,"inline_featured_image":false},"product_cat":[6817,14442],"product_tag":[25027,12340,11718,25022,19378],"acf":[],"yoast_head":"<!-- This site is optimized with the Yoast SEO Premium plugin v18.6 (Yoast SEO v19.13) - https:\/\/yoast.com\/wordpress\/plugins\/seo\/ -->\n<title>BACI MILANO Kopf Paar wei\u00df 32cm<\/title>\n<meta name=\"description\" content=\"Entdecken Sie BACI MILANO Kopf Paar wei\u00df 32cm bei ErresseShop. Qualit\u00e4t, Stil und Funktionalit\u00e4t \u2013 jetzt online bestellen!\" \/>\n<meta name=\"robots\" content=\"index, follow, max-snippet:-1, max-image-preview:large, max-video-preview:-1\" \/>\n<link rel=\"canonical\" href=\"https:\/\/www.erresse-shop.it\/de\/shop\/einrichtung-haus\/dekoartikel\/baci-milano-gli-inseparabili-buste-mr-black-32-cm-copia\/\" \/>\n<meta property=\"og:locale\" content=\"de_DE\" \/>\n<meta property=\"og:type\" content=\"article\" \/>\n<meta property=\"og:title\" content=\"BACI MILANO Gli Inseparabili Buchst\u00fctze Mr. Black &amp; Mrs. White 26 cm\" \/>\n<meta property=\"og:description\" content=\"Entdecken Sie BACI MILANO Kopf Paar wei\u00df 32cm bei ErresseShop. Qualit\u00e4t, Stil und Funktionalit\u00e4t \u2013 jetzt online bestellen!\" \/>\n<meta property=\"og:url\" content=\"https:\/\/www.erresse-shop.it\/de\/shop\/einrichtung-haus\/dekoartikel\/baci-milano-gli-inseparabili-buste-mr-black-32-cm-copia\/\" \/>\n<meta property=\"og:site_name\" content=\"Erresse Shop\" \/>\n<meta property=\"article:modified_time\" content=\"2025-02-14T08:31:12+00:00\" \/>\n<meta property=\"og:image\" content=\"https:\/\/www.erresse-shop.it\/wp-content\/uploads\/2025\/02\/BACI-MILANO-Gli-Inseparabili-Fermalibro-Mr.-Black-Mrs.-White-26-cm.jpg\" \/>\n\t<meta property=\"og:image:width\" content=\"1200\" \/>\n\t<meta property=\"og:image:height\" content=\"1200\" \/>\n\t<meta property=\"og:image:type\" content=\"image\/jpeg\" \/>\n<meta name=\"twitter:card\" content=\"summary_large_image\" \/>\n<script type=\"application\/ld+json\" class=\"yoast-schema-graph\">{\"@context\":\"https:\/\/schema.org\",\"@graph\":[{\"@type\":\"WebPage\",\"@id\":\"https:\/\/www.erresse-shop.it\/de\/shop\/einrichtung-haus\/dekoartikel\/baci-milano-gli-inseparabili-buste-mr-black-32-cm-copia\/\",\"url\":\"https:\/\/www.erresse-shop.it\/de\/shop\/einrichtung-haus\/dekoartikel\/baci-milano-gli-inseparabili-buste-mr-black-32-cm-copia\/\",\"name\":\"BACI MILANO Kopf Paar wei\u00df 32cm\",\"isPartOf\":{\"@id\":\"https:\/\/www.erresse-shop.it\/de\/#website\"},\"datePublished\":\"2025-02-14T08:06:15+00:00\",\"dateModified\":\"2025-02-14T08:31:12+00:00\",\"description\":\"Entdecken Sie BACI MILANO Kopf Paar wei\u00df 32cm bei ErresseShop. Qualit\u00e4t, Stil und Funktionalit\u00e4t \u2013 jetzt online bestellen!\",\"breadcrumb\":{\"@id\":\"https:\/\/www.erresse-shop.it\/de\/shop\/einrichtung-haus\/dekoartikel\/baci-milano-gli-inseparabili-buste-mr-black-32-cm-copia\/#breadcrumb\"},\"inLanguage\":\"de-DE\",\"potentialAction\":[{\"@type\":\"ReadAction\",\"target\":[\"https:\/\/www.erresse-shop.it\/de\/shop\/einrichtung-haus\/dekoartikel\/baci-milano-gli-inseparabili-buste-mr-black-32-cm-copia\/\"]}]},{\"@type\":\"BreadcrumbList\",\"@id\":\"https:\/\/www.erresse-shop.it\/de\/shop\/einrichtung-haus\/dekoartikel\/baci-milano-gli-inseparabili-buste-mr-black-32-cm-copia\/#breadcrumb\",\"itemListElement\":[{\"@type\":\"ListItem\",\"position\":1,\"name\":\"Home\",\"item\":\"https:\/\/www.erresse-shop.it\/de\/\"},{\"@type\":\"ListItem\",\"position\":2,\"name\":\"Shop\",\"item\":\"https:\/\/www.erresse-shop.it\/de\/shop\/\"},{\"@type\":\"ListItem\",\"position\":3,\"name\":\"BACI MILANO Gli Inseparabili Buchst\u00fctze Mr. Black &#038; Mrs. White 26 cm\"}]},{\"@type\":\"WebSite\",\"@id\":\"https:\/\/www.erresse-shop.it\/de\/#website\",\"url\":\"https:\/\/www.erresse-shop.it\/de\/\",\"name\":\"Erresse Shop\",\"description\":\"Articoli di qualit\u00e0 per la casa\",\"potentialAction\":[{\"@type\":\"SearchAction\",\"target\":{\"@type\":\"EntryPoint\",\"urlTemplate\":\"https:\/\/www.erresse-shop.it\/de\/?s={search_term_string}\"},\"query-input\":\"required name=search_term_string\"}],\"inLanguage\":\"de-DE\"}]}<\/script>\n<!-- \/ Yoast SEO Premium plugin. -->","yoast_head_json":{"title":"BACI MILANO Kopf Paar wei\u00df 32cm","description":"Entdecken Sie BACI MILANO Kopf Paar wei\u00df 32cm bei ErresseShop. Qualit\u00e4t, Stil und Funktionalit\u00e4t \u2013 jetzt online bestellen!","robots":{"index":"index","follow":"follow","max-snippet":"max-snippet:-1","max-image-preview":"max-image-preview:large","max-video-preview":"max-video-preview:-1"},"canonical":"https:\/\/www.erresse-shop.it\/de\/shop\/einrichtung-haus\/dekoartikel\/baci-milano-gli-inseparabili-buste-mr-black-32-cm-copia\/","og_locale":"de_DE","og_type":"article","og_title":"BACI MILANO Gli Inseparabili Buchst\u00fctze Mr. Black & Mrs. White 26 cm","og_description":"Entdecken Sie BACI MILANO Kopf Paar wei\u00df 32cm bei ErresseShop. Qualit\u00e4t, Stil und Funktionalit\u00e4t \u2013 jetzt online bestellen!","og_url":"https:\/\/www.erresse-shop.it\/de\/shop\/einrichtung-haus\/dekoartikel\/baci-milano-gli-inseparabili-buste-mr-black-32-cm-copia\/","og_site_name":"Erresse Shop","article_modified_time":"2025-02-14T08:31:12+00:00","og_image":[{"width":1200,"height":1200,"url":"https:\/\/www.erresse-shop.it\/wp-content\/uploads\/2025\/02\/BACI-MILANO-Gli-Inseparabili-Fermalibro-Mr.-Black-Mrs.-White-26-cm.jpg","type":"image\/jpeg"}],"twitter_card":"summary_large_image","schema":{"@context":"https:\/\/schema.org","@graph":[{"@type":"WebPage","@id":"https:\/\/www.erresse-shop.it\/de\/shop\/einrichtung-haus\/dekoartikel\/baci-milano-gli-inseparabili-buste-mr-black-32-cm-copia\/","url":"https:\/\/www.erresse-shop.it\/de\/shop\/einrichtung-haus\/dekoartikel\/baci-milano-gli-inseparabili-buste-mr-black-32-cm-copia\/","name":"BACI MILANO Kopf Paar wei\u00df 32cm","isPartOf":{"@id":"https:\/\/www.erresse-shop.it\/de\/#website"},"datePublished":"2025-02-14T08:06:15+00:00","dateModified":"2025-02-14T08:31:12+00:00","description":"Entdecken Sie BACI MILANO Kopf Paar wei\u00df 32cm bei ErresseShop. Qualit\u00e4t, Stil und Funktionalit\u00e4t \u2013 jetzt online bestellen!","breadcrumb":{"@id":"https:\/\/www.erresse-shop.it\/de\/shop\/einrichtung-haus\/dekoartikel\/baci-milano-gli-inseparabili-buste-mr-black-32-cm-copia\/#breadcrumb"},"inLanguage":"de-DE","potentialAction":[{"@type":"ReadAction","target":["https:\/\/www.erresse-shop.it\/de\/shop\/einrichtung-haus\/dekoartikel\/baci-milano-gli-inseparabili-buste-mr-black-32-cm-copia\/"]}]},{"@type":"BreadcrumbList","@id":"https:\/\/www.erresse-shop.it\/de\/shop\/einrichtung-haus\/dekoartikel\/baci-milano-gli-inseparabili-buste-mr-black-32-cm-copia\/#breadcrumb","itemListElement":[{"@type":"ListItem","position":1,"name":"Home","item":"https:\/\/www.erresse-shop.it\/de\/"},{"@type":"ListItem","position":2,"name":"Shop","item":"https:\/\/www.erresse-shop.it\/de\/shop\/"},{"@type":"ListItem","position":3,"name":"BACI MILANO Gli Inseparabili Buchst\u00fctze Mr. Black &#038; Mrs. White 26 cm"}]},{"@type":"WebSite","@id":"https:\/\/www.erresse-shop.it\/de\/#website","url":"https:\/\/www.erresse-shop.it\/de\/","name":"Erresse Shop","description":"Articoli di qualit\u00e0 per la casa","potentialAction":[{"@type":"SearchAction","target":{"@type":"EntryPoint","urlTemplate":"https:\/\/www.erresse-shop.it\/de\/?s={search_term_string}"},"query-input":"required name=search_term_string"}],"inLanguage":"de-DE"}]}},"df_price":62,"df_sale_price":62,"df_regular_price":124,"df_image_link":"https:\/\/www.erresse-shop.it\/wp-content\/uploads\/2025\/02\/BACI-MILANO-Gli-Inseparabili-Fermalibro-Mr.-Black-Mrs.-White-26-cm-300x300.jpg","_links":{"self":[{"href":"https:\/\/www.erresse-shop.it\/de\/wp-json\/wp\/v2\/product\/468818"}],"collection":[{"href":"https:\/\/www.erresse-shop.it\/de\/wp-json\/wp\/v2\/product"}],"about":[{"href":"https:\/\/www.erresse-shop.it\/de\/wp-json\/wp\/v2\/types\/product"}],"wp:featuredmedia":[{"embeddable":true,"href":"https:\/\/www.erresse-shop.it\/de\/wp-json\/wp\/v2\/media\/468833"}],"wp:attachment":[{"href":"https:\/\/www.erresse-shop.it\/de\/wp-json\/wp\/v2\/media?parent=468818"}],"wp:term":[{"taxonomy":"product_cat","embeddable":true,"href":"https:\/\/www.erresse-shop.it\/de\/wp-json\/wp\/v2\/product_cat?post=468818"},{"taxonomy":"product_tag","embeddable":true,"href":"https:\/\/www.erresse-shop.it\/de\/wp-json\/wp\/v2\/product_tag?post=468818"}],"curies":[{"name":"wp","href":"https:\/\/api.w.org\/{rel}","templated":true}]}}