{"id":468804,"date":"2025-02-14T07:50:16","date_gmt":"2025-02-14T07:50:18","guid":{"rendered":"https:\/\/www.erresse-shop.it\/?post_type=product&#038;p=468804"},"modified":"2026-02-23T11:17:42","modified_gmt":"2026-02-23T11:17:42","slug":"baci-milano-gli-inseparabili-bueste-mr-black-32-cm","status":"publish","type":"product","link":"https:\/\/www.erresse-shop.it\/de\/shop\/einrichtung-haus\/dekoartikel\/baci-milano-gli-inseparabili-bueste-mr-black-32-cm\/","title":{"rendered":"BACI MILANO Gli Inseparabili B\u00fcste Mr Black 32 cm"},"content":{"rendered":"<p>Die dekorative B\u00fcste Gli Inseparabili Mr. Black von Baci Milano verleiht Ihrem Zuhause einen Hauch von Eleganz und Originalit\u00e4t.<\/p>\n<div>\n<div>\n<p>Diese B\u00fcste stellt die perfekte Verbindung zwischen Schwarz und Wei\u00df dar, ein Symbol f\u00fcr Ausgeglichenheit und Verst\u00e4ndnis in der Beziehung eines Paares.<\/p>\n<p>Steigern Sie die Kunst des Kontrasts mit der dekorativen B\u00fcste Baci Milano The Inseparables Mrs. White &amp; Herr Schwarz. Die Eleganz von Wei\u00df verschmilzt harmonisch mit der Tiefe von Schwarz und erzeugt ein Spiel aus raffinierten und modernen Farbt\u00f6nen.<\/p>\n<p>Die raffinierten Designs dieser Kollektion dr\u00fccken zeitgen\u00f6ssischen Stil aus, w\u00e4hrend Mrs White und Mr Black die perfekte Harmonie zwischen den beiden gegens\u00e4tzlichen Farben symbolisieren.<\/p>\n<\/div>\n<p><strong>Material<\/strong>: Harz<br \/>\n<strong>Ma\u00dfe<\/strong>: H 32 cm<\/p>\n<\/div>\n<p>&nbsp;<\/p>\n","protected":false},"excerpt":{"rendered":"<p>Die dekorative B\u00fcste Gli Inseparabili Mr. Black von Baci Milano verleiht Ihrem Zuhause einen Hauch von Eleganz und Originalit\u00e4t. Diese<\/p>\n","protected":false},"featured_media":468813,"template":"","meta":{"_acf_changed":false,"inline_featured_image":false},"product_cat":[6817,14442],"product_tag":[25027,12340,11718,25022,19378,11847],"acf":[],"yoast_head":"<!-- This site is optimized with the Yoast SEO Premium plugin v18.6 (Yoast SEO v19.13) - https:\/\/yoast.com\/wordpress\/plugins\/seo\/ -->\n<title>BACI MILANO Gli Inseparabili B\u00fcste Mr Black 32 cm - Erresse Shop<\/title>\n<meta name=\"description\" content=\"Die dekorative B\u00fcste Gli Inseparabili Mr. Black von Baci Milano verleiht Ihrem Zuhause einen Hauch von Eleganz und Originalit\u00e4t. Diese B\u00fcste stellt die\" \/>\n<meta name=\"robots\" content=\"index, follow, max-snippet:-1, max-image-preview:large, max-video-preview:-1\" \/>\n<link rel=\"canonical\" href=\"https:\/\/www.erresse-shop.it\/de\/shop\/einrichtung-haus\/dekoartikel\/baci-milano-gli-inseparabili-bueste-mr-black-32-cm\/\" \/>\n<meta property=\"og:locale\" content=\"de_DE\" \/>\n<meta property=\"og:type\" content=\"article\" \/>\n<meta property=\"og:title\" content=\"BACI MILANO Gli Inseparabili B\u00fcste Mr Black 32 cm\" \/>\n<meta property=\"og:description\" content=\"Die dekorative B\u00fcste Gli Inseparabili Mr. Black von Baci Milano verleiht Ihrem Zuhause einen Hauch von Eleganz und Originalit\u00e4t. Diese B\u00fcste stellt die\" \/>\n<meta property=\"og:url\" content=\"https:\/\/www.erresse-shop.it\/de\/shop\/einrichtung-haus\/dekoartikel\/baci-milano-gli-inseparabili-bueste-mr-black-32-cm\/\" \/>\n<meta property=\"og:site_name\" content=\"Erresse Shop\" \/>\n<meta property=\"article:modified_time\" content=\"2026-02-23T11:17:42+00:00\" \/>\n<meta property=\"og:image\" content=\"https:\/\/www.erresse-shop.it\/wp-content\/uploads\/2025\/02\/BACI-MILANO-Gli-Inseparabili-Busto-Mr-Black-32-cm.jpg\" \/>\n\t<meta property=\"og:image:width\" content=\"1200\" \/>\n\t<meta property=\"og:image:height\" content=\"1200\" \/>\n\t<meta property=\"og:image:type\" content=\"image\/jpeg\" \/>\n<meta name=\"twitter:card\" content=\"summary_large_image\" \/>\n<script type=\"application\/ld+json\" class=\"yoast-schema-graph\">{\"@context\":\"https:\/\/schema.org\",\"@graph\":[{\"@type\":\"WebPage\",\"@id\":\"https:\/\/www.erresse-shop.it\/de\/shop\/einrichtung-haus\/dekoartikel\/baci-milano-gli-inseparabili-bueste-mr-black-32-cm\/\",\"url\":\"https:\/\/www.erresse-shop.it\/de\/shop\/einrichtung-haus\/dekoartikel\/baci-milano-gli-inseparabili-bueste-mr-black-32-cm\/\",\"name\":\"BACI MILANO Gli Inseparabili B\u00fcste Mr Black 32 cm - Erresse Shop\",\"isPartOf\":{\"@id\":\"https:\/\/www.erresse-shop.it\/de\/#website\"},\"datePublished\":\"2025-02-14T07:50:18+00:00\",\"dateModified\":\"2026-02-23T11:17:42+00:00\",\"description\":\"Die dekorative B\u00fcste Gli Inseparabili Mr. Black von Baci Milano verleiht Ihrem Zuhause einen Hauch von Eleganz und Originalit\u00e4t. Diese B\u00fcste stellt die\",\"breadcrumb\":{\"@id\":\"https:\/\/www.erresse-shop.it\/de\/shop\/einrichtung-haus\/dekoartikel\/baci-milano-gli-inseparabili-bueste-mr-black-32-cm\/#breadcrumb\"},\"inLanguage\":\"de-DE\",\"potentialAction\":[{\"@type\":\"ReadAction\",\"target\":[\"https:\/\/www.erresse-shop.it\/de\/shop\/einrichtung-haus\/dekoartikel\/baci-milano-gli-inseparabili-bueste-mr-black-32-cm\/\"]}]},{\"@type\":\"BreadcrumbList\",\"@id\":\"https:\/\/www.erresse-shop.it\/de\/shop\/einrichtung-haus\/dekoartikel\/baci-milano-gli-inseparabili-bueste-mr-black-32-cm\/#breadcrumb\",\"itemListElement\":[{\"@type\":\"ListItem\",\"position\":1,\"name\":\"Home\",\"item\":\"https:\/\/www.erresse-shop.it\/de\/\"},{\"@type\":\"ListItem\",\"position\":2,\"name\":\"Shop\",\"item\":\"https:\/\/www.erresse-shop.it\/de\/shop\/\"},{\"@type\":\"ListItem\",\"position\":3,\"name\":\"BACI MILANO Gli Inseparabili B\u00fcste Mr Black 32 cm\"}]},{\"@type\":\"WebSite\",\"@id\":\"https:\/\/www.erresse-shop.it\/de\/#website\",\"url\":\"https:\/\/www.erresse-shop.it\/de\/\",\"name\":\"Erresse Shop\",\"description\":\"Articoli di qualit\u00e0 per la casa\",\"potentialAction\":[{\"@type\":\"SearchAction\",\"target\":{\"@type\":\"EntryPoint\",\"urlTemplate\":\"https:\/\/www.erresse-shop.it\/de\/?s={search_term_string}\"},\"query-input\":\"required name=search_term_string\"}],\"inLanguage\":\"de-DE\"}]}<\/script>\n<!-- \/ Yoast SEO Premium plugin. -->","yoast_head_json":{"title":"BACI MILANO Gli Inseparabili B\u00fcste Mr Black 32 cm - Erresse Shop","description":"Die dekorative B\u00fcste Gli Inseparabili Mr. Black von Baci Milano verleiht Ihrem Zuhause einen Hauch von Eleganz und Originalit\u00e4t. Diese B\u00fcste stellt die","robots":{"index":"index","follow":"follow","max-snippet":"max-snippet:-1","max-image-preview":"max-image-preview:large","max-video-preview":"max-video-preview:-1"},"canonical":"https:\/\/www.erresse-shop.it\/de\/shop\/einrichtung-haus\/dekoartikel\/baci-milano-gli-inseparabili-bueste-mr-black-32-cm\/","og_locale":"de_DE","og_type":"article","og_title":"BACI MILANO Gli Inseparabili B\u00fcste Mr Black 32 cm","og_description":"Die dekorative B\u00fcste Gli Inseparabili Mr. Black von Baci Milano verleiht Ihrem Zuhause einen Hauch von Eleganz und Originalit\u00e4t. Diese B\u00fcste stellt die","og_url":"https:\/\/www.erresse-shop.it\/de\/shop\/einrichtung-haus\/dekoartikel\/baci-milano-gli-inseparabili-bueste-mr-black-32-cm\/","og_site_name":"Erresse Shop","article_modified_time":"2026-02-23T11:17:42+00:00","og_image":[{"width":1200,"height":1200,"url":"https:\/\/www.erresse-shop.it\/wp-content\/uploads\/2025\/02\/BACI-MILANO-Gli-Inseparabili-Busto-Mr-Black-32-cm.jpg","type":"image\/jpeg"}],"twitter_card":"summary_large_image","schema":{"@context":"https:\/\/schema.org","@graph":[{"@type":"WebPage","@id":"https:\/\/www.erresse-shop.it\/de\/shop\/einrichtung-haus\/dekoartikel\/baci-milano-gli-inseparabili-bueste-mr-black-32-cm\/","url":"https:\/\/www.erresse-shop.it\/de\/shop\/einrichtung-haus\/dekoartikel\/baci-milano-gli-inseparabili-bueste-mr-black-32-cm\/","name":"BACI MILANO Gli Inseparabili B\u00fcste Mr Black 32 cm - Erresse Shop","isPartOf":{"@id":"https:\/\/www.erresse-shop.it\/de\/#website"},"datePublished":"2025-02-14T07:50:18+00:00","dateModified":"2026-02-23T11:17:42+00:00","description":"Die dekorative B\u00fcste Gli Inseparabili Mr. Black von Baci Milano verleiht Ihrem Zuhause einen Hauch von Eleganz und Originalit\u00e4t. Diese B\u00fcste stellt die","breadcrumb":{"@id":"https:\/\/www.erresse-shop.it\/de\/shop\/einrichtung-haus\/dekoartikel\/baci-milano-gli-inseparabili-bueste-mr-black-32-cm\/#breadcrumb"},"inLanguage":"de-DE","potentialAction":[{"@type":"ReadAction","target":["https:\/\/www.erresse-shop.it\/de\/shop\/einrichtung-haus\/dekoartikel\/baci-milano-gli-inseparabili-bueste-mr-black-32-cm\/"]}]},{"@type":"BreadcrumbList","@id":"https:\/\/www.erresse-shop.it\/de\/shop\/einrichtung-haus\/dekoartikel\/baci-milano-gli-inseparabili-bueste-mr-black-32-cm\/#breadcrumb","itemListElement":[{"@type":"ListItem","position":1,"name":"Home","item":"https:\/\/www.erresse-shop.it\/de\/"},{"@type":"ListItem","position":2,"name":"Shop","item":"https:\/\/www.erresse-shop.it\/de\/shop\/"},{"@type":"ListItem","position":3,"name":"BACI MILANO Gli Inseparabili B\u00fcste Mr Black 32 cm"}]},{"@type":"WebSite","@id":"https:\/\/www.erresse-shop.it\/de\/#website","url":"https:\/\/www.erresse-shop.it\/de\/","name":"Erresse Shop","description":"Articoli di qualit\u00e0 per la casa","potentialAction":[{"@type":"SearchAction","target":{"@type":"EntryPoint","urlTemplate":"https:\/\/www.erresse-shop.it\/de\/?s={search_term_string}"},"query-input":"required name=search_term_string"}],"inLanguage":"de-DE"}]}},"df_price":99.95,"df_sale_price":99.95,"df_regular_price":150,"df_image_link":"https:\/\/www.erresse-shop.it\/wp-content\/uploads\/2025\/02\/BACI-MILANO-Gli-Inseparabili-Busto-Mr-Black-32-cm-300x300.jpg","_links":{"self":[{"href":"https:\/\/www.erresse-shop.it\/de\/wp-json\/wp\/v2\/product\/468804"}],"collection":[{"href":"https:\/\/www.erresse-shop.it\/de\/wp-json\/wp\/v2\/product"}],"about":[{"href":"https:\/\/www.erresse-shop.it\/de\/wp-json\/wp\/v2\/types\/product"}],"wp:featuredmedia":[{"embeddable":true,"href":"https:\/\/www.erresse-shop.it\/de\/wp-json\/wp\/v2\/media\/468813"}],"wp:attachment":[{"href":"https:\/\/www.erresse-shop.it\/de\/wp-json\/wp\/v2\/media?parent=468804"}],"wp:term":[{"taxonomy":"product_cat","embeddable":true,"href":"https:\/\/www.erresse-shop.it\/de\/wp-json\/wp\/v2\/product_cat?post=468804"},{"taxonomy":"product_tag","embeddable":true,"href":"https:\/\/www.erresse-shop.it\/de\/wp-json\/wp\/v2\/product_tag?post=468804"}],"curies":[{"name":"wp","href":"https:\/\/api.w.org\/{rel}","templated":true}]}}