{"id":468743,"date":"2017-01-16T12:30:16","date_gmt":"2017-01-16T12:30:16","guid":{"rendered":"https:\/\/www.erresse-shop.it\/shop\/senza-categoria\/magimix-micro-chrom-kuechenmaschine\/"},"modified":"2026-04-02T17:03:03","modified_gmt":"2026-04-02T17:03:03","slug":"magimix-micro-chrom-kuechenmaschine","status":"publish","type":"product","link":"https:\/\/www.erresse-shop.it\/de\/shop\/kleine-elektrogeraete\/kuechenmaschinen\/magimix-micro-chrom-kuechenmaschine\/","title":{"rendered":"MAGIMIX Micro K\u00fcchenmaschine Chrom"},"content":{"rendered":"<p><strong>MAGIMIX.<\/strong> <u>ITALIENISCHE GARANTIE<\/u><\/p>\n<p>Im Herzen Burgunds, einer Region, die f\u00fcr ihre Gastronomie ber\u00fchmt ist, erfand Magimix vor \u00fcber vierzig Jahren die K\u00fcchenmaschine.<br \/>\nHeute sind Magimix-Ger\u00e4te die Haushaltsversion der Profiger\u00e4te. Die besten Restaurants der Welt nutzen die Profiversionen unserer Produkte.<br \/>\nDas Magimix-Sortiment umfasst die gesamte Bandbreite an kleinen K\u00fcchenger\u00e4ten. Als Vorreiter in Sachen K\u00fccheninnovation pr\u00e4sentiert Magimix stolz seine neueste Kollektion f\u00fcr Kochvergn\u00fcgen wie ein Meisterkoch.<\/p>\n<p><strong>MICRO.<\/strong>Ein hocheffektiver Mini-Zerkleinerer. Mit Metallklinge zum Hacken und P\u00fcrieren sowie einem Emulgator f\u00fcr Saucen.<\/p>\n<ul>\n<li>0,8-Liter-Sch\u00fcssel<\/li>\n<li>Pulstaste f\u00fcr optimale Kontrolle<\/li>\n<li>30-Rezept-Buch<\/li>\n<li>Inklusive Spatel<\/li>\n<\/ul>\n<p><strong>Fassungsverm\u00f6gen<\/strong><\/p>\n<ul>\n<li><strong>Gekochter Schinken:<\/strong> 200 g<\/li>\n<li><strong>Fleisch:<\/strong> 350 g<\/li>\n<li><strong>K\u00e4se:<\/strong> 200 g<\/li>\n<li><strong>Waln\u00fcsse, Haseln\u00fcsse:<\/strong> 200 g<\/li>\n<li><strong>Kekse:<\/strong> 50 g<\/li>\n<\/ul>\n<p><strong>Technische Daten:<\/strong><\/p>\n<ul>\n<li><strong>Material: <\/strong>0 % BPA<\/li>\n<li><strong>Motorleistung: <\/strong>290 W<\/li>\n<li><strong>Garantie: <\/strong>3 Jahre<\/li>\n<li><strong>Abmessungen: <\/strong>17 x 12 cm, H\u00f6he 24 cm<\/li>\n<li><strong>Gewicht: <\/strong>1,7 kg<\/li>\n<li><strong>Hergestellt in Frankreich <\/strong><\/li>\n<\/ul>\n<p><span style=\"text-decoration: underline;\"><strong>Not for sale outside Europe<\/strong><\/span><\/p>\n","protected":false},"excerpt":{"rendered":"<p>MAGIMIX. ITALIENISCHE GARANTIE Im Herzen Burgunds, einer Region, die f\u00fcr ihre Gastronomie ber\u00fchmt ist, erfand Magimix vor \u00fcber vierzig Jahren<\/p>\n","protected":false},"featured_media":19812,"template":"","meta":{"_acf_changed":false,"inline_featured_image":false},"product_cat":[6703,6721],"product_tag":[],"acf":[],"yoast_head":"<!-- This site is optimized with the Yoast SEO Premium plugin v18.6 (Yoast SEO v19.13) - https:\/\/yoast.com\/wordpress\/plugins\/seo\/ -->\n<title>MAGIMIX Micro K\u00fcchenmaschine Chrom - Erresse Shop<\/title>\n<meta name=\"description\" content=\"MAGIMIX. ITALIENISCHE GARANTIE Im Herzen Burgunds, einer Region, die f\u00fcr ihre Gastronomie ber\u00fchmt ist, erfand Magimix vor \u00fcber vierzig Jahren die\" \/>\n<meta name=\"robots\" content=\"index, follow, max-snippet:-1, max-image-preview:large, max-video-preview:-1\" \/>\n<link rel=\"canonical\" href=\"https:\/\/www.erresse-shop.it\/de\/shop\/kleine-elektrogeraete\/kuechenmaschinen\/magimix-micro-chrom-kuechenmaschine\/\" \/>\n<meta property=\"og:locale\" content=\"de_DE\" \/>\n<meta property=\"og:type\" content=\"article\" \/>\n<meta property=\"og:title\" content=\"MAGIMIX Micro K\u00fcchenmaschine Chrom\" \/>\n<meta property=\"og:description\" content=\"MAGIMIX. ITALIENISCHE GARANTIE Im Herzen Burgunds, einer Region, die f\u00fcr ihre Gastronomie ber\u00fchmt ist, erfand Magimix vor \u00fcber vierzig Jahren die\" \/>\n<meta property=\"og:url\" content=\"https:\/\/www.erresse-shop.it\/de\/shop\/kleine-elektrogeraete\/kuechenmaschinen\/magimix-micro-chrom-kuechenmaschine\/\" \/>\n<meta property=\"og:site_name\" content=\"Erresse Shop\" \/>\n<meta property=\"article:modified_time\" content=\"2026-04-02T17:03:03+00:00\" \/>\n<meta property=\"og:image\" content=\"https:\/\/www.erresse-shop.it\/wp-content\/uploads\/2017\/01\/MAGIMIX-Robot-da-cucina-Micro-cromo-Natale.jpg\" \/>\n\t<meta property=\"og:image:width\" content=\"1200\" \/>\n\t<meta property=\"og:image:height\" content=\"1200\" \/>\n\t<meta property=\"og:image:type\" content=\"image\/jpeg\" \/>\n<meta name=\"twitter:card\" content=\"summary_large_image\" \/>\n<script type=\"application\/ld+json\" class=\"yoast-schema-graph\">{\"@context\":\"https:\/\/schema.org\",\"@graph\":[{\"@type\":\"WebPage\",\"@id\":\"https:\/\/www.erresse-shop.it\/de\/shop\/kleine-elektrogeraete\/kuechenmaschinen\/magimix-micro-chrom-kuechenmaschine\/\",\"url\":\"https:\/\/www.erresse-shop.it\/de\/shop\/kleine-elektrogeraete\/kuechenmaschinen\/magimix-micro-chrom-kuechenmaschine\/\",\"name\":\"MAGIMIX Micro K\u00fcchenmaschine Chrom - Erresse Shop\",\"isPartOf\":{\"@id\":\"https:\/\/www.erresse-shop.it\/de\/#website\"},\"datePublished\":\"2017-01-16T12:30:16+00:00\",\"dateModified\":\"2026-04-02T17:03:03+00:00\",\"description\":\"MAGIMIX. ITALIENISCHE GARANTIE Im Herzen Burgunds, einer Region, die f\u00fcr ihre Gastronomie ber\u00fchmt ist, erfand Magimix vor \u00fcber vierzig Jahren die\",\"breadcrumb\":{\"@id\":\"https:\/\/www.erresse-shop.it\/de\/shop\/kleine-elektrogeraete\/kuechenmaschinen\/magimix-micro-chrom-kuechenmaschine\/#breadcrumb\"},\"inLanguage\":\"de-DE\",\"potentialAction\":[{\"@type\":\"ReadAction\",\"target\":[\"https:\/\/www.erresse-shop.it\/de\/shop\/kleine-elektrogeraete\/kuechenmaschinen\/magimix-micro-chrom-kuechenmaschine\/\"]}]},{\"@type\":\"BreadcrumbList\",\"@id\":\"https:\/\/www.erresse-shop.it\/de\/shop\/kleine-elektrogeraete\/kuechenmaschinen\/magimix-micro-chrom-kuechenmaschine\/#breadcrumb\",\"itemListElement\":[{\"@type\":\"ListItem\",\"position\":1,\"name\":\"Home\",\"item\":\"https:\/\/www.erresse-shop.it\/de\/\"},{\"@type\":\"ListItem\",\"position\":2,\"name\":\"Shop\",\"item\":\"https:\/\/www.erresse-shop.it\/de\/shop\/\"},{\"@type\":\"ListItem\",\"position\":3,\"name\":\"MAGIMIX Micro K\u00fcchenmaschine Chrom\"}]},{\"@type\":\"WebSite\",\"@id\":\"https:\/\/www.erresse-shop.it\/de\/#website\",\"url\":\"https:\/\/www.erresse-shop.it\/de\/\",\"name\":\"Erresse Shop\",\"description\":\"Articoli di qualit\u00e0 per la casa\",\"potentialAction\":[{\"@type\":\"SearchAction\",\"target\":{\"@type\":\"EntryPoint\",\"urlTemplate\":\"https:\/\/www.erresse-shop.it\/de\/?s={search_term_string}\"},\"query-input\":\"required name=search_term_string\"}],\"inLanguage\":\"de-DE\"}]}<\/script>\n<!-- \/ Yoast SEO Premium plugin. -->","yoast_head_json":{"title":"MAGIMIX Micro K\u00fcchenmaschine Chrom - Erresse Shop","description":"MAGIMIX. ITALIENISCHE GARANTIE Im Herzen Burgunds, einer Region, die f\u00fcr ihre Gastronomie ber\u00fchmt ist, erfand Magimix vor \u00fcber vierzig Jahren die","robots":{"index":"index","follow":"follow","max-snippet":"max-snippet:-1","max-image-preview":"max-image-preview:large","max-video-preview":"max-video-preview:-1"},"canonical":"https:\/\/www.erresse-shop.it\/de\/shop\/kleine-elektrogeraete\/kuechenmaschinen\/magimix-micro-chrom-kuechenmaschine\/","og_locale":"de_DE","og_type":"article","og_title":"MAGIMIX Micro K\u00fcchenmaschine Chrom","og_description":"MAGIMIX. ITALIENISCHE GARANTIE Im Herzen Burgunds, einer Region, die f\u00fcr ihre Gastronomie ber\u00fchmt ist, erfand Magimix vor \u00fcber vierzig Jahren die","og_url":"https:\/\/www.erresse-shop.it\/de\/shop\/kleine-elektrogeraete\/kuechenmaschinen\/magimix-micro-chrom-kuechenmaschine\/","og_site_name":"Erresse Shop","article_modified_time":"2026-04-02T17:03:03+00:00","og_image":[{"width":1200,"height":1200,"url":"https:\/\/www.erresse-shop.it\/wp-content\/uploads\/2017\/01\/MAGIMIX-Robot-da-cucina-Micro-cromo-Natale.jpg","type":"image\/jpeg"}],"twitter_card":"summary_large_image","schema":{"@context":"https:\/\/schema.org","@graph":[{"@type":"WebPage","@id":"https:\/\/www.erresse-shop.it\/de\/shop\/kleine-elektrogeraete\/kuechenmaschinen\/magimix-micro-chrom-kuechenmaschine\/","url":"https:\/\/www.erresse-shop.it\/de\/shop\/kleine-elektrogeraete\/kuechenmaschinen\/magimix-micro-chrom-kuechenmaschine\/","name":"MAGIMIX Micro K\u00fcchenmaschine Chrom - Erresse Shop","isPartOf":{"@id":"https:\/\/www.erresse-shop.it\/de\/#website"},"datePublished":"2017-01-16T12:30:16+00:00","dateModified":"2026-04-02T17:03:03+00:00","description":"MAGIMIX. ITALIENISCHE GARANTIE Im Herzen Burgunds, einer Region, die f\u00fcr ihre Gastronomie ber\u00fchmt ist, erfand Magimix vor \u00fcber vierzig Jahren die","breadcrumb":{"@id":"https:\/\/www.erresse-shop.it\/de\/shop\/kleine-elektrogeraete\/kuechenmaschinen\/magimix-micro-chrom-kuechenmaschine\/#breadcrumb"},"inLanguage":"de-DE","potentialAction":[{"@type":"ReadAction","target":["https:\/\/www.erresse-shop.it\/de\/shop\/kleine-elektrogeraete\/kuechenmaschinen\/magimix-micro-chrom-kuechenmaschine\/"]}]},{"@type":"BreadcrumbList","@id":"https:\/\/www.erresse-shop.it\/de\/shop\/kleine-elektrogeraete\/kuechenmaschinen\/magimix-micro-chrom-kuechenmaschine\/#breadcrumb","itemListElement":[{"@type":"ListItem","position":1,"name":"Home","item":"https:\/\/www.erresse-shop.it\/de\/"},{"@type":"ListItem","position":2,"name":"Shop","item":"https:\/\/www.erresse-shop.it\/de\/shop\/"},{"@type":"ListItem","position":3,"name":"MAGIMIX Micro K\u00fcchenmaschine Chrom"}]},{"@type":"WebSite","@id":"https:\/\/www.erresse-shop.it\/de\/#website","url":"https:\/\/www.erresse-shop.it\/de\/","name":"Erresse Shop","description":"Articoli di qualit\u00e0 per la casa","potentialAction":[{"@type":"SearchAction","target":{"@type":"EntryPoint","urlTemplate":"https:\/\/www.erresse-shop.it\/de\/?s={search_term_string}"},"query-input":"required name=search_term_string"}],"inLanguage":"de-DE"}]}},"df_price":42,"df_sale_price":42,"df_regular_price":115,"df_image_link":"https:\/\/www.erresse-shop.it\/wp-content\/uploads\/2017\/01\/products-magimix-micro-cromo-2.jpg","_links":{"self":[{"href":"https:\/\/www.erresse-shop.it\/de\/wp-json\/wp\/v2\/product\/468743"}],"collection":[{"href":"https:\/\/www.erresse-shop.it\/de\/wp-json\/wp\/v2\/product"}],"about":[{"href":"https:\/\/www.erresse-shop.it\/de\/wp-json\/wp\/v2\/types\/product"}],"wp:featuredmedia":[{"embeddable":true,"href":"https:\/\/www.erresse-shop.it\/de\/wp-json\/wp\/v2\/media\/19812"}],"wp:attachment":[{"href":"https:\/\/www.erresse-shop.it\/de\/wp-json\/wp\/v2\/media?parent=468743"}],"wp:term":[{"taxonomy":"product_cat","embeddable":true,"href":"https:\/\/www.erresse-shop.it\/de\/wp-json\/wp\/v2\/product_cat?post=468743"},{"taxonomy":"product_tag","embeddable":true,"href":"https:\/\/www.erresse-shop.it\/de\/wp-json\/wp\/v2\/product_tag?post=468743"}],"curies":[{"name":"wp","href":"https:\/\/api.w.org\/{rel}","templated":true}]}}