{"id":468697,"date":"2025-02-13T14:42:39","date_gmt":"2025-02-13T14:42:41","guid":{"rendered":"https:\/\/www.erresse-shop.it\/?post_type=product&#038;p=468697"},"modified":"2025-07-06T20:05:41","modified_gmt":"2025-07-06T20:05:41","slug":"wd-lifestyle-glaskrug-mit-dekorativer-schrift-copia","status":"publish","type":"product","link":"https:\/\/www.erresse-shop.it\/de\/shop\/tisch\/karaffen-flaschen-kruege\/wd-lifestyle-glaskrug-mit-dekorativer-schrift-copia\/","title":{"rendered":"BACI MILANO Acqua Krug 2,25 L Orange"},"content":{"rendered":"<p>2,25 l Acrylkrug aus der zarten Aqua Kollektion. Die perfekten klassischen Linien finden Raum und Ausdruck in Objekten, die die Verf\u00fchrung eines raffinierten Designs mit der Harmonie eines funktionalen Materials wie Acryl verbinden.<\/p>\n<p>Fassungsverm\u00f6gen: 2,25 L<br \/>\nMa\u00dfe: \u00d8 18 cm, H 24,6 cm<\/p>\n<p>Sp\u00fclmaschinenfest unter 50\u00b0. Mit nicht aggressiven Klarsp\u00fclern waschen.<br \/>\nNicht f\u00fcr die Mikrowelle geeignet.<\/p>\n<p>&nbsp;<\/p>\n","protected":false},"excerpt":{"rendered":"<p>2,25 l Acrylkrug aus der zarten Aqua Kollektion. Die perfekten klassischen Linien finden Raum und Ausdruck in Objekten, die die<\/p>\n","protected":false},"featured_media":468711,"template":"","meta":{"_acf_changed":false,"inline_featured_image":false},"product_cat":[6859,6787],"product_tag":[11893,11843,11849,24604],"acf":[],"yoast_head":"<!-- This site is optimized with the Yoast SEO Premium plugin v18.6 (Yoast SEO v19.13) - https:\/\/yoast.com\/wordpress\/plugins\/seo\/ -->\n<title>WD LIFESTYLE Glas-Karaffe Vierbl\u00e4ttriges Kleeblatt<\/title>\n<meta name=\"description\" content=\"Entdecken Sie WD LIFESTYLE Glas-Karaffe Vierbl\u00e4ttriges Kleeblatt bei ErresseShop. Qualit\u00e4t, Stil und Funktionalit\u00e4t \u2013 jetzt online bestellen!\" \/>\n<meta name=\"robots\" content=\"index, follow, max-snippet:-1, max-image-preview:large, max-video-preview:-1\" \/>\n<link rel=\"canonical\" href=\"https:\/\/www.erresse-shop.it\/de\/shop\/tisch\/karaffen-flaschen-kruege\/wd-lifestyle-glaskrug-mit-dekorativer-schrift-copia\/\" \/>\n<meta property=\"og:locale\" content=\"de_DE\" \/>\n<meta property=\"og:type\" content=\"article\" \/>\n<meta property=\"og:title\" content=\"BACI MILANO Acqua Krug 2,25 L Orange\" \/>\n<meta property=\"og:description\" content=\"Entdecken Sie WD LIFESTYLE Glas-Karaffe Vierbl\u00e4ttriges Kleeblatt bei ErresseShop. Qualit\u00e4t, Stil und Funktionalit\u00e4t \u2013 jetzt online bestellen!\" \/>\n<meta property=\"og:url\" content=\"https:\/\/www.erresse-shop.it\/de\/shop\/tisch\/karaffen-flaschen-kruege\/wd-lifestyle-glaskrug-mit-dekorativer-schrift-copia\/\" \/>\n<meta property=\"og:site_name\" content=\"Erresse Shop\" \/>\n<meta property=\"article:modified_time\" content=\"2025-07-06T20:05:41+00:00\" \/>\n<meta property=\"og:image\" content=\"https:\/\/www.erresse-shop.it\/wp-content\/uploads\/2025\/02\/BACI-MILANO-Acqua-Brocca-225-L-Arancio.jpg\" \/>\n\t<meta property=\"og:image:width\" content=\"1200\" \/>\n\t<meta property=\"og:image:height\" content=\"1200\" \/>\n\t<meta property=\"og:image:type\" content=\"image\/jpeg\" \/>\n<meta name=\"twitter:card\" content=\"summary_large_image\" \/>\n<script type=\"application\/ld+json\" class=\"yoast-schema-graph\">{\"@context\":\"https:\/\/schema.org\",\"@graph\":[{\"@type\":\"WebPage\",\"@id\":\"https:\/\/www.erresse-shop.it\/de\/shop\/tisch\/karaffen-flaschen-kruege\/wd-lifestyle-glaskrug-mit-dekorativer-schrift-copia\/\",\"url\":\"https:\/\/www.erresse-shop.it\/de\/shop\/tisch\/karaffen-flaschen-kruege\/wd-lifestyle-glaskrug-mit-dekorativer-schrift-copia\/\",\"name\":\"WD LIFESTYLE Glas-Karaffe Vierbl\u00e4ttriges Kleeblatt\",\"isPartOf\":{\"@id\":\"https:\/\/www.erresse-shop.it\/de\/#website\"},\"datePublished\":\"2025-02-13T14:42:41+00:00\",\"dateModified\":\"2025-07-06T20:05:41+00:00\",\"description\":\"Entdecken Sie WD LIFESTYLE Glas-Karaffe Vierbl\u00e4ttriges Kleeblatt bei ErresseShop. Qualit\u00e4t, Stil und Funktionalit\u00e4t \u2013 jetzt online bestellen!\",\"breadcrumb\":{\"@id\":\"https:\/\/www.erresse-shop.it\/de\/shop\/tisch\/karaffen-flaschen-kruege\/wd-lifestyle-glaskrug-mit-dekorativer-schrift-copia\/#breadcrumb\"},\"inLanguage\":\"de-DE\",\"potentialAction\":[{\"@type\":\"ReadAction\",\"target\":[\"https:\/\/www.erresse-shop.it\/de\/shop\/tisch\/karaffen-flaschen-kruege\/wd-lifestyle-glaskrug-mit-dekorativer-schrift-copia\/\"]}]},{\"@type\":\"BreadcrumbList\",\"@id\":\"https:\/\/www.erresse-shop.it\/de\/shop\/tisch\/karaffen-flaschen-kruege\/wd-lifestyle-glaskrug-mit-dekorativer-schrift-copia\/#breadcrumb\",\"itemListElement\":[{\"@type\":\"ListItem\",\"position\":1,\"name\":\"Home\",\"item\":\"https:\/\/www.erresse-shop.it\/de\/\"},{\"@type\":\"ListItem\",\"position\":2,\"name\":\"Shop\",\"item\":\"https:\/\/www.erresse-shop.it\/de\/shop\/\"},{\"@type\":\"ListItem\",\"position\":3,\"name\":\"BACI MILANO Acqua Krug 2,25 L Orange\"}]},{\"@type\":\"WebSite\",\"@id\":\"https:\/\/www.erresse-shop.it\/de\/#website\",\"url\":\"https:\/\/www.erresse-shop.it\/de\/\",\"name\":\"Erresse Shop\",\"description\":\"Articoli di qualit\u00e0 per la casa\",\"potentialAction\":[{\"@type\":\"SearchAction\",\"target\":{\"@type\":\"EntryPoint\",\"urlTemplate\":\"https:\/\/www.erresse-shop.it\/de\/?s={search_term_string}\"},\"query-input\":\"required name=search_term_string\"}],\"inLanguage\":\"de-DE\"}]}<\/script>\n<!-- \/ Yoast SEO Premium plugin. -->","yoast_head_json":{"title":"WD LIFESTYLE Glas-Karaffe Vierbl\u00e4ttriges Kleeblatt","description":"Entdecken Sie WD LIFESTYLE Glas-Karaffe Vierbl\u00e4ttriges Kleeblatt bei ErresseShop. Qualit\u00e4t, Stil und Funktionalit\u00e4t \u2013 jetzt online bestellen!","robots":{"index":"index","follow":"follow","max-snippet":"max-snippet:-1","max-image-preview":"max-image-preview:large","max-video-preview":"max-video-preview:-1"},"canonical":"https:\/\/www.erresse-shop.it\/de\/shop\/tisch\/karaffen-flaschen-kruege\/wd-lifestyle-glaskrug-mit-dekorativer-schrift-copia\/","og_locale":"de_DE","og_type":"article","og_title":"BACI MILANO Acqua Krug 2,25 L Orange","og_description":"Entdecken Sie WD LIFESTYLE Glas-Karaffe Vierbl\u00e4ttriges Kleeblatt bei ErresseShop. Qualit\u00e4t, Stil und Funktionalit\u00e4t \u2013 jetzt online bestellen!","og_url":"https:\/\/www.erresse-shop.it\/de\/shop\/tisch\/karaffen-flaschen-kruege\/wd-lifestyle-glaskrug-mit-dekorativer-schrift-copia\/","og_site_name":"Erresse Shop","article_modified_time":"2025-07-06T20:05:41+00:00","og_image":[{"width":1200,"height":1200,"url":"https:\/\/www.erresse-shop.it\/wp-content\/uploads\/2025\/02\/BACI-MILANO-Acqua-Brocca-225-L-Arancio.jpg","type":"image\/jpeg"}],"twitter_card":"summary_large_image","schema":{"@context":"https:\/\/schema.org","@graph":[{"@type":"WebPage","@id":"https:\/\/www.erresse-shop.it\/de\/shop\/tisch\/karaffen-flaschen-kruege\/wd-lifestyle-glaskrug-mit-dekorativer-schrift-copia\/","url":"https:\/\/www.erresse-shop.it\/de\/shop\/tisch\/karaffen-flaschen-kruege\/wd-lifestyle-glaskrug-mit-dekorativer-schrift-copia\/","name":"WD LIFESTYLE Glas-Karaffe Vierbl\u00e4ttriges Kleeblatt","isPartOf":{"@id":"https:\/\/www.erresse-shop.it\/de\/#website"},"datePublished":"2025-02-13T14:42:41+00:00","dateModified":"2025-07-06T20:05:41+00:00","description":"Entdecken Sie WD LIFESTYLE Glas-Karaffe Vierbl\u00e4ttriges Kleeblatt bei ErresseShop. Qualit\u00e4t, Stil und Funktionalit\u00e4t \u2013 jetzt online bestellen!","breadcrumb":{"@id":"https:\/\/www.erresse-shop.it\/de\/shop\/tisch\/karaffen-flaschen-kruege\/wd-lifestyle-glaskrug-mit-dekorativer-schrift-copia\/#breadcrumb"},"inLanguage":"de-DE","potentialAction":[{"@type":"ReadAction","target":["https:\/\/www.erresse-shop.it\/de\/shop\/tisch\/karaffen-flaschen-kruege\/wd-lifestyle-glaskrug-mit-dekorativer-schrift-copia\/"]}]},{"@type":"BreadcrumbList","@id":"https:\/\/www.erresse-shop.it\/de\/shop\/tisch\/karaffen-flaschen-kruege\/wd-lifestyle-glaskrug-mit-dekorativer-schrift-copia\/#breadcrumb","itemListElement":[{"@type":"ListItem","position":1,"name":"Home","item":"https:\/\/www.erresse-shop.it\/de\/"},{"@type":"ListItem","position":2,"name":"Shop","item":"https:\/\/www.erresse-shop.it\/de\/shop\/"},{"@type":"ListItem","position":3,"name":"BACI MILANO Acqua Krug 2,25 L Orange"}]},{"@type":"WebSite","@id":"https:\/\/www.erresse-shop.it\/de\/#website","url":"https:\/\/www.erresse-shop.it\/de\/","name":"Erresse Shop","description":"Articoli di qualit\u00e0 per la casa","potentialAction":[{"@type":"SearchAction","target":{"@type":"EntryPoint","urlTemplate":"https:\/\/www.erresse-shop.it\/de\/?s={search_term_string}"},"query-input":"required name=search_term_string"}],"inLanguage":"de-DE"}]}},"df_price":49.95,"df_sale_price":49.95,"df_regular_price":55,"df_image_link":"https:\/\/www.erresse-shop.it\/wp-content\/uploads\/2025\/02\/BACI-MILANO-Acqua-Brocca-225-L-Arancio-300x300.jpg","_links":{"self":[{"href":"https:\/\/www.erresse-shop.it\/de\/wp-json\/wp\/v2\/product\/468697"}],"collection":[{"href":"https:\/\/www.erresse-shop.it\/de\/wp-json\/wp\/v2\/product"}],"about":[{"href":"https:\/\/www.erresse-shop.it\/de\/wp-json\/wp\/v2\/types\/product"}],"wp:featuredmedia":[{"embeddable":true,"href":"https:\/\/www.erresse-shop.it\/de\/wp-json\/wp\/v2\/media\/468711"}],"wp:attachment":[{"href":"https:\/\/www.erresse-shop.it\/de\/wp-json\/wp\/v2\/media?parent=468697"}],"wp:term":[{"taxonomy":"product_cat","embeddable":true,"href":"https:\/\/www.erresse-shop.it\/de\/wp-json\/wp\/v2\/product_cat?post=468697"},{"taxonomy":"product_tag","embeddable":true,"href":"https:\/\/www.erresse-shop.it\/de\/wp-json\/wp\/v2\/product_tag?post=468697"}],"curies":[{"name":"wp","href":"https:\/\/api.w.org\/{rel}","templated":true}]}}