{"id":468502,"date":"2025-02-13T10:06:29","date_gmt":"2025-02-13T10:06:30","guid":{"rendered":"https:\/\/www.erresse-shop.it\/?post_type=product&#038;p=468502"},"modified":"2025-02-13T10:25:35","modified_gmt":"2025-02-13T10:25:35","slug":"toms-drag-schubladenschrank-elba-copia","status":"publish","type":"product","link":"https:\/\/www.erresse-shop.it\/de\/shop\/einrichtung-haus\/tische-und-couchtische\/toms-drag-schubladenschrank-elba-copia\/","title":{"rendered":"TOM&#8217;S DRAG Tisch Nancy"},"content":{"rendered":"<p><strong>Material:<\/strong> MDF<\/p>\n<p><strong>Tisch Nancy<br \/>\n<\/strong>Dieser funktionale Couchtisch ist die perfekte Erg\u00e4nzung f\u00fcr Ihr Wohnzimmer oder Schlafzimmer. \u201eDrag\u201c-M\u00f6bel werden in Handarbeit aus MDF gefertigt. Jedes Modell wird anschlie\u00dfend liebevoll und detailgetreu bemalt. Die M\u00f6bellinie Tom\u2019s Drag ist vom Jugendstil inspiriert\u2026 und was liegt da n\u00e4her, als sie unserer Nachbarstadt Nancy zu widmen, der Herzogsstadt Lothringen, die um 1900 mit dem Jugendstil und ihren au\u00dfergew\u00f6hnlichen K\u00fcnstlern der \u201e\u00c9cole de Nancy\u201c Weltruhm erlangte.<\/p>\n<p><strong>Ma\u00dfe<\/strong>: 60 x 46 cm, H 47 cm<\/p>\n","protected":false},"excerpt":{"rendered":"<p>Material: MDF Tisch Nancy Dieser funktionale Couchtisch ist die perfekte Erg\u00e4nzung f\u00fcr Ihr Wohnzimmer oder Schlafzimmer. \u201eDrag\u201c-M\u00f6bel werden in Handarbeit<\/p>\n","protected":false},"featured_media":468523,"template":"","meta":{"_acf_changed":false,"inline_featured_image":false},"product_cat":[6817,24383],"product_tag":[],"acf":[],"yoast_head":"<!-- This site is optimized with the Yoast SEO Premium plugin v18.6 (Yoast SEO v19.13) - https:\/\/yoast.com\/wordpress\/plugins\/seo\/ -->\n<title>TOM&#039;S DRAG schubladenschrank 9 Schubladen<\/title>\n<meta name=\"description\" content=\"Entdecken Sie TOM&#039;S DRAG schubladenschrank 9 Schubladen bei ErresseShop. Qualit\u00e4t, Stil und Funktionalit\u00e4t \u2013 jetzt online bestellen!\" \/>\n<meta name=\"robots\" content=\"index, follow, max-snippet:-1, max-image-preview:large, max-video-preview:-1\" \/>\n<link rel=\"canonical\" href=\"https:\/\/www.erresse-shop.it\/de\/shop\/einrichtung-haus\/tische-und-couchtische\/toms-drag-schubladenschrank-elba-copia\/\" \/>\n<meta property=\"og:locale\" content=\"de_DE\" \/>\n<meta property=\"og:type\" content=\"article\" \/>\n<meta property=\"og:title\" content=\"TOM&#039;S DRAG Tisch Nancy\" \/>\n<meta property=\"og:description\" content=\"Entdecken Sie TOM&#039;S DRAG schubladenschrank 9 Schubladen bei ErresseShop. Qualit\u00e4t, Stil und Funktionalit\u00e4t \u2013 jetzt online bestellen!\" \/>\n<meta property=\"og:url\" content=\"https:\/\/www.erresse-shop.it\/de\/shop\/einrichtung-haus\/tische-und-couchtische\/toms-drag-schubladenschrank-elba-copia\/\" \/>\n<meta property=\"og:site_name\" content=\"Erresse Shop\" \/>\n<meta property=\"article:modified_time\" content=\"2025-02-13T10:25:35+00:00\" \/>\n<meta property=\"og:image\" content=\"https:\/\/www.erresse-shop.it\/wp-content\/uploads\/2025\/02\/TOMS-DRAG-Tavolino-Nancy.jpg\" \/>\n\t<meta property=\"og:image:width\" content=\"1200\" \/>\n\t<meta property=\"og:image:height\" content=\"1200\" \/>\n\t<meta property=\"og:image:type\" content=\"image\/jpeg\" \/>\n<meta name=\"twitter:card\" content=\"summary_large_image\" \/>\n<script type=\"application\/ld+json\" class=\"yoast-schema-graph\">{\"@context\":\"https:\/\/schema.org\",\"@graph\":[{\"@type\":\"WebPage\",\"@id\":\"https:\/\/www.erresse-shop.it\/de\/shop\/einrichtung-haus\/tische-und-couchtische\/toms-drag-schubladenschrank-elba-copia\/\",\"url\":\"https:\/\/www.erresse-shop.it\/de\/shop\/einrichtung-haus\/tische-und-couchtische\/toms-drag-schubladenschrank-elba-copia\/\",\"name\":\"TOM'S DRAG schubladenschrank 9 Schubladen\",\"isPartOf\":{\"@id\":\"https:\/\/www.erresse-shop.it\/de\/#website\"},\"datePublished\":\"2025-02-13T10:06:30+00:00\",\"dateModified\":\"2025-02-13T10:25:35+00:00\",\"description\":\"Entdecken Sie TOM'S DRAG schubladenschrank 9 Schubladen bei ErresseShop. Qualit\u00e4t, Stil und Funktionalit\u00e4t \u2013 jetzt online bestellen!\",\"breadcrumb\":{\"@id\":\"https:\/\/www.erresse-shop.it\/de\/shop\/einrichtung-haus\/tische-und-couchtische\/toms-drag-schubladenschrank-elba-copia\/#breadcrumb\"},\"inLanguage\":\"de-DE\",\"potentialAction\":[{\"@type\":\"ReadAction\",\"target\":[\"https:\/\/www.erresse-shop.it\/de\/shop\/einrichtung-haus\/tische-und-couchtische\/toms-drag-schubladenschrank-elba-copia\/\"]}]},{\"@type\":\"BreadcrumbList\",\"@id\":\"https:\/\/www.erresse-shop.it\/de\/shop\/einrichtung-haus\/tische-und-couchtische\/toms-drag-schubladenschrank-elba-copia\/#breadcrumb\",\"itemListElement\":[{\"@type\":\"ListItem\",\"position\":1,\"name\":\"Home\",\"item\":\"https:\/\/www.erresse-shop.it\/de\/\"},{\"@type\":\"ListItem\",\"position\":2,\"name\":\"Shop\",\"item\":\"https:\/\/www.erresse-shop.it\/de\/shop\/\"},{\"@type\":\"ListItem\",\"position\":3,\"name\":\"TOM&#8217;S DRAG Tisch Nancy\"}]},{\"@type\":\"WebSite\",\"@id\":\"https:\/\/www.erresse-shop.it\/de\/#website\",\"url\":\"https:\/\/www.erresse-shop.it\/de\/\",\"name\":\"Erresse Shop\",\"description\":\"Articoli di qualit\u00e0 per la casa\",\"potentialAction\":[{\"@type\":\"SearchAction\",\"target\":{\"@type\":\"EntryPoint\",\"urlTemplate\":\"https:\/\/www.erresse-shop.it\/de\/?s={search_term_string}\"},\"query-input\":\"required name=search_term_string\"}],\"inLanguage\":\"de-DE\"}]}<\/script>\n<!-- \/ Yoast SEO Premium plugin. -->","yoast_head_json":{"title":"TOM'S DRAG schubladenschrank 9 Schubladen","description":"Entdecken Sie TOM'S DRAG schubladenschrank 9 Schubladen bei ErresseShop. Qualit\u00e4t, Stil und Funktionalit\u00e4t \u2013 jetzt online bestellen!","robots":{"index":"index","follow":"follow","max-snippet":"max-snippet:-1","max-image-preview":"max-image-preview:large","max-video-preview":"max-video-preview:-1"},"canonical":"https:\/\/www.erresse-shop.it\/de\/shop\/einrichtung-haus\/tische-und-couchtische\/toms-drag-schubladenschrank-elba-copia\/","og_locale":"de_DE","og_type":"article","og_title":"TOM'S DRAG Tisch Nancy","og_description":"Entdecken Sie TOM'S DRAG schubladenschrank 9 Schubladen bei ErresseShop. Qualit\u00e4t, Stil und Funktionalit\u00e4t \u2013 jetzt online bestellen!","og_url":"https:\/\/www.erresse-shop.it\/de\/shop\/einrichtung-haus\/tische-und-couchtische\/toms-drag-schubladenschrank-elba-copia\/","og_site_name":"Erresse Shop","article_modified_time":"2025-02-13T10:25:35+00:00","og_image":[{"width":1200,"height":1200,"url":"https:\/\/www.erresse-shop.it\/wp-content\/uploads\/2025\/02\/TOMS-DRAG-Tavolino-Nancy.jpg","type":"image\/jpeg"}],"twitter_card":"summary_large_image","schema":{"@context":"https:\/\/schema.org","@graph":[{"@type":"WebPage","@id":"https:\/\/www.erresse-shop.it\/de\/shop\/einrichtung-haus\/tische-und-couchtische\/toms-drag-schubladenschrank-elba-copia\/","url":"https:\/\/www.erresse-shop.it\/de\/shop\/einrichtung-haus\/tische-und-couchtische\/toms-drag-schubladenschrank-elba-copia\/","name":"TOM'S DRAG schubladenschrank 9 Schubladen","isPartOf":{"@id":"https:\/\/www.erresse-shop.it\/de\/#website"},"datePublished":"2025-02-13T10:06:30+00:00","dateModified":"2025-02-13T10:25:35+00:00","description":"Entdecken Sie TOM'S DRAG schubladenschrank 9 Schubladen bei ErresseShop. Qualit\u00e4t, Stil und Funktionalit\u00e4t \u2013 jetzt online bestellen!","breadcrumb":{"@id":"https:\/\/www.erresse-shop.it\/de\/shop\/einrichtung-haus\/tische-und-couchtische\/toms-drag-schubladenschrank-elba-copia\/#breadcrumb"},"inLanguage":"de-DE","potentialAction":[{"@type":"ReadAction","target":["https:\/\/www.erresse-shop.it\/de\/shop\/einrichtung-haus\/tische-und-couchtische\/toms-drag-schubladenschrank-elba-copia\/"]}]},{"@type":"BreadcrumbList","@id":"https:\/\/www.erresse-shop.it\/de\/shop\/einrichtung-haus\/tische-und-couchtische\/toms-drag-schubladenschrank-elba-copia\/#breadcrumb","itemListElement":[{"@type":"ListItem","position":1,"name":"Home","item":"https:\/\/www.erresse-shop.it\/de\/"},{"@type":"ListItem","position":2,"name":"Shop","item":"https:\/\/www.erresse-shop.it\/de\/shop\/"},{"@type":"ListItem","position":3,"name":"TOM&#8217;S DRAG Tisch Nancy"}]},{"@type":"WebSite","@id":"https:\/\/www.erresse-shop.it\/de\/#website","url":"https:\/\/www.erresse-shop.it\/de\/","name":"Erresse Shop","description":"Articoli di qualit\u00e0 per la casa","potentialAction":[{"@type":"SearchAction","target":{"@type":"EntryPoint","urlTemplate":"https:\/\/www.erresse-shop.it\/de\/?s={search_term_string}"},"query-input":"required name=search_term_string"}],"inLanguage":"de-DE"}]}},"df_price":361.40000000000003,"df_sale_price":361.40000000000003,"df_regular_price":695,"df_image_link":"https:\/\/www.erresse-shop.it\/wp-content\/uploads\/2025\/02\/TOMS-DRAG-Tavolino-Nancy-300x300.jpg","_links":{"self":[{"href":"https:\/\/www.erresse-shop.it\/de\/wp-json\/wp\/v2\/product\/468502"}],"collection":[{"href":"https:\/\/www.erresse-shop.it\/de\/wp-json\/wp\/v2\/product"}],"about":[{"href":"https:\/\/www.erresse-shop.it\/de\/wp-json\/wp\/v2\/types\/product"}],"wp:featuredmedia":[{"embeddable":true,"href":"https:\/\/www.erresse-shop.it\/de\/wp-json\/wp\/v2\/media\/468523"}],"wp:attachment":[{"href":"https:\/\/www.erresse-shop.it\/de\/wp-json\/wp\/v2\/media?parent=468502"}],"wp:term":[{"taxonomy":"product_cat","embeddable":true,"href":"https:\/\/www.erresse-shop.it\/de\/wp-json\/wp\/v2\/product_cat?post=468502"},{"taxonomy":"product_tag","embeddable":true,"href":"https:\/\/www.erresse-shop.it\/de\/wp-json\/wp\/v2\/product_tag?post=468502"}],"curies":[{"name":"wp","href":"https:\/\/api.w.org\/{rel}","templated":true}]}}