{"id":468412,"date":"2025-02-13T09:07:24","date_gmt":"2025-02-13T09:07:25","guid":{"rendered":"https:\/\/www.erresse-shop.it\/?post_type=product&#038;p=468412"},"modified":"2025-02-13T09:33:37","modified_gmt":"2025-02-13T09:33:37","slug":"toms-drag-schubladenschrank-9-schubladen-copia","status":"publish","type":"product","link":"https:\/\/www.erresse-shop.it\/de\/shop\/einrichtung-haus\/moebel\/toms-drag-schubladenschrank-9-schubladen-copia\/","title":{"rendered":"TOM&#8217;S DRAG schubladenschrank 3 Schubladen Ancona Orange"},"content":{"rendered":"<p><strong>Material:<\/strong> MDF<\/p>\n<p><strong>Kommode mit 3 Schubladen Ancona<br \/>\n<\/strong>Kommode \u201eAncona\u201c. Vielseitig einsetzbar mit 3 Schubladen und einer H\u00f6he von 67 cm, perfekt als Nachttisch neben hohen Boxspringbetten einsetzbar. Wie auch bei den anderen M\u00f6beln der \u201eTom\u2019s Drag Classic Line\u201c gilt hier das gleiche Prinzip:<br \/>\nWenn Sie mit einem Drag-M\u00f6belst\u00fcck einen starken Farbakzent setzen, geben Sie ein selbstbewusstes Stil-Statement ab.<br \/>\n\u201eDrag\u201c-M\u00f6bel werden in Handarbeit aus MDF gefertigt. Jedes Modell wird anschlie\u00dfend sorgf\u00e4ltig und detailliert bemalt.<\/p>\n<p>Abmessungen: 43 x 35 x H 67 cm<\/p>\n","protected":false},"excerpt":{"rendered":"<p>Material: MDF Kommode mit 3 Schubladen Ancona Kommode \u201eAncona\u201c. Vielseitig einsetzbar mit 3 Schubladen und einer H\u00f6he von 67 cm,<\/p>\n","protected":false},"featured_media":468440,"template":"","meta":{"_acf_changed":false,"inline_featured_image":false},"product_cat":[6817,17095],"product_tag":[17134],"acf":[],"yoast_head":"<!-- This site is optimized with the Yoast SEO Premium plugin v18.6 (Yoast SEO v19.13) - https:\/\/yoast.com\/wordpress\/plugins\/seo\/ -->\n<title>TOM&#039;S DRAG schubladenschrank 9 Schubladen<\/title>\n<meta name=\"description\" content=\"Entdecken Sie TOM&#039;S DRAG schubladenschrank 9 Schubladen bei ErresseShop. Qualit\u00e4t, Stil und Funktionalit\u00e4t \u2013 jetzt online bestellen!\" \/>\n<meta name=\"robots\" content=\"index, follow, max-snippet:-1, max-image-preview:large, max-video-preview:-1\" \/>\n<link rel=\"canonical\" href=\"https:\/\/www.erresse-shop.it\/de\/shop\/einrichtung-haus\/moebel\/toms-drag-schubladenschrank-9-schubladen-copia\/\" \/>\n<meta property=\"og:locale\" content=\"de_DE\" \/>\n<meta property=\"og:type\" content=\"article\" \/>\n<meta property=\"og:title\" content=\"TOM&#039;S DRAG schubladenschrank 3 Schubladen Ancona Orange\" \/>\n<meta property=\"og:description\" content=\"Entdecken Sie TOM&#039;S DRAG schubladenschrank 9 Schubladen bei ErresseShop. Qualit\u00e4t, Stil und Funktionalit\u00e4t \u2013 jetzt online bestellen!\" \/>\n<meta property=\"og:url\" content=\"https:\/\/www.erresse-shop.it\/de\/shop\/einrichtung-haus\/moebel\/toms-drag-schubladenschrank-9-schubladen-copia\/\" \/>\n<meta property=\"og:site_name\" content=\"Erresse Shop\" \/>\n<meta property=\"article:modified_time\" content=\"2025-02-13T09:33:37+00:00\" \/>\n<meta property=\"og:image\" content=\"https:\/\/www.erresse-shop.it\/wp-content\/uploads\/2025\/02\/TOMS-DRAG-Cassettiera-3-Cassetti-Ancona.jpg\" \/>\n\t<meta property=\"og:image:width\" content=\"1200\" \/>\n\t<meta property=\"og:image:height\" content=\"1200\" \/>\n\t<meta property=\"og:image:type\" content=\"image\/jpeg\" \/>\n<meta name=\"twitter:card\" content=\"summary_large_image\" \/>\n<script type=\"application\/ld+json\" class=\"yoast-schema-graph\">{\"@context\":\"https:\/\/schema.org\",\"@graph\":[{\"@type\":\"WebPage\",\"@id\":\"https:\/\/www.erresse-shop.it\/de\/shop\/einrichtung-haus\/moebel\/toms-drag-schubladenschrank-9-schubladen-copia\/\",\"url\":\"https:\/\/www.erresse-shop.it\/de\/shop\/einrichtung-haus\/moebel\/toms-drag-schubladenschrank-9-schubladen-copia\/\",\"name\":\"TOM'S DRAG schubladenschrank 9 Schubladen\",\"isPartOf\":{\"@id\":\"https:\/\/www.erresse-shop.it\/de\/#website\"},\"datePublished\":\"2025-02-13T09:07:25+00:00\",\"dateModified\":\"2025-02-13T09:33:37+00:00\",\"description\":\"Entdecken Sie TOM'S DRAG schubladenschrank 9 Schubladen bei ErresseShop. Qualit\u00e4t, Stil und Funktionalit\u00e4t \u2013 jetzt online bestellen!\",\"breadcrumb\":{\"@id\":\"https:\/\/www.erresse-shop.it\/de\/shop\/einrichtung-haus\/moebel\/toms-drag-schubladenschrank-9-schubladen-copia\/#breadcrumb\"},\"inLanguage\":\"de-DE\",\"potentialAction\":[{\"@type\":\"ReadAction\",\"target\":[\"https:\/\/www.erresse-shop.it\/de\/shop\/einrichtung-haus\/moebel\/toms-drag-schubladenschrank-9-schubladen-copia\/\"]}]},{\"@type\":\"BreadcrumbList\",\"@id\":\"https:\/\/www.erresse-shop.it\/de\/shop\/einrichtung-haus\/moebel\/toms-drag-schubladenschrank-9-schubladen-copia\/#breadcrumb\",\"itemListElement\":[{\"@type\":\"ListItem\",\"position\":1,\"name\":\"Home\",\"item\":\"https:\/\/www.erresse-shop.it\/de\/\"},{\"@type\":\"ListItem\",\"position\":2,\"name\":\"Shop\",\"item\":\"https:\/\/www.erresse-shop.it\/de\/shop\/\"},{\"@type\":\"ListItem\",\"position\":3,\"name\":\"TOM&#8217;S DRAG schubladenschrank 3 Schubladen Ancona Orange\"}]},{\"@type\":\"WebSite\",\"@id\":\"https:\/\/www.erresse-shop.it\/de\/#website\",\"url\":\"https:\/\/www.erresse-shop.it\/de\/\",\"name\":\"Erresse Shop\",\"description\":\"Articoli di qualit\u00e0 per la casa\",\"potentialAction\":[{\"@type\":\"SearchAction\",\"target\":{\"@type\":\"EntryPoint\",\"urlTemplate\":\"https:\/\/www.erresse-shop.it\/de\/?s={search_term_string}\"},\"query-input\":\"required name=search_term_string\"}],\"inLanguage\":\"de-DE\"}]}<\/script>\n<!-- \/ Yoast SEO Premium plugin. -->","yoast_head_json":{"title":"TOM'S DRAG schubladenschrank 9 Schubladen","description":"Entdecken Sie TOM'S DRAG schubladenschrank 9 Schubladen bei ErresseShop. Qualit\u00e4t, Stil und Funktionalit\u00e4t \u2013 jetzt online bestellen!","robots":{"index":"index","follow":"follow","max-snippet":"max-snippet:-1","max-image-preview":"max-image-preview:large","max-video-preview":"max-video-preview:-1"},"canonical":"https:\/\/www.erresse-shop.it\/de\/shop\/einrichtung-haus\/moebel\/toms-drag-schubladenschrank-9-schubladen-copia\/","og_locale":"de_DE","og_type":"article","og_title":"TOM'S DRAG schubladenschrank 3 Schubladen Ancona Orange","og_description":"Entdecken Sie TOM'S DRAG schubladenschrank 9 Schubladen bei ErresseShop. Qualit\u00e4t, Stil und Funktionalit\u00e4t \u2013 jetzt online bestellen!","og_url":"https:\/\/www.erresse-shop.it\/de\/shop\/einrichtung-haus\/moebel\/toms-drag-schubladenschrank-9-schubladen-copia\/","og_site_name":"Erresse Shop","article_modified_time":"2025-02-13T09:33:37+00:00","og_image":[{"width":1200,"height":1200,"url":"https:\/\/www.erresse-shop.it\/wp-content\/uploads\/2025\/02\/TOMS-DRAG-Cassettiera-3-Cassetti-Ancona.jpg","type":"image\/jpeg"}],"twitter_card":"summary_large_image","schema":{"@context":"https:\/\/schema.org","@graph":[{"@type":"WebPage","@id":"https:\/\/www.erresse-shop.it\/de\/shop\/einrichtung-haus\/moebel\/toms-drag-schubladenschrank-9-schubladen-copia\/","url":"https:\/\/www.erresse-shop.it\/de\/shop\/einrichtung-haus\/moebel\/toms-drag-schubladenschrank-9-schubladen-copia\/","name":"TOM'S DRAG schubladenschrank 9 Schubladen","isPartOf":{"@id":"https:\/\/www.erresse-shop.it\/de\/#website"},"datePublished":"2025-02-13T09:07:25+00:00","dateModified":"2025-02-13T09:33:37+00:00","description":"Entdecken Sie TOM'S DRAG schubladenschrank 9 Schubladen bei ErresseShop. Qualit\u00e4t, Stil und Funktionalit\u00e4t \u2013 jetzt online bestellen!","breadcrumb":{"@id":"https:\/\/www.erresse-shop.it\/de\/shop\/einrichtung-haus\/moebel\/toms-drag-schubladenschrank-9-schubladen-copia\/#breadcrumb"},"inLanguage":"de-DE","potentialAction":[{"@type":"ReadAction","target":["https:\/\/www.erresse-shop.it\/de\/shop\/einrichtung-haus\/moebel\/toms-drag-schubladenschrank-9-schubladen-copia\/"]}]},{"@type":"BreadcrumbList","@id":"https:\/\/www.erresse-shop.it\/de\/shop\/einrichtung-haus\/moebel\/toms-drag-schubladenschrank-9-schubladen-copia\/#breadcrumb","itemListElement":[{"@type":"ListItem","position":1,"name":"Home","item":"https:\/\/www.erresse-shop.it\/de\/"},{"@type":"ListItem","position":2,"name":"Shop","item":"https:\/\/www.erresse-shop.it\/de\/shop\/"},{"@type":"ListItem","position":3,"name":"TOM&#8217;S DRAG schubladenschrank 3 Schubladen Ancona Orange"}]},{"@type":"WebSite","@id":"https:\/\/www.erresse-shop.it\/de\/#website","url":"https:\/\/www.erresse-shop.it\/de\/","name":"Erresse Shop","description":"Articoli di qualit\u00e0 per la casa","potentialAction":[{"@type":"SearchAction","target":{"@type":"EntryPoint","urlTemplate":"https:\/\/www.erresse-shop.it\/de\/?s={search_term_string}"},"query-input":"required name=search_term_string"}],"inLanguage":"de-DE"}]}},"df_price":455,"df_sale_price":455,"df_regular_price":875,"df_image_link":"https:\/\/www.erresse-shop.it\/wp-content\/uploads\/2025\/02\/TOMS-DRAG-Cassettiera-3-Cassetti-Ancona-300x300.jpg","_links":{"self":[{"href":"https:\/\/www.erresse-shop.it\/de\/wp-json\/wp\/v2\/product\/468412"}],"collection":[{"href":"https:\/\/www.erresse-shop.it\/de\/wp-json\/wp\/v2\/product"}],"about":[{"href":"https:\/\/www.erresse-shop.it\/de\/wp-json\/wp\/v2\/types\/product"}],"wp:featuredmedia":[{"embeddable":true,"href":"https:\/\/www.erresse-shop.it\/de\/wp-json\/wp\/v2\/media\/468440"}],"wp:attachment":[{"href":"https:\/\/www.erresse-shop.it\/de\/wp-json\/wp\/v2\/media?parent=468412"}],"wp:term":[{"taxonomy":"product_cat","embeddable":true,"href":"https:\/\/www.erresse-shop.it\/de\/wp-json\/wp\/v2\/product_cat?post=468412"},{"taxonomy":"product_tag","embeddable":true,"href":"https:\/\/www.erresse-shop.it\/de\/wp-json\/wp\/v2\/product_tag?post=468412"}],"curies":[{"name":"wp","href":"https:\/\/api.w.org\/{rel}","templated":true}]}}