{"id":468331,"date":"2025-02-13T07:28:04","date_gmt":"2025-02-13T07:28:06","guid":{"rendered":"https:\/\/www.erresse-shop.it\/?post_type=product&#038;p=468331"},"modified":"2025-02-13T07:44:59","modified_gmt":"2025-02-13T07:44:59","slug":"mullex-mulltonne-x60-m7-basic-copia","status":"publish","type":"product","link":"https:\/\/www.erresse-shop.it\/de\/shop\/einrichtung-haus\/muelltonnen\/mullex-mulltonne-x60-m7-basic-copia\/","title":{"rendered":"MULLEX M\u00fclltonne X60 L7 Basic"},"content":{"rendered":"<p>Diese Variante des X-LINE Systems f\u00fcr 60 cm breite M\u00f6bel \u00fcberzeugt durch einen extragro\u00dfen Zusatzbeh\u00e4lter und eignet sich besonders f\u00fcr gr\u00f6\u00dfere Mengen an Bioabf\u00e4llen und Recyclingmaterialien oder wenn mehr Platz zur Aufbewahrung von Putzutensilien ben\u00f6tigt wird.<\/p>\n<p>Zentrales Element des Sets ist der 40 Liter fassende Hauptbeh\u00e4lter f\u00fcr den normalen Hausm\u00fcll. Komplettiert wird das System durch eine ausziehbare Basic-Schublade, die zus\u00e4tzliche Ablagefl\u00e4che und zus\u00e4tzlichen Platz zur Lagerung von Produkten bietet.<\/p>\n<p>Das Produkt enth\u00e4lt:<\/p>\n<ul>\n<li>Schublade 60 Basic<\/li>\n<li>X60 L7 Abfallsammelbeh\u00e4lter<\/li>\n<li>X-Trennzeichen<\/li>\n<\/ul>\n<p><strong>X-Separator:<\/strong> Erm\u00f6glicht die Unterteilung des Hauptbeh\u00e4lters, so dass zwei 17 Liter Abfalls\u00e4cke miteinander verbunden werden k\u00f6nnen.<\/p>\n<p><strong>Ma\u00dfe:<\/strong> 36,8 x 56,8 x H. 44 cm<\/p>\n<p><strong>Tiefenverstellbar: Passt sich dank verstellbarem Einschubsystem allen Schubladen mit einer Tiefe zwischen 40 und 50 cm an<\/strong><\/p>\n","protected":false},"excerpt":{"rendered":"<p>Diese Variante des X-LINE Systems f\u00fcr 60 cm breite M\u00f6bel \u00fcberzeugt durch einen extragro\u00dfen Zusatzbeh\u00e4lter und eignet sich besonders f\u00fcr<\/p>\n","protected":false},"featured_media":468358,"template":"","meta":{"_acf_changed":false,"inline_featured_image":false},"product_cat":[6817,14032],"product_tag":[21228],"acf":[],"yoast_head":"<!-- This site is optimized with the Yoast SEO Premium plugin v18.6 (Yoast SEO v19.13) - https:\/\/yoast.com\/wordpress\/plugins\/seo\/ -->\n<title>MULLEX M\u00fclltonne X60 L7 Basic - Erresse Shop<\/title>\n<meta name=\"description\" content=\"Diese Variante des X-LINE Systems f\u00fcr 60 cm breite M\u00f6bel \u00fcberzeugt durch einen extragro\u00dfen Zusatzbeh\u00e4lter und eignet sich besonders f\u00fcr gr\u00f6\u00dfere Mengen an\" \/>\n<meta name=\"robots\" content=\"index, follow, max-snippet:-1, max-image-preview:large, max-video-preview:-1\" \/>\n<link rel=\"canonical\" href=\"https:\/\/www.erresse-shop.it\/de\/shop\/einrichtung-haus\/muelltonnen\/mullex-mulltonne-x60-m7-basic-copia\/\" \/>\n<meta property=\"og:locale\" content=\"de_DE\" \/>\n<meta property=\"og:type\" content=\"article\" \/>\n<meta property=\"og:title\" content=\"MULLEX M\u00fclltonne X60 L7 Basic\" \/>\n<meta property=\"og:description\" content=\"Diese Variante des X-LINE Systems f\u00fcr 60 cm breite M\u00f6bel \u00fcberzeugt durch einen extragro\u00dfen Zusatzbeh\u00e4lter und eignet sich besonders f\u00fcr gr\u00f6\u00dfere Mengen an\" \/>\n<meta property=\"og:url\" content=\"https:\/\/www.erresse-shop.it\/de\/shop\/einrichtung-haus\/muelltonnen\/mullex-mulltonne-x60-m7-basic-copia\/\" \/>\n<meta property=\"og:site_name\" content=\"Erresse Shop\" \/>\n<meta property=\"article:modified_time\" content=\"2025-02-13T07:44:59+00:00\" \/>\n<meta property=\"og:image\" content=\"https:\/\/www.erresse-shop.it\/wp-content\/uploads\/2025\/02\/MULLEX-Pattumiera-X60-L7-Basic.jpg\" \/>\n\t<meta property=\"og:image:width\" content=\"1200\" \/>\n\t<meta property=\"og:image:height\" content=\"1200\" \/>\n\t<meta property=\"og:image:type\" content=\"image\/jpeg\" \/>\n<meta name=\"twitter:card\" content=\"summary_large_image\" \/>\n<script type=\"application\/ld+json\" class=\"yoast-schema-graph\">{\"@context\":\"https:\/\/schema.org\",\"@graph\":[{\"@type\":\"WebPage\",\"@id\":\"https:\/\/www.erresse-shop.it\/de\/shop\/einrichtung-haus\/muelltonnen\/mullex-mulltonne-x60-m7-basic-copia\/\",\"url\":\"https:\/\/www.erresse-shop.it\/de\/shop\/einrichtung-haus\/muelltonnen\/mullex-mulltonne-x60-m7-basic-copia\/\",\"name\":\"MULLEX M\u00fclltonne X60 L7 Basic - Erresse Shop\",\"isPartOf\":{\"@id\":\"https:\/\/www.erresse-shop.it\/de\/#website\"},\"datePublished\":\"2025-02-13T07:28:06+00:00\",\"dateModified\":\"2025-02-13T07:44:59+00:00\",\"description\":\"Diese Variante des X-LINE Systems f\u00fcr 60 cm breite M\u00f6bel \u00fcberzeugt durch einen extragro\u00dfen Zusatzbeh\u00e4lter und eignet sich besonders f\u00fcr gr\u00f6\u00dfere Mengen an\",\"breadcrumb\":{\"@id\":\"https:\/\/www.erresse-shop.it\/de\/shop\/einrichtung-haus\/muelltonnen\/mullex-mulltonne-x60-m7-basic-copia\/#breadcrumb\"},\"inLanguage\":\"de-DE\",\"potentialAction\":[{\"@type\":\"ReadAction\",\"target\":[\"https:\/\/www.erresse-shop.it\/de\/shop\/einrichtung-haus\/muelltonnen\/mullex-mulltonne-x60-m7-basic-copia\/\"]}]},{\"@type\":\"BreadcrumbList\",\"@id\":\"https:\/\/www.erresse-shop.it\/de\/shop\/einrichtung-haus\/muelltonnen\/mullex-mulltonne-x60-m7-basic-copia\/#breadcrumb\",\"itemListElement\":[{\"@type\":\"ListItem\",\"position\":1,\"name\":\"Home\",\"item\":\"https:\/\/www.erresse-shop.it\/de\/\"},{\"@type\":\"ListItem\",\"position\":2,\"name\":\"Shop\",\"item\":\"https:\/\/www.erresse-shop.it\/de\/shop\/\"},{\"@type\":\"ListItem\",\"position\":3,\"name\":\"MULLEX M\u00fclltonne X60 L7 Basic\"}]},{\"@type\":\"WebSite\",\"@id\":\"https:\/\/www.erresse-shop.it\/de\/#website\",\"url\":\"https:\/\/www.erresse-shop.it\/de\/\",\"name\":\"Erresse Shop\",\"description\":\"Articoli di qualit\u00e0 per la casa\",\"potentialAction\":[{\"@type\":\"SearchAction\",\"target\":{\"@type\":\"EntryPoint\",\"urlTemplate\":\"https:\/\/www.erresse-shop.it\/de\/?s={search_term_string}\"},\"query-input\":\"required name=search_term_string\"}],\"inLanguage\":\"de-DE\"}]}<\/script>\n<!-- \/ Yoast SEO Premium plugin. -->","yoast_head_json":{"title":"MULLEX M\u00fclltonne X60 L7 Basic - Erresse Shop","description":"Diese Variante des X-LINE Systems f\u00fcr 60 cm breite M\u00f6bel \u00fcberzeugt durch einen extragro\u00dfen Zusatzbeh\u00e4lter und eignet sich besonders f\u00fcr gr\u00f6\u00dfere Mengen an","robots":{"index":"index","follow":"follow","max-snippet":"max-snippet:-1","max-image-preview":"max-image-preview:large","max-video-preview":"max-video-preview:-1"},"canonical":"https:\/\/www.erresse-shop.it\/de\/shop\/einrichtung-haus\/muelltonnen\/mullex-mulltonne-x60-m7-basic-copia\/","og_locale":"de_DE","og_type":"article","og_title":"MULLEX M\u00fclltonne X60 L7 Basic","og_description":"Diese Variante des X-LINE Systems f\u00fcr 60 cm breite M\u00f6bel \u00fcberzeugt durch einen extragro\u00dfen Zusatzbeh\u00e4lter und eignet sich besonders f\u00fcr gr\u00f6\u00dfere Mengen an","og_url":"https:\/\/www.erresse-shop.it\/de\/shop\/einrichtung-haus\/muelltonnen\/mullex-mulltonne-x60-m7-basic-copia\/","og_site_name":"Erresse Shop","article_modified_time":"2025-02-13T07:44:59+00:00","og_image":[{"width":1200,"height":1200,"url":"https:\/\/www.erresse-shop.it\/wp-content\/uploads\/2025\/02\/MULLEX-Pattumiera-X60-L7-Basic.jpg","type":"image\/jpeg"}],"twitter_card":"summary_large_image","schema":{"@context":"https:\/\/schema.org","@graph":[{"@type":"WebPage","@id":"https:\/\/www.erresse-shop.it\/de\/shop\/einrichtung-haus\/muelltonnen\/mullex-mulltonne-x60-m7-basic-copia\/","url":"https:\/\/www.erresse-shop.it\/de\/shop\/einrichtung-haus\/muelltonnen\/mullex-mulltonne-x60-m7-basic-copia\/","name":"MULLEX M\u00fclltonne X60 L7 Basic - Erresse Shop","isPartOf":{"@id":"https:\/\/www.erresse-shop.it\/de\/#website"},"datePublished":"2025-02-13T07:28:06+00:00","dateModified":"2025-02-13T07:44:59+00:00","description":"Diese Variante des X-LINE Systems f\u00fcr 60 cm breite M\u00f6bel \u00fcberzeugt durch einen extragro\u00dfen Zusatzbeh\u00e4lter und eignet sich besonders f\u00fcr gr\u00f6\u00dfere Mengen an","breadcrumb":{"@id":"https:\/\/www.erresse-shop.it\/de\/shop\/einrichtung-haus\/muelltonnen\/mullex-mulltonne-x60-m7-basic-copia\/#breadcrumb"},"inLanguage":"de-DE","potentialAction":[{"@type":"ReadAction","target":["https:\/\/www.erresse-shop.it\/de\/shop\/einrichtung-haus\/muelltonnen\/mullex-mulltonne-x60-m7-basic-copia\/"]}]},{"@type":"BreadcrumbList","@id":"https:\/\/www.erresse-shop.it\/de\/shop\/einrichtung-haus\/muelltonnen\/mullex-mulltonne-x60-m7-basic-copia\/#breadcrumb","itemListElement":[{"@type":"ListItem","position":1,"name":"Home","item":"https:\/\/www.erresse-shop.it\/de\/"},{"@type":"ListItem","position":2,"name":"Shop","item":"https:\/\/www.erresse-shop.it\/de\/shop\/"},{"@type":"ListItem","position":3,"name":"MULLEX M\u00fclltonne X60 L7 Basic"}]},{"@type":"WebSite","@id":"https:\/\/www.erresse-shop.it\/de\/#website","url":"https:\/\/www.erresse-shop.it\/de\/","name":"Erresse Shop","description":"Articoli di qualit\u00e0 per la casa","potentialAction":[{"@type":"SearchAction","target":{"@type":"EntryPoint","urlTemplate":"https:\/\/www.erresse-shop.it\/de\/?s={search_term_string}"},"query-input":"required name=search_term_string"}],"inLanguage":"de-DE"}]}},"df_price":251.1,"df_sale_price":251.1,"df_regular_price":279,"df_image_link":"https:\/\/www.erresse-shop.it\/wp-content\/uploads\/2025\/02\/MULLEX-Pattumiera-X60-L7-Basic-300x300.jpg","_links":{"self":[{"href":"https:\/\/www.erresse-shop.it\/de\/wp-json\/wp\/v2\/product\/468331"}],"collection":[{"href":"https:\/\/www.erresse-shop.it\/de\/wp-json\/wp\/v2\/product"}],"about":[{"href":"https:\/\/www.erresse-shop.it\/de\/wp-json\/wp\/v2\/types\/product"}],"wp:featuredmedia":[{"embeddable":true,"href":"https:\/\/www.erresse-shop.it\/de\/wp-json\/wp\/v2\/media\/468358"}],"wp:attachment":[{"href":"https:\/\/www.erresse-shop.it\/de\/wp-json\/wp\/v2\/media?parent=468331"}],"wp:term":[{"taxonomy":"product_cat","embeddable":true,"href":"https:\/\/www.erresse-shop.it\/de\/wp-json\/wp\/v2\/product_cat?post=468331"},{"taxonomy":"product_tag","embeddable":true,"href":"https:\/\/www.erresse-shop.it\/de\/wp-json\/wp\/v2\/product_tag?post=468331"}],"curies":[{"name":"wp","href":"https:\/\/api.w.org\/{rel}","templated":true}]}}