{"id":468176,"date":"2025-02-11T13:01:50","date_gmt":"2025-02-11T13:01:51","guid":{"rendered":"https:\/\/www.erresse-shop.it\/?post_type=product&#038;p=468176"},"modified":"2025-02-13T07:25:41","modified_gmt":"2025-02-13T07:25:41","slug":"mullex-mulltonne-x90-l6-basic-copia","status":"publish","type":"product","link":"https:\/\/www.erresse-shop.it\/de\/shop\/einrichtung-haus\/muelltonnen\/mullex-mulltonne-x90-l6-basic-copia\/","title":{"rendered":"MULLEX M\u00fclltonne X60 M7 Basic"},"content":{"rendered":"<p>Bei niedrigen K\u00fcchenm\u00f6beln m\u00fcssen Sie nicht zwangsl\u00e4ufig auf zus\u00e4tzlichen Stauraum verzichten.<\/p>\n<p>Die neue, 60 cm breite M\u00f6belvariante mit niedriger Einbauh\u00f6he verf\u00fcgt dennoch \u00fcber einen extragro\u00dfen Beh\u00e4lter f\u00fcr Wertstoffe und Produktlagerung.<\/p>\n<p>In den 16 Liter fassenden Beh\u00e4lter passen auch gr\u00f6\u00dfere Mengen Biom\u00fcll, Wertstoffe oder Putzutensilien. Zum Set geh\u00f6ren au\u00dferdem der 35 Liter fassende Hauptbeh\u00e4lter f\u00fcr Abfallbeutel und ein Basic-Auszug, der \u00fcber dem Beh\u00e4lter eine zus\u00e4tzliche Ablagefl\u00e4che f\u00fcr die getrennte Abfallsammlung bietet.<\/p>\n<p>Das Produkt enth\u00e4lt:<\/p>\n<ul>\n<li>Schublade 60 Basic<\/li>\n<li>X60 M7 Abfallsammelbeh\u00e4lter<\/li>\n<li>X-Trennzeichen<\/li>\n<\/ul>\n<p><strong>X-Separator:<\/strong> Erm\u00f6glicht die Unterteilung des Hauptbeh\u00e4lters, so dass zwei 17 Liter Abfalls\u00e4cke miteinander verbunden werden k\u00f6nnen.<\/p>\n<p><strong>Ma\u00dfe:<\/strong> 36,8 x 56,8 x H. 39,3 cm<\/p>\n<p><strong>Tiefenverstellbar: Passt sich dank verstellbarem Einschubsystem allen Schubladen mit einer Tiefe zwischen 40 und 50 cm an<\/strong><\/p>\n","protected":false},"excerpt":{"rendered":"<p>Bei niedrigen K\u00fcchenm\u00f6beln m\u00fcssen Sie nicht zwangsl\u00e4ufig auf zus\u00e4tzlichen Stauraum verzichten. Die neue, 60 cm breite M\u00f6belvariante mit niedriger Einbauh\u00f6he<\/p>\n","protected":false},"featured_media":468206,"template":"","meta":{"_acf_changed":false,"inline_featured_image":false},"product_cat":[6817,14032],"product_tag":[21228],"acf":[],"yoast_head":"<!-- This site is optimized with the Yoast SEO Premium plugin v18.6 (Yoast SEO v19.13) - https:\/\/yoast.com\/wordpress\/plugins\/seo\/ -->\n<title>MULLEX M\u00fclltonne X60 M7 Basic - Erresse Shop<\/title>\n<meta name=\"description\" content=\"Bei niedrigen K\u00fcchenm\u00f6beln m\u00fcssen Sie nicht zwangsl\u00e4ufig auf zus\u00e4tzlichen Stauraum verzichten. Die neue, 60 cm breite M\u00f6belvariante mit niedriger\" \/>\n<meta name=\"robots\" content=\"index, follow, max-snippet:-1, max-image-preview:large, max-video-preview:-1\" \/>\n<link rel=\"canonical\" href=\"https:\/\/www.erresse-shop.it\/de\/shop\/einrichtung-haus\/muelltonnen\/mullex-mulltonne-x90-l6-basic-copia\/\" \/>\n<meta property=\"og:locale\" content=\"de_DE\" \/>\n<meta property=\"og:type\" content=\"article\" \/>\n<meta property=\"og:title\" content=\"MULLEX M\u00fclltonne X60 M7 Basic\" \/>\n<meta property=\"og:description\" content=\"Bei niedrigen K\u00fcchenm\u00f6beln m\u00fcssen Sie nicht zwangsl\u00e4ufig auf zus\u00e4tzlichen Stauraum verzichten. Die neue, 60 cm breite M\u00f6belvariante mit niedriger\" \/>\n<meta property=\"og:url\" content=\"https:\/\/www.erresse-shop.it\/de\/shop\/einrichtung-haus\/muelltonnen\/mullex-mulltonne-x90-l6-basic-copia\/\" \/>\n<meta property=\"og:site_name\" content=\"Erresse Shop\" \/>\n<meta property=\"article:modified_time\" content=\"2025-02-13T07:25:41+00:00\" \/>\n<meta property=\"og:image\" content=\"https:\/\/www.erresse-shop.it\/wp-content\/uploads\/2025\/02\/MULLEX-Pattumiera-X60-M7.jpg\" \/>\n\t<meta property=\"og:image:width\" content=\"1200\" \/>\n\t<meta property=\"og:image:height\" content=\"1200\" \/>\n\t<meta property=\"og:image:type\" content=\"image\/jpeg\" \/>\n<meta name=\"twitter:card\" content=\"summary_large_image\" \/>\n<script type=\"application\/ld+json\" class=\"yoast-schema-graph\">{\"@context\":\"https:\/\/schema.org\",\"@graph\":[{\"@type\":\"WebPage\",\"@id\":\"https:\/\/www.erresse-shop.it\/de\/shop\/einrichtung-haus\/muelltonnen\/mullex-mulltonne-x90-l6-basic-copia\/\",\"url\":\"https:\/\/www.erresse-shop.it\/de\/shop\/einrichtung-haus\/muelltonnen\/mullex-mulltonne-x90-l6-basic-copia\/\",\"name\":\"MULLEX M\u00fclltonne X60 M7 Basic - Erresse Shop\",\"isPartOf\":{\"@id\":\"https:\/\/www.erresse-shop.it\/de\/#website\"},\"datePublished\":\"2025-02-11T13:01:51+00:00\",\"dateModified\":\"2025-02-13T07:25:41+00:00\",\"description\":\"Bei niedrigen K\u00fcchenm\u00f6beln m\u00fcssen Sie nicht zwangsl\u00e4ufig auf zus\u00e4tzlichen Stauraum verzichten. Die neue, 60 cm breite M\u00f6belvariante mit niedriger\",\"breadcrumb\":{\"@id\":\"https:\/\/www.erresse-shop.it\/de\/shop\/einrichtung-haus\/muelltonnen\/mullex-mulltonne-x90-l6-basic-copia\/#breadcrumb\"},\"inLanguage\":\"de-DE\",\"potentialAction\":[{\"@type\":\"ReadAction\",\"target\":[\"https:\/\/www.erresse-shop.it\/de\/shop\/einrichtung-haus\/muelltonnen\/mullex-mulltonne-x90-l6-basic-copia\/\"]}]},{\"@type\":\"BreadcrumbList\",\"@id\":\"https:\/\/www.erresse-shop.it\/de\/shop\/einrichtung-haus\/muelltonnen\/mullex-mulltonne-x90-l6-basic-copia\/#breadcrumb\",\"itemListElement\":[{\"@type\":\"ListItem\",\"position\":1,\"name\":\"Home\",\"item\":\"https:\/\/www.erresse-shop.it\/de\/\"},{\"@type\":\"ListItem\",\"position\":2,\"name\":\"Shop\",\"item\":\"https:\/\/www.erresse-shop.it\/de\/shop\/\"},{\"@type\":\"ListItem\",\"position\":3,\"name\":\"MULLEX M\u00fclltonne X60 M7 Basic\"}]},{\"@type\":\"WebSite\",\"@id\":\"https:\/\/www.erresse-shop.it\/de\/#website\",\"url\":\"https:\/\/www.erresse-shop.it\/de\/\",\"name\":\"Erresse Shop\",\"description\":\"Articoli di qualit\u00e0 per la casa\",\"potentialAction\":[{\"@type\":\"SearchAction\",\"target\":{\"@type\":\"EntryPoint\",\"urlTemplate\":\"https:\/\/www.erresse-shop.it\/de\/?s={search_term_string}\"},\"query-input\":\"required name=search_term_string\"}],\"inLanguage\":\"de-DE\"}]}<\/script>\n<!-- \/ Yoast SEO Premium plugin. -->","yoast_head_json":{"title":"MULLEX M\u00fclltonne X60 M7 Basic - Erresse Shop","description":"Bei niedrigen K\u00fcchenm\u00f6beln m\u00fcssen Sie nicht zwangsl\u00e4ufig auf zus\u00e4tzlichen Stauraum verzichten. Die neue, 60 cm breite M\u00f6belvariante mit niedriger","robots":{"index":"index","follow":"follow","max-snippet":"max-snippet:-1","max-image-preview":"max-image-preview:large","max-video-preview":"max-video-preview:-1"},"canonical":"https:\/\/www.erresse-shop.it\/de\/shop\/einrichtung-haus\/muelltonnen\/mullex-mulltonne-x90-l6-basic-copia\/","og_locale":"de_DE","og_type":"article","og_title":"MULLEX M\u00fclltonne X60 M7 Basic","og_description":"Bei niedrigen K\u00fcchenm\u00f6beln m\u00fcssen Sie nicht zwangsl\u00e4ufig auf zus\u00e4tzlichen Stauraum verzichten. Die neue, 60 cm breite M\u00f6belvariante mit niedriger","og_url":"https:\/\/www.erresse-shop.it\/de\/shop\/einrichtung-haus\/muelltonnen\/mullex-mulltonne-x90-l6-basic-copia\/","og_site_name":"Erresse Shop","article_modified_time":"2025-02-13T07:25:41+00:00","og_image":[{"width":1200,"height":1200,"url":"https:\/\/www.erresse-shop.it\/wp-content\/uploads\/2025\/02\/MULLEX-Pattumiera-X60-M7.jpg","type":"image\/jpeg"}],"twitter_card":"summary_large_image","schema":{"@context":"https:\/\/schema.org","@graph":[{"@type":"WebPage","@id":"https:\/\/www.erresse-shop.it\/de\/shop\/einrichtung-haus\/muelltonnen\/mullex-mulltonne-x90-l6-basic-copia\/","url":"https:\/\/www.erresse-shop.it\/de\/shop\/einrichtung-haus\/muelltonnen\/mullex-mulltonne-x90-l6-basic-copia\/","name":"MULLEX M\u00fclltonne X60 M7 Basic - Erresse Shop","isPartOf":{"@id":"https:\/\/www.erresse-shop.it\/de\/#website"},"datePublished":"2025-02-11T13:01:51+00:00","dateModified":"2025-02-13T07:25:41+00:00","description":"Bei niedrigen K\u00fcchenm\u00f6beln m\u00fcssen Sie nicht zwangsl\u00e4ufig auf zus\u00e4tzlichen Stauraum verzichten. Die neue, 60 cm breite M\u00f6belvariante mit niedriger","breadcrumb":{"@id":"https:\/\/www.erresse-shop.it\/de\/shop\/einrichtung-haus\/muelltonnen\/mullex-mulltonne-x90-l6-basic-copia\/#breadcrumb"},"inLanguage":"de-DE","potentialAction":[{"@type":"ReadAction","target":["https:\/\/www.erresse-shop.it\/de\/shop\/einrichtung-haus\/muelltonnen\/mullex-mulltonne-x90-l6-basic-copia\/"]}]},{"@type":"BreadcrumbList","@id":"https:\/\/www.erresse-shop.it\/de\/shop\/einrichtung-haus\/muelltonnen\/mullex-mulltonne-x90-l6-basic-copia\/#breadcrumb","itemListElement":[{"@type":"ListItem","position":1,"name":"Home","item":"https:\/\/www.erresse-shop.it\/de\/"},{"@type":"ListItem","position":2,"name":"Shop","item":"https:\/\/www.erresse-shop.it\/de\/shop\/"},{"@type":"ListItem","position":3,"name":"MULLEX M\u00fclltonne X60 M7 Basic"}]},{"@type":"WebSite","@id":"https:\/\/www.erresse-shop.it\/de\/#website","url":"https:\/\/www.erresse-shop.it\/de\/","name":"Erresse Shop","description":"Articoli di qualit\u00e0 per la casa","potentialAction":[{"@type":"SearchAction","target":{"@type":"EntryPoint","urlTemplate":"https:\/\/www.erresse-shop.it\/de\/?s={search_term_string}"},"query-input":"required name=search_term_string"}],"inLanguage":"de-DE"}]}},"df_price":260.1,"df_sale_price":260.1,"df_regular_price":289,"df_image_link":"https:\/\/www.erresse-shop.it\/wp-content\/uploads\/2025\/02\/MULLEX-Pattumiera-X60-M7-300x300.jpg","_links":{"self":[{"href":"https:\/\/www.erresse-shop.it\/de\/wp-json\/wp\/v2\/product\/468176"}],"collection":[{"href":"https:\/\/www.erresse-shop.it\/de\/wp-json\/wp\/v2\/product"}],"about":[{"href":"https:\/\/www.erresse-shop.it\/de\/wp-json\/wp\/v2\/types\/product"}],"wp:featuredmedia":[{"embeddable":true,"href":"https:\/\/www.erresse-shop.it\/de\/wp-json\/wp\/v2\/media\/468206"}],"wp:attachment":[{"href":"https:\/\/www.erresse-shop.it\/de\/wp-json\/wp\/v2\/media?parent=468176"}],"wp:term":[{"taxonomy":"product_cat","embeddable":true,"href":"https:\/\/www.erresse-shop.it\/de\/wp-json\/wp\/v2\/product_cat?post=468176"},{"taxonomy":"product_tag","embeddable":true,"href":"https:\/\/www.erresse-shop.it\/de\/wp-json\/wp\/v2\/product_tag?post=468176"}],"curies":[{"name":"wp","href":"https:\/\/api.w.org\/{rel}","templated":true}]}}