{"id":466344,"date":"2025-02-05T14:22:48","date_gmt":"2025-02-05T14:22:49","guid":{"rendered":"https:\/\/www.erresse-shop.it\/?post_type=product&#038;p=466344"},"modified":"2025-03-05T10:10:05","modified_gmt":"2025-03-05T10:10:05","slug":"berkel-teknica-set-3-schinkenmesser-schwarz-copia","status":"publish","type":"product","link":"https:\/\/www.erresse-shop.it\/de\/shop\/kuche\/messer\/berkel-teknica-set-3-schinkenmesser-schwarz-copia\/","title":{"rendered":"BERKEL Teknica Set mit 4 Kochmessern, Schwarz"},"content":{"rendered":"<p><strong>Berkel<\/strong> widmet dieses Set den Liebhabern von Wurstwaren mit einem Messer f\u00fcr Schinken, Brot und zum Ausbeinen.<\/p>\n<ul>\n<li>Klinge aus hochwertigem 1.4116-X50 Cr Mo V15 Chrom-Molybd\u00e4n-Vanadium-Stahl<\/li>\n<li>Lasergeschnittene Klinge aus 3 mm starkem Blech<\/li>\n<li>Das Schruppen, Anlassen, Satinieren und Sch\u00e4rfen erfolgt nach handwerklichen Techniken<\/li>\n<li>\u201eTechnischer\u201c Griff aus thermoplastischem Polymer mit direktem Griff, um maximale Ergonomie bei der Verwendung zu gew\u00e4hrleisten und den richtigen Griff vorzuschlagen<\/li>\n<li>Doppelte Textur in Griffbereichen f\u00fcr besseren Halt<\/li>\n<li>Vorderer Ring f\u00fcr perfekte Klingenarretierung<\/li>\n<li>Hinterer Kettenring, der dank der Einlage von Stahlkugeln eine perfekte Balance garantiert<\/li>\n<li>Erkennbares Berkel-Logo und Design<\/li>\n<li>\u201eB\u201c auf der R\u00fcckseite eingepr\u00e4gt<\/li>\n<\/ul>\n<p><strong>TECHNISCHE DATEN<\/strong><\/p>\n<div class=\"attribute\"><strong>Gewicht:<\/strong> 625 gr<br \/>\n<strong>Setzusammensetzung:<\/strong> Schinkenmesser 28 cm, Brotmesser 22 cm, K\u00fcchenmesser 20 cm, Santokumesser 17 cm<\/div>\n<div class=\"attribute\"><strong>Klingenmaterial:<\/strong> Geschmiedet aus 1.4116-X50 Cr Mo V15 Edelstahl; Dicke 3mm; H\u00e4rte nach T.T.: 59\/60 HRC; Catra-Zertifikat: Sehr gut.<\/div>\n<div class=\"attribute\"><strong>Griff:<\/strong> Harz mit Satin-Finish<\/div>\n<div class=\"attribute\"><strong>Gebrauch und Pflege:<\/strong> Um die Unversehrtheit und Haltbarkeit des Produkts zu gew\u00e4hrleisten, empfehlen wir dringend, es mit der Hand in hei\u00dfem Wasser zu waschen. In jedem Fall empfiehlt es sich, das Messer nach jedem Sp\u00fclen abzutrocknen. Verwenden Sie keine scheuernden T\u00fccher oder Schw\u00e4mme.<\/div>\n","protected":false},"excerpt":{"rendered":"<p>Berkel widmet dieses Set den Liebhabern von Wurstwaren mit einem Messer f\u00fcr Schinken, Brot und zum Ausbeinen. Klinge aus hochwertigem<\/p>\n","protected":false},"featured_media":466365,"template":"","meta":{"_acf_changed":false,"inline_featured_image":false},"product_cat":[6742,6706,14454],"product_tag":[23691,11529,23661,24404,11718,15417,18703],"acf":[],"yoast_head":"<!-- This site is optimized with the Yoast SEO Premium plugin v18.6 (Yoast SEO v19.13) - https:\/\/yoast.com\/wordpress\/plugins\/seo\/ -->\n<title>BERKEL Teknica Set 3 Schinkenmesser Schwarz<\/title>\n<meta name=\"description\" content=\"Entdecken Sie BERKEL Teknica Set 3 Schinkenmesser Schwarz bei ErresseShop. Qualit\u00e4t, Stil und Funktionalit\u00e4t \u2013 jetzt online bestellen!\" \/>\n<meta name=\"robots\" content=\"index, follow, max-snippet:-1, max-image-preview:large, max-video-preview:-1\" \/>\n<link rel=\"canonical\" href=\"https:\/\/www.erresse-shop.it\/de\/shop\/kuche\/messer\/berkel-teknica-set-3-schinkenmesser-schwarz-copia\/\" \/>\n<meta property=\"og:locale\" content=\"de_DE\" \/>\n<meta property=\"og:type\" content=\"article\" \/>\n<meta property=\"og:title\" content=\"BERKEL Teknica Set mit 4 Kochmessern, Schwarz\" \/>\n<meta property=\"og:description\" content=\"Entdecken Sie BERKEL Teknica Set 3 Schinkenmesser Schwarz bei ErresseShop. Qualit\u00e4t, Stil und Funktionalit\u00e4t \u2013 jetzt online bestellen!\" \/>\n<meta property=\"og:url\" content=\"https:\/\/www.erresse-shop.it\/de\/shop\/kuche\/messer\/berkel-teknica-set-3-schinkenmesser-schwarz-copia\/\" \/>\n<meta property=\"og:site_name\" content=\"Erresse Shop\" \/>\n<meta property=\"article:modified_time\" content=\"2025-03-05T10:10:05+00:00\" \/>\n<meta property=\"og:image\" content=\"https:\/\/www.erresse-shop.it\/wp-content\/uploads\/2025\/02\/BERKEL-Teknica-Set-4-Coltelli-Chef-Nero.jpg\" \/>\n\t<meta property=\"og:image:width\" content=\"1200\" \/>\n\t<meta property=\"og:image:height\" content=\"1200\" \/>\n\t<meta property=\"og:image:type\" content=\"image\/jpeg\" \/>\n<meta name=\"twitter:card\" content=\"summary_large_image\" \/>\n<script type=\"application\/ld+json\" class=\"yoast-schema-graph\">{\"@context\":\"https:\/\/schema.org\",\"@graph\":[{\"@type\":\"WebPage\",\"@id\":\"https:\/\/www.erresse-shop.it\/de\/shop\/kuche\/messer\/berkel-teknica-set-3-schinkenmesser-schwarz-copia\/\",\"url\":\"https:\/\/www.erresse-shop.it\/de\/shop\/kuche\/messer\/berkel-teknica-set-3-schinkenmesser-schwarz-copia\/\",\"name\":\"BERKEL Teknica Set 3 Schinkenmesser Schwarz\",\"isPartOf\":{\"@id\":\"https:\/\/www.erresse-shop.it\/de\/#website\"},\"datePublished\":\"2025-02-05T14:22:49+00:00\",\"dateModified\":\"2025-03-05T10:10:05+00:00\",\"description\":\"Entdecken Sie BERKEL Teknica Set 3 Schinkenmesser Schwarz bei ErresseShop. Qualit\u00e4t, Stil und Funktionalit\u00e4t \u2013 jetzt online bestellen!\",\"breadcrumb\":{\"@id\":\"https:\/\/www.erresse-shop.it\/de\/shop\/kuche\/messer\/berkel-teknica-set-3-schinkenmesser-schwarz-copia\/#breadcrumb\"},\"inLanguage\":\"de-DE\",\"potentialAction\":[{\"@type\":\"ReadAction\",\"target\":[\"https:\/\/www.erresse-shop.it\/de\/shop\/kuche\/messer\/berkel-teknica-set-3-schinkenmesser-schwarz-copia\/\"]}]},{\"@type\":\"BreadcrumbList\",\"@id\":\"https:\/\/www.erresse-shop.it\/de\/shop\/kuche\/messer\/berkel-teknica-set-3-schinkenmesser-schwarz-copia\/#breadcrumb\",\"itemListElement\":[{\"@type\":\"ListItem\",\"position\":1,\"name\":\"Home\",\"item\":\"https:\/\/www.erresse-shop.it\/de\/\"},{\"@type\":\"ListItem\",\"position\":2,\"name\":\"Shop\",\"item\":\"https:\/\/www.erresse-shop.it\/de\/shop\/\"},{\"@type\":\"ListItem\",\"position\":3,\"name\":\"BERKEL Teknica Set mit 4 Kochmessern, Schwarz\"}]},{\"@type\":\"WebSite\",\"@id\":\"https:\/\/www.erresse-shop.it\/de\/#website\",\"url\":\"https:\/\/www.erresse-shop.it\/de\/\",\"name\":\"Erresse Shop\",\"description\":\"Articoli di qualit\u00e0 per la casa\",\"potentialAction\":[{\"@type\":\"SearchAction\",\"target\":{\"@type\":\"EntryPoint\",\"urlTemplate\":\"https:\/\/www.erresse-shop.it\/de\/?s={search_term_string}\"},\"query-input\":\"required name=search_term_string\"}],\"inLanguage\":\"de-DE\"}]}<\/script>\n<!-- \/ Yoast SEO Premium plugin. -->","yoast_head_json":{"title":"BERKEL Teknica Set 3 Schinkenmesser Schwarz","description":"Entdecken Sie BERKEL Teknica Set 3 Schinkenmesser Schwarz bei ErresseShop. Qualit\u00e4t, Stil und Funktionalit\u00e4t \u2013 jetzt online bestellen!","robots":{"index":"index","follow":"follow","max-snippet":"max-snippet:-1","max-image-preview":"max-image-preview:large","max-video-preview":"max-video-preview:-1"},"canonical":"https:\/\/www.erresse-shop.it\/de\/shop\/kuche\/messer\/berkel-teknica-set-3-schinkenmesser-schwarz-copia\/","og_locale":"de_DE","og_type":"article","og_title":"BERKEL Teknica Set mit 4 Kochmessern, Schwarz","og_description":"Entdecken Sie BERKEL Teknica Set 3 Schinkenmesser Schwarz bei ErresseShop. Qualit\u00e4t, Stil und Funktionalit\u00e4t \u2013 jetzt online bestellen!","og_url":"https:\/\/www.erresse-shop.it\/de\/shop\/kuche\/messer\/berkel-teknica-set-3-schinkenmesser-schwarz-copia\/","og_site_name":"Erresse Shop","article_modified_time":"2025-03-05T10:10:05+00:00","og_image":[{"width":1200,"height":1200,"url":"https:\/\/www.erresse-shop.it\/wp-content\/uploads\/2025\/02\/BERKEL-Teknica-Set-4-Coltelli-Chef-Nero.jpg","type":"image\/jpeg"}],"twitter_card":"summary_large_image","schema":{"@context":"https:\/\/schema.org","@graph":[{"@type":"WebPage","@id":"https:\/\/www.erresse-shop.it\/de\/shop\/kuche\/messer\/berkel-teknica-set-3-schinkenmesser-schwarz-copia\/","url":"https:\/\/www.erresse-shop.it\/de\/shop\/kuche\/messer\/berkel-teknica-set-3-schinkenmesser-schwarz-copia\/","name":"BERKEL Teknica Set 3 Schinkenmesser Schwarz","isPartOf":{"@id":"https:\/\/www.erresse-shop.it\/de\/#website"},"datePublished":"2025-02-05T14:22:49+00:00","dateModified":"2025-03-05T10:10:05+00:00","description":"Entdecken Sie BERKEL Teknica Set 3 Schinkenmesser Schwarz bei ErresseShop. Qualit\u00e4t, Stil und Funktionalit\u00e4t \u2013 jetzt online bestellen!","breadcrumb":{"@id":"https:\/\/www.erresse-shop.it\/de\/shop\/kuche\/messer\/berkel-teknica-set-3-schinkenmesser-schwarz-copia\/#breadcrumb"},"inLanguage":"de-DE","potentialAction":[{"@type":"ReadAction","target":["https:\/\/www.erresse-shop.it\/de\/shop\/kuche\/messer\/berkel-teknica-set-3-schinkenmesser-schwarz-copia\/"]}]},{"@type":"BreadcrumbList","@id":"https:\/\/www.erresse-shop.it\/de\/shop\/kuche\/messer\/berkel-teknica-set-3-schinkenmesser-schwarz-copia\/#breadcrumb","itemListElement":[{"@type":"ListItem","position":1,"name":"Home","item":"https:\/\/www.erresse-shop.it\/de\/"},{"@type":"ListItem","position":2,"name":"Shop","item":"https:\/\/www.erresse-shop.it\/de\/shop\/"},{"@type":"ListItem","position":3,"name":"BERKEL Teknica Set mit 4 Kochmessern, Schwarz"}]},{"@type":"WebSite","@id":"https:\/\/www.erresse-shop.it\/de\/#website","url":"https:\/\/www.erresse-shop.it\/de\/","name":"Erresse Shop","description":"Articoli di qualit\u00e0 per la casa","potentialAction":[{"@type":"SearchAction","target":{"@type":"EntryPoint","urlTemplate":"https:\/\/www.erresse-shop.it\/de\/?s={search_term_string}"},"query-input":"required name=search_term_string"}],"inLanguage":"de-DE"}]}},"df_price":219.5,"df_sale_price":219.5,"df_regular_price":439,"df_image_link":"https:\/\/www.erresse-shop.it\/wp-content\/uploads\/2025\/02\/BERKEL-Teknica-Set-4-Coltelli-Chef-Nero-300x300.jpg","_links":{"self":[{"href":"https:\/\/www.erresse-shop.it\/de\/wp-json\/wp\/v2\/product\/466344"}],"collection":[{"href":"https:\/\/www.erresse-shop.it\/de\/wp-json\/wp\/v2\/product"}],"about":[{"href":"https:\/\/www.erresse-shop.it\/de\/wp-json\/wp\/v2\/types\/product"}],"wp:featuredmedia":[{"embeddable":true,"href":"https:\/\/www.erresse-shop.it\/de\/wp-json\/wp\/v2\/media\/466365"}],"wp:attachment":[{"href":"https:\/\/www.erresse-shop.it\/de\/wp-json\/wp\/v2\/media?parent=466344"}],"wp:term":[{"taxonomy":"product_cat","embeddable":true,"href":"https:\/\/www.erresse-shop.it\/de\/wp-json\/wp\/v2\/product_cat?post=466344"},{"taxonomy":"product_tag","embeddable":true,"href":"https:\/\/www.erresse-shop.it\/de\/wp-json\/wp\/v2\/product_tag?post=466344"}],"curies":[{"name":"wp","href":"https:\/\/api.w.org\/{rel}","templated":true}]}}