{"id":466169,"date":"2025-02-05T10:00:58","date_gmt":"2025-02-05T10:01:00","guid":{"rendered":"https:\/\/www.erresse-shop.it\/?post_type=product&#038;p=466169"},"modified":"2026-02-23T11:35:07","modified_gmt":"2026-02-23T11:35:07","slug":"wd-lifestyle-set-mit-4-teetassen-aus-glas","status":"publish","type":"product","link":"https:\/\/www.erresse-shop.it\/de\/shop\/tisch\/tassen\/wd-lifestyle-set-mit-4-teetassen-aus-glas\/","title":{"rendered":"WD LIFESTYLE Set mit 4 Teetassen aus Glas"},"content":{"rendered":"<p>Verleihen Sie Ihrer Teepause mit dem 4er-Set aus klarem Borosilikatglas einen Hauch von Stil. Diese leichten und langlebigen Becher verf\u00fcgen \u00fcber einen farbigen Henkel und eine dekorative Beschriftung, die jeden Schluck zu etwas ganz Besonderem macht. Sie sind perfekt f\u00fcr jeden Moment der Entspannung und vereinen Funktionalit\u00e4t und Eleganz f\u00fcr ein einzigartiges Erlebnis.<\/p>\n<p>Fassungsverm\u00f6gen: 250 ml<br \/>\nMa\u00dfe: \u00d8 5,5 x 5,5 cm<\/p>\n","protected":false},"excerpt":{"rendered":"<p>Verleihen Sie Ihrer Teepause mit dem 4er-Set aus klarem Borosilikatglas einen Hauch von Stil. Diese leichten und langlebigen Becher verf\u00fcgen<\/p>\n","protected":false},"featured_media":466183,"template":"","meta":{"_acf_changed":false,"inline_featured_image":false},"product_cat":[6847,6787],"product_tag":[21295,14581,11489,21330],"acf":[],"yoast_head":"<!-- This site is optimized with the Yoast SEO Premium plugin v18.6 (Yoast SEO v19.13) - https:\/\/yoast.com\/wordpress\/plugins\/seo\/ -->\n<title>WD LIFESTYLE Set mit 4 Teetassen aus Glas - Erresse Shop<\/title>\n<meta name=\"description\" content=\"Verleihen Sie Ihrer Teepause mit dem 4er-Set aus klarem Borosilikatglas einen Hauch von Stil. Diese leichten und langlebigen Becher verf\u00fcgen \u00fcber einen\" \/>\n<meta name=\"robots\" content=\"index, follow, max-snippet:-1, max-image-preview:large, max-video-preview:-1\" \/>\n<link rel=\"canonical\" href=\"https:\/\/www.erresse-shop.it\/de\/shop\/tisch\/tassen\/wd-lifestyle-set-mit-4-teetassen-aus-glas\/\" \/>\n<meta property=\"og:locale\" content=\"de_DE\" \/>\n<meta property=\"og:type\" content=\"article\" \/>\n<meta property=\"og:title\" content=\"WD LIFESTYLE Set mit 4 Teetassen aus Glas\" \/>\n<meta property=\"og:description\" content=\"Verleihen Sie Ihrer Teepause mit dem 4er-Set aus klarem Borosilikatglas einen Hauch von Stil. Diese leichten und langlebigen Becher verf\u00fcgen \u00fcber einen\" \/>\n<meta property=\"og:url\" content=\"https:\/\/www.erresse-shop.it\/de\/shop\/tisch\/tassen\/wd-lifestyle-set-mit-4-teetassen-aus-glas\/\" \/>\n<meta property=\"og:site_name\" content=\"Erresse Shop\" \/>\n<meta property=\"article:modified_time\" content=\"2026-02-23T11:35:07+00:00\" \/>\n<meta property=\"og:image\" content=\"https:\/\/www.erresse-shop.it\/wp-content\/uploads\/2025\/02\/WD-LIFESTYLE-Set-4-Tazze-da-Te-in-Vetro.jpg\" \/>\n\t<meta property=\"og:image:width\" content=\"1200\" \/>\n\t<meta property=\"og:image:height\" content=\"1200\" \/>\n\t<meta property=\"og:image:type\" content=\"image\/jpeg\" \/>\n<meta name=\"twitter:card\" content=\"summary_large_image\" \/>\n<script type=\"application\/ld+json\" class=\"yoast-schema-graph\">{\"@context\":\"https:\/\/schema.org\",\"@graph\":[{\"@type\":\"WebPage\",\"@id\":\"https:\/\/www.erresse-shop.it\/de\/shop\/tisch\/tassen\/wd-lifestyle-set-mit-4-teetassen-aus-glas\/\",\"url\":\"https:\/\/www.erresse-shop.it\/de\/shop\/tisch\/tassen\/wd-lifestyle-set-mit-4-teetassen-aus-glas\/\",\"name\":\"WD LIFESTYLE Set mit 4 Teetassen aus Glas - Erresse Shop\",\"isPartOf\":{\"@id\":\"https:\/\/www.erresse-shop.it\/de\/#website\"},\"datePublished\":\"2025-02-05T10:01:00+00:00\",\"dateModified\":\"2026-02-23T11:35:07+00:00\",\"description\":\"Verleihen Sie Ihrer Teepause mit dem 4er-Set aus klarem Borosilikatglas einen Hauch von Stil. Diese leichten und langlebigen Becher verf\u00fcgen \u00fcber einen\",\"breadcrumb\":{\"@id\":\"https:\/\/www.erresse-shop.it\/de\/shop\/tisch\/tassen\/wd-lifestyle-set-mit-4-teetassen-aus-glas\/#breadcrumb\"},\"inLanguage\":\"de-DE\",\"potentialAction\":[{\"@type\":\"ReadAction\",\"target\":[\"https:\/\/www.erresse-shop.it\/de\/shop\/tisch\/tassen\/wd-lifestyle-set-mit-4-teetassen-aus-glas\/\"]}]},{\"@type\":\"BreadcrumbList\",\"@id\":\"https:\/\/www.erresse-shop.it\/de\/shop\/tisch\/tassen\/wd-lifestyle-set-mit-4-teetassen-aus-glas\/#breadcrumb\",\"itemListElement\":[{\"@type\":\"ListItem\",\"position\":1,\"name\":\"Home\",\"item\":\"https:\/\/www.erresse-shop.it\/de\/\"},{\"@type\":\"ListItem\",\"position\":2,\"name\":\"Shop\",\"item\":\"https:\/\/www.erresse-shop.it\/de\/shop\/\"},{\"@type\":\"ListItem\",\"position\":3,\"name\":\"WD LIFESTYLE Set mit 4 Teetassen aus Glas\"}]},{\"@type\":\"WebSite\",\"@id\":\"https:\/\/www.erresse-shop.it\/de\/#website\",\"url\":\"https:\/\/www.erresse-shop.it\/de\/\",\"name\":\"Erresse Shop\",\"description\":\"Articoli di qualit\u00e0 per la casa\",\"potentialAction\":[{\"@type\":\"SearchAction\",\"target\":{\"@type\":\"EntryPoint\",\"urlTemplate\":\"https:\/\/www.erresse-shop.it\/de\/?s={search_term_string}\"},\"query-input\":\"required name=search_term_string\"}],\"inLanguage\":\"de-DE\"}]}<\/script>\n<!-- \/ Yoast SEO Premium plugin. -->","yoast_head_json":{"title":"WD LIFESTYLE Set mit 4 Teetassen aus Glas - Erresse Shop","description":"Verleihen Sie Ihrer Teepause mit dem 4er-Set aus klarem Borosilikatglas einen Hauch von Stil. Diese leichten und langlebigen Becher verf\u00fcgen \u00fcber einen","robots":{"index":"index","follow":"follow","max-snippet":"max-snippet:-1","max-image-preview":"max-image-preview:large","max-video-preview":"max-video-preview:-1"},"canonical":"https:\/\/www.erresse-shop.it\/de\/shop\/tisch\/tassen\/wd-lifestyle-set-mit-4-teetassen-aus-glas\/","og_locale":"de_DE","og_type":"article","og_title":"WD LIFESTYLE Set mit 4 Teetassen aus Glas","og_description":"Verleihen Sie Ihrer Teepause mit dem 4er-Set aus klarem Borosilikatglas einen Hauch von Stil. Diese leichten und langlebigen Becher verf\u00fcgen \u00fcber einen","og_url":"https:\/\/www.erresse-shop.it\/de\/shop\/tisch\/tassen\/wd-lifestyle-set-mit-4-teetassen-aus-glas\/","og_site_name":"Erresse Shop","article_modified_time":"2026-02-23T11:35:07+00:00","og_image":[{"width":1200,"height":1200,"url":"https:\/\/www.erresse-shop.it\/wp-content\/uploads\/2025\/02\/WD-LIFESTYLE-Set-4-Tazze-da-Te-in-Vetro.jpg","type":"image\/jpeg"}],"twitter_card":"summary_large_image","schema":{"@context":"https:\/\/schema.org","@graph":[{"@type":"WebPage","@id":"https:\/\/www.erresse-shop.it\/de\/shop\/tisch\/tassen\/wd-lifestyle-set-mit-4-teetassen-aus-glas\/","url":"https:\/\/www.erresse-shop.it\/de\/shop\/tisch\/tassen\/wd-lifestyle-set-mit-4-teetassen-aus-glas\/","name":"WD LIFESTYLE Set mit 4 Teetassen aus Glas - Erresse Shop","isPartOf":{"@id":"https:\/\/www.erresse-shop.it\/de\/#website"},"datePublished":"2025-02-05T10:01:00+00:00","dateModified":"2026-02-23T11:35:07+00:00","description":"Verleihen Sie Ihrer Teepause mit dem 4er-Set aus klarem Borosilikatglas einen Hauch von Stil. Diese leichten und langlebigen Becher verf\u00fcgen \u00fcber einen","breadcrumb":{"@id":"https:\/\/www.erresse-shop.it\/de\/shop\/tisch\/tassen\/wd-lifestyle-set-mit-4-teetassen-aus-glas\/#breadcrumb"},"inLanguage":"de-DE","potentialAction":[{"@type":"ReadAction","target":["https:\/\/www.erresse-shop.it\/de\/shop\/tisch\/tassen\/wd-lifestyle-set-mit-4-teetassen-aus-glas\/"]}]},{"@type":"BreadcrumbList","@id":"https:\/\/www.erresse-shop.it\/de\/shop\/tisch\/tassen\/wd-lifestyle-set-mit-4-teetassen-aus-glas\/#breadcrumb","itemListElement":[{"@type":"ListItem","position":1,"name":"Home","item":"https:\/\/www.erresse-shop.it\/de\/"},{"@type":"ListItem","position":2,"name":"Shop","item":"https:\/\/www.erresse-shop.it\/de\/shop\/"},{"@type":"ListItem","position":3,"name":"WD LIFESTYLE Set mit 4 Teetassen aus Glas"}]},{"@type":"WebSite","@id":"https:\/\/www.erresse-shop.it\/de\/#website","url":"https:\/\/www.erresse-shop.it\/de\/","name":"Erresse Shop","description":"Articoli di qualit\u00e0 per la casa","potentialAction":[{"@type":"SearchAction","target":{"@type":"EntryPoint","urlTemplate":"https:\/\/www.erresse-shop.it\/de\/?s={search_term_string}"},"query-input":"required name=search_term_string"}],"inLanguage":"de-DE"}]}},"df_price":13.739999999999998,"df_sale_price":13.739999999999998,"df_regular_price":22.9,"df_image_link":"https:\/\/www.erresse-shop.it\/wp-content\/uploads\/2025\/02\/WD-LIFESTYLE-Set-4-Tazze-da-Te-in-Vetro-300x300.jpg","_links":{"self":[{"href":"https:\/\/www.erresse-shop.it\/de\/wp-json\/wp\/v2\/product\/466169"}],"collection":[{"href":"https:\/\/www.erresse-shop.it\/de\/wp-json\/wp\/v2\/product"}],"about":[{"href":"https:\/\/www.erresse-shop.it\/de\/wp-json\/wp\/v2\/types\/product"}],"wp:featuredmedia":[{"embeddable":true,"href":"https:\/\/www.erresse-shop.it\/de\/wp-json\/wp\/v2\/media\/466183"}],"wp:attachment":[{"href":"https:\/\/www.erresse-shop.it\/de\/wp-json\/wp\/v2\/media?parent=466169"}],"wp:term":[{"taxonomy":"product_cat","embeddable":true,"href":"https:\/\/www.erresse-shop.it\/de\/wp-json\/wp\/v2\/product_cat?post=466169"},{"taxonomy":"product_tag","embeddable":true,"href":"https:\/\/www.erresse-shop.it\/de\/wp-json\/wp\/v2\/product_tag?post=466169"}],"curies":[{"name":"wp","href":"https:\/\/api.w.org\/{rel}","templated":true}]}}