{"id":466148,"date":"2025-02-05T09:36:13","date_gmt":"2025-02-05T09:36:15","guid":{"rendered":"https:\/\/www.erresse-shop.it\/?post_type=product&#038;p=466148"},"modified":"2026-02-23T11:37:18","modified_gmt":"2026-02-23T11:37:18","slug":"wd-lifestyle-kraeuterteebereiter-mit-glasfilter-grauer-griff","status":"publish","type":"product","link":"https:\/\/www.erresse-shop.it\/de\/shop\/tisch\/tassen\/teekannen-zuckerdosen-milchkannen\/wd-lifestyle-kraeuterteebereiter-mit-glasfilter-grauer-griff\/","title":{"rendered":"WD LIFESTYLE Kr\u00e4uterteebereiter mit Glasfilter, grauer Griff"},"content":{"rendered":"<div>\n<div>\n<div>\n<div class=\"relative p-1 rounded-sm flex items-center justify-center bg-token-main-surface-primary text-token-text-primary h-8 w-8\">Entdecken Sie den eleganten und funktionalen Kr\u00e4uterteezubereiter aus Borosilikatglas, perfekt f\u00fcr die Zubereitung Ihrer Lieblingskr\u00e4utertees. Ausgestattet mit einem hochwertigen Edelstahlfilter sorgt er f\u00fcr eine optimale Filterung. Der farbenfrohe Griff sorgt f\u00fcr eine lebendige Note und der dekorative Schriftzug \u201eKeep Calm\u201c l\u00e4dt dazu ein, jeden Moment der Entspannung zu genie\u00dfen. Ein unverzichtbares Accessoire f\u00fcr jeden Kr\u00e4uterteeliebhaber!<\/div>\n<\/div>\n<\/div>\n<\/div>\n<p>Fassungsverm\u00f6gen: 420 ml<\/p>\n<p><strong>Filter nicht f\u00fcr Mikrowelle geeignet<\/strong><\/p>\n","protected":false},"excerpt":{"rendered":"<p>Entdecken Sie den eleganten und funktionalen Kr\u00e4uterteezubereiter aus Borosilikatglas, perfekt f\u00fcr die Zubereitung Ihrer Lieblingskr\u00e4utertees. Ausgestattet mit einem hochwertigen Edelstahlfilter<\/p>\n","protected":false},"featured_media":466162,"template":"","meta":{"_acf_changed":false,"inline_featured_image":false},"product_cat":[6844,6787],"product_tag":[23705,21295,24604],"acf":[],"yoast_head":"<!-- This site is optimized with the Yoast SEO Premium plugin v18.6 (Yoast SEO v19.13) - https:\/\/yoast.com\/wordpress\/plugins\/seo\/ -->\n<title>WD LIFESTYLE Kr\u00e4uterteebereiter mit Glasfilter, grauer Griff - Erresse Shop<\/title>\n<meta name=\"description\" content=\"Entdecken Sie den eleganten und funktionalen Kr\u00e4uterteezubereiter aus Borosilikatglas, perfekt f\u00fcr die Zubereitung Ihrer Lieblingskr\u00e4utertees.\" \/>\n<meta name=\"robots\" content=\"index, follow, max-snippet:-1, max-image-preview:large, max-video-preview:-1\" \/>\n<link rel=\"canonical\" href=\"https:\/\/www.erresse-shop.it\/de\/shop\/tisch\/tassen\/teekannen-zuckerdosen-milchkannen\/wd-lifestyle-kraeuterteebereiter-mit-glasfilter-grauer-griff\/\" \/>\n<meta property=\"og:locale\" content=\"de_DE\" \/>\n<meta property=\"og:type\" content=\"article\" \/>\n<meta property=\"og:title\" content=\"WD LIFESTYLE Kr\u00e4uterteebereiter mit Glasfilter, grauer Griff\" \/>\n<meta property=\"og:description\" content=\"Entdecken Sie den eleganten und funktionalen Kr\u00e4uterteezubereiter aus Borosilikatglas, perfekt f\u00fcr die Zubereitung Ihrer Lieblingskr\u00e4utertees.\" \/>\n<meta property=\"og:url\" content=\"https:\/\/www.erresse-shop.it\/de\/shop\/tisch\/tassen\/teekannen-zuckerdosen-milchkannen\/wd-lifestyle-kraeuterteebereiter-mit-glasfilter-grauer-griff\/\" \/>\n<meta property=\"og:site_name\" content=\"Erresse Shop\" \/>\n<meta property=\"article:modified_time\" content=\"2026-02-23T11:37:18+00:00\" \/>\n<meta property=\"og:image\" content=\"https:\/\/www.erresse-shop.it\/wp-content\/uploads\/2025\/02\/WD-LIFESTYLE-Tisaniera-con-Filtro-in-Vetro-Manico-Grigio.jpg\" \/>\n\t<meta property=\"og:image:width\" content=\"1200\" \/>\n\t<meta property=\"og:image:height\" content=\"1200\" \/>\n\t<meta property=\"og:image:type\" content=\"image\/jpeg\" \/>\n<meta name=\"twitter:card\" content=\"summary_large_image\" \/>\n<script type=\"application\/ld+json\" class=\"yoast-schema-graph\">{\"@context\":\"https:\/\/schema.org\",\"@graph\":[{\"@type\":\"WebPage\",\"@id\":\"https:\/\/www.erresse-shop.it\/de\/shop\/tisch\/tassen\/teekannen-zuckerdosen-milchkannen\/wd-lifestyle-kraeuterteebereiter-mit-glasfilter-grauer-griff\/\",\"url\":\"https:\/\/www.erresse-shop.it\/de\/shop\/tisch\/tassen\/teekannen-zuckerdosen-milchkannen\/wd-lifestyle-kraeuterteebereiter-mit-glasfilter-grauer-griff\/\",\"name\":\"WD LIFESTYLE Kr\u00e4uterteebereiter mit Glasfilter, grauer Griff - Erresse Shop\",\"isPartOf\":{\"@id\":\"https:\/\/www.erresse-shop.it\/de\/#website\"},\"datePublished\":\"2025-02-05T09:36:15+00:00\",\"dateModified\":\"2026-02-23T11:37:18+00:00\",\"description\":\"Entdecken Sie den eleganten und funktionalen Kr\u00e4uterteezubereiter aus Borosilikatglas, perfekt f\u00fcr die Zubereitung Ihrer Lieblingskr\u00e4utertees.\",\"breadcrumb\":{\"@id\":\"https:\/\/www.erresse-shop.it\/de\/shop\/tisch\/tassen\/teekannen-zuckerdosen-milchkannen\/wd-lifestyle-kraeuterteebereiter-mit-glasfilter-grauer-griff\/#breadcrumb\"},\"inLanguage\":\"de-DE\",\"potentialAction\":[{\"@type\":\"ReadAction\",\"target\":[\"https:\/\/www.erresse-shop.it\/de\/shop\/tisch\/tassen\/teekannen-zuckerdosen-milchkannen\/wd-lifestyle-kraeuterteebereiter-mit-glasfilter-grauer-griff\/\"]}]},{\"@type\":\"BreadcrumbList\",\"@id\":\"https:\/\/www.erresse-shop.it\/de\/shop\/tisch\/tassen\/teekannen-zuckerdosen-milchkannen\/wd-lifestyle-kraeuterteebereiter-mit-glasfilter-grauer-griff\/#breadcrumb\",\"itemListElement\":[{\"@type\":\"ListItem\",\"position\":1,\"name\":\"Home\",\"item\":\"https:\/\/www.erresse-shop.it\/de\/\"},{\"@type\":\"ListItem\",\"position\":2,\"name\":\"Shop\",\"item\":\"https:\/\/www.erresse-shop.it\/de\/shop\/\"},{\"@type\":\"ListItem\",\"position\":3,\"name\":\"WD LIFESTYLE Kr\u00e4uterteebereiter mit Glasfilter, grauer Griff\"}]},{\"@type\":\"WebSite\",\"@id\":\"https:\/\/www.erresse-shop.it\/de\/#website\",\"url\":\"https:\/\/www.erresse-shop.it\/de\/\",\"name\":\"Erresse Shop\",\"description\":\"Articoli di qualit\u00e0 per la casa\",\"potentialAction\":[{\"@type\":\"SearchAction\",\"target\":{\"@type\":\"EntryPoint\",\"urlTemplate\":\"https:\/\/www.erresse-shop.it\/de\/?s={search_term_string}\"},\"query-input\":\"required name=search_term_string\"}],\"inLanguage\":\"de-DE\"}]}<\/script>\n<!-- \/ Yoast SEO Premium plugin. -->","yoast_head_json":{"title":"WD LIFESTYLE Kr\u00e4uterteebereiter mit Glasfilter, grauer Griff - Erresse Shop","description":"Entdecken Sie den eleganten und funktionalen Kr\u00e4uterteezubereiter aus Borosilikatglas, perfekt f\u00fcr die Zubereitung Ihrer Lieblingskr\u00e4utertees.","robots":{"index":"index","follow":"follow","max-snippet":"max-snippet:-1","max-image-preview":"max-image-preview:large","max-video-preview":"max-video-preview:-1"},"canonical":"https:\/\/www.erresse-shop.it\/de\/shop\/tisch\/tassen\/teekannen-zuckerdosen-milchkannen\/wd-lifestyle-kraeuterteebereiter-mit-glasfilter-grauer-griff\/","og_locale":"de_DE","og_type":"article","og_title":"WD LIFESTYLE Kr\u00e4uterteebereiter mit Glasfilter, grauer Griff","og_description":"Entdecken Sie den eleganten und funktionalen Kr\u00e4uterteezubereiter aus Borosilikatglas, perfekt f\u00fcr die Zubereitung Ihrer Lieblingskr\u00e4utertees.","og_url":"https:\/\/www.erresse-shop.it\/de\/shop\/tisch\/tassen\/teekannen-zuckerdosen-milchkannen\/wd-lifestyle-kraeuterteebereiter-mit-glasfilter-grauer-griff\/","og_site_name":"Erresse Shop","article_modified_time":"2026-02-23T11:37:18+00:00","og_image":[{"width":1200,"height":1200,"url":"https:\/\/www.erresse-shop.it\/wp-content\/uploads\/2025\/02\/WD-LIFESTYLE-Tisaniera-con-Filtro-in-Vetro-Manico-Grigio.jpg","type":"image\/jpeg"}],"twitter_card":"summary_large_image","schema":{"@context":"https:\/\/schema.org","@graph":[{"@type":"WebPage","@id":"https:\/\/www.erresse-shop.it\/de\/shop\/tisch\/tassen\/teekannen-zuckerdosen-milchkannen\/wd-lifestyle-kraeuterteebereiter-mit-glasfilter-grauer-griff\/","url":"https:\/\/www.erresse-shop.it\/de\/shop\/tisch\/tassen\/teekannen-zuckerdosen-milchkannen\/wd-lifestyle-kraeuterteebereiter-mit-glasfilter-grauer-griff\/","name":"WD LIFESTYLE Kr\u00e4uterteebereiter mit Glasfilter, grauer Griff - Erresse Shop","isPartOf":{"@id":"https:\/\/www.erresse-shop.it\/de\/#website"},"datePublished":"2025-02-05T09:36:15+00:00","dateModified":"2026-02-23T11:37:18+00:00","description":"Entdecken Sie den eleganten und funktionalen Kr\u00e4uterteezubereiter aus Borosilikatglas, perfekt f\u00fcr die Zubereitung Ihrer Lieblingskr\u00e4utertees.","breadcrumb":{"@id":"https:\/\/www.erresse-shop.it\/de\/shop\/tisch\/tassen\/teekannen-zuckerdosen-milchkannen\/wd-lifestyle-kraeuterteebereiter-mit-glasfilter-grauer-griff\/#breadcrumb"},"inLanguage":"de-DE","potentialAction":[{"@type":"ReadAction","target":["https:\/\/www.erresse-shop.it\/de\/shop\/tisch\/tassen\/teekannen-zuckerdosen-milchkannen\/wd-lifestyle-kraeuterteebereiter-mit-glasfilter-grauer-griff\/"]}]},{"@type":"BreadcrumbList","@id":"https:\/\/www.erresse-shop.it\/de\/shop\/tisch\/tassen\/teekannen-zuckerdosen-milchkannen\/wd-lifestyle-kraeuterteebereiter-mit-glasfilter-grauer-griff\/#breadcrumb","itemListElement":[{"@type":"ListItem","position":1,"name":"Home","item":"https:\/\/www.erresse-shop.it\/de\/"},{"@type":"ListItem","position":2,"name":"Shop","item":"https:\/\/www.erresse-shop.it\/de\/shop\/"},{"@type":"ListItem","position":3,"name":"WD LIFESTYLE Kr\u00e4uterteebereiter mit Glasfilter, grauer Griff"}]},{"@type":"WebSite","@id":"https:\/\/www.erresse-shop.it\/de\/#website","url":"https:\/\/www.erresse-shop.it\/de\/","name":"Erresse Shop","description":"Articoli di qualit\u00e0 per la casa","potentialAction":[{"@type":"SearchAction","target":{"@type":"EntryPoint","urlTemplate":"https:\/\/www.erresse-shop.it\/de\/?s={search_term_string}"},"query-input":"required name=search_term_string"}],"inLanguage":"de-DE"}]}},"df_price":8.94,"df_sale_price":8.94,"df_regular_price":14.9,"df_image_link":"https:\/\/www.erresse-shop.it\/wp-content\/uploads\/2025\/02\/WD-LIFESTYLE-Tisaniera-con-Filtro-in-Vetro-Manico-Grigio-300x300.jpg","_links":{"self":[{"href":"https:\/\/www.erresse-shop.it\/de\/wp-json\/wp\/v2\/product\/466148"}],"collection":[{"href":"https:\/\/www.erresse-shop.it\/de\/wp-json\/wp\/v2\/product"}],"about":[{"href":"https:\/\/www.erresse-shop.it\/de\/wp-json\/wp\/v2\/types\/product"}],"wp:featuredmedia":[{"embeddable":true,"href":"https:\/\/www.erresse-shop.it\/de\/wp-json\/wp\/v2\/media\/466162"}],"wp:attachment":[{"href":"https:\/\/www.erresse-shop.it\/de\/wp-json\/wp\/v2\/media?parent=466148"}],"wp:term":[{"taxonomy":"product_cat","embeddable":true,"href":"https:\/\/www.erresse-shop.it\/de\/wp-json\/wp\/v2\/product_cat?post=466148"},{"taxonomy":"product_tag","embeddable":true,"href":"https:\/\/www.erresse-shop.it\/de\/wp-json\/wp\/v2\/product_tag?post=466148"}],"curies":[{"name":"wp","href":"https:\/\/api.w.org\/{rel}","templated":true}]}}