{"id":466017,"date":"2025-02-05T06:56:07","date_gmt":"2025-02-05T06:56:08","guid":{"rendered":"https:\/\/www.erresse-shop.it\/?post_type=product&#038;p=466017"},"modified":"2026-02-23T11:44:06","modified_gmt":"2026-02-23T11:44:06","slug":"nio-cocktails-pairing-tasting-box","status":"publish","type":"product","link":"https:\/\/www.erresse-shop.it\/de\/shop\/tisch\/nio-cocktails-pairing-tasting-box\/","title":{"rendered":"NIO COCKTAILS Pairing Tasting Box"},"content":{"rendered":"<p>Entdecken Sie mit dieser eleganten Box mit 2 Gl\u00e4sern und 4 Cocktails das perfekte Geschenk f\u00fcr Cocktailliebhaber. Jeder Cocktail ist so konzipiert, dass er ein einzigartiges Erlebnis bietet, ideal, um genussvolle Momente mit Stil zu genie\u00dfen. Ein raffiniertes Set f\u00fcr alle, die handwerklich hergestellte Cocktails direkt zu Hause genie\u00dfen m\u00f6chten, ohne auf Qualit\u00e4t zu verzichten. Perfekt als Geschenkidee oder f\u00fcr einen besonderen Anlass.<\/p>\n<p><span style=\"font-size: 14pt;\"><strong>Cocktails in der Box:<\/strong><\/span><\/p>\n<p><strong>Tommy\u2019s Margarita:<\/strong> Tequila Exotico Blanco 100% Blaue Agave \/ AGAVENSIRUP 1883 \/ ZITRONENS\u00c4URE \/ Wasser \/ 100 ML \/ 20% VOL.<\/p>\n<p><strong>Negroni:<\/strong> Tanqueray London Dry Gin \/ Cocchi Storico Vermouth \/ Campari Bitter \/ ANGOSTURA AROMATIC BITTER \/ Wasser \/ 100 ML \/ 22% VOL<\/p>\n<p><strong>Daiquiri:<\/strong> SANTIAGO DE CUBATM RON CARTA BLANCA \/ ROHRZUCKERSIRUP TOSCHI \/ LIMETTENSIRUP 1883 \/ ZITRONENS\u00c4URE \/ Wasser \/ 100 ML \/ 23,2 % VOL.<\/p>\n<p><strong>Cosmopolitan:<\/strong> KETEL ONE FAMILY MADE VODKA \/ TOSCHI BLUEBERRY SYRUP \/ COINTREAU \/ S\u00e4UERUNGSMITTEL: ZITRONENS\u00c4URE \/ Wasser \/ 100 ML \/ 22% VOL.<\/p>\n<div id=\"shopify-section-product-image-text-2\" class=\"shopify-section\">\n<section class=\"sec-Section sec-Section-white sec-Section-border\">\n<div>\n<div>\n<div>\n<div>\n<div class=\"sec-ImageText_Text\">Wir bringen ein Geschmackserlebnis voller Qualit\u00e4t und Emotionen zu Ihnen nach Hause oder wo immer Sie es bevorzugen. Verw\u00f6hnen Sie sich selbst oder schenken Sie einen angenehmen Sinnesmoment: Unsere Cocktails werden nach dem Rezept von Patrick Pistolesi kreiert und in Designerverpackungen geliefert, die vollst\u00e4ndig recycelbar sind.<\/div>\n<\/div>\n<\/div>\n<\/div>\n<\/div>\n<p>&nbsp;<\/p>\n<\/section>\n<\/div>\n<p>&nbsp;<\/p>\n","protected":false},"excerpt":{"rendered":"<p>Entdecken Sie mit dieser eleganten Box mit 2 Gl\u00e4sern und 4 Cocktails das perfekte Geschenk f\u00fcr Cocktailliebhaber. Jeder Cocktail ist<\/p>\n","protected":false},"featured_media":466062,"template":"","meta":{"_acf_changed":false,"inline_featured_image":false},"product_cat":[6787,21705],"product_tag":[21699,21302],"acf":[],"yoast_head":"<!-- This site is optimized with the Yoast SEO Premium plugin v18.6 (Yoast SEO v19.13) - https:\/\/yoast.com\/wordpress\/plugins\/seo\/ -->\n<title>NIO COCKTAILS Pairing Tasting Box - Erresse Shop<\/title>\n<meta name=\"description\" content=\"Entdecken Sie mit dieser eleganten Box mit 2 Gl\u00e4sern und 4 Cocktails das perfekte Geschenk f\u00fcr Cocktailliebhaber. Jeder Cocktail ist so konzipiert, dass\" \/>\n<meta name=\"robots\" content=\"index, follow, max-snippet:-1, max-image-preview:large, max-video-preview:-1\" \/>\n<link rel=\"canonical\" href=\"https:\/\/www.erresse-shop.it\/de\/shop\/tisch\/nio-cocktails-pairing-tasting-box\/\" \/>\n<meta property=\"og:locale\" content=\"de_DE\" \/>\n<meta property=\"og:type\" content=\"article\" \/>\n<meta property=\"og:title\" content=\"NIO COCKTAILS Pairing Tasting Box\" \/>\n<meta property=\"og:description\" content=\"Entdecken Sie mit dieser eleganten Box mit 2 Gl\u00e4sern und 4 Cocktails das perfekte Geschenk f\u00fcr Cocktailliebhaber. Jeder Cocktail ist so konzipiert, dass\" \/>\n<meta property=\"og:url\" content=\"https:\/\/www.erresse-shop.it\/de\/shop\/tisch\/nio-cocktails-pairing-tasting-box\/\" \/>\n<meta property=\"og:site_name\" content=\"Erresse Shop\" \/>\n<meta property=\"article:modified_time\" content=\"2026-02-23T11:44:06+00:00\" \/>\n<meta property=\"og:image\" content=\"https:\/\/www.erresse-shop.it\/wp-content\/uploads\/2025\/02\/NIO-COCKTAILS-Pairing-Tasting-Box.jpg\" \/>\n\t<meta property=\"og:image:width\" content=\"1200\" \/>\n\t<meta property=\"og:image:height\" content=\"1200\" \/>\n\t<meta property=\"og:image:type\" content=\"image\/jpeg\" \/>\n<meta name=\"twitter:card\" content=\"summary_large_image\" \/>\n<script type=\"application\/ld+json\" class=\"yoast-schema-graph\">{\"@context\":\"https:\/\/schema.org\",\"@graph\":[{\"@type\":\"WebPage\",\"@id\":\"https:\/\/www.erresse-shop.it\/de\/shop\/tisch\/nio-cocktails-pairing-tasting-box\/\",\"url\":\"https:\/\/www.erresse-shop.it\/de\/shop\/tisch\/nio-cocktails-pairing-tasting-box\/\",\"name\":\"NIO COCKTAILS Pairing Tasting Box - Erresse Shop\",\"isPartOf\":{\"@id\":\"https:\/\/www.erresse-shop.it\/de\/#website\"},\"datePublished\":\"2025-02-05T06:56:08+00:00\",\"dateModified\":\"2026-02-23T11:44:06+00:00\",\"description\":\"Entdecken Sie mit dieser eleganten Box mit 2 Gl\u00e4sern und 4 Cocktails das perfekte Geschenk f\u00fcr Cocktailliebhaber. Jeder Cocktail ist so konzipiert, dass\",\"breadcrumb\":{\"@id\":\"https:\/\/www.erresse-shop.it\/de\/shop\/tisch\/nio-cocktails-pairing-tasting-box\/#breadcrumb\"},\"inLanguage\":\"de-DE\",\"potentialAction\":[{\"@type\":\"ReadAction\",\"target\":[\"https:\/\/www.erresse-shop.it\/de\/shop\/tisch\/nio-cocktails-pairing-tasting-box\/\"]}]},{\"@type\":\"BreadcrumbList\",\"@id\":\"https:\/\/www.erresse-shop.it\/de\/shop\/tisch\/nio-cocktails-pairing-tasting-box\/#breadcrumb\",\"itemListElement\":[{\"@type\":\"ListItem\",\"position\":1,\"name\":\"Home\",\"item\":\"https:\/\/www.erresse-shop.it\/de\/\"},{\"@type\":\"ListItem\",\"position\":2,\"name\":\"Shop\",\"item\":\"https:\/\/www.erresse-shop.it\/de\/shop\/\"},{\"@type\":\"ListItem\",\"position\":3,\"name\":\"NIO COCKTAILS Pairing Tasting Box\"}]},{\"@type\":\"WebSite\",\"@id\":\"https:\/\/www.erresse-shop.it\/de\/#website\",\"url\":\"https:\/\/www.erresse-shop.it\/de\/\",\"name\":\"Erresse Shop\",\"description\":\"Articoli di qualit\u00e0 per la casa\",\"potentialAction\":[{\"@type\":\"SearchAction\",\"target\":{\"@type\":\"EntryPoint\",\"urlTemplate\":\"https:\/\/www.erresse-shop.it\/de\/?s={search_term_string}\"},\"query-input\":\"required name=search_term_string\"}],\"inLanguage\":\"de-DE\"}]}<\/script>\n<!-- \/ Yoast SEO Premium plugin. -->","yoast_head_json":{"title":"NIO COCKTAILS Pairing Tasting Box - Erresse Shop","description":"Entdecken Sie mit dieser eleganten Box mit 2 Gl\u00e4sern und 4 Cocktails das perfekte Geschenk f\u00fcr Cocktailliebhaber. Jeder Cocktail ist so konzipiert, dass","robots":{"index":"index","follow":"follow","max-snippet":"max-snippet:-1","max-image-preview":"max-image-preview:large","max-video-preview":"max-video-preview:-1"},"canonical":"https:\/\/www.erresse-shop.it\/de\/shop\/tisch\/nio-cocktails-pairing-tasting-box\/","og_locale":"de_DE","og_type":"article","og_title":"NIO COCKTAILS Pairing Tasting Box","og_description":"Entdecken Sie mit dieser eleganten Box mit 2 Gl\u00e4sern und 4 Cocktails das perfekte Geschenk f\u00fcr Cocktailliebhaber. Jeder Cocktail ist so konzipiert, dass","og_url":"https:\/\/www.erresse-shop.it\/de\/shop\/tisch\/nio-cocktails-pairing-tasting-box\/","og_site_name":"Erresse Shop","article_modified_time":"2026-02-23T11:44:06+00:00","og_image":[{"width":1200,"height":1200,"url":"https:\/\/www.erresse-shop.it\/wp-content\/uploads\/2025\/02\/NIO-COCKTAILS-Pairing-Tasting-Box.jpg","type":"image\/jpeg"}],"twitter_card":"summary_large_image","schema":{"@context":"https:\/\/schema.org","@graph":[{"@type":"WebPage","@id":"https:\/\/www.erresse-shop.it\/de\/shop\/tisch\/nio-cocktails-pairing-tasting-box\/","url":"https:\/\/www.erresse-shop.it\/de\/shop\/tisch\/nio-cocktails-pairing-tasting-box\/","name":"NIO COCKTAILS Pairing Tasting Box - Erresse Shop","isPartOf":{"@id":"https:\/\/www.erresse-shop.it\/de\/#website"},"datePublished":"2025-02-05T06:56:08+00:00","dateModified":"2026-02-23T11:44:06+00:00","description":"Entdecken Sie mit dieser eleganten Box mit 2 Gl\u00e4sern und 4 Cocktails das perfekte Geschenk f\u00fcr Cocktailliebhaber. Jeder Cocktail ist so konzipiert, dass","breadcrumb":{"@id":"https:\/\/www.erresse-shop.it\/de\/shop\/tisch\/nio-cocktails-pairing-tasting-box\/#breadcrumb"},"inLanguage":"de-DE","potentialAction":[{"@type":"ReadAction","target":["https:\/\/www.erresse-shop.it\/de\/shop\/tisch\/nio-cocktails-pairing-tasting-box\/"]}]},{"@type":"BreadcrumbList","@id":"https:\/\/www.erresse-shop.it\/de\/shop\/tisch\/nio-cocktails-pairing-tasting-box\/#breadcrumb","itemListElement":[{"@type":"ListItem","position":1,"name":"Home","item":"https:\/\/www.erresse-shop.it\/de\/"},{"@type":"ListItem","position":2,"name":"Shop","item":"https:\/\/www.erresse-shop.it\/de\/shop\/"},{"@type":"ListItem","position":3,"name":"NIO COCKTAILS Pairing Tasting Box"}]},{"@type":"WebSite","@id":"https:\/\/www.erresse-shop.it\/de\/#website","url":"https:\/\/www.erresse-shop.it\/de\/","name":"Erresse Shop","description":"Articoli di qualit\u00e0 per la casa","potentialAction":[{"@type":"SearchAction","target":{"@type":"EntryPoint","urlTemplate":"https:\/\/www.erresse-shop.it\/de\/?s={search_term_string}"},"query-input":"required name=search_term_string"}],"inLanguage":"de-DE"}]}},"df_price":39,"df_sale_price":39,"df_regular_price":75,"df_image_link":"https:\/\/www.erresse-shop.it\/wp-content\/uploads\/2025\/02\/NIO-COCKTAILS-Pairing-Tasting-Box-300x300.jpg","_links":{"self":[{"href":"https:\/\/www.erresse-shop.it\/de\/wp-json\/wp\/v2\/product\/466017"}],"collection":[{"href":"https:\/\/www.erresse-shop.it\/de\/wp-json\/wp\/v2\/product"}],"about":[{"href":"https:\/\/www.erresse-shop.it\/de\/wp-json\/wp\/v2\/types\/product"}],"wp:featuredmedia":[{"embeddable":true,"href":"https:\/\/www.erresse-shop.it\/de\/wp-json\/wp\/v2\/media\/466062"}],"wp:attachment":[{"href":"https:\/\/www.erresse-shop.it\/de\/wp-json\/wp\/v2\/media?parent=466017"}],"wp:term":[{"taxonomy":"product_cat","embeddable":true,"href":"https:\/\/www.erresse-shop.it\/de\/wp-json\/wp\/v2\/product_cat?post=466017"},{"taxonomy":"product_tag","embeddable":true,"href":"https:\/\/www.erresse-shop.it\/de\/wp-json\/wp\/v2\/product_tag?post=466017"}],"curies":[{"name":"wp","href":"https:\/\/api.w.org\/{rel}","templated":true}]}}