{"id":465886,"date":"2025-02-04T14:01:21","date_gmt":"2025-02-04T14:01:23","guid":{"rendered":"https:\/\/www.erresse-shop.it\/?post_type=product&#038;p=465886"},"modified":"2026-02-23T13:06:59","modified_gmt":"2026-02-23T13:06:59","slug":"wd-lifestyle-anthrazitfarbene-teekanne-aus-gusseisen","status":"publish","type":"product","link":"https:\/\/www.erresse-shop.it\/de\/shop\/tisch\/tassen\/teekannen-zuckerdosen-milchkannen\/wd-lifestyle-anthrazitfarbene-teekanne-aus-gusseisen\/","title":{"rendered":"WD LIFESTYLE Anthrazitfarbene Teekanne aus Gusseisen"},"content":{"rendered":"<div>\n<div>\n<div>\n<div>\n<div class=\"relative p-1 rounded-sm flex items-center justify-center bg-token-main-surface-primary text-token-text-primary h-8 w-8\">Die gusseisernen Teekannen mit einem Mit ihrem widerstandsf\u00e4higen und raffinierten Design sind sie eine ausgezeichnete Wahl f\u00fcr alle, die ein Produkt suchen, das \u00c4sthetik und Funktionalit\u00e4t vereint. Dank ihrer Struktur sind diese Teekannen in der Lage, eine perfekte W\u00e4rmeleitung zu gew\u00e4hrleisten und diese mehrere Stunden lang konstant zu halten, f\u00fcr ein ideales Teeerlebnis.<\/div>\n<div class=\"relative p-1 rounded-sm flex items-center justify-center bg-token-main-surface-primary text-token-text-primary h-8 w-8\">F\u00fcr eine optimale Nutzung verwenden Sie Wenn Sie die Teekanne zum Wasserkochen verwenden, empfiehlt es sich, den Filter w\u00e4hrend der Kochphase zu entfernen. Um eine \u00fcberm\u00e4\u00dfige direkte Erhitzung zu vermeiden, empfiehlt es sich au\u00dferdem, einen Flammenverteiler zwischen Teekanne und Gasflamme zu platzieren. Dadurch wird die Teekanne gesch\u00fctzt und die Effizienz des Prozesses verbessert.<\/div>\n<\/div>\n<\/div>\n<\/div>\n<\/div>\n<p>Fassungsverm\u00f6gen: 800 ml<\/p>\n<p><strong>Nicht f\u00fcr Sp\u00fclmaschinen und Mikrowellen geeignet<\/strong><\/p>\n","protected":false},"excerpt":{"rendered":"<p>Die gusseisernen Teekannen mit einem Mit ihrem widerstandsf\u00e4higen und raffinierten Design sind sie eine ausgezeichnete Wahl f\u00fcr alle, die ein<\/p>\n","protected":false},"featured_media":465900,"template":"","meta":{"_acf_changed":false,"inline_featured_image":false},"product_cat":[6844,6787],"product_tag":[23705,24604,11383,13557],"acf":[],"yoast_head":"<!-- This site is optimized with the Yoast SEO Premium plugin v18.6 (Yoast SEO v19.13) - https:\/\/yoast.com\/wordpress\/plugins\/seo\/ -->\n<title>WD LIFESTYLE Anthrazitfarbene Teekanne aus Gusseisen - Erresse Shop<\/title>\n<meta name=\"description\" content=\"Die gusseisernen Teekannen mit einem Mit ihrem widerstandsf\u00e4higen und raffinierten Design sind sie eine ausgezeichnete Wahl f\u00fcr alle, die ein Produkt\" \/>\n<meta name=\"robots\" content=\"index, follow, max-snippet:-1, max-image-preview:large, max-video-preview:-1\" \/>\n<link rel=\"canonical\" href=\"https:\/\/www.erresse-shop.it\/de\/shop\/tisch\/tassen\/teekannen-zuckerdosen-milchkannen\/wd-lifestyle-anthrazitfarbene-teekanne-aus-gusseisen\/\" \/>\n<meta property=\"og:locale\" content=\"de_DE\" \/>\n<meta property=\"og:type\" content=\"article\" \/>\n<meta property=\"og:title\" content=\"WD LIFESTYLE Anthrazitfarbene Teekanne aus Gusseisen\" \/>\n<meta property=\"og:description\" content=\"Die gusseisernen Teekannen mit einem Mit ihrem widerstandsf\u00e4higen und raffinierten Design sind sie eine ausgezeichnete Wahl f\u00fcr alle, die ein Produkt\" \/>\n<meta property=\"og:url\" content=\"https:\/\/www.erresse-shop.it\/de\/shop\/tisch\/tassen\/teekannen-zuckerdosen-milchkannen\/wd-lifestyle-anthrazitfarbene-teekanne-aus-gusseisen\/\" \/>\n<meta property=\"og:site_name\" content=\"Erresse Shop\" \/>\n<meta property=\"article:modified_time\" content=\"2026-02-23T13:06:59+00:00\" \/>\n<meta property=\"og:image\" content=\"https:\/\/www.erresse-shop.it\/wp-content\/uploads\/2025\/02\/WD-LIFESTYLE-Teiera-in-Ghisa-Antracite.jpg\" \/>\n\t<meta property=\"og:image:width\" content=\"1200\" \/>\n\t<meta property=\"og:image:height\" content=\"1200\" \/>\n\t<meta property=\"og:image:type\" content=\"image\/jpeg\" \/>\n<meta name=\"twitter:card\" content=\"summary_large_image\" \/>\n<script type=\"application\/ld+json\" class=\"yoast-schema-graph\">{\"@context\":\"https:\/\/schema.org\",\"@graph\":[{\"@type\":\"WebPage\",\"@id\":\"https:\/\/www.erresse-shop.it\/de\/shop\/tisch\/tassen\/teekannen-zuckerdosen-milchkannen\/wd-lifestyle-anthrazitfarbene-teekanne-aus-gusseisen\/\",\"url\":\"https:\/\/www.erresse-shop.it\/de\/shop\/tisch\/tassen\/teekannen-zuckerdosen-milchkannen\/wd-lifestyle-anthrazitfarbene-teekanne-aus-gusseisen\/\",\"name\":\"WD LIFESTYLE Anthrazitfarbene Teekanne aus Gusseisen - Erresse Shop\",\"isPartOf\":{\"@id\":\"https:\/\/www.erresse-shop.it\/de\/#website\"},\"datePublished\":\"2025-02-04T14:01:23+00:00\",\"dateModified\":\"2026-02-23T13:06:59+00:00\",\"description\":\"Die gusseisernen Teekannen mit einem Mit ihrem widerstandsf\u00e4higen und raffinierten Design sind sie eine ausgezeichnete Wahl f\u00fcr alle, die ein Produkt\",\"breadcrumb\":{\"@id\":\"https:\/\/www.erresse-shop.it\/de\/shop\/tisch\/tassen\/teekannen-zuckerdosen-milchkannen\/wd-lifestyle-anthrazitfarbene-teekanne-aus-gusseisen\/#breadcrumb\"},\"inLanguage\":\"de-DE\",\"potentialAction\":[{\"@type\":\"ReadAction\",\"target\":[\"https:\/\/www.erresse-shop.it\/de\/shop\/tisch\/tassen\/teekannen-zuckerdosen-milchkannen\/wd-lifestyle-anthrazitfarbene-teekanne-aus-gusseisen\/\"]}]},{\"@type\":\"BreadcrumbList\",\"@id\":\"https:\/\/www.erresse-shop.it\/de\/shop\/tisch\/tassen\/teekannen-zuckerdosen-milchkannen\/wd-lifestyle-anthrazitfarbene-teekanne-aus-gusseisen\/#breadcrumb\",\"itemListElement\":[{\"@type\":\"ListItem\",\"position\":1,\"name\":\"Home\",\"item\":\"https:\/\/www.erresse-shop.it\/de\/\"},{\"@type\":\"ListItem\",\"position\":2,\"name\":\"Shop\",\"item\":\"https:\/\/www.erresse-shop.it\/de\/shop\/\"},{\"@type\":\"ListItem\",\"position\":3,\"name\":\"WD LIFESTYLE Anthrazitfarbene Teekanne aus Gusseisen\"}]},{\"@type\":\"WebSite\",\"@id\":\"https:\/\/www.erresse-shop.it\/de\/#website\",\"url\":\"https:\/\/www.erresse-shop.it\/de\/\",\"name\":\"Erresse Shop\",\"description\":\"Articoli di qualit\u00e0 per la casa\",\"potentialAction\":[{\"@type\":\"SearchAction\",\"target\":{\"@type\":\"EntryPoint\",\"urlTemplate\":\"https:\/\/www.erresse-shop.it\/de\/?s={search_term_string}\"},\"query-input\":\"required name=search_term_string\"}],\"inLanguage\":\"de-DE\"}]}<\/script>\n<!-- \/ Yoast SEO Premium plugin. -->","yoast_head_json":{"title":"WD LIFESTYLE Anthrazitfarbene Teekanne aus Gusseisen - Erresse Shop","description":"Die gusseisernen Teekannen mit einem Mit ihrem widerstandsf\u00e4higen und raffinierten Design sind sie eine ausgezeichnete Wahl f\u00fcr alle, die ein Produkt","robots":{"index":"index","follow":"follow","max-snippet":"max-snippet:-1","max-image-preview":"max-image-preview:large","max-video-preview":"max-video-preview:-1"},"canonical":"https:\/\/www.erresse-shop.it\/de\/shop\/tisch\/tassen\/teekannen-zuckerdosen-milchkannen\/wd-lifestyle-anthrazitfarbene-teekanne-aus-gusseisen\/","og_locale":"de_DE","og_type":"article","og_title":"WD LIFESTYLE Anthrazitfarbene Teekanne aus Gusseisen","og_description":"Die gusseisernen Teekannen mit einem Mit ihrem widerstandsf\u00e4higen und raffinierten Design sind sie eine ausgezeichnete Wahl f\u00fcr alle, die ein Produkt","og_url":"https:\/\/www.erresse-shop.it\/de\/shop\/tisch\/tassen\/teekannen-zuckerdosen-milchkannen\/wd-lifestyle-anthrazitfarbene-teekanne-aus-gusseisen\/","og_site_name":"Erresse Shop","article_modified_time":"2026-02-23T13:06:59+00:00","og_image":[{"width":1200,"height":1200,"url":"https:\/\/www.erresse-shop.it\/wp-content\/uploads\/2025\/02\/WD-LIFESTYLE-Teiera-in-Ghisa-Antracite.jpg","type":"image\/jpeg"}],"twitter_card":"summary_large_image","schema":{"@context":"https:\/\/schema.org","@graph":[{"@type":"WebPage","@id":"https:\/\/www.erresse-shop.it\/de\/shop\/tisch\/tassen\/teekannen-zuckerdosen-milchkannen\/wd-lifestyle-anthrazitfarbene-teekanne-aus-gusseisen\/","url":"https:\/\/www.erresse-shop.it\/de\/shop\/tisch\/tassen\/teekannen-zuckerdosen-milchkannen\/wd-lifestyle-anthrazitfarbene-teekanne-aus-gusseisen\/","name":"WD LIFESTYLE Anthrazitfarbene Teekanne aus Gusseisen - Erresse Shop","isPartOf":{"@id":"https:\/\/www.erresse-shop.it\/de\/#website"},"datePublished":"2025-02-04T14:01:23+00:00","dateModified":"2026-02-23T13:06:59+00:00","description":"Die gusseisernen Teekannen mit einem Mit ihrem widerstandsf\u00e4higen und raffinierten Design sind sie eine ausgezeichnete Wahl f\u00fcr alle, die ein Produkt","breadcrumb":{"@id":"https:\/\/www.erresse-shop.it\/de\/shop\/tisch\/tassen\/teekannen-zuckerdosen-milchkannen\/wd-lifestyle-anthrazitfarbene-teekanne-aus-gusseisen\/#breadcrumb"},"inLanguage":"de-DE","potentialAction":[{"@type":"ReadAction","target":["https:\/\/www.erresse-shop.it\/de\/shop\/tisch\/tassen\/teekannen-zuckerdosen-milchkannen\/wd-lifestyle-anthrazitfarbene-teekanne-aus-gusseisen\/"]}]},{"@type":"BreadcrumbList","@id":"https:\/\/www.erresse-shop.it\/de\/shop\/tisch\/tassen\/teekannen-zuckerdosen-milchkannen\/wd-lifestyle-anthrazitfarbene-teekanne-aus-gusseisen\/#breadcrumb","itemListElement":[{"@type":"ListItem","position":1,"name":"Home","item":"https:\/\/www.erresse-shop.it\/de\/"},{"@type":"ListItem","position":2,"name":"Shop","item":"https:\/\/www.erresse-shop.it\/de\/shop\/"},{"@type":"ListItem","position":3,"name":"WD LIFESTYLE Anthrazitfarbene Teekanne aus Gusseisen"}]},{"@type":"WebSite","@id":"https:\/\/www.erresse-shop.it\/de\/#website","url":"https:\/\/www.erresse-shop.it\/de\/","name":"Erresse Shop","description":"Articoli di qualit\u00e0 per la casa","potentialAction":[{"@type":"SearchAction","target":{"@type":"EntryPoint","urlTemplate":"https:\/\/www.erresse-shop.it\/de\/?s={search_term_string}"},"query-input":"required name=search_term_string"}],"inLanguage":"de-DE"}]}},"df_price":23.939999999999998,"df_sale_price":23.939999999999998,"df_regular_price":39.9,"df_image_link":"https:\/\/www.erresse-shop.it\/wp-content\/uploads\/2025\/02\/WD-LIFESTYLE-Teiera-in-Ghisa-Antracite-300x300.jpg","_links":{"self":[{"href":"https:\/\/www.erresse-shop.it\/de\/wp-json\/wp\/v2\/product\/465886"}],"collection":[{"href":"https:\/\/www.erresse-shop.it\/de\/wp-json\/wp\/v2\/product"}],"about":[{"href":"https:\/\/www.erresse-shop.it\/de\/wp-json\/wp\/v2\/types\/product"}],"wp:featuredmedia":[{"embeddable":true,"href":"https:\/\/www.erresse-shop.it\/de\/wp-json\/wp\/v2\/media\/465900"}],"wp:attachment":[{"href":"https:\/\/www.erresse-shop.it\/de\/wp-json\/wp\/v2\/media?parent=465886"}],"wp:term":[{"taxonomy":"product_cat","embeddable":true,"href":"https:\/\/www.erresse-shop.it\/de\/wp-json\/wp\/v2\/product_cat?post=465886"},{"taxonomy":"product_tag","embeddable":true,"href":"https:\/\/www.erresse-shop.it\/de\/wp-json\/wp\/v2\/product_tag?post=465886"}],"curies":[{"name":"wp","href":"https:\/\/api.w.org\/{rel}","templated":true}]}}