{"id":465816,"date":"2025-02-04T11:21:56","date_gmt":"2025-02-04T11:21:57","guid":{"rendered":"https:\/\/www.erresse-shop.it\/?post_type=product&#038;p=465816"},"modified":"2026-02-23T13:22:04","modified_gmt":"2026-02-23T13:22:04","slug":"wd-lifestyle-teekanne-und-4-glaeser-im-set-aus-gusseisen-rot","status":"publish","type":"product","link":"https:\/\/www.erresse-shop.it\/de\/shop\/tisch\/tassen\/teekannen-zuckerdosen-milchkannen\/wd-lifestyle-teekanne-und-4-glaeser-im-set-aus-gusseisen-rot\/","title":{"rendered":"WD LIFESTYLE Teekanne und 4 Gl\u00e4ser im Set aus Gusseisen, Rot"},"content":{"rendered":"<p>Dieses Teeservice aus Gusseisen, bestehend aus einer Teekanne mit Filter und vier Gl\u00e4sern, zeichnet sich durch eine raffinierte Pr\u00e4gestruktur aus, die einen optischen und taktilen Effekt von gro\u00dfer Wirkung erzeugt. Die Robustheit des Gusseisens garantiert eine ausgezeichnete W\u00e4rmespeicherung, ideal f\u00fcr einen perfekten Aufguss. Die ebenfalls aus Gusseisen gefertigten Gl\u00e4ser harmonieren elegant mit der Teekanne, bieten einen angenehmen Griff und ein einmaliges Geschmackserlebnis.<\/p>\n<p>Eine gro\u00dfartige Wahl f\u00fcr alle, die ein Teeservice suchen, das Funktionalit\u00e4t und Stil vereint.<\/p>\n<p>Fassungsverm\u00f6gen: 600 ml<\/p>\n<p><strong>Ebongi te mpo na masini ya kosukola basaani mpe ya micro-ondes<\/strong><\/p>\n","protected":false},"excerpt":{"rendered":"<p>Dieses Teeservice aus Gusseisen, bestehend aus einer Teekanne mit Filter und vier Gl\u00e4sern, zeichnet sich durch eine raffinierte Pr\u00e4gestruktur aus,<\/p>\n","protected":false},"featured_media":465830,"template":"","meta":{"_acf_changed":false,"inline_featured_image":false},"product_cat":[6844,6787],"product_tag":[23705,24604,11383,13557],"acf":[],"yoast_head":"<!-- This site is optimized with the Yoast SEO Premium plugin v18.6 (Yoast SEO v19.13) - https:\/\/yoast.com\/wordpress\/plugins\/seo\/ -->\n<title>WD LIFESTYLE Teekanne und 4 Gl\u00e4ser im Set aus Gusseisen, Rot - Erresse Shop<\/title>\n<meta name=\"description\" content=\"Dieses Teeservice aus Gusseisen, bestehend aus einer Teekanne mit Filter und vier Gl\u00e4sern, zeichnet sich durch eine raffinierte Pr\u00e4gestruktur aus, die\" \/>\n<meta name=\"robots\" content=\"index, follow, max-snippet:-1, max-image-preview:large, max-video-preview:-1\" \/>\n<link rel=\"canonical\" href=\"https:\/\/www.erresse-shop.it\/de\/shop\/tisch\/tassen\/teekannen-zuckerdosen-milchkannen\/wd-lifestyle-teekanne-und-4-glaeser-im-set-aus-gusseisen-rot\/\" \/>\n<meta property=\"og:locale\" content=\"de_DE\" \/>\n<meta property=\"og:type\" content=\"article\" \/>\n<meta property=\"og:title\" content=\"WD LIFESTYLE Teekanne und 4 Gl\u00e4ser im Set aus Gusseisen, Rot\" \/>\n<meta property=\"og:description\" content=\"Dieses Teeservice aus Gusseisen, bestehend aus einer Teekanne mit Filter und vier Gl\u00e4sern, zeichnet sich durch eine raffinierte Pr\u00e4gestruktur aus, die\" \/>\n<meta property=\"og:url\" content=\"https:\/\/www.erresse-shop.it\/de\/shop\/tisch\/tassen\/teekannen-zuckerdosen-milchkannen\/wd-lifestyle-teekanne-und-4-glaeser-im-set-aus-gusseisen-rot\/\" \/>\n<meta property=\"og:site_name\" content=\"Erresse Shop\" \/>\n<meta property=\"article:modified_time\" content=\"2026-02-23T13:22:04+00:00\" \/>\n<meta property=\"og:image\" content=\"https:\/\/www.erresse-shop.it\/wp-content\/uploads\/2025\/02\/WD-LIFESTYLE-Set-Teiera-e-4-Bicchieri-in-Ghisa-Rosso.jpg\" \/>\n\t<meta property=\"og:image:width\" content=\"1200\" \/>\n\t<meta property=\"og:image:height\" content=\"1200\" \/>\n\t<meta property=\"og:image:type\" content=\"image\/jpeg\" \/>\n<meta name=\"twitter:card\" content=\"summary_large_image\" \/>\n<script type=\"application\/ld+json\" class=\"yoast-schema-graph\">{\"@context\":\"https:\/\/schema.org\",\"@graph\":[{\"@type\":\"WebPage\",\"@id\":\"https:\/\/www.erresse-shop.it\/de\/shop\/tisch\/tassen\/teekannen-zuckerdosen-milchkannen\/wd-lifestyle-teekanne-und-4-glaeser-im-set-aus-gusseisen-rot\/\",\"url\":\"https:\/\/www.erresse-shop.it\/de\/shop\/tisch\/tassen\/teekannen-zuckerdosen-milchkannen\/wd-lifestyle-teekanne-und-4-glaeser-im-set-aus-gusseisen-rot\/\",\"name\":\"WD LIFESTYLE Teekanne und 4 Gl\u00e4ser im Set aus Gusseisen, Rot - Erresse Shop\",\"isPartOf\":{\"@id\":\"https:\/\/www.erresse-shop.it\/de\/#website\"},\"datePublished\":\"2025-02-04T11:21:57+00:00\",\"dateModified\":\"2026-02-23T13:22:04+00:00\",\"description\":\"Dieses Teeservice aus Gusseisen, bestehend aus einer Teekanne mit Filter und vier Gl\u00e4sern, zeichnet sich durch eine raffinierte Pr\u00e4gestruktur aus, die\",\"breadcrumb\":{\"@id\":\"https:\/\/www.erresse-shop.it\/de\/shop\/tisch\/tassen\/teekannen-zuckerdosen-milchkannen\/wd-lifestyle-teekanne-und-4-glaeser-im-set-aus-gusseisen-rot\/#breadcrumb\"},\"inLanguage\":\"de-DE\",\"potentialAction\":[{\"@type\":\"ReadAction\",\"target\":[\"https:\/\/www.erresse-shop.it\/de\/shop\/tisch\/tassen\/teekannen-zuckerdosen-milchkannen\/wd-lifestyle-teekanne-und-4-glaeser-im-set-aus-gusseisen-rot\/\"]}]},{\"@type\":\"BreadcrumbList\",\"@id\":\"https:\/\/www.erresse-shop.it\/de\/shop\/tisch\/tassen\/teekannen-zuckerdosen-milchkannen\/wd-lifestyle-teekanne-und-4-glaeser-im-set-aus-gusseisen-rot\/#breadcrumb\",\"itemListElement\":[{\"@type\":\"ListItem\",\"position\":1,\"name\":\"Home\",\"item\":\"https:\/\/www.erresse-shop.it\/de\/\"},{\"@type\":\"ListItem\",\"position\":2,\"name\":\"Shop\",\"item\":\"https:\/\/www.erresse-shop.it\/de\/shop\/\"},{\"@type\":\"ListItem\",\"position\":3,\"name\":\"WD LIFESTYLE Teekanne und 4 Gl\u00e4ser im Set aus Gusseisen, Rot\"}]},{\"@type\":\"WebSite\",\"@id\":\"https:\/\/www.erresse-shop.it\/de\/#website\",\"url\":\"https:\/\/www.erresse-shop.it\/de\/\",\"name\":\"Erresse Shop\",\"description\":\"Articoli di qualit\u00e0 per la casa\",\"potentialAction\":[{\"@type\":\"SearchAction\",\"target\":{\"@type\":\"EntryPoint\",\"urlTemplate\":\"https:\/\/www.erresse-shop.it\/de\/?s={search_term_string}\"},\"query-input\":\"required name=search_term_string\"}],\"inLanguage\":\"de-DE\"}]}<\/script>\n<!-- \/ Yoast SEO Premium plugin. -->","yoast_head_json":{"title":"WD LIFESTYLE Teekanne und 4 Gl\u00e4ser im Set aus Gusseisen, Rot - Erresse Shop","description":"Dieses Teeservice aus Gusseisen, bestehend aus einer Teekanne mit Filter und vier Gl\u00e4sern, zeichnet sich durch eine raffinierte Pr\u00e4gestruktur aus, die","robots":{"index":"index","follow":"follow","max-snippet":"max-snippet:-1","max-image-preview":"max-image-preview:large","max-video-preview":"max-video-preview:-1"},"canonical":"https:\/\/www.erresse-shop.it\/de\/shop\/tisch\/tassen\/teekannen-zuckerdosen-milchkannen\/wd-lifestyle-teekanne-und-4-glaeser-im-set-aus-gusseisen-rot\/","og_locale":"de_DE","og_type":"article","og_title":"WD LIFESTYLE Teekanne und 4 Gl\u00e4ser im Set aus Gusseisen, Rot","og_description":"Dieses Teeservice aus Gusseisen, bestehend aus einer Teekanne mit Filter und vier Gl\u00e4sern, zeichnet sich durch eine raffinierte Pr\u00e4gestruktur aus, die","og_url":"https:\/\/www.erresse-shop.it\/de\/shop\/tisch\/tassen\/teekannen-zuckerdosen-milchkannen\/wd-lifestyle-teekanne-und-4-glaeser-im-set-aus-gusseisen-rot\/","og_site_name":"Erresse Shop","article_modified_time":"2026-02-23T13:22:04+00:00","og_image":[{"width":1200,"height":1200,"url":"https:\/\/www.erresse-shop.it\/wp-content\/uploads\/2025\/02\/WD-LIFESTYLE-Set-Teiera-e-4-Bicchieri-in-Ghisa-Rosso.jpg","type":"image\/jpeg"}],"twitter_card":"summary_large_image","schema":{"@context":"https:\/\/schema.org","@graph":[{"@type":"WebPage","@id":"https:\/\/www.erresse-shop.it\/de\/shop\/tisch\/tassen\/teekannen-zuckerdosen-milchkannen\/wd-lifestyle-teekanne-und-4-glaeser-im-set-aus-gusseisen-rot\/","url":"https:\/\/www.erresse-shop.it\/de\/shop\/tisch\/tassen\/teekannen-zuckerdosen-milchkannen\/wd-lifestyle-teekanne-und-4-glaeser-im-set-aus-gusseisen-rot\/","name":"WD LIFESTYLE Teekanne und 4 Gl\u00e4ser im Set aus Gusseisen, Rot - Erresse Shop","isPartOf":{"@id":"https:\/\/www.erresse-shop.it\/de\/#website"},"datePublished":"2025-02-04T11:21:57+00:00","dateModified":"2026-02-23T13:22:04+00:00","description":"Dieses Teeservice aus Gusseisen, bestehend aus einer Teekanne mit Filter und vier Gl\u00e4sern, zeichnet sich durch eine raffinierte Pr\u00e4gestruktur aus, die","breadcrumb":{"@id":"https:\/\/www.erresse-shop.it\/de\/shop\/tisch\/tassen\/teekannen-zuckerdosen-milchkannen\/wd-lifestyle-teekanne-und-4-glaeser-im-set-aus-gusseisen-rot\/#breadcrumb"},"inLanguage":"de-DE","potentialAction":[{"@type":"ReadAction","target":["https:\/\/www.erresse-shop.it\/de\/shop\/tisch\/tassen\/teekannen-zuckerdosen-milchkannen\/wd-lifestyle-teekanne-und-4-glaeser-im-set-aus-gusseisen-rot\/"]}]},{"@type":"BreadcrumbList","@id":"https:\/\/www.erresse-shop.it\/de\/shop\/tisch\/tassen\/teekannen-zuckerdosen-milchkannen\/wd-lifestyle-teekanne-und-4-glaeser-im-set-aus-gusseisen-rot\/#breadcrumb","itemListElement":[{"@type":"ListItem","position":1,"name":"Home","item":"https:\/\/www.erresse-shop.it\/de\/"},{"@type":"ListItem","position":2,"name":"Shop","item":"https:\/\/www.erresse-shop.it\/de\/shop\/"},{"@type":"ListItem","position":3,"name":"WD LIFESTYLE Teekanne und 4 Gl\u00e4ser im Set aus Gusseisen, Rot"}]},{"@type":"WebSite","@id":"https:\/\/www.erresse-shop.it\/de\/#website","url":"https:\/\/www.erresse-shop.it\/de\/","name":"Erresse Shop","description":"Articoli di qualit\u00e0 per la casa","potentialAction":[{"@type":"SearchAction","target":{"@type":"EntryPoint","urlTemplate":"https:\/\/www.erresse-shop.it\/de\/?s={search_term_string}"},"query-input":"required name=search_term_string"}],"inLanguage":"de-DE"}]}},"df_price":29.4,"df_sale_price":29.4,"df_regular_price":49,"df_image_link":"https:\/\/www.erresse-shop.it\/wp-content\/uploads\/2025\/02\/WD-LIFESTYLE-Set-Teiera-e-4-Bicchieri-in-Ghisa-Rosso-300x300.jpg","_links":{"self":[{"href":"https:\/\/www.erresse-shop.it\/de\/wp-json\/wp\/v2\/product\/465816"}],"collection":[{"href":"https:\/\/www.erresse-shop.it\/de\/wp-json\/wp\/v2\/product"}],"about":[{"href":"https:\/\/www.erresse-shop.it\/de\/wp-json\/wp\/v2\/types\/product"}],"wp:featuredmedia":[{"embeddable":true,"href":"https:\/\/www.erresse-shop.it\/de\/wp-json\/wp\/v2\/media\/465830"}],"wp:attachment":[{"href":"https:\/\/www.erresse-shop.it\/de\/wp-json\/wp\/v2\/media?parent=465816"}],"wp:term":[{"taxonomy":"product_cat","embeddable":true,"href":"https:\/\/www.erresse-shop.it\/de\/wp-json\/wp\/v2\/product_cat?post=465816"},{"taxonomy":"product_tag","embeddable":true,"href":"https:\/\/www.erresse-shop.it\/de\/wp-json\/wp\/v2\/product_tag?post=465816"}],"curies":[{"name":"wp","href":"https:\/\/api.w.org\/{rel}","templated":true}]}}