{"id":465026,"date":"2025-01-30T14:50:40","date_gmt":"2025-01-30T14:50:41","guid":{"rendered":"https:\/\/www.erresse-shop.it\/?post_type=product&#038;p=465026"},"modified":"2025-07-26T10:24:26","modified_gmt":"2025-07-26T10:24:26","slug":"nio-cocktails-postcards-from-venice-copia","status":"publish","type":"product","link":"https:\/\/www.erresse-shop.it\/de\/shop\/tisch\/nio-cocktails-postcards-from-venice-copia\/","title":{"rendered":"NIO COCKTAILS Postcards from Hawaii"},"content":{"rendered":"<p>\u201eAloha und Komo Mai in Honolulu! Ich bin hier im wundersch\u00f6nen Oahu, Hawaii, der Insel, die f\u00fcr ihre kristallklaren Wellen zum Surfen und ihre wei\u00dfen Sandstr\u00e4nde ber\u00fchmt ist.\u201c Auf Patricks Reise zum Pacific Paradise probierte er frische Mango, Ananas und Agave, Zutaten, aus denen viele unserer Cocktails bestehen. Er hat einen tropischen Negroni, einen warmen Mai Tai, eine w\u00fcrzige Mango-Margarita und einen exotischen Signature-Cocktail kreiert, allesamt eine Hommage an dieses \u00fcppige tropische Land voller Kultur und Folklore.<\/p>\n<p><span style=\"font-size: 14pt;\"><strong>Cocktails im Paket:<\/strong><\/span><\/p>\n<p><strong>Waikiki<\/strong>: Ron Santiago De Cuba Carta Blanca \/ Ron Santiago De Cuba Anejo 11 Jahre \/ Monin Orange Cura\u00e7ao \/ Ancho Reyes \/ Mandelsirup 1883 \/ Rohrzuckersirup Toschi \/ Zitronens\u00e4ure \/ 100ml \/ 21,6% VOL<\/p>\n<p><strong>Kahala<\/strong>: Tequila Exotico Blanco \/ Bols Mango \/ Cointreau \/ Ancho Reyes \/ Agavensirup 1883 \/ Zitronens\u00e4ure \/ 100ml \/ 20,6% VOL<\/p>\n<p><strong>Sandy<\/strong>: Tanqueray London Dry Gin \/ Cocchi Storico Wermut \/ Campari Bitter \/ Bols Mango \/ Giffard Caribbean Ananaslik\u00f6r \/ 100ml \/ 20,5% VOL<\/p>\n<p><strong>Lanikai<\/strong>: Ketel One Family Made Vodka \/ Giffard Caribbean Pineapple Liqueur \/ Monin Blue Cura\u00e7ao \/ Toschi Rohrzuckersirup \/ Zitronens\u00e4ure \/ 100ml \/ 23% VOL<\/p>\n<p>&nbsp;<\/p>\n<p><strong>In Italien mit den besten Spirituosen der Welt handgefertigt<\/strong><br \/>\nWir bringen ein Geschmackserlebnis voller Qualit\u00e4t und Emotionen zu Ihnen nach Hause oder wo immer Sie es bevorzugen. Verw\u00f6hnen Sie sich selbst oder schenken Sie einen angenehmen Sinnesmoment: Unsere Cocktails werden nach dem Rezept von Patrick Pistolesi kreiert und in einer Designerverpackung geliefert, die vollst\u00e4ndig recycelbar ist.<\/p>\n","protected":false},"excerpt":{"rendered":"<p>\u201eAloha und Komo Mai in Honolulu! Ich bin hier im wundersch\u00f6nen Oahu, Hawaii, der Insel, die f\u00fcr ihre kristallklaren Wellen<\/p>\n","protected":false},"featured_media":465065,"template":"","meta":{"_acf_changed":false,"inline_featured_image":false},"product_cat":[6787,21705],"product_tag":[21699,21302],"acf":[],"yoast_head":"<!-- This site is optimized with the Yoast SEO Premium plugin v18.6 (Yoast SEO v19.13) - https:\/\/yoast.com\/wordpress\/plugins\/seo\/ -->\n<title>NIO COCKTAILS Postcards from Hawaii - Erresse Shop<\/title>\n<meta name=\"description\" content=\"\u201eAloha und Komo Mai in Honolulu! Ich bin hier im wundersch\u00f6nen Oahu, Hawaii, der Insel, die f\u00fcr ihre kristallklaren Wellen zum Surfen und ihre wei\u00dfen\" \/>\n<meta name=\"robots\" content=\"index, follow, max-snippet:-1, max-image-preview:large, max-video-preview:-1\" \/>\n<link rel=\"canonical\" href=\"https:\/\/www.erresse-shop.it\/de\/shop\/tisch\/nio-cocktails-postcards-from-venice-copia\/\" \/>\n<meta property=\"og:locale\" content=\"de_DE\" \/>\n<meta property=\"og:type\" content=\"article\" \/>\n<meta property=\"og:title\" content=\"NIO COCKTAILS Postcards from Hawaii\" \/>\n<meta property=\"og:description\" content=\"\u201eAloha und Komo Mai in Honolulu! Ich bin hier im wundersch\u00f6nen Oahu, Hawaii, der Insel, die f\u00fcr ihre kristallklaren Wellen zum Surfen und ihre wei\u00dfen\" \/>\n<meta property=\"og:url\" content=\"https:\/\/www.erresse-shop.it\/de\/shop\/tisch\/nio-cocktails-postcards-from-venice-copia\/\" \/>\n<meta property=\"og:site_name\" content=\"Erresse Shop\" \/>\n<meta property=\"article:modified_time\" content=\"2025-07-26T10:24:26+00:00\" \/>\n<meta property=\"og:image\" content=\"https:\/\/www.erresse-shop.it\/wp-content\/uploads\/2025\/01\/NIO-COCKTAILS-Postcards-from-Hawaii.jpg\" \/>\n\t<meta property=\"og:image:width\" content=\"1200\" \/>\n\t<meta property=\"og:image:height\" content=\"1200\" \/>\n\t<meta property=\"og:image:type\" content=\"image\/jpeg\" \/>\n<meta name=\"twitter:card\" content=\"summary_large_image\" \/>\n<script type=\"application\/ld+json\" class=\"yoast-schema-graph\">{\"@context\":\"https:\/\/schema.org\",\"@graph\":[{\"@type\":\"WebPage\",\"@id\":\"https:\/\/www.erresse-shop.it\/de\/shop\/tisch\/nio-cocktails-postcards-from-venice-copia\/\",\"url\":\"https:\/\/www.erresse-shop.it\/de\/shop\/tisch\/nio-cocktails-postcards-from-venice-copia\/\",\"name\":\"NIO COCKTAILS Postcards from Hawaii - Erresse Shop\",\"isPartOf\":{\"@id\":\"https:\/\/www.erresse-shop.it\/de\/#website\"},\"datePublished\":\"2025-01-30T14:50:41+00:00\",\"dateModified\":\"2025-07-26T10:24:26+00:00\",\"description\":\"\u201eAloha und Komo Mai in Honolulu! Ich bin hier im wundersch\u00f6nen Oahu, Hawaii, der Insel, die f\u00fcr ihre kristallklaren Wellen zum Surfen und ihre wei\u00dfen\",\"breadcrumb\":{\"@id\":\"https:\/\/www.erresse-shop.it\/de\/shop\/tisch\/nio-cocktails-postcards-from-venice-copia\/#breadcrumb\"},\"inLanguage\":\"de-DE\",\"potentialAction\":[{\"@type\":\"ReadAction\",\"target\":[\"https:\/\/www.erresse-shop.it\/de\/shop\/tisch\/nio-cocktails-postcards-from-venice-copia\/\"]}]},{\"@type\":\"BreadcrumbList\",\"@id\":\"https:\/\/www.erresse-shop.it\/de\/shop\/tisch\/nio-cocktails-postcards-from-venice-copia\/#breadcrumb\",\"itemListElement\":[{\"@type\":\"ListItem\",\"position\":1,\"name\":\"Home\",\"item\":\"https:\/\/www.erresse-shop.it\/de\/\"},{\"@type\":\"ListItem\",\"position\":2,\"name\":\"Shop\",\"item\":\"https:\/\/www.erresse-shop.it\/de\/shop\/\"},{\"@type\":\"ListItem\",\"position\":3,\"name\":\"NIO COCKTAILS Postcards from Hawaii\"}]},{\"@type\":\"WebSite\",\"@id\":\"https:\/\/www.erresse-shop.it\/de\/#website\",\"url\":\"https:\/\/www.erresse-shop.it\/de\/\",\"name\":\"Erresse Shop\",\"description\":\"Articoli di qualit\u00e0 per la casa\",\"potentialAction\":[{\"@type\":\"SearchAction\",\"target\":{\"@type\":\"EntryPoint\",\"urlTemplate\":\"https:\/\/www.erresse-shop.it\/de\/?s={search_term_string}\"},\"query-input\":\"required name=search_term_string\"}],\"inLanguage\":\"de-DE\"}]}<\/script>\n<!-- \/ Yoast SEO Premium plugin. -->","yoast_head_json":{"title":"NIO COCKTAILS Postcards from Hawaii - Erresse Shop","description":"\u201eAloha und Komo Mai in Honolulu! Ich bin hier im wundersch\u00f6nen Oahu, Hawaii, der Insel, die f\u00fcr ihre kristallklaren Wellen zum Surfen und ihre wei\u00dfen","robots":{"index":"index","follow":"follow","max-snippet":"max-snippet:-1","max-image-preview":"max-image-preview:large","max-video-preview":"max-video-preview:-1"},"canonical":"https:\/\/www.erresse-shop.it\/de\/shop\/tisch\/nio-cocktails-postcards-from-venice-copia\/","og_locale":"de_DE","og_type":"article","og_title":"NIO COCKTAILS Postcards from Hawaii","og_description":"\u201eAloha und Komo Mai in Honolulu! Ich bin hier im wundersch\u00f6nen Oahu, Hawaii, der Insel, die f\u00fcr ihre kristallklaren Wellen zum Surfen und ihre wei\u00dfen","og_url":"https:\/\/www.erresse-shop.it\/de\/shop\/tisch\/nio-cocktails-postcards-from-venice-copia\/","og_site_name":"Erresse Shop","article_modified_time":"2025-07-26T10:24:26+00:00","og_image":[{"width":1200,"height":1200,"url":"https:\/\/www.erresse-shop.it\/wp-content\/uploads\/2025\/01\/NIO-COCKTAILS-Postcards-from-Hawaii.jpg","type":"image\/jpeg"}],"twitter_card":"summary_large_image","schema":{"@context":"https:\/\/schema.org","@graph":[{"@type":"WebPage","@id":"https:\/\/www.erresse-shop.it\/de\/shop\/tisch\/nio-cocktails-postcards-from-venice-copia\/","url":"https:\/\/www.erresse-shop.it\/de\/shop\/tisch\/nio-cocktails-postcards-from-venice-copia\/","name":"NIO COCKTAILS Postcards from Hawaii - Erresse Shop","isPartOf":{"@id":"https:\/\/www.erresse-shop.it\/de\/#website"},"datePublished":"2025-01-30T14:50:41+00:00","dateModified":"2025-07-26T10:24:26+00:00","description":"\u201eAloha und Komo Mai in Honolulu! Ich bin hier im wundersch\u00f6nen Oahu, Hawaii, der Insel, die f\u00fcr ihre kristallklaren Wellen zum Surfen und ihre wei\u00dfen","breadcrumb":{"@id":"https:\/\/www.erresse-shop.it\/de\/shop\/tisch\/nio-cocktails-postcards-from-venice-copia\/#breadcrumb"},"inLanguage":"de-DE","potentialAction":[{"@type":"ReadAction","target":["https:\/\/www.erresse-shop.it\/de\/shop\/tisch\/nio-cocktails-postcards-from-venice-copia\/"]}]},{"@type":"BreadcrumbList","@id":"https:\/\/www.erresse-shop.it\/de\/shop\/tisch\/nio-cocktails-postcards-from-venice-copia\/#breadcrumb","itemListElement":[{"@type":"ListItem","position":1,"name":"Home","item":"https:\/\/www.erresse-shop.it\/de\/"},{"@type":"ListItem","position":2,"name":"Shop","item":"https:\/\/www.erresse-shop.it\/de\/shop\/"},{"@type":"ListItem","position":3,"name":"NIO COCKTAILS Postcards from Hawaii"}]},{"@type":"WebSite","@id":"https:\/\/www.erresse-shop.it\/de\/#website","url":"https:\/\/www.erresse-shop.it\/de\/","name":"Erresse Shop","description":"Articoli di qualit\u00e0 per la casa","potentialAction":[{"@type":"SearchAction","target":{"@type":"EntryPoint","urlTemplate":"https:\/\/www.erresse-shop.it\/de\/?s={search_term_string}"},"query-input":"required name=search_term_string"}],"inLanguage":"de-DE"}]}},"df_price":30,"df_sale_price":30,"df_regular_price":30,"df_image_link":"https:\/\/www.erresse-shop.it\/wp-content\/uploads\/2025\/01\/NIO-COCKTAILS-Postcards-from-Hawaii-300x300.jpg","_links":{"self":[{"href":"https:\/\/www.erresse-shop.it\/de\/wp-json\/wp\/v2\/product\/465026"}],"collection":[{"href":"https:\/\/www.erresse-shop.it\/de\/wp-json\/wp\/v2\/product"}],"about":[{"href":"https:\/\/www.erresse-shop.it\/de\/wp-json\/wp\/v2\/types\/product"}],"wp:featuredmedia":[{"embeddable":true,"href":"https:\/\/www.erresse-shop.it\/de\/wp-json\/wp\/v2\/media\/465065"}],"wp:attachment":[{"href":"https:\/\/www.erresse-shop.it\/de\/wp-json\/wp\/v2\/media?parent=465026"}],"wp:term":[{"taxonomy":"product_cat","embeddable":true,"href":"https:\/\/www.erresse-shop.it\/de\/wp-json\/wp\/v2\/product_cat?post=465026"},{"taxonomy":"product_tag","embeddable":true,"href":"https:\/\/www.erresse-shop.it\/de\/wp-json\/wp\/v2\/product_tag?post=465026"}],"curies":[{"name":"wp","href":"https:\/\/api.w.org\/{rel}","templated":true}]}}