{"id":464927,"date":"2025-01-30T11:39:30","date_gmt":"2025-01-30T11:39:31","guid":{"rendered":"https:\/\/www.erresse-shop.it\/?post_type=product&#038;p=464927"},"modified":"2025-07-26T10:24:25","modified_gmt":"2025-07-26T10:24:25","slug":"seletti-blue-bear-copia","status":"publish","type":"product","link":"https:\/\/www.erresse-shop.it\/de\/shop\/tisch\/seletti-blue-bear-copia\/","title":{"rendered":"NIO COCKTAILS Postcards from Japan"},"content":{"rendered":"<p>NIO Cocktails entf\u00fchrt Sie mit einer speziellen Box mit 4 exklusiven Cocktails in das traditionellste Japan, in dem eine alte Kultur auf die Aromen ihres Landes trifft. Alles bei Ihnen zu Hause. Hier sind f\u00fcr Sie 4 Verkostungspostkarten direkt aus Japan und die Meisterschaft von Patrick Pistolesi, der von den World&#8217;s 50 Best Bars zu den besten Barkeepern der Welt gez\u00e4hlt wird.<\/p>\n<p><span style=\"font-size: 14pt;\"><strong>Cocktails im Paket:<\/strong><\/span><\/p>\n<p><strong>HOKKAIDO GLORY<\/strong><\/p>\n<p>Japanischer Wodka Eiko von der \u00fcppigen Insel Hokkaido.<\/p>\n<p>Ein Rezept \u00e4hnlich einer Bloody Mary, mit einer geheimen Zutat: einem japanischen Tomatenlik\u00f6r, der diesem Cocktail eine aufregende Pers\u00f6nlichkeit und einen tollen Geschmack verleiht. Der Hauptalkohol ist Eiko Vodka: klar, kristallin, von nahezu einzigartiger Reinheit, dessen Klasse eine g\u00f6ttliche Verbindung sowohl mit dem w\u00fcrzigen Lik\u00f6r als auch mit der Zitronens\u00e4ure eingeht.<\/p>\n<p><strong>HOKKAIDO PLEASURE<\/strong><\/p>\n<p>Gin Etsu zum Probieren zu Hause, kommt aus Hokkaido.<\/p>\n<p>Eine japanische Variante eines Mixologie-Klassikers wie dem Gin Sour, neu erfunden rund um einen seltenen gr\u00fcnen Apfellik\u00f6r mit runden und s\u00e4uerlichen Noten. Ein Geschmackserlebnis mit einer starken, duftenden botanischen Basis, die den Gaumen und die Nase trifft und die Sinne in einen duftenden japanischen Garten entf\u00fchrt. Alles mit Gin Etsu, hergestellt nach einem geheimen traditionellen Rezept mit der charakteristischen gelben Note von Yuzu.<\/p>\n<p><strong>OKINAWA PURE BEAUTY<\/strong><\/p>\n<p>Kiyomi White Rum: Zwischen den Str\u00e4nden und Traditionen von Okinawa.<\/p>\n<p>Von der Karibik bis nach Japan, ein orientalischer Daiquiri, gepr\u00e4gt durch Yuzu-Lik\u00f6r. Die Schale dieser Frucht \u00e4hnelt der der f\u00fcr sizilianische Zitrusplantagen typischen Zitrone, ihre aromatischen Noten \u00e4hneln jedoch eher der Frische einer Grapefruit. Der Schl\u00fcsselschnaps ist Kiyomi White Rum, der aus Zuckerrohrsaft hergestellt wird. Um maximale Reinheit zu erreichen, wird Kiyomi einen Monat lang fermentiert und sechs Monate lang in Stahltanks ruhen gelassen.<\/p>\n<p><strong>KURYOSHI HERITAGE<\/strong><\/p>\n<p>Hier ist Tottori Whisky f\u00fcr Sie.<\/p>\n<p>Eine Version eines Whiskey Sour von \u00e4u\u00dferster Raffinesse und Qualit\u00e4t. Die edle Note dieses Cocktails verleiht ein Ingwerlik\u00f6r mit den typischen exotischen T\u00f6nen des Landes der aufgehenden Sonne. Der Hauptbestandteil der Spirituose ist ein Blended Whiskey, der sich gem\u00e4\u00df den besten japanischen Traditionen und Gebr\u00e4uchen meisterhaft in einen sanften Geschmack verwandelt. Durch die Kombination der verschiedenen Malze entsteht ein ausgewogenes, wenig aufdringliches und weiches Unikat.<\/p>\n<p>&nbsp;<\/p>\n<p><em>NIO-Cocktails werden mit den besten Lik\u00f6ren und Spirituosen ohne Zusatz von Konservierungsstoffen, Zusatzstoffen oder chemischen Mitteln zubereitet.<\/em><\/p>\n<p>&nbsp;<\/p>\n","protected":false},"excerpt":{"rendered":"<p>NIO Cocktails entf\u00fchrt Sie mit einer speziellen Box mit 4 exklusiven Cocktails in das traditionellste Japan, in dem eine alte<\/p>\n","protected":false},"featured_media":464966,"template":"","meta":{"_acf_changed":false,"inline_featured_image":false},"product_cat":[6787,21705],"product_tag":[21699,21302],"acf":[],"yoast_head":"<!-- This site is optimized with the Yoast SEO Premium plugin v18.6 (Yoast SEO v19.13) - https:\/\/yoast.com\/wordpress\/plugins\/seo\/ -->\n<title>NIO COCKTAILS Postcards from Japan - Erresse Shop<\/title>\n<meta name=\"description\" content=\"NIO Cocktails entf\u00fchrt Sie mit einer speziellen Box mit 4 exklusiven Cocktails in das traditionellste Japan, in dem eine alte Kultur auf die Aromen ihres\" \/>\n<meta name=\"robots\" content=\"index, follow, max-snippet:-1, max-image-preview:large, max-video-preview:-1\" \/>\n<link rel=\"canonical\" href=\"https:\/\/www.erresse-shop.it\/de\/shop\/tisch\/seletti-blue-bear-copia\/\" \/>\n<meta property=\"og:locale\" content=\"de_DE\" \/>\n<meta property=\"og:type\" content=\"article\" \/>\n<meta property=\"og:title\" content=\"NIO COCKTAILS Postcards from Japan\" \/>\n<meta property=\"og:description\" content=\"NIO Cocktails entf\u00fchrt Sie mit einer speziellen Box mit 4 exklusiven Cocktails in das traditionellste Japan, in dem eine alte Kultur auf die Aromen ihres\" \/>\n<meta property=\"og:url\" content=\"https:\/\/www.erresse-shop.it\/de\/shop\/tisch\/seletti-blue-bear-copia\/\" \/>\n<meta property=\"og:site_name\" content=\"Erresse Shop\" \/>\n<meta property=\"article:modified_time\" content=\"2025-07-26T10:24:25+00:00\" \/>\n<meta property=\"og:image\" content=\"https:\/\/www.erresse-shop.it\/wp-content\/uploads\/2025\/01\/NIO-COCKTAILS-Postcards-from-Japan.jpg\" \/>\n\t<meta property=\"og:image:width\" content=\"1200\" \/>\n\t<meta property=\"og:image:height\" content=\"1200\" \/>\n\t<meta property=\"og:image:type\" content=\"image\/jpeg\" \/>\n<meta name=\"twitter:card\" content=\"summary_large_image\" \/>\n<script type=\"application\/ld+json\" class=\"yoast-schema-graph\">{\"@context\":\"https:\/\/schema.org\",\"@graph\":[{\"@type\":\"WebPage\",\"@id\":\"https:\/\/www.erresse-shop.it\/de\/shop\/tisch\/seletti-blue-bear-copia\/\",\"url\":\"https:\/\/www.erresse-shop.it\/de\/shop\/tisch\/seletti-blue-bear-copia\/\",\"name\":\"NIO COCKTAILS Postcards from Japan - Erresse Shop\",\"isPartOf\":{\"@id\":\"https:\/\/www.erresse-shop.it\/de\/#website\"},\"datePublished\":\"2025-01-30T11:39:31+00:00\",\"dateModified\":\"2025-07-26T10:24:25+00:00\",\"description\":\"NIO Cocktails entf\u00fchrt Sie mit einer speziellen Box mit 4 exklusiven Cocktails in das traditionellste Japan, in dem eine alte Kultur auf die Aromen ihres\",\"breadcrumb\":{\"@id\":\"https:\/\/www.erresse-shop.it\/de\/shop\/tisch\/seletti-blue-bear-copia\/#breadcrumb\"},\"inLanguage\":\"de-DE\",\"potentialAction\":[{\"@type\":\"ReadAction\",\"target\":[\"https:\/\/www.erresse-shop.it\/de\/shop\/tisch\/seletti-blue-bear-copia\/\"]}]},{\"@type\":\"BreadcrumbList\",\"@id\":\"https:\/\/www.erresse-shop.it\/de\/shop\/tisch\/seletti-blue-bear-copia\/#breadcrumb\",\"itemListElement\":[{\"@type\":\"ListItem\",\"position\":1,\"name\":\"Home\",\"item\":\"https:\/\/www.erresse-shop.it\/de\/\"},{\"@type\":\"ListItem\",\"position\":2,\"name\":\"Shop\",\"item\":\"https:\/\/www.erresse-shop.it\/de\/shop\/\"},{\"@type\":\"ListItem\",\"position\":3,\"name\":\"NIO COCKTAILS Postcards from Japan\"}]},{\"@type\":\"WebSite\",\"@id\":\"https:\/\/www.erresse-shop.it\/de\/#website\",\"url\":\"https:\/\/www.erresse-shop.it\/de\/\",\"name\":\"Erresse Shop\",\"description\":\"Articoli di qualit\u00e0 per la casa\",\"potentialAction\":[{\"@type\":\"SearchAction\",\"target\":{\"@type\":\"EntryPoint\",\"urlTemplate\":\"https:\/\/www.erresse-shop.it\/de\/?s={search_term_string}\"},\"query-input\":\"required name=search_term_string\"}],\"inLanguage\":\"de-DE\"}]}<\/script>\n<!-- \/ Yoast SEO Premium plugin. -->","yoast_head_json":{"title":"NIO COCKTAILS Postcards from Japan - Erresse Shop","description":"NIO Cocktails entf\u00fchrt Sie mit einer speziellen Box mit 4 exklusiven Cocktails in das traditionellste Japan, in dem eine alte Kultur auf die Aromen ihres","robots":{"index":"index","follow":"follow","max-snippet":"max-snippet:-1","max-image-preview":"max-image-preview:large","max-video-preview":"max-video-preview:-1"},"canonical":"https:\/\/www.erresse-shop.it\/de\/shop\/tisch\/seletti-blue-bear-copia\/","og_locale":"de_DE","og_type":"article","og_title":"NIO COCKTAILS Postcards from Japan","og_description":"NIO Cocktails entf\u00fchrt Sie mit einer speziellen Box mit 4 exklusiven Cocktails in das traditionellste Japan, in dem eine alte Kultur auf die Aromen ihres","og_url":"https:\/\/www.erresse-shop.it\/de\/shop\/tisch\/seletti-blue-bear-copia\/","og_site_name":"Erresse Shop","article_modified_time":"2025-07-26T10:24:25+00:00","og_image":[{"width":1200,"height":1200,"url":"https:\/\/www.erresse-shop.it\/wp-content\/uploads\/2025\/01\/NIO-COCKTAILS-Postcards-from-Japan.jpg","type":"image\/jpeg"}],"twitter_card":"summary_large_image","schema":{"@context":"https:\/\/schema.org","@graph":[{"@type":"WebPage","@id":"https:\/\/www.erresse-shop.it\/de\/shop\/tisch\/seletti-blue-bear-copia\/","url":"https:\/\/www.erresse-shop.it\/de\/shop\/tisch\/seletti-blue-bear-copia\/","name":"NIO COCKTAILS Postcards from Japan - Erresse Shop","isPartOf":{"@id":"https:\/\/www.erresse-shop.it\/de\/#website"},"datePublished":"2025-01-30T11:39:31+00:00","dateModified":"2025-07-26T10:24:25+00:00","description":"NIO Cocktails entf\u00fchrt Sie mit einer speziellen Box mit 4 exklusiven Cocktails in das traditionellste Japan, in dem eine alte Kultur auf die Aromen ihres","breadcrumb":{"@id":"https:\/\/www.erresse-shop.it\/de\/shop\/tisch\/seletti-blue-bear-copia\/#breadcrumb"},"inLanguage":"de-DE","potentialAction":[{"@type":"ReadAction","target":["https:\/\/www.erresse-shop.it\/de\/shop\/tisch\/seletti-blue-bear-copia\/"]}]},{"@type":"BreadcrumbList","@id":"https:\/\/www.erresse-shop.it\/de\/shop\/tisch\/seletti-blue-bear-copia\/#breadcrumb","itemListElement":[{"@type":"ListItem","position":1,"name":"Home","item":"https:\/\/www.erresse-shop.it\/de\/"},{"@type":"ListItem","position":2,"name":"Shop","item":"https:\/\/www.erresse-shop.it\/de\/shop\/"},{"@type":"ListItem","position":3,"name":"NIO COCKTAILS Postcards from Japan"}]},{"@type":"WebSite","@id":"https:\/\/www.erresse-shop.it\/de\/#website","url":"https:\/\/www.erresse-shop.it\/de\/","name":"Erresse Shop","description":"Articoli di qualit\u00e0 per la casa","potentialAction":[{"@type":"SearchAction","target":{"@type":"EntryPoint","urlTemplate":"https:\/\/www.erresse-shop.it\/de\/?s={search_term_string}"},"query-input":"required name=search_term_string"}],"inLanguage":"de-DE"}]}},"df_price":30,"df_sale_price":30,"df_regular_price":30,"df_image_link":"https:\/\/www.erresse-shop.it\/wp-content\/uploads\/2025\/01\/NIO-COCKTAILS-Postcards-from-Japan-300x300.jpg","_links":{"self":[{"href":"https:\/\/www.erresse-shop.it\/de\/wp-json\/wp\/v2\/product\/464927"}],"collection":[{"href":"https:\/\/www.erresse-shop.it\/de\/wp-json\/wp\/v2\/product"}],"about":[{"href":"https:\/\/www.erresse-shop.it\/de\/wp-json\/wp\/v2\/types\/product"}],"wp:featuredmedia":[{"embeddable":true,"href":"https:\/\/www.erresse-shop.it\/de\/wp-json\/wp\/v2\/media\/464966"}],"wp:attachment":[{"href":"https:\/\/www.erresse-shop.it\/de\/wp-json\/wp\/v2\/media?parent=464927"}],"wp:term":[{"taxonomy":"product_cat","embeddable":true,"href":"https:\/\/www.erresse-shop.it\/de\/wp-json\/wp\/v2\/product_cat?post=464927"},{"taxonomy":"product_tag","embeddable":true,"href":"https:\/\/www.erresse-shop.it\/de\/wp-json\/wp\/v2\/product_tag?post=464927"}],"curies":[{"name":"wp","href":"https:\/\/api.w.org\/{rel}","templated":true}]}}