{"id":464581,"date":"2025-01-30T08:58:09","date_gmt":"2025-01-30T08:58:10","guid":{"rendered":"https:\/\/www.erresse-shop.it\/?post_type=product&#038;p=464581"},"modified":"2026-02-23T13:27:03","modified_gmt":"2026-02-23T13:27:03","slug":"santos-pizzaofen-o-160","status":"publish","type":"product","link":"https:\/\/www.erresse-shop.it\/de\/shop\/kleine-elektrogeraete\/oefen\/santos-pizzaofen-o-160\/","title":{"rendered":"SANTOS Pizzaofen O-160"},"content":{"rendered":"<p>Der neue SANTOS O-160 Pizzaofen in Schwarz ist die ideale Erg\u00e4nzung f\u00fcr Ihre Outdoork\u00fcche. Mit einer Heizleistung von 7,5 kW erreichen Sie die idealen Temperaturen zum Backen knuspriger Pizzen. Der im Lieferumfang enthaltene Pizzastein mit 37 cm Durchmesser reicht f\u00fcr eine gro\u00dfe Pizza, die Sie nach Belieben belegen k\u00f6nnen.<\/p>\n<p>Eine absolute Neuheit des SANTOS Pizzaofens ist der innovative Drehteller. So k\u00f6nnen Sie Ihre Pizza sicher drehen, um eine perfekte 360\u00b0-Br\u00e4unung zu erzielen. Der hitzebest\u00e4ndige Drehknopf mit Kugellager befindet sich unter dem Pizzaofen und l\u00e4sst sich somit auch w\u00e4hrend des Betriebs unfallfrei bedienen.<\/p>\n<p><strong>Technische Daten<\/strong><\/p>\n<p><strong>Material<\/strong>: Stahl<br \/>\n<strong>Abmessungen<\/strong>: (B x H x T) 56,2 x 37 x 70,32 cm<br \/>\n\u00d6ffnungsh\u00f6he 9 cm \/ Breite 50 cm<br \/>\n<strong>Gewicht<\/strong>: 22,3 kg<br \/>\n<strong>Gasregler<\/strong>: 1,5 kg\/Std. 50 mbar<br \/>\n<strong>Gasleitung<\/strong>: 80 cm<br \/>\n<strong>Ma\u00dfe Pizzastein<\/strong>: \u2300 37 x H 1,2 cm<\/p>\n<p><strong>Hinweis: Nicht f\u00fcr den Innenbereich geeignet, nicht f\u00fcr den Betrieb mit Erdgas geeignet<\/strong><\/p>\n<p><span style=\"text-decoration: underline;\"><strong>Nicht zum Verkauf au\u00dferhalb Europas<\/strong><\/span><\/p>\n","protected":false},"excerpt":{"rendered":"<p>Der neue SANTOS O-160 Pizzaofen in Schwarz ist die ideale Erg\u00e4nzung f\u00fcr Ihre Outdoork\u00fcche. Mit einer Heizleistung von 7,5 kW<\/p>\n","protected":false},"featured_media":464912,"template":"","meta":{"_acf_changed":false,"inline_featured_image":false},"product_cat":[6703,15659],"product_tag":[23691,11555,23096,23097],"acf":[],"yoast_head":"<!-- This site is optimized with the Yoast SEO Premium plugin v18.6 (Yoast SEO v19.13) - https:\/\/yoast.com\/wordpress\/plugins\/seo\/ -->\n<title>SANTOS Pizzaofen O-160 - Erresse Shop<\/title>\n<meta name=\"description\" content=\"Der neue SANTOS O-160 Pizzaofen in Schwarz ist die ideale Erg\u00e4nzung f\u00fcr Ihre Outdoork\u00fcche. Mit einer Heizleistung von 7,5 kW erreichen Sie die idealen\" \/>\n<meta name=\"robots\" content=\"index, follow, max-snippet:-1, max-image-preview:large, max-video-preview:-1\" \/>\n<link rel=\"canonical\" href=\"https:\/\/www.erresse-shop.it\/de\/shop\/kleine-elektrogeraete\/oefen\/santos-pizzaofen-o-160\/\" \/>\n<meta property=\"og:locale\" content=\"de_DE\" \/>\n<meta property=\"og:type\" content=\"article\" \/>\n<meta property=\"og:title\" content=\"SANTOS Pizzaofen O-160\" \/>\n<meta property=\"og:description\" content=\"Der neue SANTOS O-160 Pizzaofen in Schwarz ist die ideale Erg\u00e4nzung f\u00fcr Ihre Outdoork\u00fcche. Mit einer Heizleistung von 7,5 kW erreichen Sie die idealen\" \/>\n<meta property=\"og:url\" content=\"https:\/\/www.erresse-shop.it\/de\/shop\/kleine-elektrogeraete\/oefen\/santos-pizzaofen-o-160\/\" \/>\n<meta property=\"og:site_name\" content=\"Erresse Shop\" \/>\n<meta property=\"article:modified_time\" content=\"2026-02-23T13:27:03+00:00\" \/>\n<meta property=\"og:image\" content=\"https:\/\/www.erresse-shop.it\/wp-content\/uploads\/2025\/01\/SANTOS-Forno-per-Pizza-O-160.jpg\" \/>\n\t<meta property=\"og:image:width\" content=\"1200\" \/>\n\t<meta property=\"og:image:height\" content=\"1200\" \/>\n\t<meta property=\"og:image:type\" content=\"image\/jpeg\" \/>\n<meta name=\"twitter:card\" content=\"summary_large_image\" \/>\n<script type=\"application\/ld+json\" class=\"yoast-schema-graph\">{\"@context\":\"https:\/\/schema.org\",\"@graph\":[{\"@type\":\"WebPage\",\"@id\":\"https:\/\/www.erresse-shop.it\/de\/shop\/kleine-elektrogeraete\/oefen\/santos-pizzaofen-o-160\/\",\"url\":\"https:\/\/www.erresse-shop.it\/de\/shop\/kleine-elektrogeraete\/oefen\/santos-pizzaofen-o-160\/\",\"name\":\"SANTOS Pizzaofen O-160 - Erresse Shop\",\"isPartOf\":{\"@id\":\"https:\/\/www.erresse-shop.it\/de\/#website\"},\"datePublished\":\"2025-01-30T08:58:10+00:00\",\"dateModified\":\"2026-02-23T13:27:03+00:00\",\"description\":\"Der neue SANTOS O-160 Pizzaofen in Schwarz ist die ideale Erg\u00e4nzung f\u00fcr Ihre Outdoork\u00fcche. Mit einer Heizleistung von 7,5 kW erreichen Sie die idealen\",\"breadcrumb\":{\"@id\":\"https:\/\/www.erresse-shop.it\/de\/shop\/kleine-elektrogeraete\/oefen\/santos-pizzaofen-o-160\/#breadcrumb\"},\"inLanguage\":\"de-DE\",\"potentialAction\":[{\"@type\":\"ReadAction\",\"target\":[\"https:\/\/www.erresse-shop.it\/de\/shop\/kleine-elektrogeraete\/oefen\/santos-pizzaofen-o-160\/\"]}]},{\"@type\":\"BreadcrumbList\",\"@id\":\"https:\/\/www.erresse-shop.it\/de\/shop\/kleine-elektrogeraete\/oefen\/santos-pizzaofen-o-160\/#breadcrumb\",\"itemListElement\":[{\"@type\":\"ListItem\",\"position\":1,\"name\":\"Home\",\"item\":\"https:\/\/www.erresse-shop.it\/de\/\"},{\"@type\":\"ListItem\",\"position\":2,\"name\":\"Shop\",\"item\":\"https:\/\/www.erresse-shop.it\/de\/shop\/\"},{\"@type\":\"ListItem\",\"position\":3,\"name\":\"SANTOS Pizzaofen O-160\"}]},{\"@type\":\"WebSite\",\"@id\":\"https:\/\/www.erresse-shop.it\/de\/#website\",\"url\":\"https:\/\/www.erresse-shop.it\/de\/\",\"name\":\"Erresse Shop\",\"description\":\"Articoli di qualit\u00e0 per la casa\",\"potentialAction\":[{\"@type\":\"SearchAction\",\"target\":{\"@type\":\"EntryPoint\",\"urlTemplate\":\"https:\/\/www.erresse-shop.it\/de\/?s={search_term_string}\"},\"query-input\":\"required name=search_term_string\"}],\"inLanguage\":\"de-DE\"}]}<\/script>\n<!-- \/ Yoast SEO Premium plugin. -->","yoast_head_json":{"title":"SANTOS Pizzaofen O-160 - Erresse Shop","description":"Der neue SANTOS O-160 Pizzaofen in Schwarz ist die ideale Erg\u00e4nzung f\u00fcr Ihre Outdoork\u00fcche. Mit einer Heizleistung von 7,5 kW erreichen Sie die idealen","robots":{"index":"index","follow":"follow","max-snippet":"max-snippet:-1","max-image-preview":"max-image-preview:large","max-video-preview":"max-video-preview:-1"},"canonical":"https:\/\/www.erresse-shop.it\/de\/shop\/kleine-elektrogeraete\/oefen\/santos-pizzaofen-o-160\/","og_locale":"de_DE","og_type":"article","og_title":"SANTOS Pizzaofen O-160","og_description":"Der neue SANTOS O-160 Pizzaofen in Schwarz ist die ideale Erg\u00e4nzung f\u00fcr Ihre Outdoork\u00fcche. Mit einer Heizleistung von 7,5 kW erreichen Sie die idealen","og_url":"https:\/\/www.erresse-shop.it\/de\/shop\/kleine-elektrogeraete\/oefen\/santos-pizzaofen-o-160\/","og_site_name":"Erresse Shop","article_modified_time":"2026-02-23T13:27:03+00:00","og_image":[{"width":1200,"height":1200,"url":"https:\/\/www.erresse-shop.it\/wp-content\/uploads\/2025\/01\/SANTOS-Forno-per-Pizza-O-160.jpg","type":"image\/jpeg"}],"twitter_card":"summary_large_image","schema":{"@context":"https:\/\/schema.org","@graph":[{"@type":"WebPage","@id":"https:\/\/www.erresse-shop.it\/de\/shop\/kleine-elektrogeraete\/oefen\/santos-pizzaofen-o-160\/","url":"https:\/\/www.erresse-shop.it\/de\/shop\/kleine-elektrogeraete\/oefen\/santos-pizzaofen-o-160\/","name":"SANTOS Pizzaofen O-160 - Erresse Shop","isPartOf":{"@id":"https:\/\/www.erresse-shop.it\/de\/#website"},"datePublished":"2025-01-30T08:58:10+00:00","dateModified":"2026-02-23T13:27:03+00:00","description":"Der neue SANTOS O-160 Pizzaofen in Schwarz ist die ideale Erg\u00e4nzung f\u00fcr Ihre Outdoork\u00fcche. Mit einer Heizleistung von 7,5 kW erreichen Sie die idealen","breadcrumb":{"@id":"https:\/\/www.erresse-shop.it\/de\/shop\/kleine-elektrogeraete\/oefen\/santos-pizzaofen-o-160\/#breadcrumb"},"inLanguage":"de-DE","potentialAction":[{"@type":"ReadAction","target":["https:\/\/www.erresse-shop.it\/de\/shop\/kleine-elektrogeraete\/oefen\/santos-pizzaofen-o-160\/"]}]},{"@type":"BreadcrumbList","@id":"https:\/\/www.erresse-shop.it\/de\/shop\/kleine-elektrogeraete\/oefen\/santos-pizzaofen-o-160\/#breadcrumb","itemListElement":[{"@type":"ListItem","position":1,"name":"Home","item":"https:\/\/www.erresse-shop.it\/de\/"},{"@type":"ListItem","position":2,"name":"Shop","item":"https:\/\/www.erresse-shop.it\/de\/shop\/"},{"@type":"ListItem","position":3,"name":"SANTOS Pizzaofen O-160"}]},{"@type":"WebSite","@id":"https:\/\/www.erresse-shop.it\/de\/#website","url":"https:\/\/www.erresse-shop.it\/de\/","name":"Erresse Shop","description":"Articoli di qualit\u00e0 per la casa","potentialAction":[{"@type":"SearchAction","target":{"@type":"EntryPoint","urlTemplate":"https:\/\/www.erresse-shop.it\/de\/?s={search_term_string}"},"query-input":"required name=search_term_string"}],"inLanguage":"de-DE"}]}},"df_price":287,"df_sale_price":287,"df_regular_price":499,"df_image_link":"https:\/\/www.erresse-shop.it\/wp-content\/uploads\/2025\/01\/SANTOS-Forno-per-Pizza-O-160-300x300.jpg","_links":{"self":[{"href":"https:\/\/www.erresse-shop.it\/de\/wp-json\/wp\/v2\/product\/464581"}],"collection":[{"href":"https:\/\/www.erresse-shop.it\/de\/wp-json\/wp\/v2\/product"}],"about":[{"href":"https:\/\/www.erresse-shop.it\/de\/wp-json\/wp\/v2\/types\/product"}],"wp:featuredmedia":[{"embeddable":true,"href":"https:\/\/www.erresse-shop.it\/de\/wp-json\/wp\/v2\/media\/464912"}],"wp:attachment":[{"href":"https:\/\/www.erresse-shop.it\/de\/wp-json\/wp\/v2\/media?parent=464581"}],"wp:term":[{"taxonomy":"product_cat","embeddable":true,"href":"https:\/\/www.erresse-shop.it\/de\/wp-json\/wp\/v2\/product_cat?post=464581"},{"taxonomy":"product_tag","embeddable":true,"href":"https:\/\/www.erresse-shop.it\/de\/wp-json\/wp\/v2\/product_tag?post=464581"}],"curies":[{"name":"wp","href":"https:\/\/api.w.org\/{rel}","templated":true}]}}