{"id":464538,"date":"2025-01-30T08:15:31","date_gmt":"2025-01-30T08:15:33","guid":{"rendered":"https:\/\/www.erresse-shop.it\/?post_type=product&#038;p=464538"},"modified":"2026-02-23T13:32:32","modified_gmt":"2026-02-23T13:32:32","slug":"santos-pizzaofen-o-120","status":"publish","type":"product","link":"https:\/\/www.erresse-shop.it\/de\/shop\/kleine-elektrogeraete\/oefen\/santos-pizzaofen-o-120\/","title":{"rendered":"SANTOS Pizzaofen O-120"},"content":{"rendered":"<p>Der neue SANTOS O-120 Pizzaofen in Schwarz ist die ideale Erg\u00e4nzung f\u00fcr Ihre Outdoork\u00fcche. Mit einer Heizleistung von 4,4 KW erreichen Sie ideale Temperaturen zum Backen knuspriger Pizzas. Der im Lieferumfang enthaltene Pizzastein mit 30,5 cm Durchmesser reicht f\u00fcr eine Pizza, die Sie nach Belieben belegen k\u00f6nnen.<\/p>\n<p>Eine absolute Neuheit des SANTOS Pizzaofens ist der innovative Drehteller. So k\u00f6nnen Sie Ihre Pizza sicher drehen, um eine perfekte 360\u00b0-Br\u00e4unung zu erzielen. Der hitzebest\u00e4ndige Drehknopf mit Kugellager befindet sich unter dem Pizzaofen und l\u00e4sst sich somit auch w\u00e4hrend des Betriebs unfallfrei bedienen.<\/p>\n<p><strong>Technische Daten<\/strong><\/p>\n<p><strong>Material<\/strong>: Stahl<br \/>\n<strong>Abmessungen<\/strong>: (B x H x T) 35,9 x 34,7 x 64,7 cm<br \/>\n\u00d6ffnungsh\u00f6he 6,5 cm \/ Breite 36 cm<br \/>\n<strong>Gewicht<\/strong>: 11,3 kg<br \/>\n<strong>Gasregler<\/strong>: 1,5 kg\/Std. 50 mbar<br \/>\n<strong>Gasleitung<\/strong>: 80 cm<br \/>\n<strong>Ma\u00dfe Pizzastein<\/strong>: \u2300 30,5 x H 1,2 cm<\/p>\n<p><strong>Hinweis: Nicht f\u00fcr den Innenbereich geeignet, nicht f\u00fcr den Betrieb mit Erdgas geeignet<\/strong><\/p>\n<p><span style=\"text-decoration: underline;\"><strong>Not for sale outside Europe<\/strong><\/span><\/p>\n","protected":false},"excerpt":{"rendered":"<p>Der neue SANTOS O-120 Pizzaofen in Schwarz ist die ideale Erg\u00e4nzung f\u00fcr Ihre Outdoork\u00fcche. Mit einer Heizleistung von 4,4 KW<\/p>\n","protected":false},"featured_media":464877,"template":"","meta":{"_acf_changed":false,"inline_featured_image":false},"product_cat":[6703,15659],"product_tag":[23691,11555,23096,23097],"acf":[],"yoast_head":"<!-- This site is optimized with the Yoast SEO Premium plugin v18.6 (Yoast SEO v19.13) - https:\/\/yoast.com\/wordpress\/plugins\/seo\/ -->\n<title>SANTOS Pizzaofen O-120 - Erresse Shop<\/title>\n<meta name=\"description\" content=\"Der neue SANTOS O-120 Pizzaofen in Schwarz ist die ideale Erg\u00e4nzung f\u00fcr Ihre Outdoork\u00fcche. Mit einer Heizleistung von 4,4 KW erreichen Sie ideale\" \/>\n<meta name=\"robots\" content=\"index, follow, max-snippet:-1, max-image-preview:large, max-video-preview:-1\" \/>\n<link rel=\"canonical\" href=\"https:\/\/www.erresse-shop.it\/de\/shop\/kleine-elektrogeraete\/oefen\/santos-pizzaofen-o-120\/\" \/>\n<meta property=\"og:locale\" content=\"de_DE\" \/>\n<meta property=\"og:type\" content=\"article\" \/>\n<meta property=\"og:title\" content=\"SANTOS Pizzaofen O-120\" \/>\n<meta property=\"og:description\" content=\"Der neue SANTOS O-120 Pizzaofen in Schwarz ist die ideale Erg\u00e4nzung f\u00fcr Ihre Outdoork\u00fcche. Mit einer Heizleistung von 4,4 KW erreichen Sie ideale\" \/>\n<meta property=\"og:url\" content=\"https:\/\/www.erresse-shop.it\/de\/shop\/kleine-elektrogeraete\/oefen\/santos-pizzaofen-o-120\/\" \/>\n<meta property=\"og:site_name\" content=\"Erresse Shop\" \/>\n<meta property=\"article:modified_time\" content=\"2026-02-23T13:32:32+00:00\" \/>\n<meta property=\"og:image\" content=\"https:\/\/www.erresse-shop.it\/wp-content\/uploads\/2025\/01\/SANTOS-Forno-per-Pizza-O-120.jpg\" \/>\n\t<meta property=\"og:image:width\" content=\"1200\" \/>\n\t<meta property=\"og:image:height\" content=\"1200\" \/>\n\t<meta property=\"og:image:type\" content=\"image\/jpeg\" \/>\n<meta name=\"twitter:card\" content=\"summary_large_image\" \/>\n<script type=\"application\/ld+json\" class=\"yoast-schema-graph\">{\"@context\":\"https:\/\/schema.org\",\"@graph\":[{\"@type\":\"WebPage\",\"@id\":\"https:\/\/www.erresse-shop.it\/de\/shop\/kleine-elektrogeraete\/oefen\/santos-pizzaofen-o-120\/\",\"url\":\"https:\/\/www.erresse-shop.it\/de\/shop\/kleine-elektrogeraete\/oefen\/santos-pizzaofen-o-120\/\",\"name\":\"SANTOS Pizzaofen O-120 - Erresse Shop\",\"isPartOf\":{\"@id\":\"https:\/\/www.erresse-shop.it\/de\/#website\"},\"datePublished\":\"2025-01-30T08:15:33+00:00\",\"dateModified\":\"2026-02-23T13:32:32+00:00\",\"description\":\"Der neue SANTOS O-120 Pizzaofen in Schwarz ist die ideale Erg\u00e4nzung f\u00fcr Ihre Outdoork\u00fcche. Mit einer Heizleistung von 4,4 KW erreichen Sie ideale\",\"breadcrumb\":{\"@id\":\"https:\/\/www.erresse-shop.it\/de\/shop\/kleine-elektrogeraete\/oefen\/santos-pizzaofen-o-120\/#breadcrumb\"},\"inLanguage\":\"de-DE\",\"potentialAction\":[{\"@type\":\"ReadAction\",\"target\":[\"https:\/\/www.erresse-shop.it\/de\/shop\/kleine-elektrogeraete\/oefen\/santos-pizzaofen-o-120\/\"]}]},{\"@type\":\"BreadcrumbList\",\"@id\":\"https:\/\/www.erresse-shop.it\/de\/shop\/kleine-elektrogeraete\/oefen\/santos-pizzaofen-o-120\/#breadcrumb\",\"itemListElement\":[{\"@type\":\"ListItem\",\"position\":1,\"name\":\"Home\",\"item\":\"https:\/\/www.erresse-shop.it\/de\/\"},{\"@type\":\"ListItem\",\"position\":2,\"name\":\"Shop\",\"item\":\"https:\/\/www.erresse-shop.it\/de\/shop\/\"},{\"@type\":\"ListItem\",\"position\":3,\"name\":\"SANTOS Pizzaofen O-120\"}]},{\"@type\":\"WebSite\",\"@id\":\"https:\/\/www.erresse-shop.it\/de\/#website\",\"url\":\"https:\/\/www.erresse-shop.it\/de\/\",\"name\":\"Erresse Shop\",\"description\":\"Articoli di qualit\u00e0 per la casa\",\"potentialAction\":[{\"@type\":\"SearchAction\",\"target\":{\"@type\":\"EntryPoint\",\"urlTemplate\":\"https:\/\/www.erresse-shop.it\/de\/?s={search_term_string}\"},\"query-input\":\"required name=search_term_string\"}],\"inLanguage\":\"de-DE\"}]}<\/script>\n<!-- \/ Yoast SEO Premium plugin. -->","yoast_head_json":{"title":"SANTOS Pizzaofen O-120 - Erresse Shop","description":"Der neue SANTOS O-120 Pizzaofen in Schwarz ist die ideale Erg\u00e4nzung f\u00fcr Ihre Outdoork\u00fcche. Mit einer Heizleistung von 4,4 KW erreichen Sie ideale","robots":{"index":"index","follow":"follow","max-snippet":"max-snippet:-1","max-image-preview":"max-image-preview:large","max-video-preview":"max-video-preview:-1"},"canonical":"https:\/\/www.erresse-shop.it\/de\/shop\/kleine-elektrogeraete\/oefen\/santos-pizzaofen-o-120\/","og_locale":"de_DE","og_type":"article","og_title":"SANTOS Pizzaofen O-120","og_description":"Der neue SANTOS O-120 Pizzaofen in Schwarz ist die ideale Erg\u00e4nzung f\u00fcr Ihre Outdoork\u00fcche. Mit einer Heizleistung von 4,4 KW erreichen Sie ideale","og_url":"https:\/\/www.erresse-shop.it\/de\/shop\/kleine-elektrogeraete\/oefen\/santos-pizzaofen-o-120\/","og_site_name":"Erresse Shop","article_modified_time":"2026-02-23T13:32:32+00:00","og_image":[{"width":1200,"height":1200,"url":"https:\/\/www.erresse-shop.it\/wp-content\/uploads\/2025\/01\/SANTOS-Forno-per-Pizza-O-120.jpg","type":"image\/jpeg"}],"twitter_card":"summary_large_image","schema":{"@context":"https:\/\/schema.org","@graph":[{"@type":"WebPage","@id":"https:\/\/www.erresse-shop.it\/de\/shop\/kleine-elektrogeraete\/oefen\/santos-pizzaofen-o-120\/","url":"https:\/\/www.erresse-shop.it\/de\/shop\/kleine-elektrogeraete\/oefen\/santos-pizzaofen-o-120\/","name":"SANTOS Pizzaofen O-120 - Erresse Shop","isPartOf":{"@id":"https:\/\/www.erresse-shop.it\/de\/#website"},"datePublished":"2025-01-30T08:15:33+00:00","dateModified":"2026-02-23T13:32:32+00:00","description":"Der neue SANTOS O-120 Pizzaofen in Schwarz ist die ideale Erg\u00e4nzung f\u00fcr Ihre Outdoork\u00fcche. Mit einer Heizleistung von 4,4 KW erreichen Sie ideale","breadcrumb":{"@id":"https:\/\/www.erresse-shop.it\/de\/shop\/kleine-elektrogeraete\/oefen\/santos-pizzaofen-o-120\/#breadcrumb"},"inLanguage":"de-DE","potentialAction":[{"@type":"ReadAction","target":["https:\/\/www.erresse-shop.it\/de\/shop\/kleine-elektrogeraete\/oefen\/santos-pizzaofen-o-120\/"]}]},{"@type":"BreadcrumbList","@id":"https:\/\/www.erresse-shop.it\/de\/shop\/kleine-elektrogeraete\/oefen\/santos-pizzaofen-o-120\/#breadcrumb","itemListElement":[{"@type":"ListItem","position":1,"name":"Home","item":"https:\/\/www.erresse-shop.it\/de\/"},{"@type":"ListItem","position":2,"name":"Shop","item":"https:\/\/www.erresse-shop.it\/de\/shop\/"},{"@type":"ListItem","position":3,"name":"SANTOS Pizzaofen O-120"}]},{"@type":"WebSite","@id":"https:\/\/www.erresse-shop.it\/de\/#website","url":"https:\/\/www.erresse-shop.it\/de\/","name":"Erresse Shop","description":"Articoli di qualit\u00e0 per la casa","potentialAction":[{"@type":"SearchAction","target":{"@type":"EntryPoint","urlTemplate":"https:\/\/www.erresse-shop.it\/de\/?s={search_term_string}"},"query-input":"required name=search_term_string"}],"inLanguage":"de-DE"}]}},"df_price":199,"df_sale_price":199,"df_regular_price":299,"df_image_link":"https:\/\/www.erresse-shop.it\/wp-content\/uploads\/2025\/01\/SANTOS-Forno-per-Pizza-O-120-300x300.jpg","_links":{"self":[{"href":"https:\/\/www.erresse-shop.it\/de\/wp-json\/wp\/v2\/product\/464538"}],"collection":[{"href":"https:\/\/www.erresse-shop.it\/de\/wp-json\/wp\/v2\/product"}],"about":[{"href":"https:\/\/www.erresse-shop.it\/de\/wp-json\/wp\/v2\/types\/product"}],"wp:featuredmedia":[{"embeddable":true,"href":"https:\/\/www.erresse-shop.it\/de\/wp-json\/wp\/v2\/media\/464877"}],"wp:attachment":[{"href":"https:\/\/www.erresse-shop.it\/de\/wp-json\/wp\/v2\/media?parent=464538"}],"wp:term":[{"taxonomy":"product_cat","embeddable":true,"href":"https:\/\/www.erresse-shop.it\/de\/wp-json\/wp\/v2\/product_cat?post=464538"},{"taxonomy":"product_tag","embeddable":true,"href":"https:\/\/www.erresse-shop.it\/de\/wp-json\/wp\/v2\/product_tag?post=464538"}],"curies":[{"name":"wp","href":"https:\/\/api.w.org\/{rel}","templated":true}]}}