{"id":464394,"date":"2025-01-29T10:51:09","date_gmt":"2025-01-29T10:51:10","guid":{"rendered":"https:\/\/www.erresse-shop.it\/?post_type=product&#038;p=464394"},"modified":"2025-01-29T14:20:11","modified_gmt":"2025-01-29T14:20:11","slug":"staub-runde-cocotte-twister-24-cm-la-mer-copia","status":"publish","type":"product","link":"https:\/\/www.erresse-shop.it\/de\/shop\/tisch\/tassen\/teekannen-zuckerdosen-milchkannen\/staub-runde-cocotte-twister-24-cm-la-mer-copia\/","title":{"rendered":"STAUB Dunkelblaue, runde Teekanne"},"content":{"rendered":"<p>Trotz des technologischen Fortschritts sind traditionelle Methoden oft noch immer die besten. Die Teekanne aus Gusseisen von Staub speichert die W\u00e4rme und h\u00e4lt die Temperatur, ideal f\u00fcr schwarzen, gr\u00fcnen oder Kr\u00e4utertee. Er verf\u00fcgt \u00fcber einen Deckel mit Haken f\u00fcr den Siebeinsatz und einen Stahlgriff, der das Ausgie\u00dfen erleichtert. Die dunkelblaue Farbe passt sowohl zu modernen als auch zu rustikalen K\u00fcchen. Es verf\u00fcgt \u00fcber ein Fassungsverm\u00f6gen von 1,15 l und ist f\u00fcr alle Herdarten geeignet, einschlie\u00dflich Induktion. Elegant und funktional ist es eine besondere Erg\u00e4nzung der Staub-Kollektion.<\/p>\n<ul>\n<li>Geeignet zum Aufkochen von Wasser und Aufgie\u00dfen von Tee<\/li>\n<li>Tee bleibt lange hei\u00df<\/li>\n<li>Das Tee-Ei wird unter dem Knopf eingehakt<\/li>\n<li>F\u00fcr alle Herdarten geeignet, auch Induktion<\/li>\n<li>Es eignet sich auch zum originellen Servieren von Suppen<\/li>\n<\/ul>\n<p><strong>Marke<\/strong>: Staub<br \/>\n<strong>Material<\/strong>: Gusseisen<br \/>\n<strong>Farbe<\/strong>: Dunkelblau<br \/>\n<strong>Ma\u00dfe<\/strong>: cm 16,6, 12, H 18<br \/>\n<strong>Kapazit\u00e4t<\/strong>: 1,15 L<br \/>\n<strong>Gewicht<\/strong>: 2,10 kg<\/p>\n","protected":false},"excerpt":{"rendered":"<p>Trotz des technologischen Fortschritts sind traditionelle Methoden oft noch immer die besten. Die Teekanne aus Gusseisen von Staub speichert die<\/p>\n","protected":false},"featured_media":464427,"template":"","meta":{"_acf_changed":false,"inline_featured_image":false},"product_cat":[6844,6787],"product_tag":[25088,24398,11383,21533,12315,13557],"acf":[],"yoast_head":"<!-- This site is optimized with the Yoast SEO Premium plugin v18.6 (Yoast SEO v19.13) - https:\/\/yoast.com\/wordpress\/plugins\/seo\/ -->\n<title>STAUB Dunkelblaue, runde Teekanne - Erresse Shop<\/title>\n<meta name=\"description\" content=\"Trotz des technologischen Fortschritts sind traditionelle Methoden oft noch immer die besten. Die Teekanne aus Gusseisen von Staub speichert die W\u00e4rme und\" \/>\n<meta name=\"robots\" content=\"index, follow, max-snippet:-1, max-image-preview:large, max-video-preview:-1\" \/>\n<link rel=\"canonical\" href=\"https:\/\/www.erresse-shop.it\/de\/shop\/tisch\/tassen\/teekannen-zuckerdosen-milchkannen\/staub-runde-cocotte-twister-24-cm-la-mer-copia\/\" \/>\n<meta property=\"og:locale\" content=\"de_DE\" \/>\n<meta property=\"og:type\" content=\"article\" \/>\n<meta property=\"og:title\" content=\"STAUB Dunkelblaue, runde Teekanne\" \/>\n<meta property=\"og:description\" content=\"Trotz des technologischen Fortschritts sind traditionelle Methoden oft noch immer die besten. Die Teekanne aus Gusseisen von Staub speichert die W\u00e4rme und\" \/>\n<meta property=\"og:url\" content=\"https:\/\/www.erresse-shop.it\/de\/shop\/tisch\/tassen\/teekannen-zuckerdosen-milchkannen\/staub-runde-cocotte-twister-24-cm-la-mer-copia\/\" \/>\n<meta property=\"og:site_name\" content=\"Erresse Shop\" \/>\n<meta property=\"article:modified_time\" content=\"2025-01-29T14:20:11+00:00\" \/>\n<meta property=\"og:image\" content=\"https:\/\/www.erresse-shop.it\/wp-content\/uploads\/2025\/01\/STAUB-Teiera-Tonda-Blue-Scuro.jpg\" \/>\n\t<meta property=\"og:image:width\" content=\"1200\" \/>\n\t<meta property=\"og:image:height\" content=\"1200\" \/>\n\t<meta property=\"og:image:type\" content=\"image\/jpeg\" \/>\n<meta name=\"twitter:card\" content=\"summary_large_image\" \/>\n<script type=\"application\/ld+json\" class=\"yoast-schema-graph\">{\"@context\":\"https:\/\/schema.org\",\"@graph\":[{\"@type\":\"WebPage\",\"@id\":\"https:\/\/www.erresse-shop.it\/de\/shop\/tisch\/tassen\/teekannen-zuckerdosen-milchkannen\/staub-runde-cocotte-twister-24-cm-la-mer-copia\/\",\"url\":\"https:\/\/www.erresse-shop.it\/de\/shop\/tisch\/tassen\/teekannen-zuckerdosen-milchkannen\/staub-runde-cocotte-twister-24-cm-la-mer-copia\/\",\"name\":\"STAUB Dunkelblaue, runde Teekanne - Erresse Shop\",\"isPartOf\":{\"@id\":\"https:\/\/www.erresse-shop.it\/de\/#website\"},\"datePublished\":\"2025-01-29T10:51:10+00:00\",\"dateModified\":\"2025-01-29T14:20:11+00:00\",\"description\":\"Trotz des technologischen Fortschritts sind traditionelle Methoden oft noch immer die besten. Die Teekanne aus Gusseisen von Staub speichert die W\u00e4rme und\",\"breadcrumb\":{\"@id\":\"https:\/\/www.erresse-shop.it\/de\/shop\/tisch\/tassen\/teekannen-zuckerdosen-milchkannen\/staub-runde-cocotte-twister-24-cm-la-mer-copia\/#breadcrumb\"},\"inLanguage\":\"de-DE\",\"potentialAction\":[{\"@type\":\"ReadAction\",\"target\":[\"https:\/\/www.erresse-shop.it\/de\/shop\/tisch\/tassen\/teekannen-zuckerdosen-milchkannen\/staub-runde-cocotte-twister-24-cm-la-mer-copia\/\"]}]},{\"@type\":\"BreadcrumbList\",\"@id\":\"https:\/\/www.erresse-shop.it\/de\/shop\/tisch\/tassen\/teekannen-zuckerdosen-milchkannen\/staub-runde-cocotte-twister-24-cm-la-mer-copia\/#breadcrumb\",\"itemListElement\":[{\"@type\":\"ListItem\",\"position\":1,\"name\":\"Home\",\"item\":\"https:\/\/www.erresse-shop.it\/de\/\"},{\"@type\":\"ListItem\",\"position\":2,\"name\":\"Shop\",\"item\":\"https:\/\/www.erresse-shop.it\/de\/shop\/\"},{\"@type\":\"ListItem\",\"position\":3,\"name\":\"STAUB Dunkelblaue, runde Teekanne\"}]},{\"@type\":\"WebSite\",\"@id\":\"https:\/\/www.erresse-shop.it\/de\/#website\",\"url\":\"https:\/\/www.erresse-shop.it\/de\/\",\"name\":\"Erresse Shop\",\"description\":\"Articoli di qualit\u00e0 per la casa\",\"potentialAction\":[{\"@type\":\"SearchAction\",\"target\":{\"@type\":\"EntryPoint\",\"urlTemplate\":\"https:\/\/www.erresse-shop.it\/de\/?s={search_term_string}\"},\"query-input\":\"required name=search_term_string\"}],\"inLanguage\":\"de-DE\"}]}<\/script>\n<!-- \/ Yoast SEO Premium plugin. -->","yoast_head_json":{"title":"STAUB Dunkelblaue, runde Teekanne - Erresse Shop","description":"Trotz des technologischen Fortschritts sind traditionelle Methoden oft noch immer die besten. Die Teekanne aus Gusseisen von Staub speichert die W\u00e4rme und","robots":{"index":"index","follow":"follow","max-snippet":"max-snippet:-1","max-image-preview":"max-image-preview:large","max-video-preview":"max-video-preview:-1"},"canonical":"https:\/\/www.erresse-shop.it\/de\/shop\/tisch\/tassen\/teekannen-zuckerdosen-milchkannen\/staub-runde-cocotte-twister-24-cm-la-mer-copia\/","og_locale":"de_DE","og_type":"article","og_title":"STAUB Dunkelblaue, runde Teekanne","og_description":"Trotz des technologischen Fortschritts sind traditionelle Methoden oft noch immer die besten. Die Teekanne aus Gusseisen von Staub speichert die W\u00e4rme und","og_url":"https:\/\/www.erresse-shop.it\/de\/shop\/tisch\/tassen\/teekannen-zuckerdosen-milchkannen\/staub-runde-cocotte-twister-24-cm-la-mer-copia\/","og_site_name":"Erresse Shop","article_modified_time":"2025-01-29T14:20:11+00:00","og_image":[{"width":1200,"height":1200,"url":"https:\/\/www.erresse-shop.it\/wp-content\/uploads\/2025\/01\/STAUB-Teiera-Tonda-Blue-Scuro.jpg","type":"image\/jpeg"}],"twitter_card":"summary_large_image","schema":{"@context":"https:\/\/schema.org","@graph":[{"@type":"WebPage","@id":"https:\/\/www.erresse-shop.it\/de\/shop\/tisch\/tassen\/teekannen-zuckerdosen-milchkannen\/staub-runde-cocotte-twister-24-cm-la-mer-copia\/","url":"https:\/\/www.erresse-shop.it\/de\/shop\/tisch\/tassen\/teekannen-zuckerdosen-milchkannen\/staub-runde-cocotte-twister-24-cm-la-mer-copia\/","name":"STAUB Dunkelblaue, runde Teekanne - Erresse Shop","isPartOf":{"@id":"https:\/\/www.erresse-shop.it\/de\/#website"},"datePublished":"2025-01-29T10:51:10+00:00","dateModified":"2025-01-29T14:20:11+00:00","description":"Trotz des technologischen Fortschritts sind traditionelle Methoden oft noch immer die besten. Die Teekanne aus Gusseisen von Staub speichert die W\u00e4rme und","breadcrumb":{"@id":"https:\/\/www.erresse-shop.it\/de\/shop\/tisch\/tassen\/teekannen-zuckerdosen-milchkannen\/staub-runde-cocotte-twister-24-cm-la-mer-copia\/#breadcrumb"},"inLanguage":"de-DE","potentialAction":[{"@type":"ReadAction","target":["https:\/\/www.erresse-shop.it\/de\/shop\/tisch\/tassen\/teekannen-zuckerdosen-milchkannen\/staub-runde-cocotte-twister-24-cm-la-mer-copia\/"]}]},{"@type":"BreadcrumbList","@id":"https:\/\/www.erresse-shop.it\/de\/shop\/tisch\/tassen\/teekannen-zuckerdosen-milchkannen\/staub-runde-cocotte-twister-24-cm-la-mer-copia\/#breadcrumb","itemListElement":[{"@type":"ListItem","position":1,"name":"Home","item":"https:\/\/www.erresse-shop.it\/de\/"},{"@type":"ListItem","position":2,"name":"Shop","item":"https:\/\/www.erresse-shop.it\/de\/shop\/"},{"@type":"ListItem","position":3,"name":"STAUB Dunkelblaue, runde Teekanne"}]},{"@type":"WebSite","@id":"https:\/\/www.erresse-shop.it\/de\/#website","url":"https:\/\/www.erresse-shop.it\/de\/","name":"Erresse Shop","description":"Articoli di qualit\u00e0 per la casa","potentialAction":[{"@type":"SearchAction","target":{"@type":"EntryPoint","urlTemplate":"https:\/\/www.erresse-shop.it\/de\/?s={search_term_string}"},"query-input":"required name=search_term_string"}],"inLanguage":"de-DE"}]}},"df_price":109.5,"df_sale_price":109.5,"df_regular_price":219,"df_image_link":"https:\/\/www.erresse-shop.it\/wp-content\/uploads\/2025\/01\/STAUB-Teiera-Tonda-Blue-Scuro-300x300.jpg","_links":{"self":[{"href":"https:\/\/www.erresse-shop.it\/de\/wp-json\/wp\/v2\/product\/464394"}],"collection":[{"href":"https:\/\/www.erresse-shop.it\/de\/wp-json\/wp\/v2\/product"}],"about":[{"href":"https:\/\/www.erresse-shop.it\/de\/wp-json\/wp\/v2\/types\/product"}],"wp:featuredmedia":[{"embeddable":true,"href":"https:\/\/www.erresse-shop.it\/de\/wp-json\/wp\/v2\/media\/464427"}],"wp:attachment":[{"href":"https:\/\/www.erresse-shop.it\/de\/wp-json\/wp\/v2\/media?parent=464394"}],"wp:term":[{"taxonomy":"product_cat","embeddable":true,"href":"https:\/\/www.erresse-shop.it\/de\/wp-json\/wp\/v2\/product_cat?post=464394"},{"taxonomy":"product_tag","embeddable":true,"href":"https:\/\/www.erresse-shop.it\/de\/wp-json\/wp\/v2\/product_tag?post=464394"}],"curies":[{"name":"wp","href":"https:\/\/api.w.org\/{rel}","templated":true}]}}