{"id":464343,"date":"2025-01-29T08:20:07","date_gmt":"2025-01-29T08:20:08","guid":{"rendered":"https:\/\/www.erresse-shop.it\/?post_type=product&#038;p=464343"},"modified":"2025-01-29T08:47:55","modified_gmt":"2025-01-29T08:47:55","slug":"g3-ferrari-napoletana-schwarz-copia","status":"publish","type":"product","link":"https:\/\/www.erresse-shop.it\/de\/shop\/kleine-elektrogeraete\/oefen\/g3-ferrari-napoletana-schwarz-copia\/","title":{"rendered":"G3 FERRARI Pizzaofen Pummarola"},"content":{"rendered":"<p>Mit dem Pizzaofen von Pummarola ist die perfekte Pizza zum Greifen nah.<\/p>\n<p>Die Kombination aus hoher Temperatur (bis zu 420\u00b0C) und feuerfestem Stein sorgt f\u00fcr schnelles und gleichm\u00e4\u00dfiges Backen. Mit den beiden separat steuerbaren Heizelementen haben Sie die volle Kontrolle \u00fcber das Backen der Pizza, um immer einen duftenden Boden und eine gut gebackene Pizza: backt eine perfekte neapolitanische Pizza in nur 4 Minuten!<\/p>\n<p>Im Lieferumfang sind neben dem abnehmbaren und wendbaren Schamottstein auch das Rezeptbuch und Backpads aus Edelstahl enthalten.<\/p>\n<p>Pummarola ist ein vollelektrischer Ofen, mit dem Sie zu Hause Pizza genauso gut backen k\u00f6nnen wie in einer Pizzeria. Und auch in puncto Sicherheit bietet er die beste Leistung: Auch bei H\u00f6chsttemperatur bleiben die W\u00e4nde immer kalt.<\/p>\n<p><strong>Technische Daten<\/strong><\/p>\n<ul>\n<li>Einstellbarer Thermostat bis 420\u00b0C<\/li>\n<li>2 separat schaltbare Widerst\u00e4nde<\/li>\n<li>Wendebarer Feuerfeststein (\u00d831cm)<\/li>\n<li>Abnehmbarer Stein zur Pyrolyse und Reinigung<\/li>\n<li>Thermometer und 2 Operationsleuchten<\/li>\n<li>Kalte W\u00e4nde<\/li>\n<li>Oberk\u00f6rper mit Soft-Closing<\/li>\n<li>Reflektorkappe aus Edelstahl<\/li>\n<li>Zubeh\u00f6r: Edelstahlspatel \u00d828cm, Stein, Rezeptbuch<\/li>\n<li>Stromversorgung: Wechselstrom 220\u2013240\u00a0V ~ 50\u201360\u00a0Hz<\/li>\n<li>Leistung: 1200 W<\/li>\n<li>Abmessungen (L x H x T): 33 x 20 x 39 cm<\/li>\n<li>Gewicht: 5,2 kg<\/li>\n<\/ul>\n<p><strong>NICHT ZUM VERKAUF AUSSERHALB EUROPAS<\/strong><\/p>\n","protected":false},"excerpt":{"rendered":"<p>Mit dem Pizzaofen von Pummarola ist die perfekte Pizza zum Greifen nah. Die Kombination aus hoher Temperatur (bis zu 420\u00b0C)<\/p>\n","protected":false},"featured_media":464382,"template":"","meta":{"_acf_changed":false,"inline_featured_image":false},"product_cat":[6703,15659],"product_tag":[23691,12210,22088,12236,23097,23096,14639],"acf":[],"yoast_head":"<!-- This site is optimized with the Yoast SEO Premium plugin v18.6 (Yoast SEO v19.13) - https:\/\/yoast.com\/wordpress\/plugins\/seo\/ -->\n<title>G3 FERRARI Napoletana Schwarz<\/title>\n<meta name=\"description\" content=\"Entdecken Sie G3 FERRARI Napoletana Schwarz bei ErresseShop. Qualit\u00e4t, Stil und Funktionalit\u00e4t \u2013 jetzt online bestellen!\" \/>\n<meta name=\"robots\" content=\"index, follow, max-snippet:-1, max-image-preview:large, max-video-preview:-1\" \/>\n<link rel=\"canonical\" href=\"https:\/\/www.erresse-shop.it\/de\/shop\/kleine-elektrogeraete\/oefen\/g3-ferrari-napoletana-schwarz-copia\/\" \/>\n<meta property=\"og:locale\" content=\"de_DE\" \/>\n<meta property=\"og:type\" content=\"article\" \/>\n<meta property=\"og:title\" content=\"G3 FERRARI Pizzaofen Pummarola\" \/>\n<meta property=\"og:description\" content=\"Entdecken Sie G3 FERRARI Napoletana Schwarz bei ErresseShop. Qualit\u00e4t, Stil und Funktionalit\u00e4t \u2013 jetzt online bestellen!\" \/>\n<meta property=\"og:url\" content=\"https:\/\/www.erresse-shop.it\/de\/shop\/kleine-elektrogeraete\/oefen\/g3-ferrari-napoletana-schwarz-copia\/\" \/>\n<meta property=\"og:site_name\" content=\"Erresse Shop\" \/>\n<meta property=\"article:modified_time\" content=\"2025-01-29T08:47:55+00:00\" \/>\n<meta property=\"og:image\" content=\"https:\/\/www.erresse-shop.it\/wp-content\/uploads\/2025\/01\/G3-FERRARI-Forno-Pizza-Pummarola.jpg\" \/>\n\t<meta property=\"og:image:width\" content=\"1200\" \/>\n\t<meta property=\"og:image:height\" content=\"1200\" \/>\n\t<meta property=\"og:image:type\" content=\"image\/jpeg\" \/>\n<meta name=\"twitter:card\" content=\"summary_large_image\" \/>\n<script type=\"application\/ld+json\" class=\"yoast-schema-graph\">{\"@context\":\"https:\/\/schema.org\",\"@graph\":[{\"@type\":\"WebPage\",\"@id\":\"https:\/\/www.erresse-shop.it\/de\/shop\/kleine-elektrogeraete\/oefen\/g3-ferrari-napoletana-schwarz-copia\/\",\"url\":\"https:\/\/www.erresse-shop.it\/de\/shop\/kleine-elektrogeraete\/oefen\/g3-ferrari-napoletana-schwarz-copia\/\",\"name\":\"G3 FERRARI Napoletana Schwarz\",\"isPartOf\":{\"@id\":\"https:\/\/www.erresse-shop.it\/de\/#website\"},\"datePublished\":\"2025-01-29T08:20:08+00:00\",\"dateModified\":\"2025-01-29T08:47:55+00:00\",\"description\":\"Entdecken Sie G3 FERRARI Napoletana Schwarz bei ErresseShop. Qualit\u00e4t, Stil und Funktionalit\u00e4t \u2013 jetzt online bestellen!\",\"breadcrumb\":{\"@id\":\"https:\/\/www.erresse-shop.it\/de\/shop\/kleine-elektrogeraete\/oefen\/g3-ferrari-napoletana-schwarz-copia\/#breadcrumb\"},\"inLanguage\":\"de-DE\",\"potentialAction\":[{\"@type\":\"ReadAction\",\"target\":[\"https:\/\/www.erresse-shop.it\/de\/shop\/kleine-elektrogeraete\/oefen\/g3-ferrari-napoletana-schwarz-copia\/\"]}]},{\"@type\":\"BreadcrumbList\",\"@id\":\"https:\/\/www.erresse-shop.it\/de\/shop\/kleine-elektrogeraete\/oefen\/g3-ferrari-napoletana-schwarz-copia\/#breadcrumb\",\"itemListElement\":[{\"@type\":\"ListItem\",\"position\":1,\"name\":\"Home\",\"item\":\"https:\/\/www.erresse-shop.it\/de\/\"},{\"@type\":\"ListItem\",\"position\":2,\"name\":\"Shop\",\"item\":\"https:\/\/www.erresse-shop.it\/de\/shop\/\"},{\"@type\":\"ListItem\",\"position\":3,\"name\":\"G3 FERRARI Pizzaofen Pummarola\"}]},{\"@type\":\"WebSite\",\"@id\":\"https:\/\/www.erresse-shop.it\/de\/#website\",\"url\":\"https:\/\/www.erresse-shop.it\/de\/\",\"name\":\"Erresse Shop\",\"description\":\"Articoli di qualit\u00e0 per la casa\",\"potentialAction\":[{\"@type\":\"SearchAction\",\"target\":{\"@type\":\"EntryPoint\",\"urlTemplate\":\"https:\/\/www.erresse-shop.it\/de\/?s={search_term_string}\"},\"query-input\":\"required name=search_term_string\"}],\"inLanguage\":\"de-DE\"}]}<\/script>\n<!-- \/ Yoast SEO Premium plugin. -->","yoast_head_json":{"title":"G3 FERRARI Napoletana Schwarz","description":"Entdecken Sie G3 FERRARI Napoletana Schwarz bei ErresseShop. Qualit\u00e4t, Stil und Funktionalit\u00e4t \u2013 jetzt online bestellen!","robots":{"index":"index","follow":"follow","max-snippet":"max-snippet:-1","max-image-preview":"max-image-preview:large","max-video-preview":"max-video-preview:-1"},"canonical":"https:\/\/www.erresse-shop.it\/de\/shop\/kleine-elektrogeraete\/oefen\/g3-ferrari-napoletana-schwarz-copia\/","og_locale":"de_DE","og_type":"article","og_title":"G3 FERRARI Pizzaofen Pummarola","og_description":"Entdecken Sie G3 FERRARI Napoletana Schwarz bei ErresseShop. Qualit\u00e4t, Stil und Funktionalit\u00e4t \u2013 jetzt online bestellen!","og_url":"https:\/\/www.erresse-shop.it\/de\/shop\/kleine-elektrogeraete\/oefen\/g3-ferrari-napoletana-schwarz-copia\/","og_site_name":"Erresse Shop","article_modified_time":"2025-01-29T08:47:55+00:00","og_image":[{"width":1200,"height":1200,"url":"https:\/\/www.erresse-shop.it\/wp-content\/uploads\/2025\/01\/G3-FERRARI-Forno-Pizza-Pummarola.jpg","type":"image\/jpeg"}],"twitter_card":"summary_large_image","schema":{"@context":"https:\/\/schema.org","@graph":[{"@type":"WebPage","@id":"https:\/\/www.erresse-shop.it\/de\/shop\/kleine-elektrogeraete\/oefen\/g3-ferrari-napoletana-schwarz-copia\/","url":"https:\/\/www.erresse-shop.it\/de\/shop\/kleine-elektrogeraete\/oefen\/g3-ferrari-napoletana-schwarz-copia\/","name":"G3 FERRARI Napoletana Schwarz","isPartOf":{"@id":"https:\/\/www.erresse-shop.it\/de\/#website"},"datePublished":"2025-01-29T08:20:08+00:00","dateModified":"2025-01-29T08:47:55+00:00","description":"Entdecken Sie G3 FERRARI Napoletana Schwarz bei ErresseShop. Qualit\u00e4t, Stil und Funktionalit\u00e4t \u2013 jetzt online bestellen!","breadcrumb":{"@id":"https:\/\/www.erresse-shop.it\/de\/shop\/kleine-elektrogeraete\/oefen\/g3-ferrari-napoletana-schwarz-copia\/#breadcrumb"},"inLanguage":"de-DE","potentialAction":[{"@type":"ReadAction","target":["https:\/\/www.erresse-shop.it\/de\/shop\/kleine-elektrogeraete\/oefen\/g3-ferrari-napoletana-schwarz-copia\/"]}]},{"@type":"BreadcrumbList","@id":"https:\/\/www.erresse-shop.it\/de\/shop\/kleine-elektrogeraete\/oefen\/g3-ferrari-napoletana-schwarz-copia\/#breadcrumb","itemListElement":[{"@type":"ListItem","position":1,"name":"Home","item":"https:\/\/www.erresse-shop.it\/de\/"},{"@type":"ListItem","position":2,"name":"Shop","item":"https:\/\/www.erresse-shop.it\/de\/shop\/"},{"@type":"ListItem","position":3,"name":"G3 FERRARI Pizzaofen Pummarola"}]},{"@type":"WebSite","@id":"https:\/\/www.erresse-shop.it\/de\/#website","url":"https:\/\/www.erresse-shop.it\/de\/","name":"Erresse Shop","description":"Articoli di qualit\u00e0 per la casa","potentialAction":[{"@type":"SearchAction","target":{"@type":"EntryPoint","urlTemplate":"https:\/\/www.erresse-shop.it\/de\/?s={search_term_string}"},"query-input":"required name=search_term_string"}],"inLanguage":"de-DE"}]}},"df_price":129,"df_sale_price":129,"df_regular_price":129,"df_image_link":"https:\/\/www.erresse-shop.it\/wp-content\/uploads\/2025\/01\/G3-FERRARI-Forno-Pizza-Pummarola-300x300.jpg","_links":{"self":[{"href":"https:\/\/www.erresse-shop.it\/de\/wp-json\/wp\/v2\/product\/464343"}],"collection":[{"href":"https:\/\/www.erresse-shop.it\/de\/wp-json\/wp\/v2\/product"}],"about":[{"href":"https:\/\/www.erresse-shop.it\/de\/wp-json\/wp\/v2\/types\/product"}],"wp:featuredmedia":[{"embeddable":true,"href":"https:\/\/www.erresse-shop.it\/de\/wp-json\/wp\/v2\/media\/464382"}],"wp:attachment":[{"href":"https:\/\/www.erresse-shop.it\/de\/wp-json\/wp\/v2\/media?parent=464343"}],"wp:term":[{"taxonomy":"product_cat","embeddable":true,"href":"https:\/\/www.erresse-shop.it\/de\/wp-json\/wp\/v2\/product_cat?post=464343"},{"taxonomy":"product_tag","embeddable":true,"href":"https:\/\/www.erresse-shop.it\/de\/wp-json\/wp\/v2\/product_tag?post=464343"}],"curies":[{"name":"wp","href":"https:\/\/api.w.org\/{rel}","templated":true}]}}