{"id":464288,"date":"2025-01-29T07:46:44","date_gmt":"2025-01-29T07:46:45","guid":{"rendered":"https:\/\/www.erresse-shop.it\/?post_type=product&#038;p=464288"},"modified":"2025-01-29T08:16:38","modified_gmt":"2025-01-29T08:16:38","slug":"g3-ferrari-pizzaofen-pronto-pizza-2-minuti-copia","status":"publish","type":"product","link":"https:\/\/www.erresse-shop.it\/de\/shop\/kleine-elektrogeraete\/oefen\/g3-ferrari-pizzaofen-pronto-pizza-2-minuti-copia\/","title":{"rendered":"G3 FERRARI Pizzaofen Pizza Pro 2 Minuti"},"content":{"rendered":"<h2><strong>Pizzaofen<\/strong><\/h2>\n<p>Mit dem 2-Minuten-Pizzaofen Pizza PRO ist die perfekte Pizza zum Greifen nah.<\/p>\n<p>Die <strong>Kombination aus hoher Temperatur (bis zu 450\u00b0C) und feuerfestem Stein sorgt f\u00fcr schnelles und gleichm\u00e4\u00dfiges Backen<\/strong>, und mit der separaten Temperaturregelung oben und unten haben Sie die volle Kontrolle \u00fcber das Backen der Pizza, um Immer ein duftender Boden und eine gut gebackene Pizza: Backen Sie in nur 2 Minuten eine perfekte neapolitanische Pizza!<\/p>\n<p>Die Digitalanzeige bietet gro\u00dfe Vielseitigkeit: Sie ist mit <strong>6 Programmen<\/strong> ausgestattet, um jede Art von Pizza und vieles mehr zuzubereiten: von neapolitanisch bis d\u00fcnn und knusprig, von Pfannenpizza bis Tiefk\u00fchlpizza, sowie DIY-Rezepten.<\/p>\n<p>Im Lieferumfang sind neben dem herausnehmbaren Schamottstein auch eine gro\u00dfe Aluminiumschaufel zum Backen und das exklusive Rezeptbuch des neapolitanischen Kochs Valerio La Rosa enthalten.<\/p>\n<p>Der Pizza PRO 2-Minuten-Pizzaofen ist komplett elektrisch und erm\u00f6glicht das Backen von Pizzen zu Hause, die so gut sind wie in einer Pizzeria. Er ist auch in puncto Sicherheit der Beste: Er ist mit einem K\u00fchlsystem mit Zwangsbel\u00fcftung und einer T\u00fcr mit 3 Ebenen ausgestattet. Durch das Isolierfenster bleiben die W\u00e4nde auch bei H\u00f6chsttemperatur stets k\u00fchl.<\/p>\n<p><strong>Technische Daten<\/strong><\/p>\n<ul>\n<li>Doppelter Widerstand, oben 1200 W und unten 500 W<\/li>\n<li>Temperatur 80\u00b0 &#8211; 450\u00b0C, Timer 60 Minuten<\/li>\n<li>Digitalanzeige mit 6 Programmen: manuell, neapolitanisch, d\u00fcnn, Pfanne, Pizza rund, gefroren<\/li>\n<li>Differentierte Temperaturregelung oben und unten<\/li>\n<li>Innenleuchte<\/li>\n<li>Kalte W\u00e4nde mit Zwangsbel\u00fcftungs-K\u00fchlsystem<\/li>\n<li>T\u00fcr mit dreifachem Borosilikatglas f\u00fcr maximale Isolierung<\/li>\n<li>Zubeh\u00f6r: Feuerfester Stein 32&#215;32 cm, Aluminiumschaufel \u00d830 cm<\/li>\n<li>Stromversorgung: Wechselstrom 220\u2013240\u00a0V ~ 50\u201360\u00a0Hz<\/li>\n<li>Leistung: 1600\u20131850\u00a0W<\/li>\n<li>Abmessungen (B x H x T): 44 x 28,2 x 47,5 cm<\/li>\n<li>Gewicht: 12,2 kg<\/li>\n<\/ul>\n<p><span style=\"text-decoration: underline;\"><strong>Nicht zum Verkauf au\u00dferhalb Europas<\/strong><\/span><\/p>\n","protected":false},"excerpt":{"rendered":"<p>Pizzaofen Mit dem 2-Minuten-Pizzaofen Pizza PRO ist die perfekte Pizza zum Greifen nah. Die Kombination aus hoher Temperatur (bis zu<\/p>\n","protected":false},"featured_media":464333,"template":"","meta":{"_acf_changed":false,"inline_featured_image":false},"product_cat":[6703,15659],"product_tag":[23691,11555,22113,23096,23097],"acf":[],"yoast_head":"<!-- This site is optimized with the Yoast SEO Premium plugin v18.6 (Yoast SEO v19.13) - https:\/\/yoast.com\/wordpress\/plugins\/seo\/ -->\n<title>G3 FERRARI Pizzaofen Pizza Pro 2 Minuti - Erresse Shop<\/title>\n<meta name=\"description\" content=\"Pizzaofen Mit dem 2-Minuten-Pizzaofen Pizza PRO ist die perfekte Pizza zum Greifen nah. Die Kombination aus hoher Temperatur (bis zu 450\u00b0C) und\" \/>\n<meta name=\"robots\" content=\"index, follow, max-snippet:-1, max-image-preview:large, max-video-preview:-1\" \/>\n<link rel=\"canonical\" href=\"https:\/\/www.erresse-shop.it\/de\/shop\/kleine-elektrogeraete\/oefen\/g3-ferrari-pizzaofen-pronto-pizza-2-minuti-copia\/\" \/>\n<meta property=\"og:locale\" content=\"de_DE\" \/>\n<meta property=\"og:type\" content=\"article\" \/>\n<meta property=\"og:title\" content=\"G3 FERRARI Pizzaofen Pizza Pro 2 Minuti\" \/>\n<meta property=\"og:description\" content=\"Pizzaofen Mit dem 2-Minuten-Pizzaofen Pizza PRO ist die perfekte Pizza zum Greifen nah. Die Kombination aus hoher Temperatur (bis zu 450\u00b0C) und\" \/>\n<meta property=\"og:url\" content=\"https:\/\/www.erresse-shop.it\/de\/shop\/kleine-elektrogeraete\/oefen\/g3-ferrari-pizzaofen-pronto-pizza-2-minuti-copia\/\" \/>\n<meta property=\"og:site_name\" content=\"Erresse Shop\" \/>\n<meta property=\"article:modified_time\" content=\"2025-01-29T08:16:38+00:00\" \/>\n<meta property=\"og:image\" content=\"https:\/\/www.erresse-shop.it\/wp-content\/uploads\/2025\/01\/G3-FERRARI-Forno-Pizza-Pro-2-Minuti.jpg\" \/>\n\t<meta property=\"og:image:width\" content=\"1200\" \/>\n\t<meta property=\"og:image:height\" content=\"1200\" \/>\n\t<meta property=\"og:image:type\" content=\"image\/jpeg\" \/>\n<meta name=\"twitter:card\" content=\"summary_large_image\" \/>\n<script type=\"application\/ld+json\" class=\"yoast-schema-graph\">{\"@context\":\"https:\/\/schema.org\",\"@graph\":[{\"@type\":\"WebPage\",\"@id\":\"https:\/\/www.erresse-shop.it\/de\/shop\/kleine-elektrogeraete\/oefen\/g3-ferrari-pizzaofen-pronto-pizza-2-minuti-copia\/\",\"url\":\"https:\/\/www.erresse-shop.it\/de\/shop\/kleine-elektrogeraete\/oefen\/g3-ferrari-pizzaofen-pronto-pizza-2-minuti-copia\/\",\"name\":\"G3 FERRARI Pizzaofen Pizza Pro 2 Minuti - Erresse Shop\",\"isPartOf\":{\"@id\":\"https:\/\/www.erresse-shop.it\/de\/#website\"},\"datePublished\":\"2025-01-29T07:46:45+00:00\",\"dateModified\":\"2025-01-29T08:16:38+00:00\",\"description\":\"Pizzaofen Mit dem 2-Minuten-Pizzaofen Pizza PRO ist die perfekte Pizza zum Greifen nah. Die Kombination aus hoher Temperatur (bis zu 450\u00b0C) und\",\"breadcrumb\":{\"@id\":\"https:\/\/www.erresse-shop.it\/de\/shop\/kleine-elektrogeraete\/oefen\/g3-ferrari-pizzaofen-pronto-pizza-2-minuti-copia\/#breadcrumb\"},\"inLanguage\":\"de-DE\",\"potentialAction\":[{\"@type\":\"ReadAction\",\"target\":[\"https:\/\/www.erresse-shop.it\/de\/shop\/kleine-elektrogeraete\/oefen\/g3-ferrari-pizzaofen-pronto-pizza-2-minuti-copia\/\"]}]},{\"@type\":\"BreadcrumbList\",\"@id\":\"https:\/\/www.erresse-shop.it\/de\/shop\/kleine-elektrogeraete\/oefen\/g3-ferrari-pizzaofen-pronto-pizza-2-minuti-copia\/#breadcrumb\",\"itemListElement\":[{\"@type\":\"ListItem\",\"position\":1,\"name\":\"Home\",\"item\":\"https:\/\/www.erresse-shop.it\/de\/\"},{\"@type\":\"ListItem\",\"position\":2,\"name\":\"Shop\",\"item\":\"https:\/\/www.erresse-shop.it\/de\/shop\/\"},{\"@type\":\"ListItem\",\"position\":3,\"name\":\"G3 FERRARI Pizzaofen Pizza Pro 2 Minuti\"}]},{\"@type\":\"WebSite\",\"@id\":\"https:\/\/www.erresse-shop.it\/de\/#website\",\"url\":\"https:\/\/www.erresse-shop.it\/de\/\",\"name\":\"Erresse Shop\",\"description\":\"Articoli di qualit\u00e0 per la casa\",\"potentialAction\":[{\"@type\":\"SearchAction\",\"target\":{\"@type\":\"EntryPoint\",\"urlTemplate\":\"https:\/\/www.erresse-shop.it\/de\/?s={search_term_string}\"},\"query-input\":\"required name=search_term_string\"}],\"inLanguage\":\"de-DE\"}]}<\/script>\n<!-- \/ Yoast SEO Premium plugin. -->","yoast_head_json":{"title":"G3 FERRARI Pizzaofen Pizza Pro 2 Minuti - Erresse Shop","description":"Pizzaofen Mit dem 2-Minuten-Pizzaofen Pizza PRO ist die perfekte Pizza zum Greifen nah. Die Kombination aus hoher Temperatur (bis zu 450\u00b0C) und","robots":{"index":"index","follow":"follow","max-snippet":"max-snippet:-1","max-image-preview":"max-image-preview:large","max-video-preview":"max-video-preview:-1"},"canonical":"https:\/\/www.erresse-shop.it\/de\/shop\/kleine-elektrogeraete\/oefen\/g3-ferrari-pizzaofen-pronto-pizza-2-minuti-copia\/","og_locale":"de_DE","og_type":"article","og_title":"G3 FERRARI Pizzaofen Pizza Pro 2 Minuti","og_description":"Pizzaofen Mit dem 2-Minuten-Pizzaofen Pizza PRO ist die perfekte Pizza zum Greifen nah. Die Kombination aus hoher Temperatur (bis zu 450\u00b0C) und","og_url":"https:\/\/www.erresse-shop.it\/de\/shop\/kleine-elektrogeraete\/oefen\/g3-ferrari-pizzaofen-pronto-pizza-2-minuti-copia\/","og_site_name":"Erresse Shop","article_modified_time":"2025-01-29T08:16:38+00:00","og_image":[{"width":1200,"height":1200,"url":"https:\/\/www.erresse-shop.it\/wp-content\/uploads\/2025\/01\/G3-FERRARI-Forno-Pizza-Pro-2-Minuti.jpg","type":"image\/jpeg"}],"twitter_card":"summary_large_image","schema":{"@context":"https:\/\/schema.org","@graph":[{"@type":"WebPage","@id":"https:\/\/www.erresse-shop.it\/de\/shop\/kleine-elektrogeraete\/oefen\/g3-ferrari-pizzaofen-pronto-pizza-2-minuti-copia\/","url":"https:\/\/www.erresse-shop.it\/de\/shop\/kleine-elektrogeraete\/oefen\/g3-ferrari-pizzaofen-pronto-pizza-2-minuti-copia\/","name":"G3 FERRARI Pizzaofen Pizza Pro 2 Minuti - Erresse Shop","isPartOf":{"@id":"https:\/\/www.erresse-shop.it\/de\/#website"},"datePublished":"2025-01-29T07:46:45+00:00","dateModified":"2025-01-29T08:16:38+00:00","description":"Pizzaofen Mit dem 2-Minuten-Pizzaofen Pizza PRO ist die perfekte Pizza zum Greifen nah. Die Kombination aus hoher Temperatur (bis zu 450\u00b0C) und","breadcrumb":{"@id":"https:\/\/www.erresse-shop.it\/de\/shop\/kleine-elektrogeraete\/oefen\/g3-ferrari-pizzaofen-pronto-pizza-2-minuti-copia\/#breadcrumb"},"inLanguage":"de-DE","potentialAction":[{"@type":"ReadAction","target":["https:\/\/www.erresse-shop.it\/de\/shop\/kleine-elektrogeraete\/oefen\/g3-ferrari-pizzaofen-pronto-pizza-2-minuti-copia\/"]}]},{"@type":"BreadcrumbList","@id":"https:\/\/www.erresse-shop.it\/de\/shop\/kleine-elektrogeraete\/oefen\/g3-ferrari-pizzaofen-pronto-pizza-2-minuti-copia\/#breadcrumb","itemListElement":[{"@type":"ListItem","position":1,"name":"Home","item":"https:\/\/www.erresse-shop.it\/de\/"},{"@type":"ListItem","position":2,"name":"Shop","item":"https:\/\/www.erresse-shop.it\/de\/shop\/"},{"@type":"ListItem","position":3,"name":"G3 FERRARI Pizzaofen Pizza Pro 2 Minuti"}]},{"@type":"WebSite","@id":"https:\/\/www.erresse-shop.it\/de\/#website","url":"https:\/\/www.erresse-shop.it\/de\/","name":"Erresse Shop","description":"Articoli di qualit\u00e0 per la casa","potentialAction":[{"@type":"SearchAction","target":{"@type":"EntryPoint","urlTemplate":"https:\/\/www.erresse-shop.it\/de\/?s={search_term_string}"},"query-input":"required name=search_term_string"}],"inLanguage":"de-DE"}]}},"df_price":249,"df_sale_price":249,"df_regular_price":249,"df_image_link":"https:\/\/www.erresse-shop.it\/wp-content\/uploads\/2025\/01\/G3-FERRARI-Forno-Pizza-Pro-2-Minuti-300x300.jpg","_links":{"self":[{"href":"https:\/\/www.erresse-shop.it\/de\/wp-json\/wp\/v2\/product\/464288"}],"collection":[{"href":"https:\/\/www.erresse-shop.it\/de\/wp-json\/wp\/v2\/product"}],"about":[{"href":"https:\/\/www.erresse-shop.it\/de\/wp-json\/wp\/v2\/types\/product"}],"wp:featuredmedia":[{"embeddable":true,"href":"https:\/\/www.erresse-shop.it\/de\/wp-json\/wp\/v2\/media\/464333"}],"wp:attachment":[{"href":"https:\/\/www.erresse-shop.it\/de\/wp-json\/wp\/v2\/media?parent=464288"}],"wp:term":[{"taxonomy":"product_cat","embeddable":true,"href":"https:\/\/www.erresse-shop.it\/de\/wp-json\/wp\/v2\/product_cat?post=464288"},{"taxonomy":"product_tag","embeddable":true,"href":"https:\/\/www.erresse-shop.it\/de\/wp-json\/wp\/v2\/product_tag?post=464288"}],"curies":[{"name":"wp","href":"https:\/\/api.w.org\/{rel}","templated":true}]}}