{"id":464075,"date":"2025-01-28T11:36:38","date_gmt":"2025-01-28T11:36:39","guid":{"rendered":"https:\/\/www.erresse-shop.it\/?post_type=product&#038;p=464075"},"modified":"2025-01-30T07:43:26","modified_gmt":"2025-01-30T07:43:26","slug":"seletti-too-much-sauce-copia","status":"publish","type":"product","link":"https:\/\/www.erresse-shop.it\/de\/shop\/einrichtung-haus\/dekoartikel\/seletti-too-much-sauce-copia\/","title":{"rendered":"SELETTI Blue Bear"},"content":{"rendered":"<p><strong>SELETTI X INBETWEENERS Kunstspielzeug<\/strong><\/p>\n<p>Diese Kultfigur wurde als NFT geboren und hat die digitale Welt \u00fcberschritten und ist zu einem greifbaren Kunstspielzeug geworden, das Kreativit\u00e4t und Innovation verk\u00f6rpert. Egal, ob Sie Sammler oder Designliebhaber sind, der Seletti Blue Bear verleiht jedem Raum eine verspielte und k\u00fcnstlerische Note.<\/p>\n<p>Harzornament<\/p>\n<p><strong>Designer<\/strong>: Gianpiero D&#8217;Alessandro<\/p>\n<p><strong>Material<\/strong>: Harz<\/p>\n<p><strong>Abmessungen<\/strong>: cm 14,5 \u00d7 10 H. 24<\/p>\n","protected":false},"excerpt":{"rendered":"<p>SELETTI X INBETWEENERS Kunstspielzeug Diese Kultfigur wurde als NFT geboren und hat die digitale Welt \u00fcberschritten und ist zu einem<\/p>\n","protected":false},"featured_media":464108,"template":"","meta":{"_acf_changed":false,"inline_featured_image":false},"product_cat":[6817,14442],"product_tag":[12340,11915],"acf":[],"yoast_head":"<!-- This site is optimized with the Yoast SEO Premium plugin v18.6 (Yoast SEO v19.13) - https:\/\/yoast.com\/wordpress\/plugins\/seo\/ -->\n<title>SELETTI Blue Bear - Erresse Shop<\/title>\n<meta name=\"description\" content=\"SELETTI X INBETWEENERS Kunstspielzeug Diese Kultfigur wurde als NFT geboren und hat die digitale Welt \u00fcberschritten und ist zu einem greifbaren\" \/>\n<meta name=\"robots\" content=\"index, follow, max-snippet:-1, max-image-preview:large, max-video-preview:-1\" \/>\n<link rel=\"canonical\" href=\"https:\/\/www.erresse-shop.it\/de\/shop\/einrichtung-haus\/dekoartikel\/seletti-too-much-sauce-copia\/\" \/>\n<meta property=\"og:locale\" content=\"de_DE\" \/>\n<meta property=\"og:type\" content=\"article\" \/>\n<meta property=\"og:title\" content=\"SELETTI Blue Bear\" \/>\n<meta property=\"og:description\" content=\"SELETTI X INBETWEENERS Kunstspielzeug Diese Kultfigur wurde als NFT geboren und hat die digitale Welt \u00fcberschritten und ist zu einem greifbaren\" \/>\n<meta property=\"og:url\" content=\"https:\/\/www.erresse-shop.it\/de\/shop\/einrichtung-haus\/dekoartikel\/seletti-too-much-sauce-copia\/\" \/>\n<meta property=\"og:site_name\" content=\"Erresse Shop\" \/>\n<meta property=\"article:modified_time\" content=\"2025-01-30T07:43:26+00:00\" \/>\n<meta property=\"og:image\" content=\"https:\/\/www.erresse-shop.it\/wp-content\/uploads\/2025\/01\/SELETTI-Blue-Bear.jpg\" \/>\n\t<meta property=\"og:image:width\" content=\"1200\" \/>\n\t<meta property=\"og:image:height\" content=\"1200\" \/>\n\t<meta property=\"og:image:type\" content=\"image\/jpeg\" \/>\n<meta name=\"twitter:card\" content=\"summary_large_image\" \/>\n<script type=\"application\/ld+json\" class=\"yoast-schema-graph\">{\"@context\":\"https:\/\/schema.org\",\"@graph\":[{\"@type\":\"WebPage\",\"@id\":\"https:\/\/www.erresse-shop.it\/de\/shop\/einrichtung-haus\/dekoartikel\/seletti-too-much-sauce-copia\/\",\"url\":\"https:\/\/www.erresse-shop.it\/de\/shop\/einrichtung-haus\/dekoartikel\/seletti-too-much-sauce-copia\/\",\"name\":\"SELETTI Blue Bear - Erresse Shop\",\"isPartOf\":{\"@id\":\"https:\/\/www.erresse-shop.it\/de\/#website\"},\"datePublished\":\"2025-01-28T11:36:39+00:00\",\"dateModified\":\"2025-01-30T07:43:26+00:00\",\"description\":\"SELETTI X INBETWEENERS Kunstspielzeug Diese Kultfigur wurde als NFT geboren und hat die digitale Welt \u00fcberschritten und ist zu einem greifbaren\",\"breadcrumb\":{\"@id\":\"https:\/\/www.erresse-shop.it\/de\/shop\/einrichtung-haus\/dekoartikel\/seletti-too-much-sauce-copia\/#breadcrumb\"},\"inLanguage\":\"de-DE\",\"potentialAction\":[{\"@type\":\"ReadAction\",\"target\":[\"https:\/\/www.erresse-shop.it\/de\/shop\/einrichtung-haus\/dekoartikel\/seletti-too-much-sauce-copia\/\"]}]},{\"@type\":\"BreadcrumbList\",\"@id\":\"https:\/\/www.erresse-shop.it\/de\/shop\/einrichtung-haus\/dekoartikel\/seletti-too-much-sauce-copia\/#breadcrumb\",\"itemListElement\":[{\"@type\":\"ListItem\",\"position\":1,\"name\":\"Home\",\"item\":\"https:\/\/www.erresse-shop.it\/de\/\"},{\"@type\":\"ListItem\",\"position\":2,\"name\":\"Shop\",\"item\":\"https:\/\/www.erresse-shop.it\/de\/shop\/\"},{\"@type\":\"ListItem\",\"position\":3,\"name\":\"SELETTI Blue Bear\"}]},{\"@type\":\"WebSite\",\"@id\":\"https:\/\/www.erresse-shop.it\/de\/#website\",\"url\":\"https:\/\/www.erresse-shop.it\/de\/\",\"name\":\"Erresse Shop\",\"description\":\"Articoli di qualit\u00e0 per la casa\",\"potentialAction\":[{\"@type\":\"SearchAction\",\"target\":{\"@type\":\"EntryPoint\",\"urlTemplate\":\"https:\/\/www.erresse-shop.it\/de\/?s={search_term_string}\"},\"query-input\":\"required name=search_term_string\"}],\"inLanguage\":\"de-DE\"}]}<\/script>\n<!-- \/ Yoast SEO Premium plugin. -->","yoast_head_json":{"title":"SELETTI Blue Bear - Erresse Shop","description":"SELETTI X INBETWEENERS Kunstspielzeug Diese Kultfigur wurde als NFT geboren und hat die digitale Welt \u00fcberschritten und ist zu einem greifbaren","robots":{"index":"index","follow":"follow","max-snippet":"max-snippet:-1","max-image-preview":"max-image-preview:large","max-video-preview":"max-video-preview:-1"},"canonical":"https:\/\/www.erresse-shop.it\/de\/shop\/einrichtung-haus\/dekoartikel\/seletti-too-much-sauce-copia\/","og_locale":"de_DE","og_type":"article","og_title":"SELETTI Blue Bear","og_description":"SELETTI X INBETWEENERS Kunstspielzeug Diese Kultfigur wurde als NFT geboren und hat die digitale Welt \u00fcberschritten und ist zu einem greifbaren","og_url":"https:\/\/www.erresse-shop.it\/de\/shop\/einrichtung-haus\/dekoartikel\/seletti-too-much-sauce-copia\/","og_site_name":"Erresse Shop","article_modified_time":"2025-01-30T07:43:26+00:00","og_image":[{"width":1200,"height":1200,"url":"https:\/\/www.erresse-shop.it\/wp-content\/uploads\/2025\/01\/SELETTI-Blue-Bear.jpg","type":"image\/jpeg"}],"twitter_card":"summary_large_image","schema":{"@context":"https:\/\/schema.org","@graph":[{"@type":"WebPage","@id":"https:\/\/www.erresse-shop.it\/de\/shop\/einrichtung-haus\/dekoartikel\/seletti-too-much-sauce-copia\/","url":"https:\/\/www.erresse-shop.it\/de\/shop\/einrichtung-haus\/dekoartikel\/seletti-too-much-sauce-copia\/","name":"SELETTI Blue Bear - Erresse Shop","isPartOf":{"@id":"https:\/\/www.erresse-shop.it\/de\/#website"},"datePublished":"2025-01-28T11:36:39+00:00","dateModified":"2025-01-30T07:43:26+00:00","description":"SELETTI X INBETWEENERS Kunstspielzeug Diese Kultfigur wurde als NFT geboren und hat die digitale Welt \u00fcberschritten und ist zu einem greifbaren","breadcrumb":{"@id":"https:\/\/www.erresse-shop.it\/de\/shop\/einrichtung-haus\/dekoartikel\/seletti-too-much-sauce-copia\/#breadcrumb"},"inLanguage":"de-DE","potentialAction":[{"@type":"ReadAction","target":["https:\/\/www.erresse-shop.it\/de\/shop\/einrichtung-haus\/dekoartikel\/seletti-too-much-sauce-copia\/"]}]},{"@type":"BreadcrumbList","@id":"https:\/\/www.erresse-shop.it\/de\/shop\/einrichtung-haus\/dekoartikel\/seletti-too-much-sauce-copia\/#breadcrumb","itemListElement":[{"@type":"ListItem","position":1,"name":"Home","item":"https:\/\/www.erresse-shop.it\/de\/"},{"@type":"ListItem","position":2,"name":"Shop","item":"https:\/\/www.erresse-shop.it\/de\/shop\/"},{"@type":"ListItem","position":3,"name":"SELETTI Blue Bear"}]},{"@type":"WebSite","@id":"https:\/\/www.erresse-shop.it\/de\/#website","url":"https:\/\/www.erresse-shop.it\/de\/","name":"Erresse Shop","description":"Articoli di qualit\u00e0 per la casa","potentialAction":[{"@type":"SearchAction","target":{"@type":"EntryPoint","urlTemplate":"https:\/\/www.erresse-shop.it\/de\/?s={search_term_string}"},"query-input":"required name=search_term_string"}],"inLanguage":"de-DE"}]}},"df_price":67.05,"df_sale_price":67.05,"df_regular_price":149,"df_image_link":"https:\/\/www.erresse-shop.it\/wp-content\/uploads\/2025\/01\/SELETTI-Blue-Bear-300x300.jpg","_links":{"self":[{"href":"https:\/\/www.erresse-shop.it\/de\/wp-json\/wp\/v2\/product\/464075"}],"collection":[{"href":"https:\/\/www.erresse-shop.it\/de\/wp-json\/wp\/v2\/product"}],"about":[{"href":"https:\/\/www.erresse-shop.it\/de\/wp-json\/wp\/v2\/types\/product"}],"wp:featuredmedia":[{"embeddable":true,"href":"https:\/\/www.erresse-shop.it\/de\/wp-json\/wp\/v2\/media\/464108"}],"wp:attachment":[{"href":"https:\/\/www.erresse-shop.it\/de\/wp-json\/wp\/v2\/media?parent=464075"}],"wp:term":[{"taxonomy":"product_cat","embeddable":true,"href":"https:\/\/www.erresse-shop.it\/de\/wp-json\/wp\/v2\/product_cat?post=464075"},{"taxonomy":"product_tag","embeddable":true,"href":"https:\/\/www.erresse-shop.it\/de\/wp-json\/wp\/v2\/product_tag?post=464075"}],"curies":[{"name":"wp","href":"https:\/\/api.w.org\/{rel}","templated":true}]}}