{"id":464032,"date":"2025-01-28T11:11:22","date_gmt":"2025-01-28T11:11:23","guid":{"rendered":"https:\/\/www.erresse-shop.it\/?post_type=product&#038;p=464032"},"modified":"2025-01-30T07:58:46","modified_gmt":"2025-01-30T07:58:46","slug":"seletti-love-hurts-you-copia","status":"publish","type":"product","link":"https:\/\/www.erresse-shop.it\/de\/shop\/einrichtung-haus\/dekoartikel\/seletti-love-hurts-you-copia\/","title":{"rendered":"SELETTI Too Much Sauce"},"content":{"rendered":"<p>\u201eToo much sauce\u201c ist ein Kunstspielzeug mit besonderem Geschmack, eine Hommage an die POPIGSTE Sache der Welt: die Pizza Margherita. Es ist auf 1889 St\u00fcck limitiert, dem Jahr, in dem die erste Margherita gebacken wurde, und vereint einige wesentliche Zutaten, um etwas Au\u00dfergew\u00f6hnliches zu kreieren! Es gibt nichts Popul\u00e4reres, Demokratischeres und Globaleres als eine Pizza Margherita \u2026 und viele Tomaten!<\/p>\n<p>Harzornament<\/p>\n<p><strong>Designer<\/strong>: Gianpiero D&#8217;Alessandro<\/p>\n<p><strong>Material<\/strong>: Harz<\/p>\n<p><strong>Abmessungen<\/strong>: cm 15 \u00d7 11,3 H. 22,5 | 5,90 x 4,44 x 8,85 Zoll<\/p>\n","protected":false},"excerpt":{"rendered":"<p>\u201eToo much sauce\u201c ist ein Kunstspielzeug mit besonderem Geschmack, eine Hommage an die POPIGSTE Sache der Welt: die Pizza Margherita.<\/p>\n","protected":false},"featured_media":464067,"template":"","meta":{"_acf_changed":false,"inline_featured_image":false},"product_cat":[6817,14442],"product_tag":[12340,11915],"acf":[],"yoast_head":"<!-- This site is optimized with the Yoast SEO Premium plugin v18.6 (Yoast SEO v19.13) - https:\/\/yoast.com\/wordpress\/plugins\/seo\/ -->\n<title>SELETTI Too Much Sauce - Erresse Shop<\/title>\n<meta name=\"description\" content=\"\u201eToo much sauce\u201c ist ein Kunstspielzeug mit besonderem Geschmack, eine Hommage an die POPIGSTE Sache der Welt: die Pizza Margherita. Es ist auf 1889 St\u00fcck\" \/>\n<meta name=\"robots\" content=\"index, follow, max-snippet:-1, max-image-preview:large, max-video-preview:-1\" \/>\n<link rel=\"canonical\" href=\"https:\/\/www.erresse-shop.it\/de\/shop\/einrichtung-haus\/dekoartikel\/seletti-love-hurts-you-copia\/\" \/>\n<meta property=\"og:locale\" content=\"de_DE\" \/>\n<meta property=\"og:type\" content=\"article\" \/>\n<meta property=\"og:title\" content=\"SELETTI Too Much Sauce\" \/>\n<meta property=\"og:description\" content=\"\u201eToo much sauce\u201c ist ein Kunstspielzeug mit besonderem Geschmack, eine Hommage an die POPIGSTE Sache der Welt: die Pizza Margherita. Es ist auf 1889 St\u00fcck\" \/>\n<meta property=\"og:url\" content=\"https:\/\/www.erresse-shop.it\/de\/shop\/einrichtung-haus\/dekoartikel\/seletti-love-hurts-you-copia\/\" \/>\n<meta property=\"og:site_name\" content=\"Erresse Shop\" \/>\n<meta property=\"article:modified_time\" content=\"2025-01-30T07:58:46+00:00\" \/>\n<meta property=\"og:image\" content=\"https:\/\/www.erresse-shop.it\/wp-content\/uploads\/2025\/01\/SELETTI-Too-Much-Sauce.jpg\" \/>\n\t<meta property=\"og:image:width\" content=\"1200\" \/>\n\t<meta property=\"og:image:height\" content=\"1200\" \/>\n\t<meta property=\"og:image:type\" content=\"image\/jpeg\" \/>\n<meta name=\"twitter:card\" content=\"summary_large_image\" \/>\n<script type=\"application\/ld+json\" class=\"yoast-schema-graph\">{\"@context\":\"https:\/\/schema.org\",\"@graph\":[{\"@type\":\"WebPage\",\"@id\":\"https:\/\/www.erresse-shop.it\/de\/shop\/einrichtung-haus\/dekoartikel\/seletti-love-hurts-you-copia\/\",\"url\":\"https:\/\/www.erresse-shop.it\/de\/shop\/einrichtung-haus\/dekoartikel\/seletti-love-hurts-you-copia\/\",\"name\":\"SELETTI Too Much Sauce - Erresse Shop\",\"isPartOf\":{\"@id\":\"https:\/\/www.erresse-shop.it\/de\/#website\"},\"datePublished\":\"2025-01-28T11:11:23+00:00\",\"dateModified\":\"2025-01-30T07:58:46+00:00\",\"description\":\"\u201eToo much sauce\u201c ist ein Kunstspielzeug mit besonderem Geschmack, eine Hommage an die POPIGSTE Sache der Welt: die Pizza Margherita. Es ist auf 1889 St\u00fcck\",\"breadcrumb\":{\"@id\":\"https:\/\/www.erresse-shop.it\/de\/shop\/einrichtung-haus\/dekoartikel\/seletti-love-hurts-you-copia\/#breadcrumb\"},\"inLanguage\":\"de-DE\",\"potentialAction\":[{\"@type\":\"ReadAction\",\"target\":[\"https:\/\/www.erresse-shop.it\/de\/shop\/einrichtung-haus\/dekoartikel\/seletti-love-hurts-you-copia\/\"]}]},{\"@type\":\"BreadcrumbList\",\"@id\":\"https:\/\/www.erresse-shop.it\/de\/shop\/einrichtung-haus\/dekoartikel\/seletti-love-hurts-you-copia\/#breadcrumb\",\"itemListElement\":[{\"@type\":\"ListItem\",\"position\":1,\"name\":\"Home\",\"item\":\"https:\/\/www.erresse-shop.it\/de\/\"},{\"@type\":\"ListItem\",\"position\":2,\"name\":\"Shop\",\"item\":\"https:\/\/www.erresse-shop.it\/de\/shop\/\"},{\"@type\":\"ListItem\",\"position\":3,\"name\":\"SELETTI Too Much Sauce\"}]},{\"@type\":\"WebSite\",\"@id\":\"https:\/\/www.erresse-shop.it\/de\/#website\",\"url\":\"https:\/\/www.erresse-shop.it\/de\/\",\"name\":\"Erresse Shop\",\"description\":\"Articoli di qualit\u00e0 per la casa\",\"potentialAction\":[{\"@type\":\"SearchAction\",\"target\":{\"@type\":\"EntryPoint\",\"urlTemplate\":\"https:\/\/www.erresse-shop.it\/de\/?s={search_term_string}\"},\"query-input\":\"required name=search_term_string\"}],\"inLanguage\":\"de-DE\"}]}<\/script>\n<!-- \/ Yoast SEO Premium plugin. -->","yoast_head_json":{"title":"SELETTI Too Much Sauce - Erresse Shop","description":"\u201eToo much sauce\u201c ist ein Kunstspielzeug mit besonderem Geschmack, eine Hommage an die POPIGSTE Sache der Welt: die Pizza Margherita. Es ist auf 1889 St\u00fcck","robots":{"index":"index","follow":"follow","max-snippet":"max-snippet:-1","max-image-preview":"max-image-preview:large","max-video-preview":"max-video-preview:-1"},"canonical":"https:\/\/www.erresse-shop.it\/de\/shop\/einrichtung-haus\/dekoartikel\/seletti-love-hurts-you-copia\/","og_locale":"de_DE","og_type":"article","og_title":"SELETTI Too Much Sauce","og_description":"\u201eToo much sauce\u201c ist ein Kunstspielzeug mit besonderem Geschmack, eine Hommage an die POPIGSTE Sache der Welt: die Pizza Margherita. Es ist auf 1889 St\u00fcck","og_url":"https:\/\/www.erresse-shop.it\/de\/shop\/einrichtung-haus\/dekoartikel\/seletti-love-hurts-you-copia\/","og_site_name":"Erresse Shop","article_modified_time":"2025-01-30T07:58:46+00:00","og_image":[{"width":1200,"height":1200,"url":"https:\/\/www.erresse-shop.it\/wp-content\/uploads\/2025\/01\/SELETTI-Too-Much-Sauce.jpg","type":"image\/jpeg"}],"twitter_card":"summary_large_image","schema":{"@context":"https:\/\/schema.org","@graph":[{"@type":"WebPage","@id":"https:\/\/www.erresse-shop.it\/de\/shop\/einrichtung-haus\/dekoartikel\/seletti-love-hurts-you-copia\/","url":"https:\/\/www.erresse-shop.it\/de\/shop\/einrichtung-haus\/dekoartikel\/seletti-love-hurts-you-copia\/","name":"SELETTI Too Much Sauce - Erresse Shop","isPartOf":{"@id":"https:\/\/www.erresse-shop.it\/de\/#website"},"datePublished":"2025-01-28T11:11:23+00:00","dateModified":"2025-01-30T07:58:46+00:00","description":"\u201eToo much sauce\u201c ist ein Kunstspielzeug mit besonderem Geschmack, eine Hommage an die POPIGSTE Sache der Welt: die Pizza Margherita. Es ist auf 1889 St\u00fcck","breadcrumb":{"@id":"https:\/\/www.erresse-shop.it\/de\/shop\/einrichtung-haus\/dekoartikel\/seletti-love-hurts-you-copia\/#breadcrumb"},"inLanguage":"de-DE","potentialAction":[{"@type":"ReadAction","target":["https:\/\/www.erresse-shop.it\/de\/shop\/einrichtung-haus\/dekoartikel\/seletti-love-hurts-you-copia\/"]}]},{"@type":"BreadcrumbList","@id":"https:\/\/www.erresse-shop.it\/de\/shop\/einrichtung-haus\/dekoartikel\/seletti-love-hurts-you-copia\/#breadcrumb","itemListElement":[{"@type":"ListItem","position":1,"name":"Home","item":"https:\/\/www.erresse-shop.it\/de\/"},{"@type":"ListItem","position":2,"name":"Shop","item":"https:\/\/www.erresse-shop.it\/de\/shop\/"},{"@type":"ListItem","position":3,"name":"SELETTI Too Much Sauce"}]},{"@type":"WebSite","@id":"https:\/\/www.erresse-shop.it\/de\/#website","url":"https:\/\/www.erresse-shop.it\/de\/","name":"Erresse Shop","description":"Articoli di qualit\u00e0 per la casa","potentialAction":[{"@type":"SearchAction","target":{"@type":"EntryPoint","urlTemplate":"https:\/\/www.erresse-shop.it\/de\/?s={search_term_string}"},"query-input":"required name=search_term_string"}],"inLanguage":"de-DE"}]}},"df_price":44.550000000000004,"df_sale_price":44.550000000000004,"df_regular_price":99,"df_image_link":"https:\/\/www.erresse-shop.it\/wp-content\/uploads\/2025\/01\/SELETTI-Too-Much-Sauce-300x300.jpg","_links":{"self":[{"href":"https:\/\/www.erresse-shop.it\/de\/wp-json\/wp\/v2\/product\/464032"}],"collection":[{"href":"https:\/\/www.erresse-shop.it\/de\/wp-json\/wp\/v2\/product"}],"about":[{"href":"https:\/\/www.erresse-shop.it\/de\/wp-json\/wp\/v2\/types\/product"}],"wp:featuredmedia":[{"embeddable":true,"href":"https:\/\/www.erresse-shop.it\/de\/wp-json\/wp\/v2\/media\/464067"}],"wp:attachment":[{"href":"https:\/\/www.erresse-shop.it\/de\/wp-json\/wp\/v2\/media?parent=464032"}],"wp:term":[{"taxonomy":"product_cat","embeddable":true,"href":"https:\/\/www.erresse-shop.it\/de\/wp-json\/wp\/v2\/product_cat?post=464032"},{"taxonomy":"product_tag","embeddable":true,"href":"https:\/\/www.erresse-shop.it\/de\/wp-json\/wp\/v2\/product_tag?post=464032"}],"curies":[{"name":"wp","href":"https:\/\/api.w.org\/{rel}","templated":true}]}}