{"id":463785,"date":"2025-01-27T09:29:27","date_gmt":"2025-01-27T09:29:29","guid":{"rendered":"https:\/\/www.erresse-shop.it\/?post_type=product&#038;p=463785"},"modified":"2026-02-24T08:10:17","modified_gmt":"2026-02-24T08:10:17","slug":"mario-luca-giusti-panza-weinkelch-6-stueck-rubino","status":"publish","type":"product","link":"https:\/\/www.erresse-shop.it\/de\/shop\/tisch\/trinkglaeser\/mario-luca-giusti-panza-weinkelch-6-stueck-rubino\/","title":{"rendered":"MARIO LUCA GIUSTI Panza Weinkelch 6 St\u00fcck Rubino"},"content":{"rendered":"<p><strong>Abmessungen<br \/>\n<\/strong>H\u00f6he 16,5 cm<br \/>\nDurchmesser 9 cm<br \/>\nFassungsverm\u00f6gen 200 ml<br \/>\nGewicht 198 gr<\/p>\n<div>\n<div class=\"float-left\"><strong>Anleitung f\u00fcr dieses Produkt<\/strong><\/div>\n<\/div>\n<div id=\"collapseinstructions\" class=\"p-t-30 collapse show\">\n<ul>\n<li>gepr\u00fcft durch T\u00dcV, SGS, Intertek<\/li>\n<li>absolut geschmacks- und geruchsneutral<\/li>\n<li>BPA-frei<\/li>\n<li>Nicht unzerst\u00f6rbar<\/li>\n<li>Best\u00e4ndig von -10\u00b0C bis 50\u00b0C<\/li>\n<li>einfrierbar<\/li>\n<li>Um die Produktlebensdauer zu verl\u00e4ngern, wird Handw\u00e4sche empfohlen<\/li>\n<li>Nicht in der Sp\u00fclmaschine verwenden<\/li>\n<li>nicht f\u00fcr die Mikrowelle<\/li>\n<li>Verwenden Sie nur neutrale Reinigungsmittel und nicht scheuernde Materialien<\/li>\n<\/ul>\n<p>\u2022 <strong>Folgendes <u>kann<\/u>\u00a0das Produkt auf Dauer verf\u00e4rben oder stumpf machen:<\/strong><br \/>\n\u2022 Lassen Sie die Produkte \u00fcber einen l\u00e4ngeren Zeitraum hohen Temperaturen und hoher Luftfeuchtigkeit ausgesetzt<br \/>\n\u2022 Falsche Dosierung des Waschmittels<br \/>\n\u2022 Verwenden Sie einen Reiniger mit Aluminium- oder Metallschutz.<br \/>\n\u2022 Milchprodukte, Kaffee, Kakao, Tee oder Alkohol k\u00f6nnen einen Rand auf dem Glas hinterlassen, wenn sie \u00fcber Nacht stehen bleiben. Waschen Sie das Glas sofort nach Gebrauch mit warmem Seifenwasser, waschen Sie es per Hand oder verwenden Sie unser Reinigungsmittel. Regelm\u00e4\u00dfig abstauben.<\/p>\n<\/div>\n","protected":false},"excerpt":{"rendered":"<p>Abmessungen H\u00f6he 16,5 cm Durchmesser 9 cm Fassungsverm\u00f6gen 200 ml Gewicht 198 gr Anleitung f\u00fcr dieses Produkt gepr\u00fcft durch T\u00dcV,<\/p>\n","protected":false},"featured_media":463799,"template":"","meta":{"_acf_changed":false,"inline_featured_image":false},"product_cat":[6787,6811],"product_tag":[25027,23705,11479,24604,19400,25872,25022,11969,17756,23342],"acf":[],"yoast_head":"<!-- This site is optimized with the Yoast SEO Premium plugin v18.6 (Yoast SEO v19.13) - https:\/\/yoast.com\/wordpress\/plugins\/seo\/ -->\n<title>MARIO LUCA GIUSTI Panza Weinkelch 6 St\u00fcck Rubino - Erresse Shop<\/title>\n<meta name=\"description\" content=\"Abmessungen H\u00f6he 16,5 cm Durchmesser 9 cm Fassungsverm\u00f6gen 200 ml Gewicht 198 gr Anleitung f\u00fcr dieses Produkt gepr\u00fcft durch T\u00dcV, SGS, Intertek absolut\" \/>\n<meta name=\"robots\" content=\"index, follow, max-snippet:-1, max-image-preview:large, max-video-preview:-1\" \/>\n<link rel=\"canonical\" href=\"https:\/\/www.erresse-shop.it\/de\/shop\/tisch\/trinkglaeser\/mario-luca-giusti-panza-weinkelch-6-stueck-rubino\/\" \/>\n<meta property=\"og:locale\" content=\"de_DE\" \/>\n<meta property=\"og:type\" content=\"article\" \/>\n<meta property=\"og:title\" content=\"MARIO LUCA GIUSTI Panza Weinkelch 6 St\u00fcck Rubino\" \/>\n<meta property=\"og:description\" content=\"Abmessungen H\u00f6he 16,5 cm Durchmesser 9 cm Fassungsverm\u00f6gen 200 ml Gewicht 198 gr Anleitung f\u00fcr dieses Produkt gepr\u00fcft durch T\u00dcV, SGS, Intertek absolut\" \/>\n<meta property=\"og:url\" content=\"https:\/\/www.erresse-shop.it\/de\/shop\/tisch\/trinkglaeser\/mario-luca-giusti-panza-weinkelch-6-stueck-rubino\/\" \/>\n<meta property=\"og:site_name\" content=\"Erresse Shop\" \/>\n<meta property=\"article:modified_time\" content=\"2026-02-24T08:10:17+00:00\" \/>\n<meta property=\"og:image\" content=\"https:\/\/www.erresse-shop.it\/wp-content\/uploads\/2025\/01\/MARIO-LUCA-GIUSTI-Panza-Calice-Vino-6-Pezzi-Rubino.jpg\" \/>\n\t<meta property=\"og:image:width\" content=\"1200\" \/>\n\t<meta property=\"og:image:height\" content=\"1200\" \/>\n\t<meta property=\"og:image:type\" content=\"image\/jpeg\" \/>\n<meta name=\"twitter:card\" content=\"summary_large_image\" \/>\n<script type=\"application\/ld+json\" class=\"yoast-schema-graph\">{\"@context\":\"https:\/\/schema.org\",\"@graph\":[{\"@type\":\"WebPage\",\"@id\":\"https:\/\/www.erresse-shop.it\/de\/shop\/tisch\/trinkglaeser\/mario-luca-giusti-panza-weinkelch-6-stueck-rubino\/\",\"url\":\"https:\/\/www.erresse-shop.it\/de\/shop\/tisch\/trinkglaeser\/mario-luca-giusti-panza-weinkelch-6-stueck-rubino\/\",\"name\":\"MARIO LUCA GIUSTI Panza Weinkelch 6 St\u00fcck Rubino - Erresse Shop\",\"isPartOf\":{\"@id\":\"https:\/\/www.erresse-shop.it\/de\/#website\"},\"datePublished\":\"2025-01-27T09:29:29+00:00\",\"dateModified\":\"2026-02-24T08:10:17+00:00\",\"description\":\"Abmessungen H\u00f6he 16,5 cm Durchmesser 9 cm Fassungsverm\u00f6gen 200 ml Gewicht 198 gr Anleitung f\u00fcr dieses Produkt gepr\u00fcft durch T\u00dcV, SGS, Intertek absolut\",\"breadcrumb\":{\"@id\":\"https:\/\/www.erresse-shop.it\/de\/shop\/tisch\/trinkglaeser\/mario-luca-giusti-panza-weinkelch-6-stueck-rubino\/#breadcrumb\"},\"inLanguage\":\"de-DE\",\"potentialAction\":[{\"@type\":\"ReadAction\",\"target\":[\"https:\/\/www.erresse-shop.it\/de\/shop\/tisch\/trinkglaeser\/mario-luca-giusti-panza-weinkelch-6-stueck-rubino\/\"]}]},{\"@type\":\"BreadcrumbList\",\"@id\":\"https:\/\/www.erresse-shop.it\/de\/shop\/tisch\/trinkglaeser\/mario-luca-giusti-panza-weinkelch-6-stueck-rubino\/#breadcrumb\",\"itemListElement\":[{\"@type\":\"ListItem\",\"position\":1,\"name\":\"Home\",\"item\":\"https:\/\/www.erresse-shop.it\/de\/\"},{\"@type\":\"ListItem\",\"position\":2,\"name\":\"Shop\",\"item\":\"https:\/\/www.erresse-shop.it\/de\/shop\/\"},{\"@type\":\"ListItem\",\"position\":3,\"name\":\"MARIO LUCA GIUSTI Panza Weinkelch 6 St\u00fcck Rubino\"}]},{\"@type\":\"WebSite\",\"@id\":\"https:\/\/www.erresse-shop.it\/de\/#website\",\"url\":\"https:\/\/www.erresse-shop.it\/de\/\",\"name\":\"Erresse Shop\",\"description\":\"Articoli di qualit\u00e0 per la casa\",\"potentialAction\":[{\"@type\":\"SearchAction\",\"target\":{\"@type\":\"EntryPoint\",\"urlTemplate\":\"https:\/\/www.erresse-shop.it\/de\/?s={search_term_string}\"},\"query-input\":\"required name=search_term_string\"}],\"inLanguage\":\"de-DE\"}]}<\/script>\n<!-- \/ Yoast SEO Premium plugin. -->","yoast_head_json":{"title":"MARIO LUCA GIUSTI Panza Weinkelch 6 St\u00fcck Rubino - Erresse Shop","description":"Abmessungen H\u00f6he 16,5 cm Durchmesser 9 cm Fassungsverm\u00f6gen 200 ml Gewicht 198 gr Anleitung f\u00fcr dieses Produkt gepr\u00fcft durch T\u00dcV, SGS, Intertek absolut","robots":{"index":"index","follow":"follow","max-snippet":"max-snippet:-1","max-image-preview":"max-image-preview:large","max-video-preview":"max-video-preview:-1"},"canonical":"https:\/\/www.erresse-shop.it\/de\/shop\/tisch\/trinkglaeser\/mario-luca-giusti-panza-weinkelch-6-stueck-rubino\/","og_locale":"de_DE","og_type":"article","og_title":"MARIO LUCA GIUSTI Panza Weinkelch 6 St\u00fcck Rubino","og_description":"Abmessungen H\u00f6he 16,5 cm Durchmesser 9 cm Fassungsverm\u00f6gen 200 ml Gewicht 198 gr Anleitung f\u00fcr dieses Produkt gepr\u00fcft durch T\u00dcV, SGS, Intertek absolut","og_url":"https:\/\/www.erresse-shop.it\/de\/shop\/tisch\/trinkglaeser\/mario-luca-giusti-panza-weinkelch-6-stueck-rubino\/","og_site_name":"Erresse Shop","article_modified_time":"2026-02-24T08:10:17+00:00","og_image":[{"width":1200,"height":1200,"url":"https:\/\/www.erresse-shop.it\/wp-content\/uploads\/2025\/01\/MARIO-LUCA-GIUSTI-Panza-Calice-Vino-6-Pezzi-Rubino.jpg","type":"image\/jpeg"}],"twitter_card":"summary_large_image","schema":{"@context":"https:\/\/schema.org","@graph":[{"@type":"WebPage","@id":"https:\/\/www.erresse-shop.it\/de\/shop\/tisch\/trinkglaeser\/mario-luca-giusti-panza-weinkelch-6-stueck-rubino\/","url":"https:\/\/www.erresse-shop.it\/de\/shop\/tisch\/trinkglaeser\/mario-luca-giusti-panza-weinkelch-6-stueck-rubino\/","name":"MARIO LUCA GIUSTI Panza Weinkelch 6 St\u00fcck Rubino - Erresse Shop","isPartOf":{"@id":"https:\/\/www.erresse-shop.it\/de\/#website"},"datePublished":"2025-01-27T09:29:29+00:00","dateModified":"2026-02-24T08:10:17+00:00","description":"Abmessungen H\u00f6he 16,5 cm Durchmesser 9 cm Fassungsverm\u00f6gen 200 ml Gewicht 198 gr Anleitung f\u00fcr dieses Produkt gepr\u00fcft durch T\u00dcV, SGS, Intertek absolut","breadcrumb":{"@id":"https:\/\/www.erresse-shop.it\/de\/shop\/tisch\/trinkglaeser\/mario-luca-giusti-panza-weinkelch-6-stueck-rubino\/#breadcrumb"},"inLanguage":"de-DE","potentialAction":[{"@type":"ReadAction","target":["https:\/\/www.erresse-shop.it\/de\/shop\/tisch\/trinkglaeser\/mario-luca-giusti-panza-weinkelch-6-stueck-rubino\/"]}]},{"@type":"BreadcrumbList","@id":"https:\/\/www.erresse-shop.it\/de\/shop\/tisch\/trinkglaeser\/mario-luca-giusti-panza-weinkelch-6-stueck-rubino\/#breadcrumb","itemListElement":[{"@type":"ListItem","position":1,"name":"Home","item":"https:\/\/www.erresse-shop.it\/de\/"},{"@type":"ListItem","position":2,"name":"Shop","item":"https:\/\/www.erresse-shop.it\/de\/shop\/"},{"@type":"ListItem","position":3,"name":"MARIO LUCA GIUSTI Panza Weinkelch 6 St\u00fcck Rubino"}]},{"@type":"WebSite","@id":"https:\/\/www.erresse-shop.it\/de\/#website","url":"https:\/\/www.erresse-shop.it\/de\/","name":"Erresse Shop","description":"Articoli di qualit\u00e0 per la casa","potentialAction":[{"@type":"SearchAction","target":{"@type":"EntryPoint","urlTemplate":"https:\/\/www.erresse-shop.it\/de\/?s={search_term_string}"},"query-input":"required name=search_term_string"}],"inLanguage":"de-DE"}]}},"df_price":109,"df_sale_price":109,"df_regular_price":168,"df_image_link":"https:\/\/www.erresse-shop.it\/wp-content\/uploads\/2025\/01\/MARIO-LUCA-GIUSTI-Panza-Calice-Vino-6-Pezzi-Rubino-300x300.jpg","_links":{"self":[{"href":"https:\/\/www.erresse-shop.it\/de\/wp-json\/wp\/v2\/product\/463785"}],"collection":[{"href":"https:\/\/www.erresse-shop.it\/de\/wp-json\/wp\/v2\/product"}],"about":[{"href":"https:\/\/www.erresse-shop.it\/de\/wp-json\/wp\/v2\/types\/product"}],"wp:featuredmedia":[{"embeddable":true,"href":"https:\/\/www.erresse-shop.it\/de\/wp-json\/wp\/v2\/media\/463799"}],"wp:attachment":[{"href":"https:\/\/www.erresse-shop.it\/de\/wp-json\/wp\/v2\/media?parent=463785"}],"wp:term":[{"taxonomy":"product_cat","embeddable":true,"href":"https:\/\/www.erresse-shop.it\/de\/wp-json\/wp\/v2\/product_cat?post=463785"},{"taxonomy":"product_tag","embeddable":true,"href":"https:\/\/www.erresse-shop.it\/de\/wp-json\/wp\/v2\/product_tag?post=463785"}],"curies":[{"name":"wp","href":"https:\/\/api.w.org\/{rel}","templated":true}]}}