{"id":462795,"date":"2025-01-23T10:13:54","date_gmt":"2025-01-23T10:13:56","guid":{"rendered":"https:\/\/www.erresse-shop.it\/?post_type=product&#038;p=462795"},"modified":"2026-02-24T08:38:47","modified_gmt":"2026-02-24T08:38:47","slug":"mario-luca-giusti-sancho-6-teiliges-transparentes-wasserglas","status":"publish","type":"product","link":"https:\/\/www.erresse-shop.it\/de\/shop\/tisch\/trinkglaeser\/mario-luca-giusti-sancho-6-teiliges-transparentes-wasserglas\/","title":{"rendered":"MARIO LUCA GIUSTI Sancho 6-teiliges transparentes Wasserglas"},"content":{"rendered":"<p><strong>Abmessungen<br \/>\n<\/strong>H\u00f6he 17,5 cm<br \/>\nDurchmesser 9,7 cm<br \/>\nFassungsverm\u00f6gen 275 ml<br \/>\nGewicht 233 gr<\/p>\n<div>\n<div class=\"float-left\"><strong>Anleitung f\u00fcr dieses Produkt<\/strong><\/div>\n<\/div>\n<div id=\"collapseinstructions\" class=\"p-t-30 collapse show\">\n<ul>\n<li>gepr\u00fcft durch T\u00dcV, SGS, Intertek<\/li>\n<li>absolut geschmacks- und geruchsneutral<\/li>\n<li>BPA-frei<\/li>\n<li>Nicht unzerst\u00f6rbar<\/li>\n<li>Best\u00e4ndig von -10\u00b0C bis 50\u00b0C<\/li>\n<li>einfrierbar<\/li>\n<li>Um die Produktlebensdauer zu verl\u00e4ngern, wird Handw\u00e4sche empfohlen<\/li>\n<li>Nicht in der Sp\u00fclmaschine verwenden<\/li>\n<li>nicht f\u00fcr die Mikrowelle<\/li>\n<li>Verwenden Sie nur neutrale Reinigungsmittel und nicht scheuernde Materialien<\/li>\n<\/ul>\n<p><strong>Folgendes <u>kann<\/u>\u00a0das Produkt auf Dauer verf\u00e4rben oder stumpf machen:<\/strong><\/p>\n<ul>\n<li>Lassen Sie die Produkte \u00fcber einen l\u00e4ngeren Zeitraum hohen Temperaturen und hoher Luftfeuchtigkeit ausgesetzt sein<\/li>\n<li>Falsche Waschmitteldosierung<\/li>\n<li>Verwenden Sie einen Reiniger mit Aluminium- oder Metallschutz.<\/li>\n<li>Milchprodukte, Kaffee, Kakao, Tee oder Alkohol k\u00f6nnen einen Rand auf dem Glas hinterlassen, wenn sie \u00fcber Nacht stehen bleiben. Waschen Sie das Glas sofort nach Gebrauch mit warmem Seifenwasser, waschen Sie es per Hand oder verwenden Sie unser Reinigungsmittel. Regelm\u00e4\u00dfig Staub wischen.<\/li>\n<\/ul>\n<\/div>\n","protected":false},"excerpt":{"rendered":"<p>Abmessungen H\u00f6he 17,5 cm Durchmesser 9,7 cm Fassungsverm\u00f6gen 275 ml Gewicht 233 gr Anleitung f\u00fcr dieses Produkt gepr\u00fcft durch T\u00dcV,<\/p>\n","protected":false},"featured_media":462752,"template":"","meta":{"_acf_changed":false,"inline_featured_image":false},"product_cat":[6787,6811],"product_tag":[25027,11893,23705,11479,24604,19400,25872,25022,17756],"acf":[],"yoast_head":"<!-- This site is optimized with the Yoast SEO Premium plugin v18.6 (Yoast SEO v19.13) - https:\/\/yoast.com\/wordpress\/plugins\/seo\/ -->\n<title>MARIO LUCA GIUSTI Sancho 6-teiliges transparentes Wasserglas - Erresse Shop<\/title>\n<meta name=\"description\" content=\"Abmessungen H\u00f6he 17,5 cm Durchmesser 9,7 cm Fassungsverm\u00f6gen 275 ml Gewicht 233 gr Anleitung f\u00fcr dieses Produkt gepr\u00fcft durch T\u00dcV, SGS, Intertek absolut\" \/>\n<meta name=\"robots\" content=\"index, follow, max-snippet:-1, max-image-preview:large, max-video-preview:-1\" \/>\n<link rel=\"canonical\" href=\"https:\/\/www.erresse-shop.it\/de\/shop\/tisch\/trinkglaeser\/mario-luca-giusti-sancho-6-teiliges-transparentes-wasserglas\/\" \/>\n<meta property=\"og:locale\" content=\"de_DE\" \/>\n<meta property=\"og:type\" content=\"article\" \/>\n<meta property=\"og:title\" content=\"MARIO LUCA GIUSTI Sancho 6-teiliges transparentes Wasserglas\" \/>\n<meta property=\"og:description\" content=\"Abmessungen H\u00f6he 17,5 cm Durchmesser 9,7 cm Fassungsverm\u00f6gen 275 ml Gewicht 233 gr Anleitung f\u00fcr dieses Produkt gepr\u00fcft durch T\u00dcV, SGS, Intertek absolut\" \/>\n<meta property=\"og:url\" content=\"https:\/\/www.erresse-shop.it\/de\/shop\/tisch\/trinkglaeser\/mario-luca-giusti-sancho-6-teiliges-transparentes-wasserglas\/\" \/>\n<meta property=\"og:site_name\" content=\"Erresse Shop\" \/>\n<meta property=\"article:modified_time\" content=\"2026-02-24T08:38:47+00:00\" \/>\n<meta property=\"og:image\" content=\"https:\/\/www.erresse-shop.it\/wp-content\/uploads\/2025\/01\/mario-luca-giusti-sancho-trasparente.jpg\" \/>\n\t<meta property=\"og:image:width\" content=\"1200\" \/>\n\t<meta property=\"og:image:height\" content=\"1200\" \/>\n\t<meta property=\"og:image:type\" content=\"image\/jpeg\" \/>\n<meta name=\"twitter:card\" content=\"summary_large_image\" \/>\n<script type=\"application\/ld+json\" class=\"yoast-schema-graph\">{\"@context\":\"https:\/\/schema.org\",\"@graph\":[{\"@type\":\"WebPage\",\"@id\":\"https:\/\/www.erresse-shop.it\/de\/shop\/tisch\/trinkglaeser\/mario-luca-giusti-sancho-6-teiliges-transparentes-wasserglas\/\",\"url\":\"https:\/\/www.erresse-shop.it\/de\/shop\/tisch\/trinkglaeser\/mario-luca-giusti-sancho-6-teiliges-transparentes-wasserglas\/\",\"name\":\"MARIO LUCA GIUSTI Sancho 6-teiliges transparentes Wasserglas - Erresse Shop\",\"isPartOf\":{\"@id\":\"https:\/\/www.erresse-shop.it\/de\/#website\"},\"datePublished\":\"2025-01-23T10:13:56+00:00\",\"dateModified\":\"2026-02-24T08:38:47+00:00\",\"description\":\"Abmessungen H\u00f6he 17,5 cm Durchmesser 9,7 cm Fassungsverm\u00f6gen 275 ml Gewicht 233 gr Anleitung f\u00fcr dieses Produkt gepr\u00fcft durch T\u00dcV, SGS, Intertek absolut\",\"breadcrumb\":{\"@id\":\"https:\/\/www.erresse-shop.it\/de\/shop\/tisch\/trinkglaeser\/mario-luca-giusti-sancho-6-teiliges-transparentes-wasserglas\/#breadcrumb\"},\"inLanguage\":\"de-DE\",\"potentialAction\":[{\"@type\":\"ReadAction\",\"target\":[\"https:\/\/www.erresse-shop.it\/de\/shop\/tisch\/trinkglaeser\/mario-luca-giusti-sancho-6-teiliges-transparentes-wasserglas\/\"]}]},{\"@type\":\"BreadcrumbList\",\"@id\":\"https:\/\/www.erresse-shop.it\/de\/shop\/tisch\/trinkglaeser\/mario-luca-giusti-sancho-6-teiliges-transparentes-wasserglas\/#breadcrumb\",\"itemListElement\":[{\"@type\":\"ListItem\",\"position\":1,\"name\":\"Home\",\"item\":\"https:\/\/www.erresse-shop.it\/de\/\"},{\"@type\":\"ListItem\",\"position\":2,\"name\":\"Shop\",\"item\":\"https:\/\/www.erresse-shop.it\/de\/shop\/\"},{\"@type\":\"ListItem\",\"position\":3,\"name\":\"MARIO LUCA GIUSTI Sancho 6-teiliges transparentes Wasserglas\"}]},{\"@type\":\"WebSite\",\"@id\":\"https:\/\/www.erresse-shop.it\/de\/#website\",\"url\":\"https:\/\/www.erresse-shop.it\/de\/\",\"name\":\"Erresse Shop\",\"description\":\"Articoli di qualit\u00e0 per la casa\",\"potentialAction\":[{\"@type\":\"SearchAction\",\"target\":{\"@type\":\"EntryPoint\",\"urlTemplate\":\"https:\/\/www.erresse-shop.it\/de\/?s={search_term_string}\"},\"query-input\":\"required name=search_term_string\"}],\"inLanguage\":\"de-DE\"}]}<\/script>\n<!-- \/ Yoast SEO Premium plugin. -->","yoast_head_json":{"title":"MARIO LUCA GIUSTI Sancho 6-teiliges transparentes Wasserglas - Erresse Shop","description":"Abmessungen H\u00f6he 17,5 cm Durchmesser 9,7 cm Fassungsverm\u00f6gen 275 ml Gewicht 233 gr Anleitung f\u00fcr dieses Produkt gepr\u00fcft durch T\u00dcV, SGS, Intertek absolut","robots":{"index":"index","follow":"follow","max-snippet":"max-snippet:-1","max-image-preview":"max-image-preview:large","max-video-preview":"max-video-preview:-1"},"canonical":"https:\/\/www.erresse-shop.it\/de\/shop\/tisch\/trinkglaeser\/mario-luca-giusti-sancho-6-teiliges-transparentes-wasserglas\/","og_locale":"de_DE","og_type":"article","og_title":"MARIO LUCA GIUSTI Sancho 6-teiliges transparentes Wasserglas","og_description":"Abmessungen H\u00f6he 17,5 cm Durchmesser 9,7 cm Fassungsverm\u00f6gen 275 ml Gewicht 233 gr Anleitung f\u00fcr dieses Produkt gepr\u00fcft durch T\u00dcV, SGS, Intertek absolut","og_url":"https:\/\/www.erresse-shop.it\/de\/shop\/tisch\/trinkglaeser\/mario-luca-giusti-sancho-6-teiliges-transparentes-wasserglas\/","og_site_name":"Erresse Shop","article_modified_time":"2026-02-24T08:38:47+00:00","og_image":[{"width":1200,"height":1200,"url":"https:\/\/www.erresse-shop.it\/wp-content\/uploads\/2025\/01\/mario-luca-giusti-sancho-trasparente.jpg","type":"image\/jpeg"}],"twitter_card":"summary_large_image","schema":{"@context":"https:\/\/schema.org","@graph":[{"@type":"WebPage","@id":"https:\/\/www.erresse-shop.it\/de\/shop\/tisch\/trinkglaeser\/mario-luca-giusti-sancho-6-teiliges-transparentes-wasserglas\/","url":"https:\/\/www.erresse-shop.it\/de\/shop\/tisch\/trinkglaeser\/mario-luca-giusti-sancho-6-teiliges-transparentes-wasserglas\/","name":"MARIO LUCA GIUSTI Sancho 6-teiliges transparentes Wasserglas - Erresse Shop","isPartOf":{"@id":"https:\/\/www.erresse-shop.it\/de\/#website"},"datePublished":"2025-01-23T10:13:56+00:00","dateModified":"2026-02-24T08:38:47+00:00","description":"Abmessungen H\u00f6he 17,5 cm Durchmesser 9,7 cm Fassungsverm\u00f6gen 275 ml Gewicht 233 gr Anleitung f\u00fcr dieses Produkt gepr\u00fcft durch T\u00dcV, SGS, Intertek absolut","breadcrumb":{"@id":"https:\/\/www.erresse-shop.it\/de\/shop\/tisch\/trinkglaeser\/mario-luca-giusti-sancho-6-teiliges-transparentes-wasserglas\/#breadcrumb"},"inLanguage":"de-DE","potentialAction":[{"@type":"ReadAction","target":["https:\/\/www.erresse-shop.it\/de\/shop\/tisch\/trinkglaeser\/mario-luca-giusti-sancho-6-teiliges-transparentes-wasserglas\/"]}]},{"@type":"BreadcrumbList","@id":"https:\/\/www.erresse-shop.it\/de\/shop\/tisch\/trinkglaeser\/mario-luca-giusti-sancho-6-teiliges-transparentes-wasserglas\/#breadcrumb","itemListElement":[{"@type":"ListItem","position":1,"name":"Home","item":"https:\/\/www.erresse-shop.it\/de\/"},{"@type":"ListItem","position":2,"name":"Shop","item":"https:\/\/www.erresse-shop.it\/de\/shop\/"},{"@type":"ListItem","position":3,"name":"MARIO LUCA GIUSTI Sancho 6-teiliges transparentes Wasserglas"}]},{"@type":"WebSite","@id":"https:\/\/www.erresse-shop.it\/de\/#website","url":"https:\/\/www.erresse-shop.it\/de\/","name":"Erresse Shop","description":"Articoli di qualit\u00e0 per la casa","potentialAction":[{"@type":"SearchAction","target":{"@type":"EntryPoint","urlTemplate":"https:\/\/www.erresse-shop.it\/de\/?s={search_term_string}"},"query-input":"required name=search_term_string"}],"inLanguage":"de-DE"}]}},"df_price":109,"df_sale_price":109,"df_regular_price":162,"df_image_link":"https:\/\/www.erresse-shop.it\/wp-content\/uploads\/2025\/01\/mario-luca-giusti-sancho-trasparente-300x300.jpg","_links":{"self":[{"href":"https:\/\/www.erresse-shop.it\/de\/wp-json\/wp\/v2\/product\/462795"}],"collection":[{"href":"https:\/\/www.erresse-shop.it\/de\/wp-json\/wp\/v2\/product"}],"about":[{"href":"https:\/\/www.erresse-shop.it\/de\/wp-json\/wp\/v2\/types\/product"}],"wp:featuredmedia":[{"embeddable":true,"href":"https:\/\/www.erresse-shop.it\/de\/wp-json\/wp\/v2\/media\/462752"}],"wp:attachment":[{"href":"https:\/\/www.erresse-shop.it\/de\/wp-json\/wp\/v2\/media?parent=462795"}],"wp:term":[{"taxonomy":"product_cat","embeddable":true,"href":"https:\/\/www.erresse-shop.it\/de\/wp-json\/wp\/v2\/product_cat?post=462795"},{"taxonomy":"product_tag","embeddable":true,"href":"https:\/\/www.erresse-shop.it\/de\/wp-json\/wp\/v2\/product_tag?post=462795"}],"curies":[{"name":"wp","href":"https:\/\/api.w.org\/{rel}","templated":true}]}}