{"id":462632,"date":"2025-01-22T14:41:05","date_gmt":"2025-01-22T14:41:07","guid":{"rendered":"https:\/\/www.erresse-shop.it\/?post_type=product&#038;p=462632"},"modified":"2026-02-24T08:41:20","modified_gmt":"2026-02-24T08:41:20","slug":"joseph-joseph-buegelbrettbezug-glide-grau","status":"publish","type":"product","link":"https:\/\/www.erresse-shop.it\/de\/shop\/einrichtung-haus\/buegelbretter\/joseph-joseph-buegelbrettbezug-glide-grau\/","title":{"rendered":"JOSEPH JOSEPH B\u00fcgelbrettbezug Glide, Grau"},"content":{"rendered":"<p>Dieser Ersatzbezug verf\u00fcgt \u00fcber eine Oberschicht aus 100 % Baumwolle mit einer hitzebest\u00e4ndigen B\u00fcgeleisenablage aus Silikon und einem leicht austauschbaren B\u00fcgeleisenstopper.<\/p>\n<ul>\n<li>Speziell f\u00fcr Joseph Joseph Glide-B\u00fcgelbretter mit der Gr\u00f6\u00dfe 130 x 38 cm (51,1 x 15 Zoll) entwickelt<\/li>\n<li>Hitzebest\u00e4ndige B\u00fcgeleisenablage aus Silikon<\/li>\n<li>Schnell und einfach zu wechseln<\/li>\n<li>Spannkordel mit Eisenstopper f\u00fcr perfekten Sitz<\/li>\n<\/ul>\n<p><strong>Pflege und Anwendung:<\/strong><\/p>\n<ul>\n<li>Mit einem feuchten Tuch abwischen \u2013 nicht in der Maschine waschen. Siehe Wartungsetikett<\/li>\n<li>Achtung: Lassen Sie das hei\u00dfe B\u00fcgeleisen nicht unbeaufsichtigt auf der Silikon-B\u00fcgeleisenablage stehen.<\/li>\n<li>Halten Sie Kinder w\u00e4hrend der Benutzung vom B\u00fcgelbrett fern und bewahren Sie es nach Gebrauch sicher auf<\/li>\n<\/ul>\n<p><strong>Abmessungen:<\/strong><\/p>\n<p>H 130 x B 38 cm (51\u00bc x 15 Zoll)<\/p>\n<p><strong>Stoffzusammensetzung:<\/strong><\/p>\n<p>Obere Deckschicht: 100 % Baumwolle<\/p>\n<p>Filzr\u00fccken: 100 % Polyester<\/p>\n","protected":false},"excerpt":{"rendered":"<p>Dieser Ersatzbezug verf\u00fcgt \u00fcber eine Oberschicht aus 100 % Baumwolle mit einer hitzebest\u00e4ndigen B\u00fcgeleisenablage aus Silikon und einem leicht austauschbaren<\/p>\n","protected":false},"featured_media":462647,"template":"","meta":{"_acf_changed":false,"inline_featured_image":false},"product_cat":[6817,18096],"product_tag":[25027,14058,25022],"acf":[],"yoast_head":"<!-- This site is optimized with the Yoast SEO Premium plugin v18.6 (Yoast SEO v19.13) - https:\/\/yoast.com\/wordpress\/plugins\/seo\/ -->\n<title>JOSEPH JOSEPH B\u00fcgelbrettbezug Glide, Grau - Erresse Shop<\/title>\n<meta name=\"description\" content=\"Dieser Ersatzbezug verf\u00fcgt \u00fcber eine Oberschicht aus 100 % Baumwolle mit einer hitzebest\u00e4ndigen B\u00fcgeleisenablage aus Silikon und einem leicht\" \/>\n<meta name=\"robots\" content=\"index, follow, max-snippet:-1, max-image-preview:large, max-video-preview:-1\" \/>\n<link rel=\"canonical\" href=\"https:\/\/www.erresse-shop.it\/de\/shop\/einrichtung-haus\/buegelbretter\/joseph-joseph-buegelbrettbezug-glide-grau\/\" \/>\n<meta property=\"og:locale\" content=\"de_DE\" \/>\n<meta property=\"og:type\" content=\"article\" \/>\n<meta property=\"og:title\" content=\"JOSEPH JOSEPH B\u00fcgelbrettbezug Glide, Grau\" \/>\n<meta property=\"og:description\" content=\"Dieser Ersatzbezug verf\u00fcgt \u00fcber eine Oberschicht aus 100 % Baumwolle mit einer hitzebest\u00e4ndigen B\u00fcgeleisenablage aus Silikon und einem leicht\" \/>\n<meta property=\"og:url\" content=\"https:\/\/www.erresse-shop.it\/de\/shop\/einrichtung-haus\/buegelbretter\/joseph-joseph-buegelbrettbezug-glide-grau\/\" \/>\n<meta property=\"og:site_name\" content=\"Erresse Shop\" \/>\n<meta property=\"article:modified_time\" content=\"2026-02-24T08:41:20+00:00\" \/>\n<meta property=\"og:image\" content=\"https:\/\/www.erresse-shop.it\/wp-content\/uploads\/2025\/01\/JOSEPH-JOSEPH-Glide-Copri-asse-da-stiro-Grigio.jpg\" \/>\n\t<meta property=\"og:image:width\" content=\"1200\" \/>\n\t<meta property=\"og:image:height\" content=\"1200\" \/>\n\t<meta property=\"og:image:type\" content=\"image\/jpeg\" \/>\n<meta name=\"twitter:card\" content=\"summary_large_image\" \/>\n<script type=\"application\/ld+json\" class=\"yoast-schema-graph\">{\"@context\":\"https:\/\/schema.org\",\"@graph\":[{\"@type\":\"WebPage\",\"@id\":\"https:\/\/www.erresse-shop.it\/de\/shop\/einrichtung-haus\/buegelbretter\/joseph-joseph-buegelbrettbezug-glide-grau\/\",\"url\":\"https:\/\/www.erresse-shop.it\/de\/shop\/einrichtung-haus\/buegelbretter\/joseph-joseph-buegelbrettbezug-glide-grau\/\",\"name\":\"JOSEPH JOSEPH B\u00fcgelbrettbezug Glide, Grau - Erresse Shop\",\"isPartOf\":{\"@id\":\"https:\/\/www.erresse-shop.it\/de\/#website\"},\"datePublished\":\"2025-01-22T14:41:07+00:00\",\"dateModified\":\"2026-02-24T08:41:20+00:00\",\"description\":\"Dieser Ersatzbezug verf\u00fcgt \u00fcber eine Oberschicht aus 100 % Baumwolle mit einer hitzebest\u00e4ndigen B\u00fcgeleisenablage aus Silikon und einem leicht\",\"breadcrumb\":{\"@id\":\"https:\/\/www.erresse-shop.it\/de\/shop\/einrichtung-haus\/buegelbretter\/joseph-joseph-buegelbrettbezug-glide-grau\/#breadcrumb\"},\"inLanguage\":\"de-DE\",\"potentialAction\":[{\"@type\":\"ReadAction\",\"target\":[\"https:\/\/www.erresse-shop.it\/de\/shop\/einrichtung-haus\/buegelbretter\/joseph-joseph-buegelbrettbezug-glide-grau\/\"]}]},{\"@type\":\"BreadcrumbList\",\"@id\":\"https:\/\/www.erresse-shop.it\/de\/shop\/einrichtung-haus\/buegelbretter\/joseph-joseph-buegelbrettbezug-glide-grau\/#breadcrumb\",\"itemListElement\":[{\"@type\":\"ListItem\",\"position\":1,\"name\":\"Home\",\"item\":\"https:\/\/www.erresse-shop.it\/de\/\"},{\"@type\":\"ListItem\",\"position\":2,\"name\":\"Shop\",\"item\":\"https:\/\/www.erresse-shop.it\/de\/shop\/\"},{\"@type\":\"ListItem\",\"position\":3,\"name\":\"JOSEPH JOSEPH B\u00fcgelbrettbezug Glide, Grau\"}]},{\"@type\":\"WebSite\",\"@id\":\"https:\/\/www.erresse-shop.it\/de\/#website\",\"url\":\"https:\/\/www.erresse-shop.it\/de\/\",\"name\":\"Erresse Shop\",\"description\":\"Articoli di qualit\u00e0 per la casa\",\"potentialAction\":[{\"@type\":\"SearchAction\",\"target\":{\"@type\":\"EntryPoint\",\"urlTemplate\":\"https:\/\/www.erresse-shop.it\/de\/?s={search_term_string}\"},\"query-input\":\"required name=search_term_string\"}],\"inLanguage\":\"de-DE\"}]}<\/script>\n<!-- \/ Yoast SEO Premium plugin. -->","yoast_head_json":{"title":"JOSEPH JOSEPH B\u00fcgelbrettbezug Glide, Grau - Erresse Shop","description":"Dieser Ersatzbezug verf\u00fcgt \u00fcber eine Oberschicht aus 100 % Baumwolle mit einer hitzebest\u00e4ndigen B\u00fcgeleisenablage aus Silikon und einem leicht","robots":{"index":"index","follow":"follow","max-snippet":"max-snippet:-1","max-image-preview":"max-image-preview:large","max-video-preview":"max-video-preview:-1"},"canonical":"https:\/\/www.erresse-shop.it\/de\/shop\/einrichtung-haus\/buegelbretter\/joseph-joseph-buegelbrettbezug-glide-grau\/","og_locale":"de_DE","og_type":"article","og_title":"JOSEPH JOSEPH B\u00fcgelbrettbezug Glide, Grau","og_description":"Dieser Ersatzbezug verf\u00fcgt \u00fcber eine Oberschicht aus 100 % Baumwolle mit einer hitzebest\u00e4ndigen B\u00fcgeleisenablage aus Silikon und einem leicht","og_url":"https:\/\/www.erresse-shop.it\/de\/shop\/einrichtung-haus\/buegelbretter\/joseph-joseph-buegelbrettbezug-glide-grau\/","og_site_name":"Erresse Shop","article_modified_time":"2026-02-24T08:41:20+00:00","og_image":[{"width":1200,"height":1200,"url":"https:\/\/www.erresse-shop.it\/wp-content\/uploads\/2025\/01\/JOSEPH-JOSEPH-Glide-Copri-asse-da-stiro-Grigio.jpg","type":"image\/jpeg"}],"twitter_card":"summary_large_image","schema":{"@context":"https:\/\/schema.org","@graph":[{"@type":"WebPage","@id":"https:\/\/www.erresse-shop.it\/de\/shop\/einrichtung-haus\/buegelbretter\/joseph-joseph-buegelbrettbezug-glide-grau\/","url":"https:\/\/www.erresse-shop.it\/de\/shop\/einrichtung-haus\/buegelbretter\/joseph-joseph-buegelbrettbezug-glide-grau\/","name":"JOSEPH JOSEPH B\u00fcgelbrettbezug Glide, Grau - Erresse Shop","isPartOf":{"@id":"https:\/\/www.erresse-shop.it\/de\/#website"},"datePublished":"2025-01-22T14:41:07+00:00","dateModified":"2026-02-24T08:41:20+00:00","description":"Dieser Ersatzbezug verf\u00fcgt \u00fcber eine Oberschicht aus 100 % Baumwolle mit einer hitzebest\u00e4ndigen B\u00fcgeleisenablage aus Silikon und einem leicht","breadcrumb":{"@id":"https:\/\/www.erresse-shop.it\/de\/shop\/einrichtung-haus\/buegelbretter\/joseph-joseph-buegelbrettbezug-glide-grau\/#breadcrumb"},"inLanguage":"de-DE","potentialAction":[{"@type":"ReadAction","target":["https:\/\/www.erresse-shop.it\/de\/shop\/einrichtung-haus\/buegelbretter\/joseph-joseph-buegelbrettbezug-glide-grau\/"]}]},{"@type":"BreadcrumbList","@id":"https:\/\/www.erresse-shop.it\/de\/shop\/einrichtung-haus\/buegelbretter\/joseph-joseph-buegelbrettbezug-glide-grau\/#breadcrumb","itemListElement":[{"@type":"ListItem","position":1,"name":"Home","item":"https:\/\/www.erresse-shop.it\/de\/"},{"@type":"ListItem","position":2,"name":"Shop","item":"https:\/\/www.erresse-shop.it\/de\/shop\/"},{"@type":"ListItem","position":3,"name":"JOSEPH JOSEPH B\u00fcgelbrettbezug Glide, Grau"}]},{"@type":"WebSite","@id":"https:\/\/www.erresse-shop.it\/de\/#website","url":"https:\/\/www.erresse-shop.it\/de\/","name":"Erresse Shop","description":"Articoli di qualit\u00e0 per la casa","potentialAction":[{"@type":"SearchAction","target":{"@type":"EntryPoint","urlTemplate":"https:\/\/www.erresse-shop.it\/de\/?s={search_term_string}"},"query-input":"required name=search_term_string"}],"inLanguage":"de-DE"}]}},"df_price":24.95,"df_sale_price":24.95,"df_regular_price":34.99,"df_image_link":"https:\/\/www.erresse-shop.it\/wp-content\/uploads\/2025\/01\/JOSEPH-JOSEPH-Glide-Copri-asse-da-stiro-Grigio-300x300.jpg","_links":{"self":[{"href":"https:\/\/www.erresse-shop.it\/de\/wp-json\/wp\/v2\/product\/462632"}],"collection":[{"href":"https:\/\/www.erresse-shop.it\/de\/wp-json\/wp\/v2\/product"}],"about":[{"href":"https:\/\/www.erresse-shop.it\/de\/wp-json\/wp\/v2\/types\/product"}],"wp:featuredmedia":[{"embeddable":true,"href":"https:\/\/www.erresse-shop.it\/de\/wp-json\/wp\/v2\/media\/462647"}],"wp:attachment":[{"href":"https:\/\/www.erresse-shop.it\/de\/wp-json\/wp\/v2\/media?parent=462632"}],"wp:term":[{"taxonomy":"product_cat","embeddable":true,"href":"https:\/\/www.erresse-shop.it\/de\/wp-json\/wp\/v2\/product_cat?post=462632"},{"taxonomy":"product_tag","embeddable":true,"href":"https:\/\/www.erresse-shop.it\/de\/wp-json\/wp\/v2\/product_tag?post=462632"}],"curies":[{"name":"wp","href":"https:\/\/api.w.org\/{rel}","templated":true}]}}